{"id":106,"date":"2023-05-27T22:01:18","date_gmt":"2023-05-27T20:01:18","guid":{"rendered":"https:\/\/pg-markt-rettenbach.de\/neu\/?page_id=106"},"modified":"2023-08-07T11:02:38","modified_gmt":"2023-08-07T09:02:38","slug":"hochzeit","status":"publish","type":"page","link":"https:\/\/pg-markt-rettenbach.de\/startseite\/startseite\/unser-angebot\/hochzeit\/","title":{"rendered":"Hochzeit"},"content":{"rendered":"\t\t<div data-elementor-type=\"wp-page\" data-elementor-id=\"106\" class=\"elementor elementor-106\" data-elementor-post-type=\"page\">\n\t\t\t\t\t\t<section class=\"elementor-section elementor-top-section elementor-element elementor-element-f4e13e3 elementor-section-boxed elementor-section-height-default elementor-section-height-default\" data-id=\"f4e13e3\" data-element_type=\"section\" data-e-type=\"section\">\n\t\t\t\t\t\t<div class=\"elementor-container elementor-column-gap-default\">\n\t\t\t\t\t<div class=\"elementor-column elementor-col-100 elementor-top-column elementor-element elementor-element-c1ab264\" data-id=\"c1ab264\" data-element_type=\"column\" data-e-type=\"column\">\n\t\t\t<div class=\"elementor-widget-wrap elementor-element-populated\">\n\t\t\t\t\t\t<div class=\"elementor-element elementor-element-69aa1ac elementor-widget elementor-widget-heading\" data-id=\"69aa1ac\" data-element_type=\"widget\" data-e-type=\"widget\" data-widget_type=\"heading.default\">\n\t\t\t\t<div class=\"elementor-widget-container\">\n\t\t\t\t\t<h2 class=\"elementor-heading-title elementor-size-xl\">Wir trauen uns!<\/h2>\t\t\t\t<\/div>\n\t\t\t\t<\/div>\n\t\t\t\t<div class=\"elementor-element elementor-element-709b3e1 elementor-widget elementor-widget-image\" data-id=\"709b3e1\" data-element_type=\"widget\" data-e-type=\"widget\" data-widget_type=\"image.default\">\n\t\t\t\t<div class=\"elementor-widget-container\">\n\t\t\t\t\t\t\t\t\t\t\t\t\t\t\t<img fetchpriority=\"high\" decoding=\"async\" width=\"800\" height=\"531\" src=\"https:\/\/pg-markt-rettenbach.de\/wp-content\/uploads\/2023\/07\/Angebot-Hochzeit-Ringe-1024x680.jpg\" class=\"attachment-large size-large wp-image-3067\" alt=\"\" srcset=\"https:\/\/pg-markt-rettenbach.de\/wp-content\/uploads\/2023\/07\/Angebot-Hochzeit-Ringe-1024x680.jpg 1024w, https:\/\/pg-markt-rettenbach.de\/wp-content\/uploads\/2023\/07\/Angebot-Hochzeit-Ringe-300x199.jpg 300w, https:\/\/pg-markt-rettenbach.de\/wp-content\/uploads\/2023\/07\/Angebot-Hochzeit-Ringe-768x510.jpg 768w, https:\/\/pg-markt-rettenbach.de\/wp-content\/uploads\/2023\/07\/Angebot-Hochzeit-Ringe.jpg 1140w\" sizes=\"(max-width: 800px) 100vw, 800px\" \/>\t\t\t\t\t\t\t\t\t\t\t\t\t\t\t<\/div>\n\t\t\t\t<\/div>\n\t\t\t\t\t<\/div>\n\t\t<\/div>\n\t\t\t\t\t<\/div>\n\t\t<\/section>\n\t\t\t\t<section class=\"elementor-section elementor-top-section elementor-element elementor-element-211fe990 elementor-section-boxed elementor-section-height-default elementor-section-height-default\" data-id=\"211fe990\" data-element_type=\"section\" data-e-type=\"section\">\n\t\t\t\t\t\t<div class=\"elementor-container elementor-column-gap-default\">\n\t\t\t\t\t<div class=\"elementor-column elementor-col-100 elementor-top-column elementor-element elementor-element-39482acb\" data-id=\"39482acb\" data-element_type=\"column\" data-e-type=\"column\">\n\t\t\t<div class=\"elementor-widget-wrap elementor-element-populated\">\n\t\t\t\t\t\t<div class=\"elementor-element elementor-element-24216606 elementor-widget elementor-widget-text-editor\" data-id=\"24216606\" data-element_type=\"widget\" data-e-type=\"widget\" data-widget_type=\"text-editor.default\">\n\t\t\t\t<div class=\"elementor-widget-container\">\n\t\t\t\t\t\t\t\t\t<p><\/p>\n<p>Kirchlich heiraten ist vielen Paaren auch heutzutage wichtig. F\u00fcr viele ist es der sch\u00f6nste Tag im Leben. Braut und Br\u00e4utigam versprechen sich feierlich die eheliche Treue auf Lebenszeit. Und das im Rahmen eines Gottesdienstes, der f\u00fcr viele ein Erlebnis ist, an das sie sich ein Leben lang gerne zur\u00fcckerinnern.<\/p>\n<p><\/p>\n<p><\/p>\n<h3><strong>Was muss ich tun, wenn ich kirchlich heiraten will?<\/strong><\/h3>\n<p><\/p>\n<p><\/p>\n<p>Es empfiehlt sich, rechtzeitig einen Termin mit dem Pfarrer f\u00fcr das <strong>Ehevorbereitungsprotokoll <\/strong>zu vereinbaren. Mindestens vier Monate vor der kirchlichen Trauung sollte dieser stattfinden. Das Ehevorbereitungsprotokoll nimmt das vorneweg, was bei der Trauung feierlich versprochen wird: Die beiden \u00fcbereinstimmenden Willenserkl\u00e4rungen der Brautleute, eine Ehe im katholischen Sinn schlie\u00dfen zu wollen. Das best\u00e4tigen Braut und Br\u00e4utigam mit ihrer Unterschrift. Nach dem Erstellen des Ehevorbereitungsprotokolls gibt es sp\u00e4ter noch ein zweites Gespr\u00e4ch mit dem Pfarrer, in dem Sie den Gottesdienst besprechen. Sehr empfehlenswert ist es auch, an einem Brautleutekurs teilzunehmen (siehe unten &#8211; hilfreiche Links).\u00a0<\/p>\n<p><\/p>\n<p><\/p>\n<h3>Was die Brautleute einander vor Gott versprechen<\/h3>\n<p>Zur katholischen Ehe z\u00e4hlt neben dem festen Vorsatz, einander auf Lebenszeit treu zu bleiben auch die Offenheit f\u00fcr die Kinder, die Gott einem schenken will. Au\u00dferdem geh\u00f6rt die Bereitschaft dazu, Verantwortung in der Kirche und in der Welt zu \u00fcbernehmen.\u00a0<\/p>\n<h3>Uns wenn ich mir nicht sicher bin, ob ich kirchlich heiraten kann?<\/h3>\n<p>Keine katholische Ehe eingehen k\u00f6nnen diejenigen Partner, bei denen ein Ehehindernis dies verhindert. Das bedeutsamste Ehehindernis ist dabei ein bestehendes Eheband. Das meint eine im kirchlichen Sinn anerkannte zuvor geschlossene Ehe. Ist das bei Ihnen m\u00f6glicherweise der Fall, k\u00f6nnen wir das im Pfarrb\u00fcro vorab pr\u00fcfen. Nicht in allen F\u00e4llen ist eine sp\u00e4tere kirchliche Heirat ausgeschlossen. Reden Sie mit uns!<\/p>\n<p><\/p>\n<p><\/p>\n<p><\/p>\t\t\t\t\t\t\t\t<\/div>\n\t\t\t\t<\/div>\n\t\t\t\t\t<\/div>\n\t\t<\/div>\n\t\t\t\t\t<\/div>\n\t\t<\/section>\n\t\t\t\t<section class=\"elementor-section elementor-top-section elementor-element elementor-element-b55e0d5 elementor-section-boxed elementor-section-height-default elementor-section-height-default\" data-id=\"b55e0d5\" data-element_type=\"section\" data-e-type=\"section\">\n\t\t\t\t\t\t<div class=\"elementor-container elementor-column-gap-default\">\n\t\t\t\t\t<div class=\"elementor-column elementor-col-100 elementor-top-column elementor-element elementor-element-c6fd3ca\" data-id=\"c6fd3ca\" data-element_type=\"column\" data-e-type=\"column\">\n\t\t\t<div class=\"elementor-widget-wrap elementor-element-populated\">\n\t\t\t\t\t\t<div class=\"elementor-element elementor-element-27ddce1 elementor-widget elementor-widget-heading\" data-id=\"27ddce1\" data-element_type=\"widget\" data-e-type=\"widget\" data-widget_type=\"heading.default\">\n\t\t\t\t<div class=\"elementor-widget-container\">\n\t\t\t\t\t<h2 class=\"elementor-heading-title elementor-size-large\">Hilfreiche Links<\/h2>\t\t\t\t<\/div>\n\t\t\t\t<\/div>\n\t\t\t\t\t<\/div>\n\t\t<\/div>\n\t\t\t\t\t<\/div>\n\t\t<\/section>\n\t\t\t\t<section class=\"elementor-section elementor-top-section elementor-element elementor-element-9a50a50 elementor-section-boxed elementor-section-height-default elementor-section-height-default\" data-id=\"9a50a50\" data-element_type=\"section\" data-e-type=\"section\">\n\t\t\t\t\t\t<div class=\"elementor-container elementor-column-gap-default\">\n\t\t\t\t\t<div class=\"elementor-column elementor-col-100 elementor-top-column elementor-element elementor-element-dfac9af\" data-id=\"dfac9af\" data-element_type=\"column\" data-e-type=\"column\">\n\t\t\t<div class=\"elementor-widget-wrap elementor-element-populated\">\n\t\t\t\t\t\t<div class=\"elementor-element elementor-element-5bf043a elementor-widget elementor-widget-text-editor\" data-id=\"5bf043a\" data-element_type=\"widget\" data-e-type=\"widget\" data-widget_type=\"text-editor.default\">\n\t\t\t\t<div class=\"elementor-widget-container\">\n\t\t\t\t\t\t\t\t\t<p><a href=\"https:\/\/hochzeit-kirchlich.de\/\" target=\"_blank\" rel=\"noopener\">https:\/\/hochzeit-kirchlich.de\/<\/a><\/p>\t\t\t\t\t\t\t\t<\/div>\n\t\t\t\t<\/div>\n\t\t\t\t\t<\/div>\n\t\t<\/div>\n\t\t\t\t\t<\/div>\n\t\t<\/section>\n\t\t\t\t<section class=\"elementor-section elementor-top-section elementor-element elementor-element-b484329 elementor-section-boxed elementor-section-height-default elementor-section-height-default\" data-id=\"b484329\" data-element_type=\"section\" data-e-type=\"section\">\n\t\t\t\t\t\t<div class=\"elementor-container elementor-column-gap-default\">\n\t\t\t\t\t<div class=\"elementor-column elementor-col-100 elementor-top-column elementor-element elementor-element-de46e7c\" data-id=\"de46e7c\" data-element_type=\"column\" data-e-type=\"column\">\n\t\t\t<div class=\"elementor-widget-wrap elementor-element-populated\">\n\t\t\t\t\t\t<div class=\"elementor-element elementor-element-10bbb19 elementor-align-center elementor-widget elementor-widget-button\" data-id=\"10bbb19\" data-element_type=\"widget\" data-e-type=\"widget\" data-widget_type=\"button.default\">\n\t\t\t\t<div class=\"elementor-widget-container\">\n\t\t\t\t\t\t\t\t\t<div class=\"elementor-button-wrapper\">\n\t\t\t\t\t<a class=\"elementor-button elementor-button-link elementor-size-lg\" href=\"https:\/\/pg-markt-rettenbach.de\/startseite\/ansprechpartner\/\">\n\t\t\t\t\t\t<span class=\"elementor-button-content-wrapper\">\n\t\t\t\t\t\t<span class=\"elementor-button-icon\">\n\t\t\t\t<i aria-hidden=\"true\" class=\"far fa-hand-paper\"><\/i>\t\t\t<\/span>\n\t\t\t\t\t\t\t\t\t<span class=\"elementor-button-text\">Der schnelle Klick ins Pfarrb\u00fcro <\/span>\n\t\t\t\t\t<\/span>\n\t\t\t\t\t<\/a>\n\t\t\t\t<\/div>\n\t\t\t\t\t\t\t\t<\/div>\n\t\t\t\t<\/div>\n\t\t\t\t\t<\/div>\n\t\t<\/div>\n\t\t\t\t\t<\/div>\n\t\t<\/section>\n\t\t\t\t<section class=\"elementor-section elementor-top-section elementor-element elementor-element-45da5bf elementor-section-boxed elementor-section-height-default elementor-section-height-default\" data-id=\"45da5bf\" data-element_type=\"section\" data-e-type=\"section\">\n\t\t\t\t\t\t<div class=\"elementor-container elementor-column-gap-default\">\n\t\t\t\t\t<div class=\"elementor-column elementor-col-100 elementor-top-column elementor-element elementor-element-146b246\" data-id=\"146b246\" data-element_type=\"column\" data-e-type=\"column\">\n\t\t\t<div class=\"elementor-widget-wrap elementor-element-populated\">\n\t\t\t\t\t\t<div class=\"elementor-element elementor-element-2d0f26a elementor-widget elementor-widget-spacer\" data-id=\"2d0f26a\" data-element_type=\"widget\" data-e-type=\"widget\" data-widget_type=\"spacer.default\">\n\t\t\t\t<div class=\"elementor-widget-container\">\n\t\t\t\t\t\t\t<div class=\"elementor-spacer\">\n\t\t\t<div class=\"elementor-spacer-inner\"><\/div>\n\t\t<\/div>\n\t\t\t\t\t\t<\/div>\n\t\t\t\t<\/div>\n\t\t\t\t\t<\/div>\n\t\t<\/div>\n\t\t\t\t\t<\/div>\n\t\t<\/section>\n\t\t\t\t<\/div>\n\t\t","protected":false},"excerpt":{"rendered":"<p>Wir trauen uns! Kirchlich heiraten ist vielen Paaren auch heutzutage wichtig. F\u00fcr viele ist es der sch\u00f6nste Tag im Leben. Braut und Br\u00e4utigam versprechen sich feierlich die eheliche Treue auf [&hellip;]<\/p>\n","protected":false},"author":1,"featured_media":0,"parent":24,"menu_order":140,"comment_status":"closed","ping_status":"closed","template":"","meta":{"_EventAllDay":false,"_EventTimezone":"","_EventStartDate":"","_EventEndDate":"","_EventStartDateUTC":"","_EventEndDateUTC":"","_EventShowMap":false,"_EventShowMapLink":false,"_EventURL":"","_EventCost":"","_EventCostDescription":"","_EventCurrencySymbol":"","_EventCurrencyCode":"","_EventCurrencyPosition":"","_EventDateTimeSeparator":"","_EventTimeRangeSeparator":"","_EventOrganizerID":[],"_EventVenueID":[],"_OrganizerEmail":"","_OrganizerPhone":"","_OrganizerWebsite":"","_VenueAddress":"","_VenueCity":"","_VenueCountry":"","_VenueProvince":"","_VenueState":"","_VenueZip":"","_VenuePhone":"","_VenueURL":"","_VenueStateProvince":"","_VenueLat":"","_VenueLng":"","_VenueShowMap":false,"_VenueShowMapLink":false,"footnotes":""},"class_list":["post-106","page","type-page","status-publish","hentry"],"_links":{"self":[{"href":"https:\/\/pg-markt-rettenbach.de\/startseite\/wp-json\/wp\/v2\/pages\/106","targetHints":{"allow":["GET"]}}],"collection":[{"href":"https:\/\/pg-markt-rettenbach.de\/startseite\/wp-json\/wp\/v2\/pages"}],"about":[{"href":"https:\/\/pg-markt-rettenbach.de\/startseite\/wp-json\/wp\/v2\/types\/page"}],"author":[{"embeddable":true,"href":"https:\/\/pg-markt-rettenbach.de\/startseite\/wp-json\/wp\/v2\/users\/1"}],"replies":[{"embeddable":true,"href":"https:\/\/pg-markt-rettenbach.de\/startseite\/wp-json\/wp\/v2\/comments?post=106"}],"version-history":[{"count":10,"href":"https:\/\/pg-markt-rettenbach.de\/startseite\/wp-json\/wp\/v2\/pages\/106\/revisions"}],"predecessor-version":[{"id":3561,"href":"https:\/\/pg-markt-rettenbach.de\/startseite\/wp-json\/wp\/v2\/pages\/106\/revisions\/3561"}],"up":[{"embeddable":true,"href":"https:\/\/pg-markt-rettenbach.de\/startseite\/wp-json\/wp\/v2\/pages\/24"}],"wp:attachment":[{"href":"https:\/\/pg-markt-rettenbach.de\/startseite\/wp-json\/wp\/v2\/media?parent=106"}],"curies":[{"name":"wp","href":"https:\/\/api.w.org\/{rel}","templated":true}]}}