{"id":1227,"date":"2023-06-17T10:05:28","date_gmt":"2023-06-17T08:05:28","guid":{"rendered":"https:\/\/pg-markt-rettenbach.de\/neu\/?page_id=1227"},"modified":"2024-07-26T11:58:35","modified_gmt":"2024-07-26T09:58:35","slug":"st-leonhard-gottenau","status":"publish","type":"page","link":"https:\/\/pg-markt-rettenbach.de\/startseite\/startseite\/pfarreien\/st-jakobus-markt-rettenbach\/st-leonhard-gottenau\/","title":{"rendered":"St. Leonhard Gottenau"},"content":{"rendered":"\t\t<div data-elementor-type=\"wp-page\" data-elementor-id=\"1227\" class=\"elementor elementor-1227\" data-elementor-post-type=\"page\">\n\t\t\t\t\t\t<section class=\"elementor-section elementor-top-section elementor-element elementor-element-14b73d9 elementor-section-boxed elementor-section-height-default elementor-section-height-default\" data-id=\"14b73d9\" data-element_type=\"section\" data-e-type=\"section\">\n\t\t\t\t\t\t<div class=\"elementor-container elementor-column-gap-default\">\n\t\t\t\t\t<div class=\"elementor-column elementor-col-100 elementor-top-column elementor-element elementor-element-720410d\" data-id=\"720410d\" data-element_type=\"column\" data-e-type=\"column\">\n\t\t\t<div class=\"elementor-widget-wrap elementor-element-populated\">\n\t\t\t\t\t\t<div class=\"elementor-element elementor-element-4472724 elementor-widget elementor-widget-image\" data-id=\"4472724\" data-element_type=\"widget\" data-e-type=\"widget\" data-widget_type=\"image.default\">\n\t\t\t\t<div class=\"elementor-widget-container\">\n\t\t\t\t\t\t\t\t\t\t\t\t\t\t\t<img fetchpriority=\"high\" decoding=\"async\" width=\"1264\" height=\"583\" src=\"https:\/\/pg-markt-rettenbach.de\/wp-content\/uploads\/2023\/06\/MR-Gottenau-innen.jpg\" class=\"attachment-1536x1536 size-1536x1536 wp-image-1228\" alt=\"\" srcset=\"https:\/\/pg-markt-rettenbach.de\/wp-content\/uploads\/2023\/06\/MR-Gottenau-innen.jpg 1264w, https:\/\/pg-markt-rettenbach.de\/wp-content\/uploads\/2023\/06\/MR-Gottenau-innen-300x138.jpg 300w, https:\/\/pg-markt-rettenbach.de\/wp-content\/uploads\/2023\/06\/MR-Gottenau-innen-1024x472.jpg 1024w, https:\/\/pg-markt-rettenbach.de\/wp-content\/uploads\/2023\/06\/MR-Gottenau-innen-768x354.jpg 768w\" sizes=\"(max-width: 1264px) 100vw, 1264px\" \/>\t\t\t\t\t\t\t\t\t\t\t\t\t\t\t<\/div>\n\t\t\t\t<\/div>\n\t\t\t\t<div class=\"elementor-element elementor-element-0b49fc2 elementor-widget elementor-widget-heading\" data-id=\"0b49fc2\" data-element_type=\"widget\" data-e-type=\"widget\" data-widget_type=\"heading.default\">\n\t\t\t\t<div class=\"elementor-widget-container\">\n\t\t\t\t\t<h1 class=\"elementor-heading-title elementor-size-xl\">Filialkirche St. Leonhard Gottenau<\/h1>\t\t\t\t<\/div>\n\t\t\t\t<\/div>\n\t\t\t\t\t<\/div>\n\t\t<\/div>\n\t\t\t\t\t<\/div>\n\t\t<\/section>\n\t\t\t\t<section class=\"elementor-section elementor-top-section elementor-element elementor-element-76281ecb elementor-section-boxed elementor-section-height-default elementor-section-height-default\" data-id=\"76281ecb\" data-element_type=\"section\" data-e-type=\"section\">\n\t\t\t\t\t\t<div class=\"elementor-container elementor-column-gap-default\">\n\t\t\t\t\t<div class=\"elementor-column elementor-col-100 elementor-top-column elementor-element elementor-element-5b9546ed\" data-id=\"5b9546ed\" data-element_type=\"column\" data-e-type=\"column\">\n\t\t\t<div class=\"elementor-widget-wrap elementor-element-populated\">\n\t\t\t\t\t\t<div class=\"elementor-element elementor-element-339858ed elementor-widget elementor-widget-text-editor\" data-id=\"339858ed\" data-element_type=\"widget\" data-e-type=\"widget\" data-widget_type=\"text-editor.default\">\n\t\t\t\t<div class=\"elementor-widget-container\">\n\t\t\t\t\t\t\t\t\t\n<p>Der Chor und der Turm unserer Filialkirche St. Leonhard in Gottenau sind im Ursprung gotisch und gehen auf das Sp\u00e4tmittelalter zur\u00fcck. Im 18. Jahrhundert wurde das Kirchlein um das Langhaus erweitert und barockisiert.<\/p>\n\n<p>Der <strong>hl. Leonhard<\/strong> ist Patron unserer Kirche in Gottenau. Der hl. Leonhard lebte etwa von 559 bis 620 und war Einsiedler im Limoges. Hervorgetan hat er sich durch seine F\u00fcrsorge f\u00fcr die Gefangenen, weshalb seine Figur mit einer Kette dargestellt wird. Dieses Attribut hat ihm sp\u00e4ter das Patronat f\u00fcr das Vieh und die Pferde eingebracht, die ja ebenfalls fr\u00fcher mit einer Kette gefesselt waren. Sein Festtag ist der 6. November und wird regelm\u00e4\u00dfig an einem Samstag rund um dieses Datum begangen. Vormittags ist Festgottesdienst zum Patrozinium, nachmittags eine Tier- und Pferdesegnung mit anschlie\u00dfendem Leonhardiritt.<\/p>\n\t\t\t\t\t\t\t\t<\/div>\n\t\t\t\t<\/div>\n\t\t\t\t\t<\/div>\n\t\t<\/div>\n\t\t\t\t\t<\/div>\n\t\t<\/section>\n\t\t\t\t<section class=\"elementor-section elementor-top-section elementor-element elementor-element-50f6038 elementor-section-boxed elementor-section-height-default elementor-section-height-default\" data-id=\"50f6038\" data-element_type=\"section\" data-e-type=\"section\">\n\t\t\t\t\t\t<div class=\"elementor-container elementor-column-gap-default\">\n\t\t\t\t\t<div class=\"elementor-column elementor-col-50 elementor-top-column elementor-element elementor-element-6232c90\" data-id=\"6232c90\" data-element_type=\"column\" data-e-type=\"column\">\n\t\t\t<div class=\"elementor-widget-wrap elementor-element-populated\">\n\t\t\t\t\t\t<div class=\"elementor-element elementor-element-aefc4e8 elementor-widget elementor-widget-text-editor\" data-id=\"aefc4e8\" data-element_type=\"widget\" data-e-type=\"widget\" data-widget_type=\"text-editor.default\">\n\t\t\t\t<div class=\"elementor-widget-container\">\n\t\t\t\t\t\t\t\t\t<p><b>Kontakt Filialkirchenverwaltung:<\/b><\/p>\n<p>Kirchenpfleger Benedikt Aurbacher, Tel. (08392) 1251<\/p>\t\t\t\t\t\t\t\t<\/div>\n\t\t\t\t<\/div>\n\t\t\t\t\t<\/div>\n\t\t<\/div>\n\t\t\t\t<div class=\"elementor-column elementor-col-50 elementor-top-column elementor-element elementor-element-c68f044\" data-id=\"c68f044\" data-element_type=\"column\" data-e-type=\"column\">\n\t\t\t<div class=\"elementor-widget-wrap elementor-element-populated\">\n\t\t\t\t\t\t<div class=\"elementor-element elementor-element-f27acfb elementor-align-justify elementor-widget elementor-widget-button\" data-id=\"f27acfb\" data-element_type=\"widget\" data-e-type=\"widget\" data-widget_type=\"button.default\">\n\t\t\t\t<div class=\"elementor-widget-container\">\n\t\t\t\t\t\t\t\t\t<div class=\"elementor-button-wrapper\">\n\t\t\t\t\t<a class=\"elementor-button elementor-button-link elementor-size-sm\" href=\"https:\/\/pg-markt-rettenbach.de\/startseite\/pfarreien\/st-jakobus-markt-rettenbach\/kirchenverwaltung-markt-rettenbach\/\">\n\t\t\t\t\t\t<span class=\"elementor-button-content-wrapper\">\n\t\t\t\t\t\t\t\t\t<span class=\"elementor-button-text\">Kirchenverwaltung<\/span>\n\t\t\t\t\t<\/span>\n\t\t\t\t\t<\/a>\n\t\t\t\t<\/div>\n\t\t\t\t\t\t\t\t<\/div>\n\t\t\t\t<\/div>\n\t\t\t\t\t<\/div>\n\t\t<\/div>\n\t\t\t\t\t<\/div>\n\t\t<\/section>\n\t\t\t\t<section class=\"elementor-section elementor-top-section elementor-element elementor-element-853be5b elementor-section-boxed elementor-section-height-default elementor-section-height-default\" data-id=\"853be5b\" data-element_type=\"section\" data-e-type=\"section\">\n\t\t\t\t\t\t<div class=\"elementor-container elementor-column-gap-default\">\n\t\t\t\t\t<div class=\"elementor-column elementor-col-50 elementor-top-column elementor-element elementor-element-106aae3\" data-id=\"106aae3\" data-element_type=\"column\" data-e-type=\"column\">\n\t\t\t<div class=\"elementor-widget-wrap elementor-element-populated\">\n\t\t\t\t\t\t<div class=\"elementor-element elementor-element-f6ccfee elementor-widget elementor-widget-text-editor\" data-id=\"f6ccfee\" data-element_type=\"widget\" data-e-type=\"widget\" data-widget_type=\"text-editor.default\">\n\t\t\t\t<div class=\"elementor-widget-container\">\n\t\t\t\t\t\t\t\t\t<h3>Au\u00dfenfresko erstrahlt im neuen Glanz<\/h3>\n<p>Sehr unter den Umwelteinfl\u00fcssen hatte in den letzten Jahren das Au\u00dfenfresko des Mindelheimer K\u00fcnstlers Erwin Holzbaur zu leiden, das den heiligen Leonhard darstellt. Dieses fertigte Holzbauer anno 1960 aufgrund der Vorlage eines noch \u00e4lteren, barocken Au\u00dfenfreskos an der selben Stelle. In den 80er Jahren restaurierte es der Ottobeurer Kirchenmaler Hans M\u00fcller, der damals bei der Friesenrieder Firma Haug besch\u00e4ftigt war. Nun hat der selbe Hans M\u00fcller im Alter von \u00fcber 80 Jahren das Fresko erneut &#8222;in Form&#8220; gebracht.<\/p>\n<p>Um das Fresko vor salzhaltigem Spritzwasser aufgrund des Verkehrs auf der vorbeif\u00fchrenden Kreisstra\u00dfe zu sch\u00fctzen, wird noch eine Verglasung angebracht.\u00a0<\/p>\t\t\t\t\t\t\t\t<\/div>\n\t\t\t\t<\/div>\n\t\t\t\t\t<\/div>\n\t\t<\/div>\n\t\t\t\t<div class=\"elementor-column elementor-col-50 elementor-top-column elementor-element elementor-element-2d32203\" data-id=\"2d32203\" data-element_type=\"column\" data-e-type=\"column\">\n\t\t\t<div class=\"elementor-widget-wrap elementor-element-populated\">\n\t\t\t\t\t\t<div class=\"elementor-element elementor-element-5972c51 elementor-widget elementor-widget-image\" data-id=\"5972c51\" data-element_type=\"widget\" data-e-type=\"widget\" data-widget_type=\"image.default\">\n\t\t\t\t<div class=\"elementor-widget-container\">\n\t\t\t\t\t\t\t\t\t\t\t\t\t\t\t<img decoding=\"async\" width=\"520\" height=\"717\" src=\"https:\/\/pg-markt-rettenbach.de\/wp-content\/uploads\/2024\/07\/MR-Gottenau-Aussenfresko.jpg\" class=\"attachment-large size-large wp-image-12019\" alt=\"\" srcset=\"https:\/\/pg-markt-rettenbach.de\/wp-content\/uploads\/2024\/07\/MR-Gottenau-Aussenfresko.jpg 520w, https:\/\/pg-markt-rettenbach.de\/wp-content\/uploads\/2024\/07\/MR-Gottenau-Aussenfresko-218x300.jpg 218w\" sizes=\"(max-width: 520px) 100vw, 520px\" \/>\t\t\t\t\t\t\t\t\t\t\t\t\t\t\t<\/div>\n\t\t\t\t<\/div>\n\t\t\t\t\t<\/div>\n\t\t<\/div>\n\t\t\t\t\t<\/div>\n\t\t<\/section>\n\t\t\t\t<section class=\"elementor-section elementor-top-section elementor-element elementor-element-8ff5e59 elementor-section-boxed elementor-section-height-default elementor-section-height-default\" data-id=\"8ff5e59\" data-element_type=\"section\" data-e-type=\"section\">\n\t\t\t\t\t\t<div class=\"elementor-container elementor-column-gap-default\">\n\t\t\t\t\t<div class=\"elementor-column elementor-col-100 elementor-top-column elementor-element elementor-element-0eee575\" data-id=\"0eee575\" data-element_type=\"column\" data-e-type=\"column\">\n\t\t\t<div class=\"elementor-widget-wrap elementor-element-populated\">\n\t\t\t\t\t\t<div class=\"elementor-element elementor-element-b754abc elementor-widget elementor-widget-text-editor\" data-id=\"b754abc\" data-element_type=\"widget\" data-e-type=\"widget\" data-widget_type=\"text-editor.default\">\n\t\t\t\t<div class=\"elementor-widget-container\">\n\t\t\t\t\t\t\t\t\t<p><b>Innenausstattung<\/b><\/p>\n<p>Das einfach gehaltene &#8222;Kirchlein&#8220; weist alle Merkmale einer richtigen Kirche auf und ist damit mehr als nur eine Kapelle. Neben einer Vielzahl von Heiligenfiguren gibt es zwei Seitenalt\u00e4re.<\/p>\t\t\t\t\t\t\t\t<\/div>\n\t\t\t\t<\/div>\n\t\t\t\t\t<\/div>\n\t\t<\/div>\n\t\t\t\t\t<\/div>\n\t\t<\/section>\n\t\t\t\t<section class=\"elementor-section elementor-top-section elementor-element elementor-element-d2ceacb elementor-section-boxed elementor-section-height-default elementor-section-height-default\" data-id=\"d2ceacb\" data-element_type=\"section\" data-e-type=\"section\">\n\t\t\t\t\t\t<div class=\"elementor-container elementor-column-gap-default\">\n\t\t\t\t\t<div class=\"elementor-column elementor-col-33 elementor-top-column elementor-element elementor-element-aac748e\" data-id=\"aac748e\" data-element_type=\"column\" data-e-type=\"column\">\n\t\t\t<div class=\"elementor-widget-wrap elementor-element-populated\">\n\t\t\t\t\t\t<div class=\"elementor-element elementor-element-8b979b6 elementor-widget elementor-widget-image\" data-id=\"8b979b6\" data-element_type=\"widget\" data-e-type=\"widget\" data-widget_type=\"image.default\">\n\t\t\t\t<div class=\"elementor-widget-container\">\n\t\t\t\t\t\t\t\t\t\t\t\t\t\t\t<img decoding=\"async\" width=\"349\" height=\"761\" src=\"https:\/\/pg-markt-rettenbach.de\/wp-content\/uploads\/2023\/10\/MR-Gottenau-Hochaltar.jpg\" class=\"attachment-large size-large wp-image-6802\" alt=\"\" srcset=\"https:\/\/pg-markt-rettenbach.de\/wp-content\/uploads\/2023\/10\/MR-Gottenau-Hochaltar.jpg 349w, https:\/\/pg-markt-rettenbach.de\/wp-content\/uploads\/2023\/10\/MR-Gottenau-Hochaltar-138x300.jpg 138w\" sizes=\"(max-width: 349px) 100vw, 349px\" \/>\t\t\t\t\t\t\t\t\t\t\t\t\t\t\t<\/div>\n\t\t\t\t<\/div>\n\t\t\t\t<div class=\"elementor-element elementor-element-b71ebc2 elementor-widget elementor-widget-image\" data-id=\"b71ebc2\" data-element_type=\"widget\" data-e-type=\"widget\" data-widget_type=\"image.default\">\n\t\t\t\t<div class=\"elementor-widget-container\">\n\t\t\t\t\t\t\t\t\t\t\t\t\t\t\t<img loading=\"lazy\" decoding=\"async\" width=\"367\" height=\"776\" src=\"https:\/\/pg-markt-rettenbach.de\/wp-content\/uploads\/2023\/10\/MR-Gottenau-Seitenaltar-links.jpg\" class=\"attachment-large size-large wp-image-6804\" alt=\"\" srcset=\"https:\/\/pg-markt-rettenbach.de\/wp-content\/uploads\/2023\/10\/MR-Gottenau-Seitenaltar-links.jpg 367w, https:\/\/pg-markt-rettenbach.de\/wp-content\/uploads\/2023\/10\/MR-Gottenau-Seitenaltar-links-142x300.jpg 142w\" sizes=\"(max-width: 367px) 100vw, 367px\" \/>\t\t\t\t\t\t\t\t\t\t\t\t\t\t\t<\/div>\n\t\t\t\t<\/div>\n\t\t\t\t<div class=\"elementor-element elementor-element-d3ab709 elementor-widget elementor-widget-image\" data-id=\"d3ab709\" data-element_type=\"widget\" data-e-type=\"widget\" data-widget_type=\"image.default\">\n\t\t\t\t<div class=\"elementor-widget-container\">\n\t\t\t\t\t\t\t\t\t\t\t\t\t\t\t<img loading=\"lazy\" decoding=\"async\" width=\"615\" height=\"797\" src=\"https:\/\/pg-markt-rettenbach.de\/wp-content\/uploads\/2023\/10\/MR-Gottenau-Deckengemaelde.jpg\" class=\"attachment-large size-large wp-image-6806\" alt=\"\" srcset=\"https:\/\/pg-markt-rettenbach.de\/wp-content\/uploads\/2023\/10\/MR-Gottenau-Deckengemaelde.jpg 615w, https:\/\/pg-markt-rettenbach.de\/wp-content\/uploads\/2023\/10\/MR-Gottenau-Deckengemaelde-231x300.jpg 231w\" sizes=\"(max-width: 615px) 100vw, 615px\" \/>\t\t\t\t\t\t\t\t\t\t\t\t\t\t\t<\/div>\n\t\t\t\t<\/div>\n\t\t\t\t\t<\/div>\n\t\t<\/div>\n\t\t\t\t<div class=\"elementor-column elementor-col-33 elementor-top-column elementor-element elementor-element-2a1ea07\" data-id=\"2a1ea07\" data-element_type=\"column\" data-e-type=\"column\">\n\t\t\t<div class=\"elementor-widget-wrap elementor-element-populated\">\n\t\t\t\t\t\t<div class=\"elementor-element elementor-element-47bd7b2 elementor-widget elementor-widget-text-editor\" data-id=\"47bd7b2\" data-element_type=\"widget\" data-e-type=\"widget\" data-widget_type=\"text-editor.default\">\n\t\t\t\t<div class=\"elementor-widget-container\">\n\t\t\t\t\t\t\t\t\t<p><b>Alt\u00e4re<\/b><\/p>\n<p>Der Hauptaltar zeigt unseren Patron, den hl. Leonhard, vor einem Gefangenen, der linke Seitenaltar den hl. Franziskus mit einem Totensch\u00e4del und der rechte Seitenaltar den heiligen Antonius mit dem Jesuskind.<\/p>\n<p><b>Weitere Ausstattung<\/b><\/p>\n<p>An der linken Seite des Chorbogens steht die beeindruckende <b>Figur des hl. Leonhards<\/b> als Schutzpatron der Pferde und Reiter.\u00a0<\/p>\n<p><span style=\"color: var( --e-global-color-text ); font-family: var( --e-global-typography-text-font-family ), Sans-serif; font-size: var( --e-global-typography-text-font-size ); font-weight: var( --e-global-typography-text-font-weight );\">Ebenso ist der hl. Leonhard Thema des <\/span><b style=\"color: var( --e-global-color-text ); font-family: var( --e-global-typography-text-font-family ), Sans-serif; font-size: var( --e-global-typography-text-font-size );\">Deckengem\u00e4ldes<\/b><span style=\"color: var( --e-global-color-text ); font-family: var( --e-global-typography-text-font-family ), Sans-serif; font-size: var( --e-global-typography-text-font-size ); font-weight: var( --e-global-typography-text-font-weight );\">, wo er mit der Muttergottes zusammen zu sehen ist. Beide halten sch\u00fctzend ihre H\u00e4nde \u00fcber das Gottenauer &#8222;Kirchlein&#8220;.<\/span><\/p>\n<p><span style=\"color: var( --e-global-color-text ); font-family: var( --e-global-typography-text-font-family ), Sans-serif; font-size: var( --e-global-typography-text-font-size ); font-weight: var( --e-global-typography-text-font-weight );\">An der S\u00fcdwand findet sich eine <\/span><b style=\"color: var( --e-global-color-text ); font-family: var( --e-global-typography-text-font-family ), Sans-serif; font-size: var( --e-global-typography-text-font-size );\">Figurengruppe <\/b><span style=\"color: var( --e-global-color-text ); font-family: var( --e-global-typography-text-font-family ), Sans-serif; font-size: var( --e-global-typography-text-font-size ); font-weight: var( --e-global-typography-text-font-weight );\">mit dem Gekreuzigten, seiner Mutter Maria, dem hl. Georg (links) und dem hl. Martin (rechts).\u00a0<\/span><\/p>\n<p><span style=\"color: var( --e-global-color-text ); font-family: var( --e-global-typography-text-font-family ), Sans-serif; font-size: var( --e-global-typography-text-font-size ); font-weight: var( --e-global-typography-text-font-weight );\">Einzelne Heiligenfiguren im Langhaus sind die des hl. Florian (links) und ein weiteres Mal vom hl. Leonhard.\u00a0<\/span><span style=\"color: var( --e-global-color-text ); font-family: var( --e-global-typography-text-font-family ), Sans-serif; font-size: var( --e-global-typography-text-font-size ); font-weight: var( --e-global-typography-text-font-weight );\"><br \/><\/span><\/p>\t\t\t\t\t\t\t\t<\/div>\n\t\t\t\t<\/div>\n\t\t\t\t<div class=\"elementor-element elementor-element-49c92af elementor-widget elementor-widget-image\" data-id=\"49c92af\" data-element_type=\"widget\" data-e-type=\"widget\" data-widget_type=\"image.default\">\n\t\t\t\t<div class=\"elementor-widget-container\">\n\t\t\t\t\t\t\t\t\t\t\t\t\t\t\t<img loading=\"lazy\" decoding=\"async\" width=\"555\" height=\"594\" src=\"https:\/\/pg-markt-rettenbach.de\/wp-content\/uploads\/2023\/10\/MR-Gottenau-FlorianLeonhard.jpg\" class=\"attachment-large size-large wp-image-6853\" alt=\"\" srcset=\"https:\/\/pg-markt-rettenbach.de\/wp-content\/uploads\/2023\/10\/MR-Gottenau-FlorianLeonhard.jpg 555w, https:\/\/pg-markt-rettenbach.de\/wp-content\/uploads\/2023\/10\/MR-Gottenau-FlorianLeonhard-280x300.jpg 280w\" sizes=\"(max-width: 555px) 100vw, 555px\" \/>\t\t\t\t\t\t\t\t\t\t\t\t\t\t\t<\/div>\n\t\t\t\t<\/div>\n\t\t\t\t<div class=\"elementor-element elementor-element-a4a43e9 elementor-widget elementor-widget-text-editor\" data-id=\"a4a43e9\" data-element_type=\"widget\" data-e-type=\"widget\" data-widget_type=\"text-editor.default\">\n\t\t\t\t<div class=\"elementor-widget-container\">\n\t\t\t\t\t\t\t\t\t<p>Bei der Figur an der Nordseite des Chors d\u00fcrfte es sich &#8211; anders als im Kirchenf\u00fchrer ausgewiesen &#8211; nicht um den hl. Magnus handeln, sondern mit Ankl\u00e4ngen an den Ortsnamen um den hl. Bischof Godehard. Rechts vom Hauptaltar der hl. Sebastian.\u00a0<\/p>\t\t\t\t\t\t\t\t<\/div>\n\t\t\t\t<\/div>\n\t\t\t\t<div class=\"elementor-element elementor-element-6ffee27 elementor-widget elementor-widget-image\" data-id=\"6ffee27\" data-element_type=\"widget\" data-e-type=\"widget\" data-widget_type=\"image.default\">\n\t\t\t\t<div class=\"elementor-widget-container\">\n\t\t\t\t\t\t\t\t\t\t\t\t\t\t\t<img loading=\"lazy\" decoding=\"async\" width=\"711\" height=\"610\" src=\"https:\/\/pg-markt-rettenbach.de\/wp-content\/uploads\/2023\/10\/MR-Gottenau-GodehardSebastian.jpg\" class=\"attachment-large size-large wp-image-6808\" alt=\"\" srcset=\"https:\/\/pg-markt-rettenbach.de\/wp-content\/uploads\/2023\/10\/MR-Gottenau-GodehardSebastian.jpg 711w, https:\/\/pg-markt-rettenbach.de\/wp-content\/uploads\/2023\/10\/MR-Gottenau-GodehardSebastian-300x257.jpg 300w\" sizes=\"(max-width: 711px) 100vw, 711px\" \/>\t\t\t\t\t\t\t\t\t\t\t\t\t\t\t<\/div>\n\t\t\t\t<\/div>\n\t\t\t\t\t<\/div>\n\t\t<\/div>\n\t\t\t\t<div class=\"elementor-column elementor-col-33 elementor-top-column elementor-element elementor-element-4f0b4d9\" data-id=\"4f0b4d9\" data-element_type=\"column\" data-e-type=\"column\">\n\t\t\t<div class=\"elementor-widget-wrap elementor-element-populated\">\n\t\t\t\t\t\t<div class=\"elementor-element elementor-element-500cdf1 elementor-widget elementor-widget-image\" data-id=\"500cdf1\" data-element_type=\"widget\" data-e-type=\"widget\" data-widget_type=\"image.default\">\n\t\t\t\t<div class=\"elementor-widget-container\">\n\t\t\t\t\t\t\t\t\t\t\t\t\t\t\t<img loading=\"lazy\" decoding=\"async\" width=\"369\" height=\"775\" src=\"https:\/\/pg-markt-rettenbach.de\/wp-content\/uploads\/2023\/10\/MR-Gottenau-hl.-Leonhard.jpg\" class=\"attachment-large size-large wp-image-6803\" alt=\"\" srcset=\"https:\/\/pg-markt-rettenbach.de\/wp-content\/uploads\/2023\/10\/MR-Gottenau-hl.-Leonhard.jpg 369w, https:\/\/pg-markt-rettenbach.de\/wp-content\/uploads\/2023\/10\/MR-Gottenau-hl.-Leonhard-143x300.jpg 143w\" sizes=\"(max-width: 369px) 100vw, 369px\" \/>\t\t\t\t\t\t\t\t\t\t\t\t\t\t\t<\/div>\n\t\t\t\t<\/div>\n\t\t\t\t<div class=\"elementor-element elementor-element-8201ada elementor-widget elementor-widget-image\" data-id=\"8201ada\" data-element_type=\"widget\" data-e-type=\"widget\" data-widget_type=\"image.default\">\n\t\t\t\t<div class=\"elementor-widget-container\">\n\t\t\t\t\t\t\t\t\t\t\t\t\t\t\t<img loading=\"lazy\" decoding=\"async\" width=\"352\" height=\"765\" src=\"https:\/\/pg-markt-rettenbach.de\/wp-content\/uploads\/2023\/10\/MR-Gottenau-Seitenaltar-rechts.jpg\" class=\"attachment-large size-large wp-image-6805\" alt=\"\" srcset=\"https:\/\/pg-markt-rettenbach.de\/wp-content\/uploads\/2023\/10\/MR-Gottenau-Seitenaltar-rechts.jpg 352w, https:\/\/pg-markt-rettenbach.de\/wp-content\/uploads\/2023\/10\/MR-Gottenau-Seitenaltar-rechts-138x300.jpg 138w\" sizes=\"(max-width: 352px) 100vw, 352px\" \/>\t\t\t\t\t\t\t\t\t\t\t\t\t\t\t<\/div>\n\t\t\t\t<\/div>\n\t\t\t\t<div class=\"elementor-element elementor-element-dad4ee8 elementor-widget elementor-widget-image\" data-id=\"dad4ee8\" data-element_type=\"widget\" data-e-type=\"widget\" data-widget_type=\"image.default\">\n\t\t\t\t<div class=\"elementor-widget-container\">\n\t\t\t\t\t\t\t\t\t\t\t\t\t\t\t<img loading=\"lazy\" decoding=\"async\" width=\"349\" height=\"518\" src=\"https:\/\/pg-markt-rettenbach.de\/wp-content\/uploads\/2023\/10\/MR-Gottenau-St.-Georg-usw.jpg\" class=\"attachment-large size-large wp-image-6807\" alt=\"\" srcset=\"https:\/\/pg-markt-rettenbach.de\/wp-content\/uploads\/2023\/10\/MR-Gottenau-St.-Georg-usw.jpg 349w, https:\/\/pg-markt-rettenbach.de\/wp-content\/uploads\/2023\/10\/MR-Gottenau-St.-Georg-usw-202x300.jpg 202w\" sizes=\"(max-width: 349px) 100vw, 349px\" \/>\t\t\t\t\t\t\t\t\t\t\t\t\t\t\t<\/div>\n\t\t\t\t<\/div>\n\t\t\t\t\t<\/div>\n\t\t<\/div>\n\t\t\t\t\t<\/div>\n\t\t<\/section>\n\t\t\t\t<section class=\"elementor-section elementor-top-section elementor-element elementor-element-01dfe5a elementor-section-boxed elementor-section-height-default elementor-section-height-default\" data-id=\"01dfe5a\" data-element_type=\"section\" data-e-type=\"section\">\n\t\t\t\t\t\t<div class=\"elementor-container elementor-column-gap-default\">\n\t\t\t\t\t<div class=\"elementor-column elementor-col-100 elementor-top-column elementor-element elementor-element-157fa1c\" data-id=\"157fa1c\" data-element_type=\"column\" data-e-type=\"column\">\n\t\t\t<div class=\"elementor-widget-wrap elementor-element-populated\">\n\t\t\t\t\t\t<div class=\"elementor-element elementor-element-32309de elementor-widget elementor-widget-spacer\" data-id=\"32309de\" data-element_type=\"widget\" data-e-type=\"widget\" data-widget_type=\"spacer.default\">\n\t\t\t\t<div class=\"elementor-widget-container\">\n\t\t\t\t\t\t\t<div class=\"elementor-spacer\">\n\t\t\t<div class=\"elementor-spacer-inner\"><\/div>\n\t\t<\/div>\n\t\t\t\t\t\t<\/div>\n\t\t\t\t<\/div>\n\t\t\t\t\t<\/div>\n\t\t<\/div>\n\t\t\t\t\t<\/div>\n\t\t<\/section>\n\t\t\t\t<\/div>\n\t\t","protected":false},"excerpt":{"rendered":"<p>Filialkirche St. Leonhard Gottenau Der Chor und der Turm unserer Filialkirche St. Leonhard in Gottenau sind im Ursprung gotisch und gehen auf das Sp\u00e4tmittelalter zur\u00fcck. Im 18. Jahrhundert wurde das [&hellip;]<\/p>\n","protected":false},"author":1,"featured_media":0,"parent":305,"menu_order":314,"comment_status":"closed","ping_status":"closed","template":"","meta":{"_EventAllDay":false,"_EventTimezone":"","_EventStartDate":"","_EventEndDate":"","_EventStartDateUTC":"","_EventEndDateUTC":"","_EventShowMap":false,"_EventShowMapLink":false,"_EventURL":"","_EventCost":"","_EventCostDescription":"","_EventCurrencySymbol":"","_EventCurrencyCode":"","_EventCurrencyPosition":"","_EventDateTimeSeparator":"","_EventTimeRangeSeparator":"","_EventOrganizerID":[],"_EventVenueID":[],"_OrganizerEmail":"","_OrganizerPhone":"","_OrganizerWebsite":"","_VenueAddress":"","_VenueCity":"","_VenueCountry":"","_VenueProvince":"","_VenueState":"","_VenueZip":"","_VenuePhone":"","_VenueURL":"","_VenueStateProvince":"","_VenueLat":"","_VenueLng":"","_VenueShowMap":false,"_VenueShowMapLink":false,"footnotes":""},"class_list":["post-1227","page","type-page","status-publish","hentry"],"_links":{"self":[{"href":"https:\/\/pg-markt-rettenbach.de\/startseite\/wp-json\/wp\/v2\/pages\/1227","targetHints":{"allow":["GET"]}}],"collection":[{"href":"https:\/\/pg-markt-rettenbach.de\/startseite\/wp-json\/wp\/v2\/pages"}],"about":[{"href":"https:\/\/pg-markt-rettenbach.de\/startseite\/wp-json\/wp\/v2\/types\/page"}],"author":[{"embeddable":true,"href":"https:\/\/pg-markt-rettenbach.de\/startseite\/wp-json\/wp\/v2\/users\/1"}],"replies":[{"embeddable":true,"href":"https:\/\/pg-markt-rettenbach.de\/startseite\/wp-json\/wp\/v2\/comments?post=1227"}],"version-history":[{"count":10,"href":"https:\/\/pg-markt-rettenbach.de\/startseite\/wp-json\/wp\/v2\/pages\/1227\/revisions"}],"predecessor-version":[{"id":12183,"href":"https:\/\/pg-markt-rettenbach.de\/startseite\/wp-json\/wp\/v2\/pages\/1227\/revisions\/12183"}],"up":[{"embeddable":true,"href":"https:\/\/pg-markt-rettenbach.de\/startseite\/wp-json\/wp\/v2\/pages\/305"}],"wp:attachment":[{"href":"https:\/\/pg-markt-rettenbach.de\/startseite\/wp-json\/wp\/v2\/media?parent=1227"}],"curies":[{"name":"wp","href":"https:\/\/api.w.org\/{rel}","templated":true}]}}