{"id":12887,"date":"2024-10-01T11:59:26","date_gmt":"2024-10-01T09:59:26","guid":{"rendered":"https:\/\/pg-markt-rettenbach.de\/startseite\/?page_id=12887"},"modified":"2024-10-08T16:33:11","modified_gmt":"2024-10-08T14:33:11","slug":"kapelle-grub","status":"publish","type":"page","link":"https:\/\/pg-markt-rettenbach.de\/startseite\/startseite\/pfarreien\/st-blasius-engetried\/kapelle-grub\/","title":{"rendered":"Kapelle Grub"},"content":{"rendered":"\t\t<div data-elementor-type=\"wp-page\" data-elementor-id=\"12887\" class=\"elementor elementor-12887\" data-elementor-post-type=\"page\">\n\t\t\t\t\t\t<section class=\"elementor-section elementor-top-section elementor-element elementor-element-a8d9f6a elementor-section-boxed elementor-section-height-default elementor-section-height-default\" data-id=\"a8d9f6a\" data-element_type=\"section\" data-e-type=\"section\">\n\t\t\t\t\t\t<div class=\"elementor-container elementor-column-gap-default\">\n\t\t\t\t\t<div class=\"elementor-column elementor-col-100 elementor-top-column elementor-element elementor-element-2986bde\" data-id=\"2986bde\" data-element_type=\"column\" data-e-type=\"column\">\n\t\t\t<div class=\"elementor-widget-wrap elementor-element-populated\">\n\t\t\t\t\t\t<div class=\"elementor-element elementor-element-471843a elementor-widget elementor-widget-image\" data-id=\"471843a\" data-element_type=\"widget\" data-e-type=\"widget\" data-widget_type=\"image.default\">\n\t\t\t\t<div class=\"elementor-widget-container\">\n\t\t\t\t\t\t\t\t\t\t\t\t\t\t\t<img fetchpriority=\"high\" decoding=\"async\" width=\"1262\" height=\"580\" src=\"https:\/\/pg-markt-rettenbach.de\/wp-content\/uploads\/2024\/10\/ER-Kapelle-Grub-innen.jpg\" class=\"attachment-1536x1536 size-1536x1536 wp-image-12889\" alt=\"\" srcset=\"https:\/\/pg-markt-rettenbach.de\/wp-content\/uploads\/2024\/10\/ER-Kapelle-Grub-innen.jpg 1262w, https:\/\/pg-markt-rettenbach.de\/wp-content\/uploads\/2024\/10\/ER-Kapelle-Grub-innen-300x138.jpg 300w, https:\/\/pg-markt-rettenbach.de\/wp-content\/uploads\/2024\/10\/ER-Kapelle-Grub-innen-1024x471.jpg 1024w, https:\/\/pg-markt-rettenbach.de\/wp-content\/uploads\/2024\/10\/ER-Kapelle-Grub-innen-768x353.jpg 768w\" sizes=\"(max-width: 1262px) 100vw, 1262px\" \/>\t\t\t\t\t\t\t\t\t\t\t\t\t\t\t<\/div>\n\t\t\t\t<\/div>\n\t\t\t\t<div class=\"elementor-element elementor-element-85149d8 elementor-widget elementor-widget-heading\" data-id=\"85149d8\" data-element_type=\"widget\" data-e-type=\"widget\" data-widget_type=\"heading.default\">\n\t\t\t\t<div class=\"elementor-widget-container\">\n\t\t\t\t\t<h2 class=\"elementor-heading-title elementor-size-default\">Kapelle Grub<\/h2>\t\t\t\t<\/div>\n\t\t\t\t<\/div>\n\t\t\t\t\t<\/div>\n\t\t<\/div>\n\t\t\t\t\t<\/div>\n\t\t<\/section>\n\t\t\t\t<section class=\"elementor-section elementor-top-section elementor-element elementor-element-d60bd0e elementor-section-boxed elementor-section-height-default elementor-section-height-default\" data-id=\"d60bd0e\" data-element_type=\"section\" data-e-type=\"section\">\n\t\t\t\t\t\t<div class=\"elementor-container elementor-column-gap-default\">\n\t\t\t\t\t<div class=\"elementor-column elementor-col-50 elementor-top-column elementor-element elementor-element-0f89182\" data-id=\"0f89182\" data-element_type=\"column\" data-e-type=\"column\">\n\t\t\t<div class=\"elementor-widget-wrap elementor-element-populated\">\n\t\t\t\t\t\t<div class=\"elementor-element elementor-element-01e4812 elementor-widget elementor-widget-text-editor\" data-id=\"01e4812\" data-element_type=\"widget\" data-e-type=\"widget\" data-widget_type=\"text-editor.default\">\n\t\t\t\t<div class=\"elementor-widget-container\">\n\t\t\t\t\t\t\t\t\t<p>Die Privatkapelle Grub wurde auf Eigeninitiative von vier Familien errichtet. Sie ist dem heiligen Josef geweiht. Einmal im Jahr, bei der Eldernwallfahrt, machen die Pilger dort Station und besuchen die Kapelle zum gemeinsamen Gebet.<\/p><p>Im Inneren befinden sich Bilder mit den 14 Kreuzwegstationen. \u00dcber dem Altar befindet sich eine Kreuzigungsgruppe; au\u00dferdem finden sich eine Herz-Jesu-Figur, der hl. Josef und als merkw\u00fcrdige Besonderheit eine Schwarze Madonna im Innern. Die Herkunft dieser Figur ist nicht bekannt.\u00a0<\/p><p>Grub ist ein kleiner Ortsteil der Gemeinde Ronsberg im Landkreis Ostallg\u00e4u und besteht heute nur noch aus zwei Geh\u00f6ften.<\/p>\t\t\t\t\t\t\t\t<\/div>\n\t\t\t\t<\/div>\n\t\t\t\t\t<\/div>\n\t\t<\/div>\n\t\t\t\t<div class=\"elementor-column elementor-col-50 elementor-top-column elementor-element elementor-element-f06d617\" data-id=\"f06d617\" data-element_type=\"column\" data-e-type=\"column\">\n\t\t\t<div class=\"elementor-widget-wrap elementor-element-populated\">\n\t\t\t\t\t\t<div class=\"elementor-element elementor-element-2e241c6 elementor-widget elementor-widget-image\" data-id=\"2e241c6\" data-element_type=\"widget\" data-e-type=\"widget\" data-widget_type=\"image.default\">\n\t\t\t\t<div class=\"elementor-widget-container\">\n\t\t\t\t\t\t\t\t\t\t\t\t\t\t\t<img decoding=\"async\" width=\"397\" height=\"856\" src=\"https:\/\/pg-markt-rettenbach.de\/wp-content\/uploads\/2024\/10\/ER-Kapelle-Grub-Schwarze-Madonna.jpg\" class=\"attachment-large size-large wp-image-12998\" alt=\"\" srcset=\"https:\/\/pg-markt-rettenbach.de\/wp-content\/uploads\/2024\/10\/ER-Kapelle-Grub-Schwarze-Madonna.jpg 397w, https:\/\/pg-markt-rettenbach.de\/wp-content\/uploads\/2024\/10\/ER-Kapelle-Grub-Schwarze-Madonna-139x300.jpg 139w\" sizes=\"(max-width: 397px) 100vw, 397px\" \/>\t\t\t\t\t\t\t\t\t\t\t\t\t\t\t<\/div>\n\t\t\t\t<\/div>\n\t\t\t\t\t<\/div>\n\t\t<\/div>\n\t\t\t\t\t<\/div>\n\t\t<\/section>\n\t\t\t\t<section class=\"elementor-section elementor-top-section elementor-element elementor-element-f3b8e95 elementor-section-boxed elementor-section-height-default elementor-section-height-default\" data-id=\"f3b8e95\" data-element_type=\"section\" data-e-type=\"section\">\n\t\t\t\t\t\t<div class=\"elementor-container elementor-column-gap-default\">\n\t\t\t\t\t<div class=\"elementor-column elementor-col-100 elementor-top-column elementor-element elementor-element-f240527\" data-id=\"f240527\" data-element_type=\"column\" data-e-type=\"column\">\n\t\t\t<div class=\"elementor-widget-wrap elementor-element-populated\">\n\t\t\t\t\t\t<div class=\"elementor-element elementor-element-c82d8ff elementor-widget elementor-widget-spacer\" data-id=\"c82d8ff\" data-element_type=\"widget\" data-e-type=\"widget\" data-widget_type=\"spacer.default\">\n\t\t\t\t<div class=\"elementor-widget-container\">\n\t\t\t\t\t\t\t<div class=\"elementor-spacer\">\n\t\t\t<div class=\"elementor-spacer-inner\"><\/div>\n\t\t<\/div>\n\t\t\t\t\t\t<\/div>\n\t\t\t\t<\/div>\n\t\t\t\t\t<\/div>\n\t\t<\/div>\n\t\t\t\t\t<\/div>\n\t\t<\/section>\n\t\t\t\t<\/div>\n\t\t","protected":false},"excerpt":{"rendered":"<p>Kapelle Grub Die Privatkapelle Grub wurde auf Eigeninitiative von vier Familien errichtet. Sie ist dem heiligen Josef geweiht. Einmal im Jahr, bei der Eldernwallfahrt, machen die Pilger dort Station und [&hellip;]<\/p>\n","protected":false},"author":1,"featured_media":0,"parent":310,"menu_order":332,"comment_status":"closed","ping_status":"closed","template":"","meta":{"_EventAllDay":false,"_EventTimezone":"","_EventStartDate":"","_EventEndDate":"","_EventStartDateUTC":"","_EventEndDateUTC":"","_EventShowMap":false,"_EventShowMapLink":false,"_EventURL":"","_EventCost":"","_EventCostDescription":"","_EventCurrencySymbol":"","_EventCurrencyCode":"","_EventCurrencyPosition":"","_EventDateTimeSeparator":"","_EventTimeRangeSeparator":"","_EventOrganizerID":[],"_EventVenueID":[],"_OrganizerEmail":"","_OrganizerPhone":"","_OrganizerWebsite":"","_VenueAddress":"","_VenueCity":"","_VenueCountry":"","_VenueProvince":"","_VenueState":"","_VenueZip":"","_VenuePhone":"","_VenueURL":"","_VenueStateProvince":"","_VenueLat":"","_VenueLng":"","_VenueShowMap":false,"_VenueShowMapLink":false,"footnotes":""},"class_list":["post-12887","page","type-page","status-publish","hentry"],"_links":{"self":[{"href":"https:\/\/pg-markt-rettenbach.de\/startseite\/wp-json\/wp\/v2\/pages\/12887","targetHints":{"allow":["GET"]}}],"collection":[{"href":"https:\/\/pg-markt-rettenbach.de\/startseite\/wp-json\/wp\/v2\/pages"}],"about":[{"href":"https:\/\/pg-markt-rettenbach.de\/startseite\/wp-json\/wp\/v2\/types\/page"}],"author":[{"embeddable":true,"href":"https:\/\/pg-markt-rettenbach.de\/startseite\/wp-json\/wp\/v2\/users\/1"}],"replies":[{"embeddable":true,"href":"https:\/\/pg-markt-rettenbach.de\/startseite\/wp-json\/wp\/v2\/comments?post=12887"}],"version-history":[{"count":10,"href":"https:\/\/pg-markt-rettenbach.de\/startseite\/wp-json\/wp\/v2\/pages\/12887\/revisions"}],"predecessor-version":[{"id":13001,"href":"https:\/\/pg-markt-rettenbach.de\/startseite\/wp-json\/wp\/v2\/pages\/12887\/revisions\/13001"}],"up":[{"embeddable":true,"href":"https:\/\/pg-markt-rettenbach.de\/startseite\/wp-json\/wp\/v2\/pages\/310"}],"wp:attachment":[{"href":"https:\/\/pg-markt-rettenbach.de\/startseite\/wp-json\/wp\/v2\/media?parent=12887"}],"curies":[{"name":"wp","href":"https:\/\/api.w.org\/{rel}","templated":true}]}}