{"id":1307,"date":"2023-06-28T20:58:02","date_gmt":"2023-06-28T18:58:02","guid":{"rendered":"https:\/\/pg-markt-rettenbach.de\/neu\/?page_id=1307"},"modified":"2024-05-21T15:19:37","modified_gmt":"2024-05-21T13:19:37","slug":"filialkirche-st-peter-und-paul-altisried","status":"publish","type":"page","link":"https:\/\/pg-markt-rettenbach.de\/startseite\/startseite\/pfarreien\/st-gordian-und-epimach-frechenrieden\/filialkirche-st-peter-und-paul-altisried\/","title":{"rendered":"Filialkirche St. Peter und Paul Altisried"},"content":{"rendered":"\t\t<div data-elementor-type=\"wp-page\" data-elementor-id=\"1307\" class=\"elementor elementor-1307\" data-elementor-post-type=\"page\">\n\t\t\t\t\t\t<section class=\"elementor-section elementor-top-section elementor-element elementor-element-df3759d elementor-section-boxed elementor-section-height-default elementor-section-height-default\" data-id=\"df3759d\" data-element_type=\"section\" data-e-type=\"section\">\n\t\t\t\t\t\t<div class=\"elementor-container elementor-column-gap-default\">\n\t\t\t\t\t<div class=\"elementor-column elementor-col-100 elementor-top-column elementor-element elementor-element-3d67dbf\" data-id=\"3d67dbf\" data-element_type=\"column\" data-e-type=\"column\">\n\t\t\t<div class=\"elementor-widget-wrap elementor-element-populated\">\n\t\t\t\t\t\t<div class=\"elementor-element elementor-element-fc1cb8e elementor-widget elementor-widget-heading\" data-id=\"fc1cb8e\" data-element_type=\"widget\" data-e-type=\"widget\" data-widget_type=\"heading.default\">\n\t\t\t\t<div class=\"elementor-widget-container\">\n\t\t\t\t\t<h2 class=\"elementor-heading-title elementor-size-xl\">Filialkirche St. Peter und Paul Altisried<\/h2>\t\t\t\t<\/div>\n\t\t\t\t<\/div>\n\t\t\t\t\t<\/div>\n\t\t<\/div>\n\t\t\t\t\t<\/div>\n\t\t<\/section>\n\t\t\t\t<section class=\"elementor-section elementor-top-section elementor-element elementor-element-2d1d03e elementor-section-boxed elementor-section-height-default elementor-section-height-default\" data-id=\"2d1d03e\" data-element_type=\"section\" data-e-type=\"section\">\n\t\t\t\t\t\t<div class=\"elementor-container elementor-column-gap-default\">\n\t\t\t\t\t<div class=\"elementor-column elementor-col-100 elementor-top-column elementor-element elementor-element-7cf2dc4\" data-id=\"7cf2dc4\" data-element_type=\"column\" data-e-type=\"column\">\n\t\t\t<div class=\"elementor-widget-wrap elementor-element-populated\">\n\t\t\t\t\t\t<div class=\"elementor-element elementor-element-c207604 elementor-widget elementor-widget-image\" data-id=\"c207604\" data-element_type=\"widget\" data-e-type=\"widget\" data-widget_type=\"image.default\">\n\t\t\t\t<div class=\"elementor-widget-container\">\n\t\t\t\t\t\t\t\t\t\t\t\t\t\t\t<img fetchpriority=\"high\" decoding=\"async\" width=\"1260\" height=\"581\" src=\"https:\/\/pg-markt-rettenbach.de\/wp-content\/uploads\/2023\/06\/FR-Altisried-innen.jpg\" class=\"attachment-1536x1536 size-1536x1536 wp-image-1308\" alt=\"\" srcset=\"https:\/\/pg-markt-rettenbach.de\/wp-content\/uploads\/2023\/06\/FR-Altisried-innen.jpg 1260w, https:\/\/pg-markt-rettenbach.de\/wp-content\/uploads\/2023\/06\/FR-Altisried-innen-300x138.jpg 300w, https:\/\/pg-markt-rettenbach.de\/wp-content\/uploads\/2023\/06\/FR-Altisried-innen-1024x472.jpg 1024w, https:\/\/pg-markt-rettenbach.de\/wp-content\/uploads\/2023\/06\/FR-Altisried-innen-768x354.jpg 768w\" sizes=\"(max-width: 1260px) 100vw, 1260px\" \/>\t\t\t\t\t\t\t\t\t\t\t\t\t\t\t<\/div>\n\t\t\t\t<\/div>\n\t\t\t\t\t<\/div>\n\t\t<\/div>\n\t\t\t\t\t<\/div>\n\t\t<\/section>\n\t\t\t\t<section class=\"elementor-section elementor-top-section elementor-element elementor-element-6822d51c elementor-section-boxed elementor-section-height-default elementor-section-height-default\" data-id=\"6822d51c\" data-element_type=\"section\" data-e-type=\"section\">\n\t\t\t\t\t\t<div class=\"elementor-container elementor-column-gap-default\">\n\t\t\t\t\t<div class=\"elementor-column elementor-col-100 elementor-top-column elementor-element elementor-element-45b18531\" data-id=\"45b18531\" data-element_type=\"column\" data-e-type=\"column\">\n\t\t\t<div class=\"elementor-widget-wrap elementor-element-populated\">\n\t\t\t\t\t\t<div class=\"elementor-element elementor-element-14fafff0 elementor-widget elementor-widget-text-editor\" data-id=\"14fafff0\" data-element_type=\"widget\" data-e-type=\"widget\" data-widget_type=\"text-editor.default\">\n\t\t\t\t<div class=\"elementor-widget-container\">\n\t\t\t\t\t\t\t\t\t<p><\/p>\n<p>Das Bauwerk aus dem 15. Jahrhundert wurde im 18. Jahrhundert unter Abt Anselm Erb von Ottobeuren (1740 bis 1767) instand gesetzt und erhielt die aktuelle barocke Ausstattung.<\/p>\n<p><\/p>\n<p><b>Patrone <\/b>sind die <b>heiligen Apostel Petrus und Paulus<\/b>, die in einem Festgottesdienst um den 29. Juni gefeiert werden.<\/p>\n<p><\/p>\t\t\t\t\t\t\t\t<\/div>\n\t\t\t\t<\/div>\n\t\t\t\t\t<\/div>\n\t\t<\/div>\n\t\t\t\t\t<\/div>\n\t\t<\/section>\n\t\t\t\t<section class=\"elementor-section elementor-top-section elementor-element elementor-element-e44673c elementor-section-boxed elementor-section-height-default elementor-section-height-default\" data-id=\"e44673c\" data-element_type=\"section\" data-e-type=\"section\">\n\t\t\t\t\t\t<div class=\"elementor-container elementor-column-gap-default\">\n\t\t\t\t\t<div class=\"elementor-column elementor-col-100 elementor-top-column elementor-element elementor-element-56b5776\" data-id=\"56b5776\" data-element_type=\"column\" data-e-type=\"column\">\n\t\t\t<div class=\"elementor-widget-wrap elementor-element-populated\">\n\t\t\t\t\t\t<div class=\"elementor-element elementor-element-433b2fe elementor-align-justify elementor-widget elementor-widget-button\" data-id=\"433b2fe\" data-element_type=\"widget\" data-e-type=\"widget\" data-widget_type=\"button.default\">\n\t\t\t\t<div class=\"elementor-widget-container\">\n\t\t\t\t\t\t\t\t\t<div class=\"elementor-button-wrapper\">\n\t\t\t\t\t<a class=\"elementor-button elementor-button-link elementor-size-lg\" href=\"https:\/\/pg-markt-rettenbach.de\/wp-content\/uploads\/2023\/10\/Kirche-Altisried.pptx\">\n\t\t\t\t\t\t<span class=\"elementor-button-content-wrapper\">\n\t\t\t\t\t\t\t\t\t<span class=\"elementor-button-text\">POWERPOINT-PR\u00c4SENTATION von Herrn Hermann Simon - Kirche ALTISRIED<\/span>\n\t\t\t\t\t<\/span>\n\t\t\t\t\t<\/a>\n\t\t\t\t<\/div>\n\t\t\t\t\t\t\t\t<\/div>\n\t\t\t\t<\/div>\n\t\t\t\t\t<\/div>\n\t\t<\/div>\n\t\t\t\t\t<\/div>\n\t\t<\/section>\n\t\t\t\t<section class=\"elementor-section elementor-top-section elementor-element elementor-element-ea9cf86 elementor-section-boxed elementor-section-height-default elementor-section-height-default\" data-id=\"ea9cf86\" data-element_type=\"section\" data-e-type=\"section\">\n\t\t\t\t\t\t<div class=\"elementor-container elementor-column-gap-default\">\n\t\t\t\t\t<div class=\"elementor-column elementor-col-100 elementor-top-column elementor-element elementor-element-6e7f7b1\" data-id=\"6e7f7b1\" data-element_type=\"column\" data-e-type=\"column\">\n\t\t\t<div class=\"elementor-widget-wrap elementor-element-populated\">\n\t\t\t\t\t\t<div class=\"elementor-element elementor-element-67d5b10 elementor-widget elementor-widget-heading\" data-id=\"67d5b10\" data-element_type=\"widget\" data-e-type=\"widget\" data-widget_type=\"heading.default\">\n\t\t\t\t<div class=\"elementor-widget-container\">\n\t\t\t\t\t<h2 class=\"elementor-heading-title elementor-size-default\">Beschreibung des Innenraums<\/h2>\t\t\t\t<\/div>\n\t\t\t\t<\/div>\n\t\t\t\t\t<\/div>\n\t\t<\/div>\n\t\t\t\t\t<\/div>\n\t\t<\/section>\n\t\t\t\t<section class=\"elementor-section elementor-top-section elementor-element elementor-element-97b7709 elementor-section-boxed elementor-section-height-default elementor-section-height-default\" data-id=\"97b7709\" data-element_type=\"section\" data-e-type=\"section\">\n\t\t\t\t\t\t<div class=\"elementor-container elementor-column-gap-default\">\n\t\t\t\t\t<div class=\"elementor-column elementor-col-33 elementor-top-column elementor-element elementor-element-f94f796\" data-id=\"f94f796\" data-element_type=\"column\" data-e-type=\"column\">\n\t\t\t<div class=\"elementor-widget-wrap elementor-element-populated\">\n\t\t\t\t\t\t<div class=\"elementor-element elementor-element-cd96e00 elementor-widget elementor-widget-image\" data-id=\"cd96e00\" data-element_type=\"widget\" data-e-type=\"widget\" data-widget_type=\"image.default\">\n\t\t\t\t<div class=\"elementor-widget-container\">\n\t\t\t\t\t\t\t\t\t\t\t\t\t\t\t<img decoding=\"async\" width=\"349\" height=\"762\" src=\"https:\/\/pg-markt-rettenbach.de\/wp-content\/uploads\/2024\/05\/FR-Kirche-Altisried-Hochaltar.jpg\" class=\"attachment-large size-large wp-image-11104\" alt=\"\" srcset=\"https:\/\/pg-markt-rettenbach.de\/wp-content\/uploads\/2024\/05\/FR-Kirche-Altisried-Hochaltar.jpg 349w, https:\/\/pg-markt-rettenbach.de\/wp-content\/uploads\/2024\/05\/FR-Kirche-Altisried-Hochaltar-137x300.jpg 137w\" sizes=\"(max-width: 349px) 100vw, 349px\" \/>\t\t\t\t\t\t\t\t\t\t\t\t\t\t\t<\/div>\n\t\t\t\t<\/div>\n\t\t\t\t<div class=\"elementor-element elementor-element-05284cd elementor-widget elementor-widget-image\" data-id=\"05284cd\" data-element_type=\"widget\" data-e-type=\"widget\" data-widget_type=\"image.default\">\n\t\t\t\t<div class=\"elementor-widget-container\">\n\t\t\t\t\t\t\t\t\t\t\t\t\t\t\t<img decoding=\"async\" width=\"342\" height=\"755\" src=\"https:\/\/pg-markt-rettenbach.de\/wp-content\/uploads\/2024\/05\/FR-Kirche-Altisried-Seitenaltar-links.jpg\" class=\"attachment-large size-large wp-image-11100\" alt=\"\" srcset=\"https:\/\/pg-markt-rettenbach.de\/wp-content\/uploads\/2024\/05\/FR-Kirche-Altisried-Seitenaltar-links.jpg 342w, https:\/\/pg-markt-rettenbach.de\/wp-content\/uploads\/2024\/05\/FR-Kirche-Altisried-Seitenaltar-links-136x300.jpg 136w\" sizes=\"(max-width: 342px) 100vw, 342px\" \/>\t\t\t\t\t\t\t\t\t\t\t\t\t\t\t<\/div>\n\t\t\t\t<\/div>\n\t\t\t\t<div class=\"elementor-element elementor-element-dbd52c1 elementor-widget elementor-widget-image\" data-id=\"dbd52c1\" data-element_type=\"widget\" data-e-type=\"widget\" data-widget_type=\"image.default\">\n\t\t\t\t<div class=\"elementor-widget-container\">\n\t\t\t\t\t\t\t\t\t\t\t\t\t\t\t<img loading=\"lazy\" decoding=\"async\" width=\"672\" height=\"763\" src=\"https:\/\/pg-markt-rettenbach.de\/wp-content\/uploads\/2024\/05\/FR-Kirche-Altisried-Deckengemaelde-3.jpg\" class=\"attachment-large size-large wp-image-11097\" alt=\"\" srcset=\"https:\/\/pg-markt-rettenbach.de\/wp-content\/uploads\/2024\/05\/FR-Kirche-Altisried-Deckengemaelde-3.jpg 672w, https:\/\/pg-markt-rettenbach.de\/wp-content\/uploads\/2024\/05\/FR-Kirche-Altisried-Deckengemaelde-3-264x300.jpg 264w\" sizes=\"(max-width: 672px) 100vw, 672px\" \/>\t\t\t\t\t\t\t\t\t\t\t\t\t\t\t<\/div>\n\t\t\t\t<\/div>\n\t\t\t\t\t<\/div>\n\t\t<\/div>\n\t\t\t\t<div class=\"elementor-column elementor-col-33 elementor-top-column elementor-element elementor-element-f613f2a\" data-id=\"f613f2a\" data-element_type=\"column\" data-e-type=\"column\">\n\t\t\t<div class=\"elementor-widget-wrap elementor-element-populated\">\n\t\t\t\t\t\t<div class=\"elementor-element elementor-element-cd0378e elementor-widget elementor-widget-text-editor\" data-id=\"cd0378e\" data-element_type=\"widget\" data-e-type=\"widget\" data-widget_type=\"text-editor.default\">\n\t\t\t\t<div class=\"elementor-widget-container\">\n\t\t\t\t\t\t\t\t\t<p>Das <b>Bild am HOCHALTAR<\/b> enth\u00e4lt neben der g\u00f6ttlichen Dreifaltigkeit, der Muttergottes und den Kirchenpatronen Petrus und Paulus die 14 Nothelfer. Dabei handelt es sich um Heilige aus dem 2. bis 4. Jahrhundert, die alle (bis auf den hl. \u00c4gidius) als M\u00e4rtyrer im R\u00f6mischen Reich gestorben sind. Beim enthaupteten Bischof knapp unterhalb der Bildmitte handelt es sich um den hl. Dionysius, der das\u00a0 selbe Schicksal wie der hl. Paulus (Hinrichtung mit dem Schwert) erlitt. Weitere auff\u00e4llige Figuren sind der hl. Blasius (roter Bischofsornat, mit Kerze in der Hand), der hl. Christophorus (mit Baumstamm und Jesuskind) und der hl. Georg (rechts als Soldat mit Fahne). Interessant ist, dass der K\u00fcnstler die drei weiblichen Nothelferinnen, die hl. Barbara, die hl. Katharina und die hl. Margaretha, schon weiter in den Himmel hinauf versetzt hat als deren m\u00e4nnliche Kollegen; die &#8222;Damen&#8220; befinden sich links oben auf gleicher H\u00f6he wie die hll. Petrus und Paulus.<\/p>\n<p>Das\u00a0<b>Bild am linken SEITENALTAR <\/b>zeigt den hl. Antonius von Padua mit dem Jesuskind. Am\u00a0<b>rechten Seitenaltar<\/b>\u00a0ist eine Nachbildung des Innsbrucker Maria-Hilf-Bildes zu sehen.\u00a0<\/p>\n<p>Oben am Chorbogen befindet sich das <b>Wappen <\/b>des Ottobeurer Abtes Anselm Erb (1740-1767). In der Mitte das Dreieck mit dem Auge, ein Symbol f\u00fcr die Dreifaltigkeit. Links der Reichsadler, rechts eine Rosette, unten drei Sterne. Das Haupt des Abtes wird flankiert vom Krummstab als Zeichen geistlicher Leitungsvollmacht und vom Schwert als Zeichen weltlicher Macht.<\/p>\n<p>Das <b>Hauptdeckengem\u00e4lde <\/b>zeigt das Weihnachtsgeschehen, das <b>vordere Deckengem\u00e4lde<\/b> im Langhaus die Verk\u00fcndigung des Herrn: Der Erzengel Gabriel (mit den Lilien in der Hand) verhei\u00dft Maria die Geburt eines Sohnes, den sie Jesus nennen soll. Auf die Frage, wie das ohne m\u00e4nnliches Zutun geschehen k\u00f6nne, antwortet der Erzengel: &#8222;Heiliger Geist wird \u00fcber dich kommen und Kraft des H\u00f6chsten \u00fcberschatten. Deshalb wird auch das Kind heilig und Sohn Gottes genannt werden.&#8220; (Lk 1,35)<\/p>\n<p>\u00a0<\/p>\t\t\t\t\t\t\t\t<\/div>\n\t\t\t\t<\/div>\n\t\t\t\t\t<\/div>\n\t\t<\/div>\n\t\t\t\t<div class=\"elementor-column elementor-col-33 elementor-top-column elementor-element elementor-element-3f48bc9\" data-id=\"3f48bc9\" data-element_type=\"column\" data-e-type=\"column\">\n\t\t\t<div class=\"elementor-widget-wrap elementor-element-populated\">\n\t\t\t\t\t\t<div class=\"elementor-element elementor-element-ecdc1cc elementor-widget elementor-widget-image\" data-id=\"ecdc1cc\" data-element_type=\"widget\" data-e-type=\"widget\" data-widget_type=\"image.default\">\n\t\t\t\t<div class=\"elementor-widget-container\">\n\t\t\t\t\t\t\t\t\t\t\t\t\t\t\t<img loading=\"lazy\" decoding=\"async\" width=\"534\" height=\"753\" src=\"https:\/\/pg-markt-rettenbach.de\/wp-content\/uploads\/2024\/05\/FR-Kirche-Altisried-Hochaltar-14Nothelfer.jpg\" class=\"attachment-large size-large wp-image-11105\" alt=\"\" srcset=\"https:\/\/pg-markt-rettenbach.de\/wp-content\/uploads\/2024\/05\/FR-Kirche-Altisried-Hochaltar-14Nothelfer.jpg 534w, https:\/\/pg-markt-rettenbach.de\/wp-content\/uploads\/2024\/05\/FR-Kirche-Altisried-Hochaltar-14Nothelfer-213x300.jpg 213w\" sizes=\"(max-width: 534px) 100vw, 534px\" \/>\t\t\t\t\t\t\t\t\t\t\t\t\t\t\t<\/div>\n\t\t\t\t<\/div>\n\t\t\t\t<div class=\"elementor-element elementor-element-5026734 elementor-widget elementor-widget-image\" data-id=\"5026734\" data-element_type=\"widget\" data-e-type=\"widget\" data-widget_type=\"image.default\">\n\t\t\t\t<div class=\"elementor-widget-container\">\n\t\t\t\t\t\t\t\t\t\t\t\t\t\t\t<img loading=\"lazy\" decoding=\"async\" width=\"349\" height=\"773\" src=\"https:\/\/pg-markt-rettenbach.de\/wp-content\/uploads\/2024\/05\/FR-Kirche-Altisried-Seitenaltar-rechts.jpg\" class=\"attachment-large size-large wp-image-11101\" alt=\"\" srcset=\"https:\/\/pg-markt-rettenbach.de\/wp-content\/uploads\/2024\/05\/FR-Kirche-Altisried-Seitenaltar-rechts.jpg 349w, https:\/\/pg-markt-rettenbach.de\/wp-content\/uploads\/2024\/05\/FR-Kirche-Altisried-Seitenaltar-rechts-135x300.jpg 135w\" sizes=\"(max-width: 349px) 100vw, 349px\" \/>\t\t\t\t\t\t\t\t\t\t\t\t\t\t\t<\/div>\n\t\t\t\t<\/div>\n\t\t\t\t<div class=\"elementor-element elementor-element-e6f6920 elementor-widget elementor-widget-image\" data-id=\"e6f6920\" data-element_type=\"widget\" data-e-type=\"widget\" data-widget_type=\"image.default\">\n\t\t\t\t<div class=\"elementor-widget-container\">\n\t\t\t\t\t\t\t\t\t\t\t\t\t\t\t<img loading=\"lazy\" decoding=\"async\" width=\"541\" height=\"460\" src=\"https:\/\/pg-markt-rettenbach.de\/wp-content\/uploads\/2024\/05\/FR-Kirche-Altisried-Wappen.jpg\" class=\"attachment-large size-large wp-image-11102\" alt=\"\" srcset=\"https:\/\/pg-markt-rettenbach.de\/wp-content\/uploads\/2024\/05\/FR-Kirche-Altisried-Wappen.jpg 541w, https:\/\/pg-markt-rettenbach.de\/wp-content\/uploads\/2024\/05\/FR-Kirche-Altisried-Wappen-300x255.jpg 300w\" sizes=\"(max-width: 541px) 100vw, 541px\" \/>\t\t\t\t\t\t\t\t\t\t\t\t\t\t\t<\/div>\n\t\t\t\t<\/div>\n\t\t\t\t<div class=\"elementor-element elementor-element-507abdd elementor-widget elementor-widget-image\" data-id=\"507abdd\" data-element_type=\"widget\" data-e-type=\"widget\" data-widget_type=\"image.default\">\n\t\t\t\t<div class=\"elementor-widget-container\">\n\t\t\t\t\t\t\t\t\t\t\t\t\t\t\t<img loading=\"lazy\" decoding=\"async\" width=\"615\" height=\"583\" src=\"https:\/\/pg-markt-rettenbach.de\/wp-content\/uploads\/2024\/05\/FR-Kirche-Altisried-Deckengemaelde-2.jpg\" class=\"attachment-large size-large wp-image-11096\" alt=\"\" srcset=\"https:\/\/pg-markt-rettenbach.de\/wp-content\/uploads\/2024\/05\/FR-Kirche-Altisried-Deckengemaelde-2.jpg 615w, https:\/\/pg-markt-rettenbach.de\/wp-content\/uploads\/2024\/05\/FR-Kirche-Altisried-Deckengemaelde-2-300x284.jpg 300w\" sizes=\"(max-width: 615px) 100vw, 615px\" \/>\t\t\t\t\t\t\t\t\t\t\t\t\t\t\t<\/div>\n\t\t\t\t<\/div>\n\t\t\t\t\t<\/div>\n\t\t<\/div>\n\t\t\t\t\t<\/div>\n\t\t<\/section>\n\t\t\t\t<section class=\"elementor-section elementor-top-section elementor-element elementor-element-11d92f4 elementor-section-boxed elementor-section-height-default elementor-section-height-default\" data-id=\"11d92f4\" data-element_type=\"section\" data-e-type=\"section\">\n\t\t\t\t\t\t<div class=\"elementor-container elementor-column-gap-default\">\n\t\t\t\t\t<div class=\"elementor-column elementor-col-25 elementor-top-column elementor-element elementor-element-b9c2bcd\" data-id=\"b9c2bcd\" data-element_type=\"column\" data-e-type=\"column\">\n\t\t\t<div class=\"elementor-widget-wrap elementor-element-populated\">\n\t\t\t\t\t\t<div class=\"elementor-element elementor-element-7d4cbf3 elementor-widget elementor-widget-image\" data-id=\"7d4cbf3\" data-element_type=\"widget\" data-e-type=\"widget\" data-widget_type=\"image.default\">\n\t\t\t\t<div class=\"elementor-widget-container\">\n\t\t\t\t\t\t\t\t\t\t\t\t\t\t\t<img loading=\"lazy\" decoding=\"async\" width=\"567\" height=\"578\" src=\"https:\/\/pg-markt-rettenbach.de\/wp-content\/uploads\/2024\/05\/FR-Kirche-Altisried-Deckengemaelde-1.jpg\" class=\"attachment-large size-large wp-image-11095\" alt=\"\" srcset=\"https:\/\/pg-markt-rettenbach.de\/wp-content\/uploads\/2024\/05\/FR-Kirche-Altisried-Deckengemaelde-1.jpg 567w, https:\/\/pg-markt-rettenbach.de\/wp-content\/uploads\/2024\/05\/FR-Kirche-Altisried-Deckengemaelde-1-294x300.jpg 294w\" sizes=\"(max-width: 567px) 100vw, 567px\" \/>\t\t\t\t\t\t\t\t\t\t\t\t\t\t\t<\/div>\n\t\t\t\t<\/div>\n\t\t\t\t\t<\/div>\n\t\t<\/div>\n\t\t\t\t<div class=\"elementor-column elementor-col-25 elementor-top-column elementor-element elementor-element-9a6ee61\" data-id=\"9a6ee61\" data-element_type=\"column\" data-e-type=\"column\">\n\t\t\t<div class=\"elementor-widget-wrap elementor-element-populated\">\n\t\t\t\t\t\t<div class=\"elementor-element elementor-element-5e17c44 elementor-widget elementor-widget-text-editor\" data-id=\"5e17c44\" data-element_type=\"widget\" data-e-type=\"widget\" data-widget_type=\"text-editor.default\">\n\t\t\t\t<div class=\"elementor-widget-container\">\n\t\t\t\t\t\t\t\t\t<p>Das\u00a0<span style=\"font-weight: bold;\">Deckengem\u00e4lde\u00a0<\/span>im Chorraum zeigt die Bekehrung des hl. Paulus (Apg 9,3-19). Eindrucksvoll st\u00fcrzt dieser vor seinen fassungslosen Begleitern zu Boden und h\u00f6rt die Stimme Jesu: &#8222;Saul, Saul, warum verfolgst du mich?&#8220;\u00a0<\/p>\n<p>An den Seitenw\u00e4nden befinden sich knapp vor der Empore <b>Figuren <\/b>des<b> hl. Wendelin <\/b>und der <b>hl. Notburga<\/b>.<\/p>\t\t\t\t\t\t\t\t<\/div>\n\t\t\t\t<\/div>\n\t\t\t\t\t<\/div>\n\t\t<\/div>\n\t\t\t\t<div class=\"elementor-column elementor-col-25 elementor-top-column elementor-element elementor-element-dc20688\" data-id=\"dc20688\" data-element_type=\"column\" data-e-type=\"column\">\n\t\t\t<div class=\"elementor-widget-wrap elementor-element-populated\">\n\t\t\t\t\t\t<div class=\"elementor-element elementor-element-f10c411 elementor-widget elementor-widget-image\" data-id=\"f10c411\" data-element_type=\"widget\" data-e-type=\"widget\" data-widget_type=\"image.default\">\n\t\t\t\t<div class=\"elementor-widget-container\">\n\t\t\t\t\t\t\t\t\t\t\t\t\t\t\t<img loading=\"lazy\" decoding=\"async\" width=\"247\" height=\"542\" src=\"https:\/\/pg-markt-rettenbach.de\/wp-content\/uploads\/2024\/05\/FR-Kirche-Altisried-hl.-Wendelin.jpg\" class=\"attachment-large size-large wp-image-11099\" alt=\"\" srcset=\"https:\/\/pg-markt-rettenbach.de\/wp-content\/uploads\/2024\/05\/FR-Kirche-Altisried-hl.-Wendelin.jpg 247w, https:\/\/pg-markt-rettenbach.de\/wp-content\/uploads\/2024\/05\/FR-Kirche-Altisried-hl.-Wendelin-137x300.jpg 137w\" sizes=\"(max-width: 247px) 100vw, 247px\" \/>\t\t\t\t\t\t\t\t\t\t\t\t\t\t\t<\/div>\n\t\t\t\t<\/div>\n\t\t\t\t\t<\/div>\n\t\t<\/div>\n\t\t\t\t<div class=\"elementor-column elementor-col-25 elementor-top-column elementor-element elementor-element-99da73e\" data-id=\"99da73e\" data-element_type=\"column\" data-e-type=\"column\">\n\t\t\t<div class=\"elementor-widget-wrap elementor-element-populated\">\n\t\t\t\t\t\t<div class=\"elementor-element elementor-element-e5c7c61 elementor-widget elementor-widget-image\" data-id=\"e5c7c61\" data-element_type=\"widget\" data-e-type=\"widget\" data-widget_type=\"image.default\">\n\t\t\t\t<div class=\"elementor-widget-container\">\n\t\t\t\t\t\t\t\t\t\t\t\t\t\t\t<img loading=\"lazy\" decoding=\"async\" width=\"286\" height=\"574\" src=\"https:\/\/pg-markt-rettenbach.de\/wp-content\/uploads\/2024\/05\/FR-Kirche-Altisried-hl.-Notburga.jpg\" class=\"attachment-large size-large wp-image-11098\" alt=\"\" srcset=\"https:\/\/pg-markt-rettenbach.de\/wp-content\/uploads\/2024\/05\/FR-Kirche-Altisried-hl.-Notburga.jpg 286w, https:\/\/pg-markt-rettenbach.de\/wp-content\/uploads\/2024\/05\/FR-Kirche-Altisried-hl.-Notburga-149x300.jpg 149w\" sizes=\"(max-width: 286px) 100vw, 286px\" \/>\t\t\t\t\t\t\t\t\t\t\t\t\t\t\t<\/div>\n\t\t\t\t<\/div>\n\t\t\t\t\t<\/div>\n\t\t<\/div>\n\t\t\t\t\t<\/div>\n\t\t<\/section>\n\t\t\t\t<section class=\"elementor-section elementor-top-section elementor-element elementor-element-f03776f elementor-section-boxed elementor-section-height-default elementor-section-height-default\" data-id=\"f03776f\" data-element_type=\"section\" data-e-type=\"section\">\n\t\t\t\t\t\t<div class=\"elementor-container elementor-column-gap-default\">\n\t\t\t\t\t<div class=\"elementor-column elementor-col-100 elementor-top-column elementor-element elementor-element-df2fafe\" data-id=\"df2fafe\" data-element_type=\"column\" data-e-type=\"column\">\n\t\t\t<div class=\"elementor-widget-wrap elementor-element-populated\">\n\t\t\t\t\t\t<div class=\"elementor-element elementor-element-e72b439 elementor-widget elementor-widget-spacer\" data-id=\"e72b439\" data-element_type=\"widget\" data-e-type=\"widget\" data-widget_type=\"spacer.default\">\n\t\t\t\t<div class=\"elementor-widget-container\">\n\t\t\t\t\t\t\t<div class=\"elementor-spacer\">\n\t\t\t<div class=\"elementor-spacer-inner\"><\/div>\n\t\t<\/div>\n\t\t\t\t\t\t<\/div>\n\t\t\t\t<\/div>\n\t\t\t\t<div class=\"elementor-element elementor-element-5e25bc0 elementor-widget elementor-widget-image\" data-id=\"5e25bc0\" data-element_type=\"widget\" data-e-type=\"widget\" data-widget_type=\"image.default\">\n\t\t\t\t<div class=\"elementor-widget-container\">\n\t\t\t\t\t\t\t\t\t\t\t\t\t\t\t<img loading=\"lazy\" decoding=\"async\" width=\"1034\" height=\"738\" src=\"https:\/\/pg-markt-rettenbach.de\/wp-content\/uploads\/2023\/06\/FR-Kirche-Altisried.jpg\" class=\"attachment-1536x1536 size-1536x1536 wp-image-726\" alt=\"\" srcset=\"https:\/\/pg-markt-rettenbach.de\/wp-content\/uploads\/2023\/06\/FR-Kirche-Altisried.jpg 1034w, https:\/\/pg-markt-rettenbach.de\/wp-content\/uploads\/2023\/06\/FR-Kirche-Altisried-300x214.jpg 300w, https:\/\/pg-markt-rettenbach.de\/wp-content\/uploads\/2023\/06\/FR-Kirche-Altisried-1024x731.jpg 1024w, https:\/\/pg-markt-rettenbach.de\/wp-content\/uploads\/2023\/06\/FR-Kirche-Altisried-768x548.jpg 768w\" sizes=\"(max-width: 1034px) 100vw, 1034px\" \/>\t\t\t\t\t\t\t\t\t\t\t\t\t\t\t<\/div>\n\t\t\t\t<\/div>\n\t\t\t\t<div class=\"elementor-element elementor-element-d54bf6a elementor-widget elementor-widget-spacer\" data-id=\"d54bf6a\" data-element_type=\"widget\" data-e-type=\"widget\" data-widget_type=\"spacer.default\">\n\t\t\t\t<div class=\"elementor-widget-container\">\n\t\t\t\t\t\t\t<div class=\"elementor-spacer\">\n\t\t\t<div class=\"elementor-spacer-inner\"><\/div>\n\t\t<\/div>\n\t\t\t\t\t\t<\/div>\n\t\t\t\t<\/div>\n\t\t\t\t\t<\/div>\n\t\t<\/div>\n\t\t\t\t\t<\/div>\n\t\t<\/section>\n\t\t\t\t<\/div>\n\t\t","protected":false},"excerpt":{"rendered":"<p>Filialkirche St. Peter und Paul Altisried Das Bauwerk aus dem 15. Jahrhundert wurde im 18. Jahrhundert unter Abt Anselm Erb von Ottobeuren (1740 bis 1767) instand gesetzt und erhielt die [&hellip;]<\/p>\n","protected":false},"author":1,"featured_media":0,"parent":318,"menu_order":356,"comment_status":"closed","ping_status":"closed","template":"","meta":{"_EventAllDay":false,"_EventTimezone":"","_EventStartDate":"","_EventEndDate":"","_EventStartDateUTC":"","_EventEndDateUTC":"","_EventShowMap":false,"_EventShowMapLink":false,"_EventURL":"","_EventCost":"","_EventCostDescription":"","_EventCurrencySymbol":"","_EventCurrencyCode":"","_EventCurrencyPosition":"","_EventDateTimeSeparator":"","_EventTimeRangeSeparator":"","_EventOrganizerID":[],"_EventVenueID":[],"_OrganizerEmail":"","_OrganizerPhone":"","_OrganizerWebsite":"","_VenueAddress":"","_VenueCity":"","_VenueCountry":"","_VenueProvince":"","_VenueState":"","_VenueZip":"","_VenuePhone":"","_VenueURL":"","_VenueStateProvince":"","_VenueLat":"","_VenueLng":"","_VenueShowMap":false,"_VenueShowMapLink":false,"footnotes":""},"class_list":["post-1307","page","type-page","status-publish","hentry"],"_links":{"self":[{"href":"https:\/\/pg-markt-rettenbach.de\/startseite\/wp-json\/wp\/v2\/pages\/1307","targetHints":{"allow":["GET"]}}],"collection":[{"href":"https:\/\/pg-markt-rettenbach.de\/startseite\/wp-json\/wp\/v2\/pages"}],"about":[{"href":"https:\/\/pg-markt-rettenbach.de\/startseite\/wp-json\/wp\/v2\/types\/page"}],"author":[{"embeddable":true,"href":"https:\/\/pg-markt-rettenbach.de\/startseite\/wp-json\/wp\/v2\/users\/1"}],"replies":[{"embeddable":true,"href":"https:\/\/pg-markt-rettenbach.de\/startseite\/wp-json\/wp\/v2\/comments?post=1307"}],"version-history":[{"count":10,"href":"https:\/\/pg-markt-rettenbach.de\/startseite\/wp-json\/wp\/v2\/pages\/1307\/revisions"}],"predecessor-version":[{"id":11130,"href":"https:\/\/pg-markt-rettenbach.de\/startseite\/wp-json\/wp\/v2\/pages\/1307\/revisions\/11130"}],"up":[{"embeddable":true,"href":"https:\/\/pg-markt-rettenbach.de\/startseite\/wp-json\/wp\/v2\/pages\/318"}],"wp:attachment":[{"href":"https:\/\/pg-markt-rettenbach.de\/startseite\/wp-json\/wp\/v2\/media?parent=1307"}],"curies":[{"name":"wp","href":"https:\/\/api.w.org\/{rel}","templated":true}]}}