{"id":16357,"date":"2026-02-24T15:10:35","date_gmt":"2026-02-24T14:10:35","guid":{"rendered":"https:\/\/pg-markt-rettenbach.de\/startseite\/?page_id=16357"},"modified":"2026-02-24T15:52:01","modified_gmt":"2026-02-24T14:52:01","slug":"aktion-hoffnung","status":"publish","type":"page","link":"https:\/\/pg-markt-rettenbach.de\/startseite\/startseite\/pfarreien\/aktion-hoffnung\/","title":{"rendered":"Aktion Hoffnung"},"content":{"rendered":"\t\t<div data-elementor-type=\"wp-page\" data-elementor-id=\"16357\" class=\"elementor elementor-16357\" data-elementor-post-type=\"page\">\n\t\t\t\t\t\t<section class=\"elementor-section elementor-top-section elementor-element elementor-element-7c27cb5 elementor-section-boxed elementor-section-height-default elementor-section-height-default\" data-id=\"7c27cb5\" data-element_type=\"section\" data-e-type=\"section\">\n\t\t\t\t\t\t<div class=\"elementor-container elementor-column-gap-default\">\n\t\t\t\t\t<div class=\"elementor-column elementor-col-50 elementor-top-column elementor-element elementor-element-6a32908\" data-id=\"6a32908\" data-element_type=\"column\" data-e-type=\"column\">\n\t\t\t<div class=\"elementor-widget-wrap elementor-element-populated\">\n\t\t\t\t\t\t<div class=\"elementor-element elementor-element-31bd927 elementor-widget__width-initial elementor-widget elementor-widget-heading\" data-id=\"31bd927\" data-element_type=\"widget\" data-e-type=\"widget\" data-widget_type=\"heading.default\">\n\t\t\t\t<div class=\"elementor-widget-container\">\n\t\t\t\t\t<h2 class=\"elementor-heading-title elementor-size-default\">Aktion Hoffnung<\/h2>\t\t\t\t<\/div>\n\t\t\t\t<\/div>\n\t\t\t\t\t<\/div>\n\t\t<\/div>\n\t\t\t\t<div class=\"elementor-column elementor-col-50 elementor-top-column elementor-element elementor-element-2ca1134\" data-id=\"2ca1134\" data-element_type=\"column\" data-e-type=\"column\">\n\t\t\t<div class=\"elementor-widget-wrap elementor-element-populated\">\n\t\t\t\t\t\t<div class=\"elementor-element elementor-element-410f712 elementor-widget__width-initial elementor-widget elementor-widget-image\" data-id=\"410f712\" data-element_type=\"widget\" data-e-type=\"widget\" data-widget_type=\"image.default\">\n\t\t\t\t<div class=\"elementor-widget-container\">\n\t\t\t\t\t\t\t\t\t\t\t\t\t\t\t<img decoding=\"async\" width=\"327\" height=\"91\" src=\"https:\/\/pg-markt-rettenbach.de\/wp-content\/uploads\/2024\/02\/Aktion-Hoffnung-Logo-Schmal.webp\" class=\"attachment-large size-large wp-image-9177\" alt=\"\" srcset=\"https:\/\/pg-markt-rettenbach.de\/wp-content\/uploads\/2024\/02\/Aktion-Hoffnung-Logo-Schmal.webp 327w, https:\/\/pg-markt-rettenbach.de\/wp-content\/uploads\/2024\/02\/Aktion-Hoffnung-Logo-Schmal-300x83.webp 300w\" sizes=\"(max-width: 327px) 100vw, 327px\" \/>\t\t\t\t\t\t\t\t\t\t\t\t\t\t\t<\/div>\n\t\t\t\t<\/div>\n\t\t\t\t\t<\/div>\n\t\t<\/div>\n\t\t\t\t\t<\/div>\n\t\t<\/section>\n\t\t\t\t<section class=\"elementor-section elementor-top-section elementor-element elementor-element-13d3f0b elementor-section-boxed elementor-section-height-default elementor-section-height-default\" data-id=\"13d3f0b\" data-element_type=\"section\" data-e-type=\"section\">\n\t\t\t\t\t\t<div class=\"elementor-container elementor-column-gap-default\">\n\t\t\t\t\t<div class=\"elementor-column elementor-col-100 elementor-top-column elementor-element elementor-element-3a8d494\" data-id=\"3a8d494\" data-element_type=\"column\" data-e-type=\"column\">\n\t\t\t<div class=\"elementor-widget-wrap elementor-element-populated\">\n\t\t\t\t\t\t<div class=\"elementor-element elementor-element-169a550 elementor-widget elementor-widget-text-editor\" data-id=\"169a550\" data-element_type=\"widget\" data-e-type=\"widget\" data-widget_type=\"text-editor.default\">\n\t\t\t\t<div class=\"elementor-widget-container\">\n\t\t\t\t\t\t\t\t\t<p>Die <b>aktion hoffnung<\/b>, Hilfe f\u00fcr die Mission GmbH ist eine Hilfsorganisation der Di\u00f6zese Augsburg und von\u00a0<strong><a class=\"ext\" title=\"(opens in a new window)\" href=\"https:\/\/www.missio.com\/\" target=\"_blank\" rel=\"noopener noreferrer\" data-extlink=\"\">missio<\/a><\/strong>\u00a0in M\u00fcnchen. Sie bildet mit der<strong>\u00a0<a class=\"ext\" title=\"(opens in a new window)\" href=\"https:\/\/bistum-augsburg.de\/Hauptabteilung-II\/Weltkirche\/Kontakt\" target=\"_blank\" rel=\"noopener noreferrer\" data-extlink=\"\">Abteilung Weltkirche<\/a><\/strong>\u00a0und dem\u00a0<a class=\"ext\" title=\"(opens in a new window)\" href=\"https:\/\/bistum-augsburg.de\/Hauptabteilung-II\/Weltkirche\/Weltkirche-Dioezese\/Hilfsfonds-Eine-Welt\" target=\"_blank\" rel=\"noopener noreferrer\" data-extlink=\"\"><strong>Bisch\u00f6flichen Hilfsfonds<\/strong> <strong>Eine Welt <\/strong><\/a>die drei S\u00e4ulen der weltkirchlichen Arbeit der Di\u00f6zese Augsburg und unterst\u00fctzt seit \u00fcber 35 Jahren Entwicklungsprojekte in Afrika, S\u00fcdamerika, Asien und Osteuropa.<\/p><p dir=\"ltr\">Zur Finanzierung ihrer Arbeit sammelt die aktion hoffnung in Bayern gut erhaltene Kleidung und Schuhe und vermarktet diese nach Kriterien des Dachverbands FairWertung e.V. Dar\u00fcber hinaus werden jedes Jahr &#8211; vorwiegend mit Kindern und Jugendlichen &#8211; Aktionen zur Unterst\u00fctzung ausgew\u00e4hlter Entwicklungsprojekte durchgef\u00fchrt.\u00a0<\/p><p dir=\"ltr\">An den Kleidersammelaktionen in Pfarrgemeinden im Bistum Augsburg beteiligen sich auch in unserer Pfarreiengemeinschaft zweimal im Jahr zahlreiche ehrenamtliche Helferinnen und Helfer.\u00a0<\/p><p dir=\"ltr\"><a href=\"https:\/\/www.aktion-hoffnung.de\/page\/uberuns\"><b>Mehr \u00fcber die Aktion Hoffnung erfahren<\/b><\/a><\/p><h3><b>N\u00e4chster Sammeltermin: Samstag, 14. M\u00e4rz 2026<\/b><\/h3>\t\t\t\t\t\t\t\t<\/div>\n\t\t\t\t<\/div>\n\t\t\t\t\t<\/div>\n\t\t<\/div>\n\t\t\t\t\t<\/div>\n\t\t<\/section>\n\t\t\t\t<section class=\"elementor-section elementor-top-section elementor-element elementor-element-b4cadae elementor-section-boxed elementor-section-height-default elementor-section-height-default\" data-id=\"b4cadae\" data-element_type=\"section\" data-e-type=\"section\">\n\t\t\t\t\t\t<div class=\"elementor-container elementor-column-gap-default\">\n\t\t\t\t\t<div class=\"elementor-column elementor-col-100 elementor-top-column elementor-element elementor-element-39b0af5\" data-id=\"39b0af5\" data-element_type=\"column\" data-e-type=\"column\">\n\t\t\t<div class=\"elementor-widget-wrap elementor-element-populated\">\n\t\t\t\t\t\t<div class=\"elementor-element elementor-element-8d3d401 elementor-widget elementor-widget-text-editor\" data-id=\"8d3d401\" data-element_type=\"widget\" data-e-type=\"widget\" data-widget_type=\"text-editor.default\">\n\t\t\t\t<div class=\"elementor-widget-container\">\n\t\t\t\t\t\t\t\t\t<h3><b>Das geh\u00f6rt &#8211; in T\u00fcten verpackt &#8211; in die Kleidersammlung:<\/b><\/h3>\t\t\t\t\t\t\t\t<\/div>\n\t\t\t\t<\/div>\n\t\t\t\t\t<\/div>\n\t\t<\/div>\n\t\t\t\t\t<\/div>\n\t\t<\/section>\n\t\t\t\t<section class=\"elementor-section elementor-top-section elementor-element elementor-element-28ac88d elementor-section-boxed elementor-section-height-default elementor-section-height-default\" data-id=\"28ac88d\" data-element_type=\"section\" data-e-type=\"section\">\n\t\t\t\t\t\t<div class=\"elementor-container elementor-column-gap-default\">\n\t\t\t\t\t<div class=\"elementor-column elementor-col-100 elementor-top-column elementor-element elementor-element-e129ab0\" data-id=\"e129ab0\" data-element_type=\"column\" data-e-type=\"column\">\n\t\t\t<div class=\"elementor-widget-wrap elementor-element-populated\">\n\t\t\t\t\t\t<div class=\"elementor-element elementor-element-f2e56e4 elementor-widget elementor-widget-text-editor\" data-id=\"f2e56e4\" data-element_type=\"widget\" data-e-type=\"widget\" data-widget_type=\"text-editor.default\">\n\t\t\t\t<div class=\"elementor-widget-container\">\n\t\t\t\t\t\t\t\t\t<ul><li>Damen-, Herren- und Kinderkleidung<\/li><li>Schuhe \u2013 paarweise geb\u00fcndelt<\/li><li>Handtaschen und Accessoires<\/li><li>Faschingskleidung und Trachten<\/li><li>Retrokleidung aus vergangenen Jahrzehnten<\/li><li>Bett-, Tisch- und Haushaltsw\u00e4sche<\/li><\/ul><p>\u00a0<\/p><p><strong>Jedes gut erhaltene und saubere Kleidungsst\u00fcck kann gebraucht und wieder verwendet werden! <\/strong><strong>F\u00fcr die aktion hoffnung sind verwaschene, sehr altmodische, abgetragene, kaputte und verschmutzte Kleidung und Schuhe, Lumpen und Schneiderabf\u00e4lle KEINE Kleiderspenden!<\/strong><\/p><p><strong>Gut zu wissen:<\/strong><\/p><p>In den Jahren 2025 und 2026 unterst\u00fctzt die aktion hoffnung besonders Projekte des Vereins \u201eSternenkinder e.V.\u201c in Chile. Hier steht die berufliche Inklusion junger Menschen mit Einschr\u00e4nkungen im Mittelpunkt. Weitere Informationen zum Projekt und Spendenm\u00f6glichkeit unter <a href=\"http:\/\/www.aktion-hoffnung.de\">www.aktion-hoffnung.de<\/a><\/p><p>Danke f\u00fcr die Kleider- und Papierspende und Ihre Unterst\u00fctzung!<\/p><p><em>Ihre Pfarrgemeinde und das Team der aktion hoffnung<\/em><\/p>\t\t\t\t\t\t\t\t<\/div>\n\t\t\t\t<\/div>\n\t\t\t\t\t<\/div>\n\t\t<\/div>\n\t\t\t\t\t<\/div>\n\t\t<\/section>\n\t\t\t\t<section class=\"elementor-section elementor-top-section elementor-element elementor-element-3e4a1ec elementor-section-boxed elementor-section-height-default elementor-section-height-default\" data-id=\"3e4a1ec\" data-element_type=\"section\" data-e-type=\"section\">\n\t\t\t\t\t\t<div class=\"elementor-container elementor-column-gap-default\">\n\t\t\t\t\t<div class=\"elementor-column elementor-col-100 elementor-top-column elementor-element elementor-element-10b8e52\" data-id=\"10b8e52\" data-element_type=\"column\" data-e-type=\"column\">\n\t\t\t<div class=\"elementor-widget-wrap elementor-element-populated\">\n\t\t\t\t\t\t<div class=\"elementor-element elementor-element-1c8f027 elementor-widget elementor-widget-text-editor\" data-id=\"1c8f027\" data-element_type=\"widget\" data-e-type=\"widget\" data-widget_type=\"text-editor.default\">\n\t\t\t\t<div class=\"elementor-widget-container\">\n\t\t\t\t\t\t\t\t\t<h3><b>Sammeltermine und Sammelstellen:<\/b><\/h3><p><em>Markt Rettenbach<\/em>:<\/p><p>Bitte bringen Sie am Samstag, 14.03.2026 Ihre gef\u00fcllten Sammelt\u00fcten und das Altpapier in der Zeit von 08.00 bis 11.00 Uhr zum Feuerwehrhaus. Bitte halten Sie diesen Zeitrahmen exakt ein!\u00a0\u00a0\u00a0\u00a0\u00a0\u00a0\u00a0\u00a0\u00a0\u00a0\u00a0\u00a0\u00a0\u00a0\u00a0\u00a0\u00a0\u00a0\u00a0\u00a0\u00a0\u00a0\u00a0\u00a0\u00a0\u00a0\u00a0\u00a0\u00a0<\/p><p><em>Engetried<\/em>:<\/p><p>Abgabestelle der Kleiderspenden ist beim Gasthaus Kreuz (Heinle) an der Westseite zur Pfarrstra\u00dfe hin. Dort ist die Schiebet\u00fcr offen zum Anliefern am Freitag, 13.03. von 9.00 bis 19:00 Uhr und am Samstag, 14.03.25 von 7:30 bis 8:30 Uhr.<\/p><p><em>Frechenrieden und Altisried<\/em>:<\/p><p>Kleider- und Papiersammlung in Altisried im Bush\u00e4usle am 14.03.25 von 8:00 bis 9:30 Uhr und in Frechenrieden am alten Lagerhaus (Rampe) sowie im Bush\u00e4usle von 08:00 Uhr bis 10:00 Uhr.<\/p><p><em>Eutenhausen-Mussenhausen: <\/em><\/p><p>Kleider- u. Papiersammlung f\u00fcr Mussenhausen vor dem Sch\u00fctzenheim, in Lichtenau im Bush\u00e4usle und in Eutenhausen vor dem Probelokal. An diesen Stellen k\u00f6nnen die Spenden bis Samstag, 14.03.25 um 9:00 Uhr abgegeben werden.<\/p>\t\t\t\t\t\t\t\t<\/div>\n\t\t\t\t<\/div>\n\t\t\t\t\t<\/div>\n\t\t<\/div>\n\t\t\t\t\t<\/div>\n\t\t<\/section>\n\t\t\t\t<section class=\"elementor-section elementor-top-section elementor-element elementor-element-fe8d64e elementor-section-boxed elementor-section-height-default elementor-section-height-default\" data-id=\"fe8d64e\" data-element_type=\"section\" data-e-type=\"section\">\n\t\t\t\t\t\t<div class=\"elementor-container elementor-column-gap-default\">\n\t\t\t\t\t<div class=\"elementor-column elementor-col-20 elementor-top-column elementor-element elementor-element-eb80cae\" data-id=\"eb80cae\" data-element_type=\"column\" data-e-type=\"column\">\n\t\t\t<div class=\"elementor-widget-wrap elementor-element-populated\">\n\t\t\t\t\t\t<div class=\"elementor-element elementor-element-a338f31 elementor-widget elementor-widget-image\" data-id=\"a338f31\" data-element_type=\"widget\" data-e-type=\"widget\" data-widget_type=\"image.default\">\n\t\t\t\t<div class=\"elementor-widget-container\">\n\t\t\t\t\t\t\t\t\t\t\t\t\t\t\t<img fetchpriority=\"high\" decoding=\"async\" width=\"764\" height=\"584\" src=\"https:\/\/pg-markt-rettenbach.de\/wp-content\/uploads\/2023\/07\/MR-Kirche-2023.jpg\" class=\"attachment-large size-large wp-image-2938\" alt=\"\" srcset=\"https:\/\/pg-markt-rettenbach.de\/wp-content\/uploads\/2023\/07\/MR-Kirche-2023.jpg 764w, https:\/\/pg-markt-rettenbach.de\/wp-content\/uploads\/2023\/07\/MR-Kirche-2023-300x229.jpg 300w\" sizes=\"(max-width: 764px) 100vw, 764px\" \/>\t\t\t\t\t\t\t\t\t\t\t\t\t\t\t<\/div>\n\t\t\t\t<\/div>\n\t\t\t\t\t<\/div>\n\t\t<\/div>\n\t\t\t\t<div class=\"elementor-column elementor-col-20 elementor-top-column elementor-element elementor-element-41132ef\" data-id=\"41132ef\" data-element_type=\"column\" data-e-type=\"column\">\n\t\t\t<div class=\"elementor-widget-wrap elementor-element-populated\">\n\t\t\t\t\t\t<div class=\"elementor-element elementor-element-5f2e758 elementor-widget elementor-widget-image\" data-id=\"5f2e758\" data-element_type=\"widget\" data-e-type=\"widget\" data-widget_type=\"image.default\">\n\t\t\t\t<div class=\"elementor-widget-container\">\n\t\t\t\t\t\t\t\t\t\t\t\t\t\t\t<img decoding=\"async\" width=\"800\" height=\"626\" src=\"https:\/\/pg-markt-rettenbach.de\/wp-content\/uploads\/2023\/06\/ER_Kirche-1.jpg\" class=\"attachment-large size-large wp-image-736\" alt=\"\" srcset=\"https:\/\/pg-markt-rettenbach.de\/wp-content\/uploads\/2023\/06\/ER_Kirche-1.jpg 841w, https:\/\/pg-markt-rettenbach.de\/wp-content\/uploads\/2023\/06\/ER_Kirche-1-300x235.jpg 300w, https:\/\/pg-markt-rettenbach.de\/wp-content\/uploads\/2023\/06\/ER_Kirche-1-768x601.jpg 768w\" sizes=\"(max-width: 800px) 100vw, 800px\" \/>\t\t\t\t\t\t\t\t\t\t\t\t\t\t\t<\/div>\n\t\t\t\t<\/div>\n\t\t\t\t\t<\/div>\n\t\t<\/div>\n\t\t\t\t<div class=\"elementor-column elementor-col-20 elementor-top-column elementor-element elementor-element-902929a\" data-id=\"902929a\" data-element_type=\"column\" data-e-type=\"column\">\n\t\t\t<div class=\"elementor-widget-wrap elementor-element-populated\">\n\t\t\t\t\t\t<div class=\"elementor-element elementor-element-b7807ef elementor-widget elementor-widget-image\" data-id=\"b7807ef\" data-element_type=\"widget\" data-e-type=\"widget\" data-widget_type=\"image.default\">\n\t\t\t\t<div class=\"elementor-widget-container\">\n\t\t\t\t\t\t\t\t\t\t\t\t\t\t\t<img loading=\"lazy\" decoding=\"async\" width=\"800\" height=\"595\" src=\"https:\/\/pg-markt-rettenbach.de\/wp-content\/uploads\/2023\/06\/FR_Kirche-1-1024x762.jpg\" class=\"attachment-large size-large wp-image-734\" alt=\"\" srcset=\"https:\/\/pg-markt-rettenbach.de\/wp-content\/uploads\/2023\/06\/FR_Kirche-1-1024x762.jpg 1024w, https:\/\/pg-markt-rettenbach.de\/wp-content\/uploads\/2023\/06\/FR_Kirche-1-300x223.jpg 300w, https:\/\/pg-markt-rettenbach.de\/wp-content\/uploads\/2023\/06\/FR_Kirche-1-768x572.jpg 768w, https:\/\/pg-markt-rettenbach.de\/wp-content\/uploads\/2023\/06\/FR_Kirche-1-1536x1143.jpg 1536w, https:\/\/pg-markt-rettenbach.de\/wp-content\/uploads\/2023\/06\/FR_Kirche-1-2048x1524.jpg 2048w\" sizes=\"(max-width: 800px) 100vw, 800px\" \/>\t\t\t\t\t\t\t\t\t\t\t\t\t\t\t<\/div>\n\t\t\t\t<\/div>\n\t\t\t\t\t<\/div>\n\t\t<\/div>\n\t\t\t\t<div class=\"elementor-column elementor-col-20 elementor-top-column elementor-element elementor-element-13b08dc\" data-id=\"13b08dc\" data-element_type=\"column\" data-e-type=\"column\">\n\t\t\t<div class=\"elementor-widget-wrap elementor-element-populated\">\n\t\t\t\t\t\t<div class=\"elementor-element elementor-element-3b5f7c3 elementor-widget elementor-widget-image\" data-id=\"3b5f7c3\" data-element_type=\"widget\" data-e-type=\"widget\" data-widget_type=\"image.default\">\n\t\t\t\t<div class=\"elementor-widget-container\">\n\t\t\t\t\t\t\t\t\t\t\t\t\t\t\t<img loading=\"lazy\" decoding=\"async\" width=\"800\" height=\"595\" src=\"https:\/\/pg-markt-rettenbach.de\/wp-content\/uploads\/2023\/06\/EU_Kirche.jpg\" class=\"attachment-large size-large wp-image-432\" alt=\"\" srcset=\"https:\/\/pg-markt-rettenbach.de\/wp-content\/uploads\/2023\/06\/EU_Kirche.jpg 872w, https:\/\/pg-markt-rettenbach.de\/wp-content\/uploads\/2023\/06\/EU_Kirche-300x223.jpg 300w, https:\/\/pg-markt-rettenbach.de\/wp-content\/uploads\/2023\/06\/EU_Kirche-768x572.jpg 768w\" sizes=\"(max-width: 800px) 100vw, 800px\" \/>\t\t\t\t\t\t\t\t\t\t\t\t\t\t\t<\/div>\n\t\t\t\t<\/div>\n\t\t\t\t\t<\/div>\n\t\t<\/div>\n\t\t\t\t<div class=\"elementor-column elementor-col-20 elementor-top-column elementor-element elementor-element-da1a8ea\" data-id=\"da1a8ea\" data-element_type=\"column\" data-e-type=\"column\">\n\t\t\t<div class=\"elementor-widget-wrap elementor-element-populated\">\n\t\t\t\t\t\t<div class=\"elementor-element elementor-element-7dc77fc elementor-widget elementor-widget-image\" data-id=\"7dc77fc\" data-element_type=\"widget\" data-e-type=\"widget\" data-widget_type=\"image.default\">\n\t\t\t\t<div class=\"elementor-widget-container\">\n\t\t\t\t\t\t\t\t\t\t\t\t\t\t\t<img loading=\"lazy\" decoding=\"async\" width=\"800\" height=\"566\" src=\"https:\/\/pg-markt-rettenbach.de\/wp-content\/uploads\/2023\/06\/MU_Kirche.jpg\" class=\"attachment-large size-large wp-image-431\" alt=\"\" srcset=\"https:\/\/pg-markt-rettenbach.de\/wp-content\/uploads\/2023\/06\/MU_Kirche.jpg 870w, https:\/\/pg-markt-rettenbach.de\/wp-content\/uploads\/2023\/06\/MU_Kirche-300x212.jpg 300w, https:\/\/pg-markt-rettenbach.de\/wp-content\/uploads\/2023\/06\/MU_Kirche-768x543.jpg 768w\" sizes=\"(max-width: 800px) 100vw, 800px\" \/>\t\t\t\t\t\t\t\t\t\t\t\t\t\t\t<\/div>\n\t\t\t\t<\/div>\n\t\t\t\t\t<\/div>\n\t\t<\/div>\n\t\t\t\t\t<\/div>\n\t\t<\/section>\n\t\t\t\t<section class=\"elementor-section elementor-top-section elementor-element elementor-element-662e483 elementor-section-boxed elementor-section-height-default elementor-section-height-default\" data-id=\"662e483\" data-element_type=\"section\" data-e-type=\"section\">\n\t\t\t\t\t\t<div class=\"elementor-container elementor-column-gap-default\">\n\t\t\t\t\t<div class=\"elementor-column elementor-col-100 elementor-top-column elementor-element elementor-element-92fb92c\" data-id=\"92fb92c\" data-element_type=\"column\" data-e-type=\"column\">\n\t\t\t<div class=\"elementor-widget-wrap elementor-element-populated\">\n\t\t\t\t\t\t<div class=\"elementor-element elementor-element-ccf1f53 elementor-widget elementor-widget-spacer\" data-id=\"ccf1f53\" data-element_type=\"widget\" data-e-type=\"widget\" data-widget_type=\"spacer.default\">\n\t\t\t\t<div class=\"elementor-widget-container\">\n\t\t\t\t\t\t\t<div class=\"elementor-spacer\">\n\t\t\t<div class=\"elementor-spacer-inner\"><\/div>\n\t\t<\/div>\n\t\t\t\t\t\t<\/div>\n\t\t\t\t<\/div>\n\t\t\t\t\t<\/div>\n\t\t<\/div>\n\t\t\t\t\t<\/div>\n\t\t<\/section>\n\t\t\t\t<\/div>\n\t\t","protected":false},"excerpt":{"rendered":"<p>Aktion Hoffnung Die aktion hoffnung, Hilfe f\u00fcr die Mission GmbH ist eine Hilfsorganisation der Di\u00f6zese Augsburg und von\u00a0missio\u00a0in M\u00fcnchen. Sie bildet mit der\u00a0Abteilung Weltkirche\u00a0und dem\u00a0Bisch\u00f6flichen Hilfsfonds Eine Welt die drei [&hellip;]<\/p>\n","protected":false},"author":1,"featured_media":0,"parent":300,"menu_order":333,"comment_status":"closed","ping_status":"closed","template":"","meta":{"_EventAllDay":false,"_EventTimezone":"","_EventStartDate":"","_EventEndDate":"","_EventStartDateUTC":"","_EventEndDateUTC":"","_EventShowMap":false,"_EventShowMapLink":false,"_EventURL":"","_EventCost":"","_EventCostDescription":"","_EventCurrencySymbol":"","_EventCurrencyCode":"","_EventCurrencyPosition":"","_EventDateTimeSeparator":"","_EventTimeRangeSeparator":"","_EventOrganizerID":[],"_EventVenueID":[],"_OrganizerEmail":"","_OrganizerPhone":"","_OrganizerWebsite":"","_VenueAddress":"","_VenueCity":"","_VenueCountry":"","_VenueProvince":"","_VenueState":"","_VenueZip":"","_VenuePhone":"","_VenueURL":"","_VenueStateProvince":"","_VenueLat":"","_VenueLng":"","_VenueShowMap":false,"_VenueShowMapLink":false,"footnotes":""},"class_list":["post-16357","page","type-page","status-publish","hentry"],"_links":{"self":[{"href":"https:\/\/pg-markt-rettenbach.de\/startseite\/wp-json\/wp\/v2\/pages\/16357","targetHints":{"allow":["GET"]}}],"collection":[{"href":"https:\/\/pg-markt-rettenbach.de\/startseite\/wp-json\/wp\/v2\/pages"}],"about":[{"href":"https:\/\/pg-markt-rettenbach.de\/startseite\/wp-json\/wp\/v2\/types\/page"}],"author":[{"embeddable":true,"href":"https:\/\/pg-markt-rettenbach.de\/startseite\/wp-json\/wp\/v2\/users\/1"}],"replies":[{"embeddable":true,"href":"https:\/\/pg-markt-rettenbach.de\/startseite\/wp-json\/wp\/v2\/comments?post=16357"}],"version-history":[{"count":10,"href":"https:\/\/pg-markt-rettenbach.de\/startseite\/wp-json\/wp\/v2\/pages\/16357\/revisions"}],"predecessor-version":[{"id":16377,"href":"https:\/\/pg-markt-rettenbach.de\/startseite\/wp-json\/wp\/v2\/pages\/16357\/revisions\/16377"}],"up":[{"embeddable":true,"href":"https:\/\/pg-markt-rettenbach.de\/startseite\/wp-json\/wp\/v2\/pages\/300"}],"wp:attachment":[{"href":"https:\/\/pg-markt-rettenbach.de\/startseite\/wp-json\/wp\/v2\/media?parent=16357"}],"curies":[{"name":"wp","href":"https:\/\/api.w.org\/{rel}","templated":true}]}}