{"id":190,"date":"2023-05-30T22:33:29","date_gmt":"2023-05-30T20:33:29","guid":{"rendered":"https:\/\/pg-markt-rettenbach.de\/neu\/?page_id=190"},"modified":"2023-07-16T21:04:59","modified_gmt":"2023-07-16T19:04:59","slug":"krankenbesuch","status":"publish","type":"page","link":"https:\/\/pg-markt-rettenbach.de\/startseite\/startseite\/unser-angebot\/krankenbesuch\/","title":{"rendered":"Krankenbesuch"},"content":{"rendered":"\t\t<div data-elementor-type=\"wp-page\" data-elementor-id=\"190\" class=\"elementor elementor-190\" data-elementor-post-type=\"page\">\n\t\t\t\t\t\t<section class=\"elementor-section elementor-top-section elementor-element elementor-element-ccc4f9d elementor-section-boxed elementor-section-height-default elementor-section-height-default\" data-id=\"ccc4f9d\" data-element_type=\"section\" data-e-type=\"section\">\n\t\t\t\t\t\t<div class=\"elementor-container elementor-column-gap-default\">\n\t\t\t\t\t<div class=\"elementor-column elementor-col-100 elementor-top-column elementor-element elementor-element-6c6e0b8\" data-id=\"6c6e0b8\" data-element_type=\"column\" data-e-type=\"column\">\n\t\t\t<div class=\"elementor-widget-wrap elementor-element-populated\">\n\t\t\t\t\t\t<div class=\"elementor-element elementor-element-4e4c2cf elementor-widget elementor-widget-heading\" data-id=\"4e4c2cf\" data-element_type=\"widget\" data-e-type=\"widget\" data-widget_type=\"heading.default\">\n\t\t\t\t<div class=\"elementor-widget-container\">\n\t\t\t\t\t<h2 class=\"elementor-heading-title elementor-size-xl\">Krankenbesuch mit Hauskommunion<\/h2>\t\t\t\t<\/div>\n\t\t\t\t<\/div>\n\t\t\t\t\t<\/div>\n\t\t<\/div>\n\t\t\t\t\t<\/div>\n\t\t<\/section>\n\t\t\t\t<section class=\"elementor-section elementor-top-section elementor-element elementor-element-ef0c0ff elementor-section-boxed elementor-section-height-default elementor-section-height-default\" data-id=\"ef0c0ff\" data-element_type=\"section\" data-e-type=\"section\">\n\t\t\t\t\t\t<div class=\"elementor-container elementor-column-gap-default\">\n\t\t\t\t\t<div class=\"elementor-column elementor-col-100 elementor-top-column elementor-element elementor-element-ba3ac88\" data-id=\"ba3ac88\" data-element_type=\"column\" data-e-type=\"column\">\n\t\t\t<div class=\"elementor-widget-wrap elementor-element-populated\">\n\t\t\t\t\t\t<div class=\"elementor-element elementor-element-ff70160 elementor-widget elementor-widget-text-editor\" data-id=\"ff70160\" data-element_type=\"widget\" data-e-type=\"widget\" data-widget_type=\"text-editor.default\">\n\t\t\t\t<div class=\"elementor-widget-container\">\n\t\t\t\t\t\t\t\t\t<p>Im Alter ist es irgendwann aufgrund der nachlassenden Gesundheit nicht mehr m\u00f6glich, in die Kirche zu kommen und die Gottesdienste mitzufeiern. Dann gibt es die M\u00f6glichkeit, mit dem Pfarrer einen Termin zu vereinbaren, wann er ins Haus kommt und die Krankenkommunion bringt. Falls Sie in Ihrer Familie jemanden haben, der im Alter den Kommunionbesuch w\u00fcnscht, bitten wir, Kontakt mit dem Pfarrb\u00fcro aufzunehmen.\u00a0<\/p>\t\t\t\t\t\t\t\t<\/div>\n\t\t\t\t<\/div>\n\t\t\t\t\t<\/div>\n\t\t<\/div>\n\t\t\t\t\t<\/div>\n\t\t<\/section>\n\t\t\t\t<section class=\"elementor-section elementor-top-section elementor-element elementor-element-d31b0b5 elementor-section-boxed elementor-section-height-default elementor-section-height-default\" data-id=\"d31b0b5\" data-element_type=\"section\" data-e-type=\"section\">\n\t\t\t\t\t\t<div class=\"elementor-container elementor-column-gap-default\">\n\t\t\t\t\t<div class=\"elementor-column elementor-col-50 elementor-top-column elementor-element elementor-element-84d66f5\" data-id=\"84d66f5\" data-element_type=\"column\" data-e-type=\"column\">\n\t\t\t<div class=\"elementor-widget-wrap elementor-element-populated\">\n\t\t\t\t\t\t<div class=\"elementor-element elementor-element-d6c64a6 elementor-widget elementor-widget-image\" data-id=\"d6c64a6\" data-element_type=\"widget\" data-e-type=\"widget\" data-widget_type=\"image.default\">\n\t\t\t\t<div class=\"elementor-widget-container\">\n\t\t\t\t\t\t\t\t\t\t\t\t\t\t\t<img fetchpriority=\"high\" decoding=\"async\" width=\"502\" height=\"579\" src=\"https:\/\/pg-markt-rettenbach.de\/wp-content\/uploads\/2023\/05\/Angebot-Krankenbesuch.png\" class=\"attachment-large size-large wp-image-201\" alt=\"\" srcset=\"https:\/\/pg-markt-rettenbach.de\/wp-content\/uploads\/2023\/05\/Angebot-Krankenbesuch.png 502w, https:\/\/pg-markt-rettenbach.de\/wp-content\/uploads\/2023\/05\/Angebot-Krankenbesuch-260x300.png 260w\" sizes=\"(max-width: 502px) 100vw, 502px\" \/>\t\t\t\t\t\t\t\t\t\t\t\t\t\t\t<\/div>\n\t\t\t\t<\/div>\n\t\t\t\t\t<\/div>\n\t\t<\/div>\n\t\t\t\t<div class=\"elementor-column elementor-col-50 elementor-top-column elementor-element elementor-element-d72963a\" data-id=\"d72963a\" data-element_type=\"column\" data-e-type=\"column\">\n\t\t\t<div class=\"elementor-widget-wrap elementor-element-populated\">\n\t\t\t\t\t\t<div class=\"elementor-element elementor-element-2a3804f elementor-widget elementor-widget-text-editor\" data-id=\"2a3804f\" data-element_type=\"widget\" data-e-type=\"widget\" data-widget_type=\"text-editor.default\">\n\t\t\t\t<div class=\"elementor-widget-container\">\n\t\t\t\t\t\t\t\t\t<h3>Wie der Kommunionbesuch abl\u00e4uft<\/h3><p>Beim ersten Besuch spendet Pfarrer Beck in der Regel die Krankensalbung. Diese verstehen wir schon l\u00e4ngst nicht mehr als &#8222;letzte \u00d6lung&#8220;, sondern als eine St\u00e4rkung in einem Lebensabschnitt, in dem zunehmende gesundheitliche Beschwerden einem sehr zu schaffen machen. Der Herr soll alle aufrichten, die unter Krankheiten und den M\u00fchen des Alters leiden und ihnen helfen, dies in Geduld zu tragen.<\/p><p>Einmal im Monat kommt der Pfarrer dann zu Besuch mit der Krankenkommunion &#8211; getreu dem Motto: Wenn man selbst nicht mehr zum Heiland kommen kann, kommt der Heiland zu einem selbst. Wir feiern einen kurzen Ritus mit dem Blick auf die Heilige Schrift, dem Vater unser und weiteren Gebeten.\u00a0<\/p>\t\t\t\t\t\t\t\t<\/div>\n\t\t\t\t<\/div>\n\t\t\t\t\t<\/div>\n\t\t<\/div>\n\t\t\t\t\t<\/div>\n\t\t<\/section>\n\t\t\t\t<section class=\"elementor-section elementor-top-section elementor-element elementor-element-e307bcb elementor-section-boxed elementor-section-height-default elementor-section-height-default\" data-id=\"e307bcb\" data-element_type=\"section\" data-e-type=\"section\">\n\t\t\t\t\t\t<div class=\"elementor-container elementor-column-gap-default\">\n\t\t\t\t\t<div class=\"elementor-column elementor-col-100 elementor-top-column elementor-element elementor-element-6a9abe3\" data-id=\"6a9abe3\" data-element_type=\"column\" data-e-type=\"column\">\n\t\t\t<div class=\"elementor-widget-wrap elementor-element-populated\">\n\t\t\t\t\t\t<div class=\"elementor-element elementor-element-b52d1c2 elementor-widget elementor-widget-text-editor\" data-id=\"b52d1c2\" data-element_type=\"widget\" data-e-type=\"widget\" data-widget_type=\"text-editor.default\">\n\t\t\t\t<div class=\"elementor-widget-container\">\n\t\t\t\t\t\t\t\t\t<h3>Bitte keine falsche Bescheidenheit!<\/h3><p>Wer ein Leben lang mit der Kirche verbunden war und regelm\u00e4\u00dfig die Gottesdienste mitgefeiert hat, der sollte sich nicht davor scheuen, in der letzten Zeit seines Lebens um den Kommunionbesuch zu bitten. Wir ermutigen Sie, hier keine falsche Scheu zu haben und etwa zu meinen, der Pfarrer h\u00e4tte so viel zu tun, dass er die Zeit f\u00fcr den Hausbesuch mit der Kommunion nicht aufbringen k\u00f6nnte. Der Krankenbesuch mit der Kommunion z\u00e4hlt zu den Kernaufgaben in der Seelsorge und nimmt hier nach wie vor eine hohe Priori\u00e4t ein.<\/p>\t\t\t\t\t\t\t\t<\/div>\n\t\t\t\t<\/div>\n\t\t\t\t\t<\/div>\n\t\t<\/div>\n\t\t\t\t\t<\/div>\n\t\t<\/section>\n\t\t\t\t<section class=\"elementor-section elementor-top-section elementor-element elementor-element-37592a2 elementor-section-boxed elementor-section-height-default elementor-section-height-default\" data-id=\"37592a2\" data-element_type=\"section\" data-e-type=\"section\">\n\t\t\t\t\t\t<div class=\"elementor-container elementor-column-gap-default\">\n\t\t\t\t\t<div class=\"elementor-column elementor-col-100 elementor-top-column elementor-element elementor-element-e8f8949\" data-id=\"e8f8949\" data-element_type=\"column\" data-e-type=\"column\">\n\t\t\t<div class=\"elementor-widget-wrap elementor-element-populated\">\n\t\t\t\t\t\t<div class=\"elementor-element elementor-element-f1ec5e6 elementor-align-center elementor-widget elementor-widget-button\" data-id=\"f1ec5e6\" data-element_type=\"widget\" data-e-type=\"widget\" data-widget_type=\"button.default\">\n\t\t\t\t<div class=\"elementor-widget-container\">\n\t\t\t\t\t\t\t\t\t<div class=\"elementor-button-wrapper\">\n\t\t\t\t\t<a class=\"elementor-button elementor-button-link elementor-size-lg\" href=\"https:\/\/pg-markt-rettenbach.de\/startseite\/ansprechpartner\/\">\n\t\t\t\t\t\t<span class=\"elementor-button-content-wrapper\">\n\t\t\t\t\t\t<span class=\"elementor-button-icon\">\n\t\t\t\t<i aria-hidden=\"true\" class=\"far fa-hand-paper\"><\/i>\t\t\t<\/span>\n\t\t\t\t\t\t\t\t\t<span class=\"elementor-button-text\">Der schnelle Klick ins Pfarrb\u00fcro <\/span>\n\t\t\t\t\t<\/span>\n\t\t\t\t\t<\/a>\n\t\t\t\t<\/div>\n\t\t\t\t\t\t\t\t<\/div>\n\t\t\t\t<\/div>\n\t\t\t\t<div class=\"elementor-element elementor-element-32098aa elementor-widget elementor-widget-spacer\" data-id=\"32098aa\" data-element_type=\"widget\" data-e-type=\"widget\" data-widget_type=\"spacer.default\">\n\t\t\t\t<div class=\"elementor-widget-container\">\n\t\t\t\t\t\t\t<div class=\"elementor-spacer\">\n\t\t\t<div class=\"elementor-spacer-inner\"><\/div>\n\t\t<\/div>\n\t\t\t\t\t\t<\/div>\n\t\t\t\t<\/div>\n\t\t\t\t\t<\/div>\n\t\t<\/div>\n\t\t\t\t\t<\/div>\n\t\t<\/section>\n\t\t\t\t<\/div>\n\t\t","protected":false},"excerpt":{"rendered":"<p>Krankenbesuch mit Hauskommunion Im Alter ist es irgendwann aufgrund der nachlassenden Gesundheit nicht mehr m\u00f6glich, in die Kirche zu kommen und die Gottesdienste mitzufeiern. Dann gibt es die M\u00f6glichkeit, mit [&hellip;]<\/p>\n","protected":false},"author":1,"featured_media":0,"parent":24,"menu_order":150,"comment_status":"closed","ping_status":"closed","template":"","meta":{"_EventAllDay":false,"_EventTimezone":"","_EventStartDate":"","_EventEndDate":"","_EventStartDateUTC":"","_EventEndDateUTC":"","_EventShowMap":false,"_EventShowMapLink":false,"_EventURL":"","_EventCost":"","_EventCostDescription":"","_EventCurrencySymbol":"","_EventCurrencyCode":"","_EventCurrencyPosition":"","_EventDateTimeSeparator":"","_EventTimeRangeSeparator":"","_EventOrganizerID":[],"_EventVenueID":[],"_OrganizerEmail":"","_OrganizerPhone":"","_OrganizerWebsite":"","_VenueAddress":"","_VenueCity":"","_VenueCountry":"","_VenueProvince":"","_VenueState":"","_VenueZip":"","_VenuePhone":"","_VenueURL":"","_VenueStateProvince":"","_VenueLat":"","_VenueLng":"","_VenueShowMap":false,"_VenueShowMapLink":false,"footnotes":""},"class_list":["post-190","page","type-page","status-publish","hentry"],"_links":{"self":[{"href":"https:\/\/pg-markt-rettenbach.de\/startseite\/wp-json\/wp\/v2\/pages\/190","targetHints":{"allow":["GET"]}}],"collection":[{"href":"https:\/\/pg-markt-rettenbach.de\/startseite\/wp-json\/wp\/v2\/pages"}],"about":[{"href":"https:\/\/pg-markt-rettenbach.de\/startseite\/wp-json\/wp\/v2\/types\/page"}],"author":[{"embeddable":true,"href":"https:\/\/pg-markt-rettenbach.de\/startseite\/wp-json\/wp\/v2\/users\/1"}],"replies":[{"embeddable":true,"href":"https:\/\/pg-markt-rettenbach.de\/startseite\/wp-json\/wp\/v2\/comments?post=190"}],"version-history":[{"count":10,"href":"https:\/\/pg-markt-rettenbach.de\/startseite\/wp-json\/wp\/v2\/pages\/190\/revisions"}],"predecessor-version":[{"id":2795,"href":"https:\/\/pg-markt-rettenbach.de\/startseite\/wp-json\/wp\/v2\/pages\/190\/revisions\/2795"}],"up":[{"embeddable":true,"href":"https:\/\/pg-markt-rettenbach.de\/startseite\/wp-json\/wp\/v2\/pages\/24"}],"wp:attachment":[{"href":"https:\/\/pg-markt-rettenbach.de\/startseite\/wp-json\/wp\/v2\/media?parent=190"}],"curies":[{"name":"wp","href":"https:\/\/api.w.org\/{rel}","templated":true}]}}