{"id":243,"date":"2023-06-01T18:00:56","date_gmt":"2023-06-01T16:00:56","guid":{"rendered":"https:\/\/pg-markt-rettenbach.de\/neu\/?page_id=243"},"modified":"2023-11-02T20:15:59","modified_gmt":"2023-11-02T19:15:59","slug":"beerdigung","status":"publish","type":"page","link":"https:\/\/pg-markt-rettenbach.de\/startseite\/startseite\/unser-angebot\/beerdigung\/","title":{"rendered":"Beerdigung"},"content":{"rendered":"\t\t<div data-elementor-type=\"wp-page\" data-elementor-id=\"243\" class=\"elementor elementor-243\" data-elementor-post-type=\"page\">\n\t\t\t\t\t\t<section class=\"elementor-section elementor-top-section elementor-element elementor-element-206c553 elementor-section-boxed elementor-section-height-default elementor-section-height-default\" data-id=\"206c553\" data-element_type=\"section\" data-e-type=\"section\">\n\t\t\t\t\t\t<div class=\"elementor-container elementor-column-gap-default\">\n\t\t\t\t\t<div class=\"elementor-column elementor-col-100 elementor-top-column elementor-element elementor-element-410b286\" data-id=\"410b286\" data-element_type=\"column\" data-e-type=\"column\">\n\t\t\t<div class=\"elementor-widget-wrap elementor-element-populated\">\n\t\t\t\t\t\t<div class=\"elementor-element elementor-element-19fcdd0 elementor-widget elementor-widget-heading\" data-id=\"19fcdd0\" data-element_type=\"widget\" data-e-type=\"widget\" data-widget_type=\"heading.default\">\n\t\t\t\t<div class=\"elementor-widget-container\">\n\t\t\t\t\t<h2 class=\"elementor-heading-title elementor-size-xl\">Wenn der Trauerfall eingetreten ist<\/h2>\t\t\t\t<\/div>\n\t\t\t\t<\/div>\n\t\t\t\t\t<\/div>\n\t\t<\/div>\n\t\t\t\t\t<\/div>\n\t\t<\/section>\n\t\t\t\t<section class=\"elementor-section elementor-top-section elementor-element elementor-element-d353d90 elementor-section-boxed elementor-section-height-default elementor-section-height-default\" data-id=\"d353d90\" data-element_type=\"section\" data-e-type=\"section\">\n\t\t\t\t\t\t<div class=\"elementor-container elementor-column-gap-default\">\n\t\t\t\t\t<div class=\"elementor-column elementor-col-100 elementor-top-column elementor-element elementor-element-f420348\" data-id=\"f420348\" data-element_type=\"column\" data-e-type=\"column\">\n\t\t\t<div class=\"elementor-widget-wrap elementor-element-populated\">\n\t\t\t\t\t\t<div class=\"elementor-element elementor-element-4793703 elementor-widget elementor-widget-image\" data-id=\"4793703\" data-element_type=\"widget\" data-e-type=\"widget\" data-widget_type=\"image.default\">\n\t\t\t\t<div class=\"elementor-widget-container\">\n\t\t\t\t\t\t\t\t\t\t\t\t\t\t\t<img fetchpriority=\"high\" decoding=\"async\" width=\"1000\" height=\"460\" src=\"https:\/\/pg-markt-rettenbach.de\/wp-content\/uploads\/2023\/06\/Angebot-Beerdigung-Friedhof.png\" class=\"attachment-1536x1536 size-1536x1536 wp-image-250\" alt=\"\" srcset=\"https:\/\/pg-markt-rettenbach.de\/wp-content\/uploads\/2023\/06\/Angebot-Beerdigung-Friedhof.png 1000w, https:\/\/pg-markt-rettenbach.de\/wp-content\/uploads\/2023\/06\/Angebot-Beerdigung-Friedhof-300x138.png 300w, https:\/\/pg-markt-rettenbach.de\/wp-content\/uploads\/2023\/06\/Angebot-Beerdigung-Friedhof-768x353.png 768w\" sizes=\"(max-width: 1000px) 100vw, 1000px\" \/>\t\t\t\t\t\t\t\t\t\t\t\t\t\t\t<\/div>\n\t\t\t\t<\/div>\n\t\t\t\t\t<\/div>\n\t\t<\/div>\n\t\t\t\t\t<\/div>\n\t\t<\/section>\n\t\t\t\t<section class=\"elementor-section elementor-top-section elementor-element elementor-element-1bcbf78 elementor-section-boxed elementor-section-height-default elementor-section-height-default\" data-id=\"1bcbf78\" data-element_type=\"section\" data-e-type=\"section\">\n\t\t\t\t\t\t<div class=\"elementor-container elementor-column-gap-default\">\n\t\t\t\t\t<div class=\"elementor-column elementor-col-100 elementor-top-column elementor-element elementor-element-9d5104a\" data-id=\"9d5104a\" data-element_type=\"column\" data-e-type=\"column\">\n\t\t\t<div class=\"elementor-widget-wrap elementor-element-populated\">\n\t\t\t\t\t\t<div class=\"elementor-element elementor-element-81efb00 elementor-widget elementor-widget-text-editor\" data-id=\"81efb00\" data-element_type=\"widget\" data-e-type=\"widget\" data-widget_type=\"text-editor.default\">\n\t\t\t\t<div class=\"elementor-widget-container\">\n\t\t\t\t\t\t\t\t\t<p><span style=\"color: var( --e-global-color-text ); font-family: var( --e-global-typography-text-font-family ), Sans-serif; font-size: var( --e-global-typography-text-font-size ); font-weight: var( --e-global-typography-text-font-weight );\">Ein trauriges Ereignis: Sie m\u00fcssen Abschied nehmen von einem lieben Menschen. Dazu unser aufrichtiges Beileid.<\/span><\/p>\n<p>Wahrscheinlich ergeht es Ihnen wie vielen anderen trauernden Angeh\u00f6rigen: Sie m\u00fcssen nun sehr viel rund um die Beerdigung organisieren. Ein Bestattungsunternehmen Ihrer Wahl ist Ihnen dabei gerne behilflich und steht Ihnen kompetent mit Rat und Tat zur Seite.<\/p>\t\t\t\t\t\t\t\t<\/div>\n\t\t\t\t<\/div>\n\t\t\t\t\t<\/div>\n\t\t<\/div>\n\t\t\t\t\t<\/div>\n\t\t<\/section>\n\t\t\t\t<section class=\"elementor-section elementor-top-section elementor-element elementor-element-34fd175 elementor-section-boxed elementor-section-height-default elementor-section-height-default\" data-id=\"34fd175\" data-element_type=\"section\" data-e-type=\"section\">\n\t\t\t\t\t\t<div class=\"elementor-container elementor-column-gap-default\">\n\t\t\t\t\t<div class=\"elementor-column elementor-col-50 elementor-top-column elementor-element elementor-element-0ca3b77\" data-id=\"0ca3b77\" data-element_type=\"column\" data-e-type=\"column\">\n\t\t\t<div class=\"elementor-widget-wrap elementor-element-populated\">\n\t\t\t\t\t\t<div class=\"elementor-element elementor-element-3258079 elementor-widget__width-initial elementor-widget elementor-widget-text-editor\" data-id=\"3258079\" data-element_type=\"widget\" data-e-type=\"widget\" data-widget_type=\"text-editor.default\">\n\t\t\t\t<div class=\"elementor-widget-container\">\n\t\t\t\t\t\t\t\t\t<h3>Kontakt mit dem Pfarrb\u00fcro aufnehmen<\/h3>\n<p>In Absprache mit dem Bestattungsunternehmen vereinbaren Sie mit dem Pfarramt einen Termin f\u00fcr die Beerdigung. \u00dcbliche Zeit ist nachmittags um 14.00 Uhr. In Ausnahmef\u00e4llen kann auch Samstags um 10.30 Uhr eine Beerdigung stattfinden. Oft beten wir zuvor eine Sterbeandacht und \/ oder einen Rosenkranz. Das vereinbaren wir Ihrem Wunsch entsprechend.<\/p>\n<p>Zum Trauergespr\u00e4ch kommen Sie normalerweise ins Pfarramt nach Markt Rettenbach. In Ausnahmef\u00e4llen, falls Sie als naher Angeh\u00f6riger aufgrund Ihrer Gesundheit oder Ihres Alters nicht mehr mobil sein sollten, kommt der Pfarrer zum Trauergespr\u00e4ch auch zu Ihnen nach Hause. Wir besprechen im Trauergespr\u00e4ch die Beerdigung und insbesondere den Lebenslauf des Verstorbenen. Schriftliche Aufzeichnungen sind hierf\u00fcr in jedem Fall hilfreich.\u00a0<\/p>\t\t\t\t\t\t\t\t<\/div>\n\t\t\t\t<\/div>\n\t\t\t\t\t<\/div>\n\t\t<\/div>\n\t\t\t\t<div class=\"elementor-column elementor-col-50 elementor-top-column elementor-element elementor-element-a68d749\" data-id=\"a68d749\" data-element_type=\"column\" data-e-type=\"column\">\n\t\t\t<div class=\"elementor-widget-wrap elementor-element-populated\">\n\t\t\t\t\t\t<div class=\"elementor-element elementor-element-dcd43fc elementor-widget__width-initial elementor-widget elementor-widget-image\" data-id=\"dcd43fc\" data-element_type=\"widget\" data-e-type=\"widget\" data-widget_type=\"image.default\">\n\t\t\t\t<div class=\"elementor-widget-container\">\n\t\t\t\t\t\t\t\t\t\t\t\t\t\t\t<img decoding=\"async\" width=\"295\" height=\"701\" src=\"https:\/\/pg-markt-rettenbach.de\/wp-content\/uploads\/2023\/06\/Angebot-Friedhof-Kreuz-1.jpg\" class=\"attachment-medium_large size-medium_large wp-image-521\" alt=\"\" srcset=\"https:\/\/pg-markt-rettenbach.de\/wp-content\/uploads\/2023\/06\/Angebot-Friedhof-Kreuz-1.jpg 295w, https:\/\/pg-markt-rettenbach.de\/wp-content\/uploads\/2023\/06\/Angebot-Friedhof-Kreuz-1-126x300.jpg 126w\" sizes=\"(max-width: 295px) 100vw, 295px\" \/>\t\t\t\t\t\t\t\t\t\t\t\t\t\t\t<\/div>\n\t\t\t\t<\/div>\n\t\t\t\t\t<\/div>\n\t\t<\/div>\n\t\t\t\t\t<\/div>\n\t\t<\/section>\n\t\t\t\t<section class=\"elementor-section elementor-top-section elementor-element elementor-element-9c714cb elementor-section-boxed elementor-section-height-default elementor-section-height-default\" data-id=\"9c714cb\" data-element_type=\"section\" data-e-type=\"section\">\n\t\t\t\t\t\t<div class=\"elementor-container elementor-column-gap-default\">\n\t\t\t\t\t<div class=\"elementor-column elementor-col-100 elementor-top-column elementor-element elementor-element-61816d2\" data-id=\"61816d2\" data-element_type=\"column\" data-e-type=\"column\">\n\t\t\t<div class=\"elementor-widget-wrap elementor-element-populated\">\n\t\t\t\t\t\t<div class=\"elementor-element elementor-element-261a44b elementor-widget elementor-widget-text-editor\" data-id=\"261a44b\" data-element_type=\"widget\" data-e-type=\"widget\" data-widget_type=\"text-editor.default\">\n\t\t\t\t<div class=\"elementor-widget-container\">\n\t\t\t\t\t\t\t\t\t<h3>Unser Trauerteam begleitet Sie<\/h3>\n<p>F\u00fcr die Begleitung im Trauerfall steht Ihnen zus\u00e4tzlich unser Trauerbesuchsteam zur Seite. Gerne kommt jemand einmal auf eine Tasse Kaffee bei Ihnen vorbei. Falls Sie Fragen zum Thema Beerdigung in Markt Rettenbach haben, nutzen Sie das allgemein Kontaktformular unseres Pfarrb\u00fcros.\u00a0<\/p>\t\t\t\t\t\t\t\t<\/div>\n\t\t\t\t<\/div>\n\t\t\t\t\t<\/div>\n\t\t<\/div>\n\t\t\t\t\t<\/div>\n\t\t<\/section>\n\t\t\t\t<section class=\"elementor-section elementor-top-section elementor-element elementor-element-ccc34df elementor-section-boxed elementor-section-height-default elementor-section-height-default\" data-id=\"ccc34df\" data-element_type=\"section\" data-e-type=\"section\">\n\t\t\t\t\t\t<div class=\"elementor-container elementor-column-gap-default\">\n\t\t\t\t\t<div class=\"elementor-column elementor-col-33 elementor-top-column elementor-element elementor-element-f406e91\" data-id=\"f406e91\" data-element_type=\"column\" data-e-type=\"column\">\n\t\t\t<div class=\"elementor-widget-wrap\">\n\t\t\t\t\t\t\t<\/div>\n\t\t<\/div>\n\t\t\t\t<div class=\"elementor-column elementor-col-33 elementor-top-column elementor-element elementor-element-2ca04ff\" data-id=\"2ca04ff\" data-element_type=\"column\" data-e-type=\"column\">\n\t\t\t<div class=\"elementor-widget-wrap elementor-element-populated\">\n\t\t\t\t\t\t<div class=\"elementor-element elementor-element-ed26ac2 elementor-align-justify elementor-widget elementor-widget-button\" data-id=\"ed26ac2\" data-element_type=\"widget\" data-e-type=\"widget\" data-widget_type=\"button.default\">\n\t\t\t\t<div class=\"elementor-widget-container\">\n\t\t\t\t\t\t\t\t\t<div class=\"elementor-button-wrapper\">\n\t\t\t\t\t<a class=\"elementor-button elementor-button-link elementor-size-sm\" href=\"https:\/\/pg-markt-rettenbach.de\/startseite\/pfarreien\/st-jakobus-markt-rettenbach\/trauerbesuchsteam\/\">\n\t\t\t\t\t\t<span class=\"elementor-button-content-wrapper\">\n\t\t\t\t\t\t\t\t\t<span class=\"elementor-button-text\">Hier gehts zum Trauerbesuchsteam<\/span>\n\t\t\t\t\t<\/span>\n\t\t\t\t\t<\/a>\n\t\t\t\t<\/div>\n\t\t\t\t\t\t\t\t<\/div>\n\t\t\t\t<\/div>\n\t\t\t\t\t<\/div>\n\t\t<\/div>\n\t\t\t\t<div class=\"elementor-column elementor-col-33 elementor-top-column elementor-element elementor-element-2c3f9fd\" data-id=\"2c3f9fd\" data-element_type=\"column\" data-e-type=\"column\">\n\t\t\t<div class=\"elementor-widget-wrap\">\n\t\t\t\t\t\t\t<\/div>\n\t\t<\/div>\n\t\t\t\t\t<\/div>\n\t\t<\/section>\n\t\t\t\t<section class=\"elementor-section elementor-top-section elementor-element elementor-element-4207d69 elementor-section-boxed elementor-section-height-default elementor-section-height-default\" data-id=\"4207d69\" data-element_type=\"section\" data-e-type=\"section\">\n\t\t\t\t\t\t<div class=\"elementor-container elementor-column-gap-default\">\n\t\t\t\t\t<div class=\"elementor-column elementor-col-100 elementor-top-column elementor-element elementor-element-5a773ef\" data-id=\"5a773ef\" data-element_type=\"column\" data-e-type=\"column\">\n\t\t\t<div class=\"elementor-widget-wrap elementor-element-populated\">\n\t\t\t\t\t\t<div class=\"elementor-element elementor-element-a2a3cfe elementor-widget elementor-widget-text-editor\" data-id=\"a2a3cfe\" data-element_type=\"widget\" data-e-type=\"widget\" data-widget_type=\"text-editor.default\">\n\t\t\t\t<div class=\"elementor-widget-container\">\n\t\t\t\t\t\t\t\t\t<h3>Sp\u00e4ter sich erinnern<\/h3><p>Wir erinnern uns jedes Jahr an unsere Verstorbenen und beten f\u00fcr sie. Als eine Gemeinschaft von Christen ist es uns wichtig, immer wieder den Glauben zum Ausdruck zu bringen, dass unsere Verstorbenen in Christus erl\u00f6st sind. Wir tun dies bei der <b>Gr\u00e4bersegnung an Allerheiligen<\/b> auf dem Friedhof, bei der Feier des <b>Allerseelenamtes <\/b>&#8211; wo wir unsere Verstorbenen bewusst in die Eucharistie mit hineinnehmen &#8211; und bei einer <b>\u00f6kumenischen Andacht f\u00fcr Trauernde<\/b> im November, welche unser <a href=\"https:\/\/pg-markt-rettenbach.de\/startseite\/startseite\/pfarreien\/st-jakobus-markt-rettenbach\/trauerbesuchsteam\/\"><b>Trauerteam<\/b><\/a> gestaltet.\u00a0<\/p>\t\t\t\t\t\t\t\t<\/div>\n\t\t\t\t<\/div>\n\t\t\t\t<div class=\"elementor-element elementor-element-f504823 elementor-widget elementor-widget-image\" data-id=\"f504823\" data-element_type=\"widget\" data-e-type=\"widget\" data-widget_type=\"image.default\">\n\t\t\t\t<div class=\"elementor-widget-container\">\n\t\t\t\t\t\t\t\t\t\t\t\t\t\t\t<img decoding=\"async\" width=\"1261\" height=\"580\" src=\"https:\/\/pg-markt-rettenbach.de\/wp-content\/uploads\/2023\/11\/Allerseelen-Kerzen.jpg\" class=\"attachment-1536x1536 size-1536x1536 wp-image-7589\" alt=\"\" srcset=\"https:\/\/pg-markt-rettenbach.de\/wp-content\/uploads\/2023\/11\/Allerseelen-Kerzen.jpg 1261w, https:\/\/pg-markt-rettenbach.de\/wp-content\/uploads\/2023\/11\/Allerseelen-Kerzen-300x138.jpg 300w, https:\/\/pg-markt-rettenbach.de\/wp-content\/uploads\/2023\/11\/Allerseelen-Kerzen-1024x471.jpg 1024w, https:\/\/pg-markt-rettenbach.de\/wp-content\/uploads\/2023\/11\/Allerseelen-Kerzen-768x353.jpg 768w\" sizes=\"(max-width: 1261px) 100vw, 1261px\" \/>\t\t\t\t\t\t\t\t\t\t\t\t\t\t\t<\/div>\n\t\t\t\t<\/div>\n\t\t\t\t\t<\/div>\n\t\t<\/div>\n\t\t\t\t\t<\/div>\n\t\t<\/section>\n\t\t\t\t<section class=\"elementor-section elementor-top-section elementor-element elementor-element-00fbde4 elementor-section-boxed elementor-section-height-default elementor-section-height-default\" data-id=\"00fbde4\" data-element_type=\"section\" data-e-type=\"section\">\n\t\t\t\t\t\t<div class=\"elementor-container elementor-column-gap-default\">\n\t\t\t\t\t<div class=\"elementor-column elementor-col-100 elementor-top-column elementor-element elementor-element-32e065f\" data-id=\"32e065f\" data-element_type=\"column\" data-e-type=\"column\">\n\t\t\t<div class=\"elementor-widget-wrap elementor-element-populated\">\n\t\t\t\t\t\t<div class=\"elementor-element elementor-element-9b02a23 elementor-widget elementor-widget-text-editor\" data-id=\"9b02a23\" data-element_type=\"widget\" data-e-type=\"widget\" data-widget_type=\"text-editor.default\">\n\t\t\t\t<div class=\"elementor-widget-container\">\n\t\t\t\t\t\t\t\t\t<h3>Weitere Informationen:<\/h3>\t\t\t\t\t\t\t\t<\/div>\n\t\t\t\t<\/div>\n\t\t\t\t\t<\/div>\n\t\t<\/div>\n\t\t\t\t\t<\/div>\n\t\t<\/section>\n\t\t\t\t<section class=\"elementor-section elementor-top-section elementor-element elementor-element-8878008 elementor-section-boxed elementor-section-height-default elementor-section-height-default\" data-id=\"8878008\" data-element_type=\"section\" data-e-type=\"section\">\n\t\t\t\t\t\t<div class=\"elementor-container elementor-column-gap-default\">\n\t\t\t\t\t<div class=\"elementor-column elementor-col-100 elementor-top-column elementor-element elementor-element-123ed97\" data-id=\"123ed97\" data-element_type=\"column\" data-e-type=\"column\">\n\t\t\t<div class=\"elementor-widget-wrap elementor-element-populated\">\n\t\t\t\t\t\t<div class=\"elementor-element elementor-element-1ed6adf elementor-widget elementor-widget-text-editor\" data-id=\"1ed6adf\" data-element_type=\"widget\" data-e-type=\"widget\" data-widget_type=\"text-editor.default\">\n\t\t\t\t<div class=\"elementor-widget-container\">\n\t\t\t\t\t\t\t\t\t<p><span style=\"font-family: Tahoma, Verdana, Arial, sans-serif; text-align: center; background-color: rgb(248, 248, 248); font-size: 14pt; color: rgb(153, 51, 102);\"><strong>TrauerTelefon<\/strong><\/span><br style=\"color: rgb(48, 48, 48); font-family: Tahoma, Verdana, Arial, sans-serif; font-size: 14px; text-align: center; background-color: rgb(248, 248, 248);\"><span style=\"color: rgb(48, 48, 48); font-family: Tahoma, Verdana, Arial, sans-serif; font-size: 14px; text-align: center; background-color: rgb(248, 248, 248);\">0821 \/ 349 7 349<\/span><br style=\"color: rgb(48, 48, 48); font-family: Tahoma, Verdana, Arial, sans-serif; font-size: 14px; text-align: center; background-color: rgb(248, 248, 248);\"><span style=\"color: rgb(48, 48, 48); font-family: Tahoma, Verdana, Arial, sans-serif; font-size: 14px; text-align: center; background-color: rgb(248, 248, 248);\">&#8211; f\u00fcr Trauernde<\/span><br style=\"color: rgb(48, 48, 48); font-family: Tahoma, Verdana, Arial, sans-serif; font-size: 14px; text-align: center; background-color: rgb(248, 248, 248);\"><span style=\"color: rgb(48, 48, 48); font-family: Tahoma, Verdana, Arial, sans-serif; font-size: 14px; text-align: center; background-color: rgb(248, 248, 248);\">&#8211; f\u00fcr Menschen, die Trauernden nahe sein wollen<\/span><br style=\"color: rgb(48, 48, 48); font-family: Tahoma, Verdana, Arial, sans-serif; font-size: 14px; text-align: center; background-color: rgb(248, 248, 248);\"><span style=\"color: rgb(48, 48, 48); font-family: Tahoma, Verdana, Arial, sans-serif; font-size: 14px; text-align: center; background-color: rgb(248, 248, 248);\">&#8211; f\u00fcr alle, die Fragen zum Umgang mit Tod und Trauer haben<\/span><br style=\"color: rgb(48, 48, 48); font-family: Tahoma, Verdana, Arial, sans-serif; font-size: 14px; text-align: center; background-color: rgb(248, 248, 248);\"><strong style=\"color: rgb(48, 48, 48); font-family: Tahoma, Verdana, Arial, sans-serif; font-size: 14px; text-align: center; background-color: rgb(248, 248, 248);\">Gespr\u00e4chszeiten<\/strong><br style=\"color: rgb(48, 48, 48); font-family: Tahoma, Verdana, Arial, sans-serif; font-size: 14px; text-align: center; background-color: rgb(248, 248, 248);\"><span style=\"color: rgb(48, 48, 48); font-family: Tahoma, Verdana, Arial, sans-serif; font-size: 14px; text-align: center; background-color: rgb(248, 248, 248);\">jeden Mittwoch<\/span><br style=\"color: rgb(48, 48, 48); font-family: Tahoma, Verdana, Arial, sans-serif; font-size: 14px; text-align: center; background-color: rgb(248, 248, 248);\"><span style=\"color: rgb(48, 48, 48); font-family: Tahoma, Verdana, Arial, sans-serif; font-size: 14px; text-align: center; background-color: rgb(248, 248, 248);\">19.00 Uhr \u2013 22.00 Uhr<\/span><br style=\"color: rgb(48, 48, 48); font-family: Tahoma, Verdana, Arial, sans-serif; font-size: 14px; text-align: center; background-color: rgb(248, 248, 248);\"><span style=\"color: rgb(48, 48, 48); font-family: Tahoma, Verdana, Arial, sans-serif; font-size: 14px; text-align: center; background-color: rgb(248, 248, 248);\">Tr\u00e4ger und weitere Informationen:<\/span><br style=\"color: rgb(48, 48, 48); font-family: Tahoma, Verdana, Arial, sans-serif; font-size: 14px; text-align: center; background-color: rgb(248, 248, 248);\"><span style=\"color: rgb(48, 48, 48); font-family: Tahoma, Verdana, Arial, sans-serif; font-size: 14px; text-align: center; background-color: rgb(248, 248, 248);\">Der Bunte Kreis Augsburg und Kempten<\/span><br style=\"color: rgb(48, 48, 48); font-family: Tahoma, Verdana, Arial, sans-serif; font-size: 14px; text-align: center; background-color: rgb(248, 248, 248);\"><span style=\"color: rgb(48, 48, 48); font-family: Tahoma, Verdana, Arial, sans-serif; font-size: 14px; text-align: center; background-color: rgb(248, 248, 248);\">Kontaktstelle Trauerbegleitung der Di\u00f6zese Augsburg Tel.: 0821\/3166-2611<\/span><br style=\"color: rgb(48, 48, 48); font-family: Tahoma, Verdana, Arial, sans-serif; font-size: 14px; text-align: center; background-color: rgb(248, 248, 248);\"><span style=\"color: rgb(48, 48, 48); font-family: Tahoma, Verdana, Arial, sans-serif; font-size: 14px; text-align: center; background-color: rgb(248, 248, 248);\">\u00d6kumenischeTelefonseelsorge Tel.: 0800\/111 0 111<\/span><br><\/p>\t\t\t\t\t\t\t\t<\/div>\n\t\t\t\t<\/div>\n\t\t\t\t\t<\/div>\n\t\t<\/div>\n\t\t\t\t\t<\/div>\n\t\t<\/section>\n\t\t\t\t<section class=\"elementor-section elementor-top-section elementor-element elementor-element-5129f2f elementor-section-boxed elementor-section-height-default elementor-section-height-default\" data-id=\"5129f2f\" data-element_type=\"section\" data-e-type=\"section\">\n\t\t\t\t\t\t<div class=\"elementor-container elementor-column-gap-default\">\n\t\t\t\t\t<div class=\"elementor-column elementor-col-100 elementor-top-column elementor-element elementor-element-2a7cd1d\" data-id=\"2a7cd1d\" data-element_type=\"column\" data-e-type=\"column\">\n\t\t\t<div class=\"elementor-widget-wrap elementor-element-populated\">\n\t\t\t\t\t\t<div class=\"elementor-element elementor-element-52d1141 elementor-widget elementor-widget-heading\" data-id=\"52d1141\" data-element_type=\"widget\" data-e-type=\"widget\" data-widget_type=\"heading.default\">\n\t\t\t\t<div class=\"elementor-widget-container\">\n\t\t\t\t\t<h2 class=\"elementor-heading-title elementor-size-large\">Hilfreiche Links:<\/h2>\t\t\t\t<\/div>\n\t\t\t\t<\/div>\n\t\t\t\t\t<\/div>\n\t\t<\/div>\n\t\t\t\t\t<\/div>\n\t\t<\/section>\n\t\t\t\t<section class=\"elementor-section elementor-top-section elementor-element elementor-element-8c6198e elementor-section-boxed elementor-section-height-default elementor-section-height-default\" data-id=\"8c6198e\" data-element_type=\"section\" data-e-type=\"section\">\n\t\t\t\t\t\t<div class=\"elementor-container elementor-column-gap-default\">\n\t\t\t\t\t<div class=\"elementor-column elementor-col-100 elementor-top-column elementor-element elementor-element-49c97e9\" data-id=\"49c97e9\" data-element_type=\"column\" data-e-type=\"column\">\n\t\t\t<div class=\"elementor-widget-wrap elementor-element-populated\">\n\t\t\t\t\t\t<div class=\"elementor-element elementor-element-d21eda3 elementor-widget elementor-widget-text-editor\" data-id=\"d21eda3\" data-element_type=\"widget\" data-e-type=\"widget\" data-widget_type=\"text-editor.default\">\n\t\t\t\t<div class=\"elementor-widget-container\">\n\t\t\t\t\t\t\t\t\t<p><a href=\"https:\/\/trauerhilfe-mn.de\/\" target=\"_blank\" rel=\"noopener\">https:\/\/trauerhilfe-mn.de\/<\/a><\/p>\t\t\t\t\t\t\t\t<\/div>\n\t\t\t\t<\/div>\n\t\t\t\t\t<\/div>\n\t\t<\/div>\n\t\t\t\t\t<\/div>\n\t\t<\/section>\n\t\t\t\t<\/div>\n\t\t","protected":false},"excerpt":{"rendered":"<p>Wenn der Trauerfall eingetreten ist Ein trauriges Ereignis: Sie m\u00fcssen Abschied nehmen von einem lieben Menschen. Dazu unser aufrichtiges Beileid. Wahrscheinlich ergeht es Ihnen wie vielen anderen trauernden Angeh\u00f6rigen: Sie [&hellip;]<\/p>\n","protected":false},"author":1,"featured_media":0,"parent":24,"menu_order":160,"comment_status":"closed","ping_status":"closed","template":"","meta":{"_EventAllDay":false,"_EventTimezone":"","_EventStartDate":"","_EventEndDate":"","_EventStartDateUTC":"","_EventEndDateUTC":"","_EventShowMap":false,"_EventShowMapLink":false,"_EventURL":"","_EventCost":"","_EventCostDescription":"","_EventCurrencySymbol":"","_EventCurrencyCode":"","_EventCurrencyPosition":"","_EventDateTimeSeparator":"","_EventTimeRangeSeparator":"","_EventOrganizerID":[],"_EventVenueID":[],"_OrganizerEmail":"","_OrganizerPhone":"","_OrganizerWebsite":"","_VenueAddress":"","_VenueCity":"","_VenueCountry":"","_VenueProvince":"","_VenueState":"","_VenueZip":"","_VenuePhone":"","_VenueURL":"","_VenueStateProvince":"","_VenueLat":"","_VenueLng":"","_VenueShowMap":false,"_VenueShowMapLink":false,"footnotes":""},"class_list":["post-243","page","type-page","status-publish","hentry"],"_links":{"self":[{"href":"https:\/\/pg-markt-rettenbach.de\/startseite\/wp-json\/wp\/v2\/pages\/243","targetHints":{"allow":["GET"]}}],"collection":[{"href":"https:\/\/pg-markt-rettenbach.de\/startseite\/wp-json\/wp\/v2\/pages"}],"about":[{"href":"https:\/\/pg-markt-rettenbach.de\/startseite\/wp-json\/wp\/v2\/types\/page"}],"author":[{"embeddable":true,"href":"https:\/\/pg-markt-rettenbach.de\/startseite\/wp-json\/wp\/v2\/users\/1"}],"replies":[{"embeddable":true,"href":"https:\/\/pg-markt-rettenbach.de\/startseite\/wp-json\/wp\/v2\/comments?post=243"}],"version-history":[{"count":10,"href":"https:\/\/pg-markt-rettenbach.de\/startseite\/wp-json\/wp\/v2\/pages\/243\/revisions"}],"predecessor-version":[{"id":7598,"href":"https:\/\/pg-markt-rettenbach.de\/startseite\/wp-json\/wp\/v2\/pages\/243\/revisions\/7598"}],"up":[{"embeddable":true,"href":"https:\/\/pg-markt-rettenbach.de\/startseite\/wp-json\/wp\/v2\/pages\/24"}],"wp:attachment":[{"href":"https:\/\/pg-markt-rettenbach.de\/startseite\/wp-json\/wp\/v2\/media?parent=243"}],"curies":[{"name":"wp","href":"https:\/\/api.w.org\/{rel}","templated":true}]}}