{"id":3277,"date":"2023-07-24T20:03:38","date_gmt":"2023-07-24T18:03:38","guid":{"rendered":"https:\/\/pg-markt-rettenbach.de\/neu\/?page_id=3277"},"modified":"2024-10-08T16:26:02","modified_gmt":"2024-10-08T14:26:02","slug":"kapelle-dingisweiler","status":"publish","type":"page","link":"https:\/\/pg-markt-rettenbach.de\/startseite\/startseite\/pfarreien\/st-blasius-engetried\/kapelle-dingisweiler\/","title":{"rendered":"Kapelle Dingisweiler"},"content":{"rendered":"\t\t<div data-elementor-type=\"wp-page\" data-elementor-id=\"3277\" class=\"elementor elementor-3277\" data-elementor-post-type=\"page\">\n\t\t\t\t\t\t<section class=\"elementor-section elementor-top-section elementor-element elementor-element-7d2a000 elementor-section-boxed elementor-section-height-default elementor-section-height-default\" data-id=\"7d2a000\" data-element_type=\"section\" data-e-type=\"section\">\n\t\t\t\t\t\t<div class=\"elementor-container elementor-column-gap-default\">\n\t\t\t\t\t<div class=\"elementor-column elementor-col-100 elementor-top-column elementor-element elementor-element-83217e1\" data-id=\"83217e1\" data-element_type=\"column\" data-e-type=\"column\">\n\t\t\t<div class=\"elementor-widget-wrap elementor-element-populated\">\n\t\t\t\t\t\t<div class=\"elementor-element elementor-element-c1eeac6 elementor-widget elementor-widget-image\" data-id=\"c1eeac6\" data-element_type=\"widget\" data-e-type=\"widget\" data-widget_type=\"image.default\">\n\t\t\t\t<div class=\"elementor-widget-container\">\n\t\t\t\t\t\t\t\t\t\t\t\t\t\t\t<img fetchpriority=\"high\" decoding=\"async\" width=\"1261\" height=\"583\" src=\"https:\/\/pg-markt-rettenbach.de\/wp-content\/uploads\/2023\/07\/ER-Dingisweiler-innen.jpg\" class=\"attachment-1536x1536 size-1536x1536 wp-image-3282\" alt=\"\" srcset=\"https:\/\/pg-markt-rettenbach.de\/wp-content\/uploads\/2023\/07\/ER-Dingisweiler-innen.jpg 1261w, https:\/\/pg-markt-rettenbach.de\/wp-content\/uploads\/2023\/07\/ER-Dingisweiler-innen-300x139.jpg 300w, https:\/\/pg-markt-rettenbach.de\/wp-content\/uploads\/2023\/07\/ER-Dingisweiler-innen-1024x473.jpg 1024w, https:\/\/pg-markt-rettenbach.de\/wp-content\/uploads\/2023\/07\/ER-Dingisweiler-innen-768x355.jpg 768w\" sizes=\"(max-width: 1261px) 100vw, 1261px\" \/>\t\t\t\t\t\t\t\t\t\t\t\t\t\t\t<\/div>\n\t\t\t\t<\/div>\n\t\t\t\t\t<\/div>\n\t\t<\/div>\n\t\t\t\t\t<\/div>\n\t\t<\/section>\n\t\t\t\t<section class=\"elementor-section elementor-top-section elementor-element elementor-element-99a8951 elementor-section-boxed elementor-section-height-default elementor-section-height-default\" data-id=\"99a8951\" data-element_type=\"section\" data-e-type=\"section\">\n\t\t\t\t\t\t<div class=\"elementor-container elementor-column-gap-default\">\n\t\t\t\t\t<div class=\"elementor-column elementor-col-100 elementor-top-column elementor-element elementor-element-df71a7b\" data-id=\"df71a7b\" data-element_type=\"column\" data-e-type=\"column\">\n\t\t\t<div class=\"elementor-widget-wrap elementor-element-populated\">\n\t\t\t\t\t\t<div class=\"elementor-element elementor-element-5861ae6 elementor-widget elementor-widget-heading\" data-id=\"5861ae6\" data-element_type=\"widget\" data-e-type=\"widget\" data-widget_type=\"heading.default\">\n\t\t\t\t<div class=\"elementor-widget-container\">\n\t\t\t\t\t<h2 class=\"elementor-heading-title elementor-size-xl\">Kapelle St. Leonhard in Dingisweiler<\/h2>\t\t\t\t<\/div>\n\t\t\t\t<\/div>\n\t\t\t\t\t<\/div>\n\t\t<\/div>\n\t\t\t\t\t<\/div>\n\t\t<\/section>\n\t\t\t\t<section class=\"elementor-section elementor-top-section elementor-element elementor-element-b1ba526 elementor-section-boxed elementor-section-height-default elementor-section-height-default\" data-id=\"b1ba526\" data-element_type=\"section\" data-e-type=\"section\">\n\t\t\t\t\t\t<div class=\"elementor-container elementor-column-gap-default\">\n\t\t\t\t\t<div class=\"elementor-column elementor-col-50 elementor-top-column elementor-element elementor-element-38fbfdd\" data-id=\"38fbfdd\" data-element_type=\"column\" data-e-type=\"column\">\n\t\t\t<div class=\"elementor-widget-wrap elementor-element-populated\">\n\t\t\t\t\t\t<div class=\"elementor-element elementor-element-5581213 elementor-widget elementor-widget-text-editor\" data-id=\"5581213\" data-element_type=\"widget\" data-e-type=\"widget\" data-widget_type=\"text-editor.default\">\n\t\t\t\t<div class=\"elementor-widget-container\">\n\t\t\t\t\t\t\t\t\t<p>Das Dorf\u00a0<span style=\"font-weight: bold;\">Dingisweiler\u00a0<\/span>mit etwa 65 Einwohnern geh\u00f6rt kommunal zur benachbarten\u00a0<span style=\"font-weight: bold;\">Marktgemeinde Ronsberg\u00a0<\/span>im\u00a0<span style=\"font-weight: bold;\">Landkreis Ostallg\u00e4u<\/span>. Warum es trotzdem zur Pfarrei Engetried geh\u00f6rt, die Teil der Marktgemeinde Markt Rettenbach im Kreis Unterallg\u00e4u ist? Als Ronsberg &#8211; bis dahin Filiale von Engetried &#8211; im Jahr 1816 zu einer eigenst\u00e4ndigen Pfarrei erhoben wurde, wurde Dingisweiler nebst den Weilern Zadels und Grub bei der Pfarrei Engetried belassen, obwohl die r\u00e4umliche N\u00e4he zur neugegr\u00fcndeten Pfarrei etwas anderes nahelegte. Aus der Festschrift zum 500- j\u00e4hrigen Ortsjubil\u00e4um geht hervor, dass der &#8222;Widerstand des Ordinariats&#8220; in Augsburg hierf\u00fcr urs\u00e4chlich war. Letzteres fiel auch ansonsten durch &#8222;wenig Ortskenntnis&#8220; auf.\u00a0<\/p>\t\t\t\t\t\t\t\t<\/div>\n\t\t\t\t<\/div>\n\t\t\t\t\t<\/div>\n\t\t<\/div>\n\t\t\t\t<div class=\"elementor-column elementor-col-50 elementor-top-column elementor-element elementor-element-2c8a604\" data-id=\"2c8a604\" data-element_type=\"column\" data-e-type=\"column\">\n\t\t\t<div class=\"elementor-widget-wrap elementor-element-populated\">\n\t\t\t\t\t\t<div class=\"elementor-element elementor-element-a39f141 elementor-widget elementor-widget-image\" data-id=\"a39f141\" data-element_type=\"widget\" data-e-type=\"widget\" data-widget_type=\"image.default\">\n\t\t\t\t<div class=\"elementor-widget-container\">\n\t\t\t\t\t\t\t\t\t\t\t\t\t\t\t<img decoding=\"async\" width=\"800\" height=\"647\" src=\"https:\/\/pg-markt-rettenbach.de\/wp-content\/uploads\/2023\/06\/ER-Kapelle-Dingisweiler.jpg\" class=\"attachment-large size-large wp-image-717\" alt=\"\" srcset=\"https:\/\/pg-markt-rettenbach.de\/wp-content\/uploads\/2023\/06\/ER-Kapelle-Dingisweiler.jpg 819w, https:\/\/pg-markt-rettenbach.de\/wp-content\/uploads\/2023\/06\/ER-Kapelle-Dingisweiler-300x242.jpg 300w, https:\/\/pg-markt-rettenbach.de\/wp-content\/uploads\/2023\/06\/ER-Kapelle-Dingisweiler-768x621.jpg 768w\" sizes=\"(max-width: 800px) 100vw, 800px\" \/>\t\t\t\t\t\t\t\t\t\t\t\t\t\t\t<\/div>\n\t\t\t\t<\/div>\n\t\t\t\t\t<\/div>\n\t\t<\/div>\n\t\t\t\t\t<\/div>\n\t\t<\/section>\n\t\t\t\t<section class=\"elementor-section elementor-top-section elementor-element elementor-element-9208835 elementor-section-boxed elementor-section-height-default elementor-section-height-default\" data-id=\"9208835\" data-element_type=\"section\" data-e-type=\"section\">\n\t\t\t\t\t\t<div class=\"elementor-container elementor-column-gap-default\">\n\t\t\t\t\t<div class=\"elementor-column elementor-col-100 elementor-top-column elementor-element elementor-element-81863fb\" data-id=\"81863fb\" data-element_type=\"column\" data-e-type=\"column\">\n\t\t\t<div class=\"elementor-widget-wrap elementor-element-populated\">\n\t\t\t\t\t\t<div class=\"elementor-element elementor-element-906064c elementor-widget elementor-widget-text-editor\" data-id=\"906064c\" data-element_type=\"widget\" data-e-type=\"widget\" data-widget_type=\"text-editor.default\">\n\t\t\t\t<div class=\"elementor-widget-container\">\n\t\t\t\t\t\t\t\t\t<p>So geh\u00f6ren tats\u00e4chlich Teile aus einem anderen Landkreis zu unserer Pfarreiengemeinschaft. Eine Besonderheit, die sich nicht allzu h\u00e4ufig in der schw\u00e4bischen Kirchenlandschaft findet!\u00a0<\/p>\t\t\t\t\t\t\t\t<\/div>\n\t\t\t\t<\/div>\n\t\t\t\t\t<\/div>\n\t\t<\/div>\n\t\t\t\t\t<\/div>\n\t\t<\/section>\n\t\t\t\t<section class=\"elementor-section elementor-top-section elementor-element elementor-element-c661fc9 elementor-section-boxed elementor-section-height-default elementor-section-height-default\" data-id=\"c661fc9\" data-element_type=\"section\" data-e-type=\"section\">\n\t\t\t\t\t\t<div class=\"elementor-container elementor-column-gap-default\">\n\t\t\t\t\t<div class=\"elementor-column elementor-col-50 elementor-top-column elementor-element elementor-element-a2e5785\" data-id=\"a2e5785\" data-element_type=\"column\" data-e-type=\"column\">\n\t\t\t<div class=\"elementor-widget-wrap elementor-element-populated\">\n\t\t\t\t\t\t<div class=\"elementor-element elementor-element-cdfb1b9 elementor-widget elementor-widget-image\" data-id=\"cdfb1b9\" data-element_type=\"widget\" data-e-type=\"widget\" data-widget_type=\"image.default\">\n\t\t\t\t<div class=\"elementor-widget-container\">\n\t\t\t\t\t\t\t\t\t\t\t\t\t\t\t<img decoding=\"async\" width=\"346\" height=\"749\" src=\"https:\/\/pg-markt-rettenbach.de\/wp-content\/uploads\/2023\/09\/ER-Dingisweiler-hl.Leonhard.jpg\" class=\"attachment-large size-large wp-image-6093\" alt=\"\" srcset=\"https:\/\/pg-markt-rettenbach.de\/wp-content\/uploads\/2023\/09\/ER-Dingisweiler-hl.Leonhard.jpg 346w, https:\/\/pg-markt-rettenbach.de\/wp-content\/uploads\/2023\/09\/ER-Dingisweiler-hl.Leonhard-139x300.jpg 139w\" sizes=\"(max-width: 346px) 100vw, 346px\" \/>\t\t\t\t\t\t\t\t\t\t\t\t\t\t\t<\/div>\n\t\t\t\t<\/div>\n\t\t\t\t\t<\/div>\n\t\t<\/div>\n\t\t\t\t<div class=\"elementor-column elementor-col-50 elementor-top-column elementor-element elementor-element-0f36d6d\" data-id=\"0f36d6d\" data-element_type=\"column\" data-e-type=\"column\">\n\t\t\t<div class=\"elementor-widget-wrap elementor-element-populated\">\n\t\t\t\t\t\t<div class=\"elementor-element elementor-element-f4a1e71 elementor-widget elementor-widget-text-editor\" data-id=\"f4a1e71\" data-element_type=\"widget\" data-e-type=\"widget\" data-widget_type=\"text-editor.default\">\n\t\t\t\t<div class=\"elementor-widget-container\">\n\t\t\t\t\t\t\t\t\t<p>Die so genannte &#8222;Weiherkapelle&#8220; geht auf das Jahr 1904 zur\u00fcck. Zuvor gab es an der selben Stelle bereits eine Kapelle aus Holz, die damals erneuert und durch einen Steinbau ersetzt wurde. Dieser hatte urspr\u00fcnglich einen h\u00f6lzernen Turm, der jetzige gemauerte Turm wurde im Zuge der Kapellenerweiterung im Jahr 1960 erbaut. Geweiht ist die Kapelle den hll. Laurentius und Leonhard, wobei das Gedenken an den hl. Laurentius in Vergessenheit geraten ist. Gefeiert wird nur noch der hl. Leonhard. Sein Festtag ist der 6. November und wird j\u00e4hrlich in einer Abendmesse rund um dieses Datum mit einem Festgottesdienst in der Kapelle begangen.\u00a0<\/p><p>Der heilige Leonhard lebte ungef\u00e4hr von 500 bis 560 im heutigen Frankreich. Er entstammt einem fr\u00e4nkischen Adelsgeschlecht und wuchs am Hof des Erzbischofs von Reims auf.\u00a0<\/p>\t\t\t\t\t\t\t\t<\/div>\n\t\t\t\t<\/div>\n\t\t\t\t\t<\/div>\n\t\t<\/div>\n\t\t\t\t\t<\/div>\n\t\t<\/section>\n\t\t\t\t<section class=\"elementor-section elementor-top-section elementor-element elementor-element-73d3fff elementor-section-boxed elementor-section-height-default elementor-section-height-default\" data-id=\"73d3fff\" data-element_type=\"section\" data-e-type=\"section\">\n\t\t\t\t\t\t<div class=\"elementor-container elementor-column-gap-default\">\n\t\t\t\t\t<div class=\"elementor-column elementor-col-50 elementor-top-column elementor-element elementor-element-7bb56fb\" data-id=\"7bb56fb\" data-element_type=\"column\" data-e-type=\"column\">\n\t\t\t<div class=\"elementor-widget-wrap elementor-element-populated\">\n\t\t\t\t\t\t<div class=\"elementor-element elementor-element-951f1a7 elementor-widget elementor-widget-text-editor\" data-id=\"951f1a7\" data-element_type=\"widget\" data-e-type=\"widget\" data-widget_type=\"text-editor.default\">\n\t\t\t\t<div class=\"elementor-widget-container\">\n\t\t\t\t\t\t\t\t\t<p>Als junger Mann schon hatte er Mitleid mit den Gefangenen, die er regelm\u00e4\u00dfig besuchte und f\u00fcr die er beim K\u00f6nig ein gutes Wort einlegte. Als ihm die Bischofsw\u00fcrde angeboten wurde, lehnte er ab und wurde Einsiedler bei Limoges. Einmal war er der Legende nach als Geburtshelfer t\u00e4tig: \u00fcber die hochschwangere K\u00f6nigin kamen pl\u00f6tzlich mitten im Wald die Wehen. Leonhard stand ihr bei und verhalf ihr zu einer guten Geburt. Als Lohn erbat er sich so viel Waldfl\u00e4che, wie er in einer Nacht mit dem Esel umreiten konnte. Der K\u00f6nig hielt Wort, und Leonhard gr\u00fcndete dort das Kloster Noblat.\u00a0<span style=\"color: var( --e-global-color-text ); font-family: var( --e-global-typography-text-font-family ), Sans-serif; font-size: var( --e-global-typography-text-font-size ); font-weight: var( --e-global-typography-text-font-weight );\">Hervorgetan hat sich der hl. Leonhard durch seine F\u00fcrsorge f\u00fcr die Gefangenen, weshalb seine Figur mit einer Kette dargestellt wird. Dieses Attribut hat ihm sp\u00e4ter das Patronat f\u00fcr das Vieh und die Pferde eingebracht, die ja ebenfalls fr\u00fcher mit einer Kette gefesselt waren.<\/span><\/p><p>Das\u00a0<b>Deckengem\u00e4lde <\/b>zeigt den heiligen Leonhard als Einsiedler, wie er dem Vieh und den Pferden seinen Segen spendet.<\/p>\t\t\t\t\t\t\t\t<\/div>\n\t\t\t\t<\/div>\n\t\t\t\t\t<\/div>\n\t\t<\/div>\n\t\t\t\t<div class=\"elementor-column elementor-col-50 elementor-top-column elementor-element elementor-element-d50be7c\" data-id=\"d50be7c\" data-element_type=\"column\" data-e-type=\"column\">\n\t\t\t<div class=\"elementor-widget-wrap elementor-element-populated\">\n\t\t\t\t\t\t<div class=\"elementor-element elementor-element-7f24dc9 elementor-widget elementor-widget-image\" data-id=\"7f24dc9\" data-element_type=\"widget\" data-e-type=\"widget\" data-widget_type=\"image.default\">\n\t\t\t\t<div class=\"elementor-widget-container\">\n\t\t\t\t\t\t\t\t\t\t\t\t\t\t\t<img loading=\"lazy\" decoding=\"async\" width=\"551\" height=\"774\" src=\"https:\/\/pg-markt-rettenbach.de\/wp-content\/uploads\/2023\/09\/ER-Dingisweiler-Deckengemaelde.jpg\" class=\"attachment-large size-large wp-image-6094\" alt=\"\" srcset=\"https:\/\/pg-markt-rettenbach.de\/wp-content\/uploads\/2023\/09\/ER-Dingisweiler-Deckengemaelde.jpg 551w, https:\/\/pg-markt-rettenbach.de\/wp-content\/uploads\/2023\/09\/ER-Dingisweiler-Deckengemaelde-214x300.jpg 214w\" sizes=\"(max-width: 551px) 100vw, 551px\" \/>\t\t\t\t\t\t\t\t\t\t\t\t\t\t\t<\/div>\n\t\t\t\t<\/div>\n\t\t\t\t\t<\/div>\n\t\t<\/div>\n\t\t\t\t\t<\/div>\n\t\t<\/section>\n\t\t\t\t<section class=\"elementor-section elementor-top-section elementor-element elementor-element-653e7ae elementor-section-boxed elementor-section-height-default elementor-section-height-default\" data-id=\"653e7ae\" data-element_type=\"section\" data-e-type=\"section\">\n\t\t\t\t\t\t<div class=\"elementor-container elementor-column-gap-default\">\n\t\t\t\t\t<div class=\"elementor-column elementor-col-100 elementor-top-column elementor-element elementor-element-8303061\" data-id=\"8303061\" data-element_type=\"column\" data-e-type=\"column\">\n\t\t\t<div class=\"elementor-widget-wrap elementor-element-populated\">\n\t\t\t\t\t\t<div class=\"elementor-element elementor-element-4a73abe elementor-widget elementor-widget-spacer\" data-id=\"4a73abe\" data-element_type=\"widget\" data-e-type=\"widget\" data-widget_type=\"spacer.default\">\n\t\t\t\t<div class=\"elementor-widget-container\">\n\t\t\t\t\t\t\t<div class=\"elementor-spacer\">\n\t\t\t<div class=\"elementor-spacer-inner\"><\/div>\n\t\t<\/div>\n\t\t\t\t\t\t<\/div>\n\t\t\t\t<\/div>\n\t\t\t\t\t<\/div>\n\t\t<\/div>\n\t\t\t\t\t<\/div>\n\t\t<\/section>\n\t\t\t\t<\/div>\n\t\t","protected":false},"excerpt":{"rendered":"<p>Kapelle St. Leonhard in Dingisweiler Das Dorf\u00a0Dingisweiler\u00a0mit etwa 65 Einwohnern geh\u00f6rt kommunal zur benachbarten\u00a0Marktgemeinde Ronsberg\u00a0im\u00a0Landkreis Ostallg\u00e4u. Warum es trotzdem zur Pfarrei Engetried geh\u00f6rt, die Teil der Marktgemeinde Markt Rettenbach im [&hellip;]<\/p>\n","protected":false},"author":1,"featured_media":0,"parent":310,"menu_order":331,"comment_status":"closed","ping_status":"closed","template":"","meta":{"_EventAllDay":false,"_EventTimezone":"","_EventStartDate":"","_EventEndDate":"","_EventStartDateUTC":"","_EventEndDateUTC":"","_EventShowMap":false,"_EventShowMapLink":false,"_EventURL":"","_EventCost":"","_EventCostDescription":"","_EventCurrencySymbol":"","_EventCurrencyCode":"","_EventCurrencyPosition":"","_EventDateTimeSeparator":"","_EventTimeRangeSeparator":"","_EventOrganizerID":[],"_EventVenueID":[],"_OrganizerEmail":"","_OrganizerPhone":"","_OrganizerWebsite":"","_VenueAddress":"","_VenueCity":"","_VenueCountry":"","_VenueProvince":"","_VenueState":"","_VenueZip":"","_VenuePhone":"","_VenueURL":"","_VenueStateProvince":"","_VenueLat":"","_VenueLng":"","_VenueShowMap":false,"_VenueShowMapLink":false,"footnotes":""},"class_list":["post-3277","page","type-page","status-publish","hentry"],"_links":{"self":[{"href":"https:\/\/pg-markt-rettenbach.de\/startseite\/wp-json\/wp\/v2\/pages\/3277","targetHints":{"allow":["GET"]}}],"collection":[{"href":"https:\/\/pg-markt-rettenbach.de\/startseite\/wp-json\/wp\/v2\/pages"}],"about":[{"href":"https:\/\/pg-markt-rettenbach.de\/startseite\/wp-json\/wp\/v2\/types\/page"}],"author":[{"embeddable":true,"href":"https:\/\/pg-markt-rettenbach.de\/startseite\/wp-json\/wp\/v2\/users\/1"}],"replies":[{"embeddable":true,"href":"https:\/\/pg-markt-rettenbach.de\/startseite\/wp-json\/wp\/v2\/comments?post=3277"}],"version-history":[{"count":10,"href":"https:\/\/pg-markt-rettenbach.de\/startseite\/wp-json\/wp\/v2\/pages\/3277\/revisions"}],"predecessor-version":[{"id":12994,"href":"https:\/\/pg-markt-rettenbach.de\/startseite\/wp-json\/wp\/v2\/pages\/3277\/revisions\/12994"}],"up":[{"embeddable":true,"href":"https:\/\/pg-markt-rettenbach.de\/startseite\/wp-json\/wp\/v2\/pages\/310"}],"wp:attachment":[{"href":"https:\/\/pg-markt-rettenbach.de\/startseite\/wp-json\/wp\/v2\/media?parent=3277"}],"curies":[{"name":"wp","href":"https:\/\/api.w.org\/{rel}","templated":true}]}}