{"id":4144,"date":"2023-08-26T19:30:25","date_gmt":"2023-08-26T17:30:25","guid":{"rendered":"https:\/\/pg-markt-rettenbach.de\/neu\/?page_id=4144"},"modified":"2026-01-19T10:57:30","modified_gmt":"2026-01-19T09:57:30","slug":"lobpreis","status":"publish","type":"page","link":"https:\/\/pg-markt-rettenbach.de\/startseite\/startseite\/pfarreien\/st-jakobus-markt-rettenbach\/lobpreis\/","title":{"rendered":"Lobpreis"},"content":{"rendered":"\t\t<div data-elementor-type=\"wp-page\" data-elementor-id=\"4144\" class=\"elementor elementor-4144\" data-elementor-post-type=\"page\">\n\t\t\t\t\t\t<section class=\"elementor-section elementor-top-section elementor-element elementor-element-ccb6b7c elementor-section-boxed elementor-section-height-default elementor-section-height-default\" data-id=\"ccb6b7c\" data-element_type=\"section\" data-e-type=\"section\">\n\t\t\t\t\t\t<div class=\"elementor-container elementor-column-gap-default\">\n\t\t\t\t\t<div class=\"elementor-column elementor-col-100 elementor-top-column elementor-element elementor-element-7412edb\" data-id=\"7412edb\" data-element_type=\"column\" data-e-type=\"column\">\n\t\t\t<div class=\"elementor-widget-wrap elementor-element-populated\">\n\t\t\t\t\t\t<div class=\"elementor-element elementor-element-1263c07 elementor-widget elementor-widget-heading\" data-id=\"1263c07\" data-element_type=\"widget\" data-e-type=\"widget\" data-widget_type=\"heading.default\">\n\t\t\t\t<div class=\"elementor-widget-container\">\n\t\t\t\t\t<h2 class=\"elementor-heading-title elementor-size-xl\">Komm, jetzt ist die Zeit, wir beten an<\/h2>\t\t\t\t<\/div>\n\t\t\t\t<\/div>\n\t\t\t\t\t<\/div>\n\t\t<\/div>\n\t\t\t\t\t<\/div>\n\t\t<\/section>\n\t\t\t\t<section class=\"elementor-section elementor-top-section elementor-element elementor-element-e6bd875 elementor-section-boxed elementor-section-height-default elementor-section-height-default\" data-id=\"e6bd875\" data-element_type=\"section\" data-e-type=\"section\">\n\t\t\t\t\t\t<div class=\"elementor-container elementor-column-gap-default\">\n\t\t\t\t\t<div class=\"elementor-column elementor-col-50 elementor-top-column elementor-element elementor-element-a16608a\" data-id=\"a16608a\" data-element_type=\"column\" data-e-type=\"column\">\n\t\t\t<div class=\"elementor-widget-wrap elementor-element-populated\">\n\t\t\t\t\t\t<div class=\"elementor-element elementor-element-403137b elementor-widget elementor-widget-image\" data-id=\"403137b\" data-element_type=\"widget\" data-e-type=\"widget\" data-widget_type=\"image.default\">\n\t\t\t\t<div class=\"elementor-widget-container\">\n\t\t\t\t\t\t\t\t\t\t\t\t\t\t\t<img fetchpriority=\"high\" decoding=\"async\" width=\"450\" height=\"757\" src=\"https:\/\/pg-markt-rettenbach.de\/wp-content\/uploads\/2023\/09\/Gottesdienst-Lobpreis.jpg\" class=\"attachment-large size-large wp-image-5029\" alt=\"\" srcset=\"https:\/\/pg-markt-rettenbach.de\/wp-content\/uploads\/2023\/09\/Gottesdienst-Lobpreis.jpg 450w, https:\/\/pg-markt-rettenbach.de\/wp-content\/uploads\/2023\/09\/Gottesdienst-Lobpreis-178x300.jpg 178w\" sizes=\"(max-width: 450px) 100vw, 450px\" \/>\t\t\t\t\t\t\t\t\t\t\t\t\t\t\t<\/div>\n\t\t\t\t<\/div>\n\t\t\t\t\t<\/div>\n\t\t<\/div>\n\t\t\t\t<div class=\"elementor-column elementor-col-50 elementor-top-column elementor-element elementor-element-4088a7b\" data-id=\"4088a7b\" data-element_type=\"column\" data-e-type=\"column\">\n\t\t\t<div class=\"elementor-widget-wrap elementor-element-populated\">\n\t\t\t\t\t\t<div class=\"elementor-element elementor-element-f41a595 elementor-widget elementor-widget-text-editor\" data-id=\"f41a595\" data-element_type=\"widget\" data-e-type=\"widget\" data-widget_type=\"text-editor.default\">\n\t\t\t\t<div class=\"elementor-widget-container\">\n\t\t\t\t\t\t\t\t\t<p>Einmal im Monat trifft sich die Lobpreisgruppe in Markt Rettenbach an einem Freitag Abend um 20.00 Uhr. Der Lobpreisgottesdienst dauert etwa 1 Stunde und ist verbunden mit Beichtgelegenheit, Einzelgespr\u00e4ch und eucharistischem Einzelsegen. Meist ist es der zweite Freitag im Monat. Es schlie\u00dft sich dann eine Nachtanbetung an. Am Samstag in der Fr\u00fch endet die Nachtanbetung mit dem eucharistischen Segen im Anschluss an das Rosenkranzgebet.<\/p>\n<p>Die kommenden Termine (jeweils in Markt Rettenbach um 20.00 Uhr):<\/p>\n<p><span style=\"color: var( --e-global-color-text ); font-family: var( --e-global-typography-text-font-family ), Sans-serif; font-size: var( --e-global-typography-text-font-size ); font-weight: var( --e-global-typography-text-font-weight );\">Freitag, 13. Februar 2026<br \/>Freitag, 13. M\u00e4rz 2026<br \/>Freitag, 10. April 2026<br \/>Freitag, 15. Mai 2026 mit Firmlingen; Beginn 19.30 Uhr<br \/>Freitag, 12. Juni 2026<br \/>Freitag, 10. Juli 2026<br \/><em>August Ferien<\/em><br \/>Freitag, 11. September 2026<br \/>Freitag, 09. Oktober 2026<br \/>Freitag, 13. November 2026<br \/>Freitag, 11. Dezember 2026<\/span><\/p>\n<p><!-- \/wp:paragraph --><!-- wp:paragraph --><!-- \/wp:paragraph --><!-- wp:paragraph --><!-- \/wp:paragraph --><!-- wp:paragraph --><!-- \/wp:paragraph --><!-- wp:paragraph --><!-- \/wp:paragraph --><!-- wp:paragraph --><!-- \/wp:paragraph --><!-- wp:paragraph --><\/p>\t\t\t\t\t\t\t\t<\/div>\n\t\t\t\t<\/div>\n\t\t\t\t\t<\/div>\n\t\t<\/div>\n\t\t\t\t\t<\/div>\n\t\t<\/section>\n\t\t\t\t<section class=\"elementor-section elementor-top-section elementor-element elementor-element-5de2de8 elementor-section-boxed elementor-section-height-default elementor-section-height-default\" data-id=\"5de2de8\" data-element_type=\"section\" data-e-type=\"section\">\n\t\t\t\t\t\t<div class=\"elementor-container elementor-column-gap-default\">\n\t\t\t\t\t<div class=\"elementor-column elementor-col-100 elementor-top-column elementor-element elementor-element-3bca441\" data-id=\"3bca441\" data-element_type=\"column\" data-e-type=\"column\">\n\t\t\t<div class=\"elementor-widget-wrap elementor-element-populated\">\n\t\t\t\t\t\t<div class=\"elementor-element elementor-element-03bbff8 elementor-widget elementor-widget-image\" data-id=\"03bbff8\" data-element_type=\"widget\" data-e-type=\"widget\" data-widget_type=\"image.default\">\n\t\t\t\t<div class=\"elementor-widget-container\">\n\t\t\t\t\t\t\t\t\t\t\t\t\t\t\t<img decoding=\"async\" width=\"800\" height=\"572\" src=\"https:\/\/pg-markt-rettenbach.de\/wp-content\/uploads\/2024\/11\/Logo-Holy-Hour-1024x732.png\" class=\"attachment-large size-large wp-image-13202\" alt=\"\" srcset=\"https:\/\/pg-markt-rettenbach.de\/wp-content\/uploads\/2024\/11\/Logo-Holy-Hour-1024x732.png 1024w, https:\/\/pg-markt-rettenbach.de\/wp-content\/uploads\/2024\/11\/Logo-Holy-Hour-300x214.png 300w, https:\/\/pg-markt-rettenbach.de\/wp-content\/uploads\/2024\/11\/Logo-Holy-Hour-768x549.png 768w, https:\/\/pg-markt-rettenbach.de\/wp-content\/uploads\/2024\/11\/Logo-Holy-Hour.png 1276w\" sizes=\"(max-width: 800px) 100vw, 800px\" \/>\t\t\t\t\t\t\t\t\t\t\t\t\t\t\t<\/div>\n\t\t\t\t<\/div>\n\t\t\t\t\t<\/div>\n\t\t<\/div>\n\t\t\t\t\t<\/div>\n\t\t<\/section>\n\t\t\t\t<\/div>\n\t\t","protected":false},"excerpt":{"rendered":"<p>Komm, jetzt ist die Zeit, wir beten an Einmal im Monat trifft sich die Lobpreisgruppe in Markt Rettenbach an einem Freitag Abend um 20.00 Uhr. Der Lobpreisgottesdienst dauert etwa 1 [&hellip;]<\/p>\n","protected":false},"author":1,"featured_media":0,"parent":305,"menu_order":310,"comment_status":"closed","ping_status":"closed","template":"","meta":{"_EventAllDay":false,"_EventTimezone":"","_EventStartDate":"","_EventEndDate":"","_EventStartDateUTC":"","_EventEndDateUTC":"","_EventShowMap":false,"_EventShowMapLink":false,"_EventURL":"","_EventCost":"","_EventCostDescription":"","_EventCurrencySymbol":"","_EventCurrencyCode":"","_EventCurrencyPosition":"","_EventDateTimeSeparator":"","_EventTimeRangeSeparator":"","_EventOrganizerID":[],"_EventVenueID":[],"_OrganizerEmail":"","_OrganizerPhone":"","_OrganizerWebsite":"","_VenueAddress":"","_VenueCity":"","_VenueCountry":"","_VenueProvince":"","_VenueState":"","_VenueZip":"","_VenuePhone":"","_VenueURL":"","_VenueStateProvince":"","_VenueLat":"","_VenueLng":"","_VenueShowMap":false,"_VenueShowMapLink":false,"footnotes":""},"class_list":["post-4144","page","type-page","status-publish","hentry"],"_links":{"self":[{"href":"https:\/\/pg-markt-rettenbach.de\/startseite\/wp-json\/wp\/v2\/pages\/4144","targetHints":{"allow":["GET"]}}],"collection":[{"href":"https:\/\/pg-markt-rettenbach.de\/startseite\/wp-json\/wp\/v2\/pages"}],"about":[{"href":"https:\/\/pg-markt-rettenbach.de\/startseite\/wp-json\/wp\/v2\/types\/page"}],"author":[{"embeddable":true,"href":"https:\/\/pg-markt-rettenbach.de\/startseite\/wp-json\/wp\/v2\/users\/1"}],"replies":[{"embeddable":true,"href":"https:\/\/pg-markt-rettenbach.de\/startseite\/wp-json\/wp\/v2\/comments?post=4144"}],"version-history":[{"count":10,"href":"https:\/\/pg-markt-rettenbach.de\/startseite\/wp-json\/wp\/v2\/pages\/4144\/revisions"}],"predecessor-version":[{"id":16207,"href":"https:\/\/pg-markt-rettenbach.de\/startseite\/wp-json\/wp\/v2\/pages\/4144\/revisions\/16207"}],"up":[{"embeddable":true,"href":"https:\/\/pg-markt-rettenbach.de\/startseite\/wp-json\/wp\/v2\/pages\/305"}],"wp:attachment":[{"href":"https:\/\/pg-markt-rettenbach.de\/startseite\/wp-json\/wp\/v2\/media?parent=4144"}],"curies":[{"name":"wp","href":"https:\/\/api.w.org\/{rel}","templated":true}]}}