{"id":4173,"date":"2023-08-26T20:50:30","date_gmt":"2023-08-26T18:50:30","guid":{"rendered":"https:\/\/pg-markt-rettenbach.de\/neu\/?page_id=4173"},"modified":"2023-11-17T15:44:07","modified_gmt":"2023-11-17T14:44:07","slug":"mitglied-anfrage","status":"publish","type":"page","link":"https:\/\/pg-markt-rettenbach.de\/startseite\/startseite\/mitglied-anfrage\/","title":{"rendered":"Mitglied Anfrage"},"content":{"rendered":"\t\t<div data-elementor-type=\"wp-page\" data-elementor-id=\"4173\" class=\"elementor elementor-4173\" data-elementor-post-type=\"page\">\n\t\t\t\t\t\t<section class=\"elementor-section elementor-top-section elementor-element elementor-element-c156959 elementor-section-boxed elementor-section-height-default elementor-section-height-default\" data-id=\"c156959\" data-element_type=\"section\" data-e-type=\"section\">\n\t\t\t\t\t\t<div class=\"elementor-container elementor-column-gap-default\">\n\t\t\t\t\t<div class=\"elementor-column elementor-col-100 elementor-top-column elementor-element elementor-element-714317c\" data-id=\"714317c\" data-element_type=\"column\" data-e-type=\"column\">\n\t\t\t<div class=\"elementor-widget-wrap elementor-element-populated\">\n\t\t\t\t\t\t<div class=\"elementor-element elementor-element-17709f0 elementor-widget elementor-widget-heading\" data-id=\"17709f0\" data-element_type=\"widget\" data-e-type=\"widget\" data-widget_type=\"heading.default\">\n\t\t\t\t<div class=\"elementor-widget-container\">\n\t\t\t\t\t<h2 class=\"elementor-heading-title elementor-size-large\">Interesse an einem ehrenamtlichen Engagement?<\/h2>\t\t\t\t<\/div>\n\t\t\t\t<\/div>\n\t\t\t\t\t<\/div>\n\t\t<\/div>\n\t\t\t\t\t<\/div>\n\t\t<\/section>\n\t\t\t\t<section class=\"elementor-section elementor-top-section elementor-element elementor-element-952919b elementor-section-boxed elementor-section-height-default elementor-section-height-default\" data-id=\"952919b\" data-element_type=\"section\" data-e-type=\"section\">\n\t\t\t\t\t\t<div class=\"elementor-container elementor-column-gap-default\">\n\t\t\t\t\t<div class=\"elementor-column elementor-col-100 elementor-top-column elementor-element elementor-element-54cb450\" data-id=\"54cb450\" data-element_type=\"column\" data-e-type=\"column\">\n\t\t\t<div class=\"elementor-widget-wrap elementor-element-populated\">\n\t\t\t\t\t\t<div class=\"elementor-element elementor-element-b417882 elementor-widget elementor-widget-text-editor\" data-id=\"b417882\" data-element_type=\"widget\" data-e-type=\"widget\" data-widget_type=\"text-editor.default\">\n\t\t\t\t<div class=\"elementor-widget-container\">\n\t\t\t\t\t\t\t\t\t<p>Wir freuen uns \u00fcber alle, die bei uns irgendwo mitmachen m\u00f6chten. Hier haben Sie die M\u00f6glichkeit, UNVERBINDLICH eine Anfrage zu stellen. Wir geben Ihnen dann eine zeitnahe Antwort. Selbstverst\u00e4ndlich ist es jederzeit m\u00f6glich, beim entsprechenden Angebot einmal &#8222;hineinzuschnuppern&#8220;. Vielleicht haben Sie dann das Gef\u00fchl , dass die &#8222;Chemie&#8220; stimmt, und das w\u00e4re dann ein Gewinn f\u00fcr die Gemeinschaft und f\u00fcr Sie selbst. Wenn sich herausstellen sollte, dass es leider doch nicht passt, haben Sie immerhin eine wertvolle Erfahrung gemacht und dazugelernt.<\/p><p>F\u00fcllen Sie dazu einfach das folgende Formular aus und senden es ab:<\/p>\t\t\t\t\t\t\t\t<\/div>\n\t\t\t\t<\/div>\n\t\t\t\t\t<\/div>\n\t\t<\/div>\n\t\t\t\t\t<\/div>\n\t\t<\/section>\n\t\t\t\t<section class=\"elementor-section elementor-top-section elementor-element elementor-element-0856af7 elementor-section-boxed elementor-section-height-default elementor-section-height-default\" data-id=\"0856af7\" data-element_type=\"section\" data-e-type=\"section\">\n\t\t\t\t\t\t<div class=\"elementor-container elementor-column-gap-default\">\n\t\t\t\t\t<div class=\"elementor-column elementor-col-100 elementor-top-column elementor-element elementor-element-8ac97b0\" data-id=\"8ac97b0\" data-element_type=\"column\" data-e-type=\"column\">\n\t\t\t<div class=\"elementor-widget-wrap elementor-element-populated\">\n\t\t\t\t\t\t<div class=\"elementor-element elementor-element-5c62f65 elementor-widget elementor-widget-wpforms\" data-id=\"5c62f65\" data-element_type=\"widget\" data-e-type=\"widget\" data-widget_type=\"wpforms.default\">\n\t\t\t\t<div class=\"elementor-widget-container\">\n\t\t\t\t\t<div class=\"wpforms-container wpforms-container-full wpforms-render-modern\" id=\"wpforms-4179\"><form id=\"wpforms-form-4179\" class=\"wpforms-validate wpforms-form wpforms-ajax-form\" data-formid=\"4179\" method=\"post\" enctype=\"multipart\/form-data\" action=\"\/startseite\/wp-json\/wp\/v2\/pages\/4173\" data-token=\"30ed0e8e4bc63880ab301ca48362cd0f\" data-token-time=\"1778071154\"><noscript class=\"wpforms-error-noscript\">Bitte aktiviere JavaScript in deinem Browser, um dieses Formular fertigzustellen.<\/noscript><div id=\"wpforms-error-noscript\" style=\"display: none;\">Bitte aktiviere JavaScript in deinem Browser, um dieses Formular fertigzustellen.<\/div><div class=\"wpforms-field-container\"><div id=\"wpforms-4179-field_1-container\" class=\"wpforms-field wpforms-field-text\" data-field-id=\"1\"><label class=\"wpforms-field-label\" for=\"wpforms-4179-field_1\">Name <span class=\"wpforms-required-label\" aria-hidden=\"true\">*<\/span><\/label><input type=\"text\" id=\"wpforms-4179-field_1\" class=\"wpforms-field-medium wpforms-field-required\" name=\"wpforms[fields][1]\" aria-errormessage=\"wpforms-4179-field_1-error\" required><\/div><div id=\"wpforms-4179-field_8-container\" class=\"wpforms-field wpforms-field-text\" data-field-id=\"8\"><label class=\"wpforms-field-label\" for=\"wpforms-4179-field_8\">Telefon <span class=\"wpforms-required-label\" aria-hidden=\"true\">*<\/span><\/label><input type=\"text\" id=\"wpforms-4179-field_8\" class=\"wpforms-field-medium wpforms-field-required\" name=\"wpforms[fields][8]\" aria-errormessage=\"wpforms-4179-field_8-error\" required><\/div><div id=\"wpforms-4179-field_2-container\" class=\"wpforms-field wpforms-field-email\" data-field-id=\"2\"><label class=\"wpforms-field-label\" for=\"wpforms-4179-field_2\">E-Mail <span class=\"wpforms-required-label\" aria-hidden=\"true\">*<\/span><\/label><input type=\"email\" id=\"wpforms-4179-field_2\" class=\"wpforms-field-medium wpforms-field-required\" name=\"wpforms[fields][2]\" spellcheck=\"false\" aria-errormessage=\"wpforms-4179-field_2-error\" required><\/div><div id=\"wpforms-4179-field_3-container\" class=\"wpforms-field wpforms-field-checkbox wpforms-list-2-columns\" data-field-id=\"3\"><fieldset><legend class=\"wpforms-field-label\">Ich m\u00f6chte mich gerne n\u00e4her informieren \u00fcber:<\/legend><ul id=\"wpforms-4179-field_3\"><li class=\"choice-15 depth-1\"><input type=\"checkbox\" id=\"wpforms-4179-field_3_15\" name=\"wpforms[fields][3][]\" value=\"Pfarrgemeinderat werden\" aria-errormessage=\"wpforms-4179-field_3_15-error\"  ><label class=\"wpforms-field-label-inline\" for=\"wpforms-4179-field_3_15\">Pfarrgemeinderat werden<\/label><\/li><li class=\"choice-11 depth-1\"><input type=\"checkbox\" id=\"wpforms-4179-field_3_11\" name=\"wpforms[fields][3][]\" value=\"Dienst als Lektor\" aria-errormessage=\"wpforms-4179-field_3_11-error\"  ><label class=\"wpforms-field-label-inline\" for=\"wpforms-4179-field_3_11\">Dienst als Lektor<\/label><\/li><li class=\"choice-12 depth-1\"><input type=\"checkbox\" id=\"wpforms-4179-field_3_12\" name=\"wpforms[fields][3][]\" value=\"Dienst als Kommunionhelfer\" aria-errormessage=\"wpforms-4179-field_3_12-error\"  ><label class=\"wpforms-field-label-inline\" for=\"wpforms-4179-field_3_12\">Dienst als Kommunionhelfer<\/label><\/li><li class=\"choice-13 depth-1\"><input type=\"checkbox\" id=\"wpforms-4179-field_3_13\" name=\"wpforms[fields][3][]\" value=\"Mitarbeit bei Familien- oder Kindergottesdiensten\" aria-errormessage=\"wpforms-4179-field_3_13-error\"  ><label class=\"wpforms-field-label-inline\" for=\"wpforms-4179-field_3_13\">Mitarbeit bei Familien- oder Kindergottesdiensten<\/label><\/li><li class=\"choice-8 depth-1\"><input type=\"checkbox\" id=\"wpforms-4179-field_3_8\" name=\"wpforms[fields][3][]\" value=\"Mitwirkung im Team von Kirche Kunterbunt\" aria-errormessage=\"wpforms-4179-field_3_8-error\"  ><label class=\"wpforms-field-label-inline\" for=\"wpforms-4179-field_3_8\">Mitwirkung im Team von Kirche Kunterbunt<\/label><\/li><li class=\"choice-17 depth-1\"><input type=\"checkbox\" id=\"wpforms-4179-field_3_17\" name=\"wpforms[fields][3][]\" value=\"Gruppenmutter oder -vater einer Kommuniongruppe\" aria-errormessage=\"wpforms-4179-field_3_17-error\"  ><label class=\"wpforms-field-label-inline\" for=\"wpforms-4179-field_3_17\">Gruppenmutter oder -vater einer Kommuniongruppe<\/label><\/li><li class=\"choice-18 depth-1\"><input type=\"checkbox\" id=\"wpforms-4179-field_3_18\" name=\"wpforms[fields][3][]\" value=\"Leitung einer Firmgruppe\" aria-errormessage=\"wpforms-4179-field_3_18-error\"  ><label class=\"wpforms-field-label-inline\" for=\"wpforms-4179-field_3_18\">Leitung einer Firmgruppe<\/label><\/li><li class=\"choice-10 depth-1\"><input type=\"checkbox\" id=\"wpforms-4179-field_3_10\" name=\"wpforms[fields][3][]\" value=\"Mitsingen in einem Kirchenchor\" aria-errormessage=\"wpforms-4179-field_3_10-error\"  ><label class=\"wpforms-field-label-inline\" for=\"wpforms-4179-field_3_10\">Mitsingen in einem Kirchenchor<\/label><\/li><li class=\"choice-3 depth-1\"><input type=\"checkbox\" id=\"wpforms-4179-field_3_3\" name=\"wpforms[fields][3][]\" value=\"Skapulierbruderschaft Mussenhausen\" aria-errormessage=\"wpforms-4179-field_3_3-error\"  ><label class=\"wpforms-field-label-inline\" for=\"wpforms-4179-field_3_3\">Skapulierbruderschaft Mussenhausen<\/label><\/li><li class=\"choice-14 depth-1\"><input type=\"checkbox\" id=\"wpforms-4179-field_3_14\" name=\"wpforms[fields][3][]\" value=\"Mithilfe bei der Seniorenarbeit\" aria-errormessage=\"wpforms-4179-field_3_14-error\"  ><label class=\"wpforms-field-label-inline\" for=\"wpforms-4179-field_3_14\">Mithilfe bei der Seniorenarbeit<\/label><\/li><li class=\"choice-19 depth-1\"><input type=\"checkbox\" id=\"wpforms-4179-field_3_19\" name=\"wpforms[fields][3][]\" value=\"Mitarbeit im Trauerteam\" aria-errormessage=\"wpforms-4179-field_3_19-error\"  ><label class=\"wpforms-field-label-inline\" for=\"wpforms-4179-field_3_19\">Mitarbeit im Trauerteam<\/label><\/li><li class=\"choice-16 depth-1\"><input type=\"checkbox\" id=\"wpforms-4179-field_3_16\" name=\"wpforms[fields][3][]\" value=\"Mitglied einer Kirchenverwaltung werden\" aria-errormessage=\"wpforms-4179-field_3_16-error\"  ><label class=\"wpforms-field-label-inline\" for=\"wpforms-4179-field_3_16\">Mitglied einer Kirchenverwaltung werden<\/label><\/li><\/ul><\/fieldset><\/div><div id=\"wpforms-4179-field_5-container\" class=\"wpforms-field wpforms-field-textarea\" data-field-id=\"5\"><label class=\"wpforms-field-label\" for=\"wpforms-4179-field_5\">Was ich sonst dazu wissen oder anmerken m\u00f6chte:<\/label><textarea id=\"wpforms-4179-field_5\" class=\"wpforms-field-medium\" name=\"wpforms[fields][5]\" aria-errormessage=\"wpforms-4179-field_5-error\" ><\/textarea><\/div><div id=\"wpforms-4179-field_4-container\" class=\"wpforms-field wpforms-field-gdpr-checkbox\" data-field-id=\"4\"><label class=\"wpforms-field-label\">Datenschutz-Einverst\u00e4ndnis <span class=\"wpforms-required-label\" aria-hidden=\"true\">*<\/span><\/label><ul id=\"wpforms-4179-field_4\" class=\"wpforms-field-required\"><li class=\"choice-1\"><input type=\"checkbox\" id=\"wpforms-4179-field_4_1\" name=\"wpforms[fields][4][]\" value=\"Ich willige ein, dass diese Website meine \u00fcbermittelten Informationen speichert, sodass meine Anfrage beantwortet werden kann.\" aria-errormessage=\"wpforms-4179-field_4_1-error\" required ><label class=\"wpforms-field-label-inline\" for=\"wpforms-4179-field_4_1\">Ich willige ein, dass diese Website meine \u00fcbermittelten Informationen speichert, sodass meine Anfrage beantwortet werden kann.<\/label><\/li><\/ul><\/div><\/div><!-- .wpforms-field-container --><div class=\"wpforms-recaptcha-container wpforms-is-recaptcha wpforms-is-recaptcha-type-v2\" ><div class=\"g-recaptcha\" data-sitekey=\"6Lc6A5spAAAAAKkzrZuOf5DcY2u0iS-FnyYGF89n\"><\/div><input type=\"text\" name=\"g-recaptcha-hidden\" class=\"wpforms-recaptcha-hidden\" style=\"position:absolute!important;clip:rect(0,0,0,0)!important;height:1px!important;width:1px!important;border:0!important;overflow:hidden!important;padding:0!important;margin:0!important;\" data-rule-recaptcha=\"1\"><\/div><div class=\"wpforms-submit-container\" ><input type=\"hidden\" name=\"wpforms[id]\" value=\"4179\"><input type=\"hidden\" name=\"page_title\" value=\"\"><input type=\"hidden\" name=\"page_url\" value=\"https:\/\/pg-markt-rettenbach.de\/startseite\/wp-json\/wp\/v2\/pages\/4173\"><input type=\"hidden\" name=\"url_referer\" value=\"\"><button type=\"submit\" name=\"wpforms[submit]\" id=\"wpforms-submit-4179\" class=\"wpforms-submit\" data-alt-text=\"Senden\u2026\" data-submit-text=\"Absenden\" aria-live=\"assertive\" value=\"wpforms-submit\">Absenden<\/button><img decoding=\"async\" src=\"https:\/\/pg-markt-rettenbach.de\/wp-content\/plugins\/wpforms-lite\/assets\/images\/submit-spin.svg\" class=\"wpforms-submit-spinner\" style=\"display: none;\" width=\"26\" height=\"26\" alt=\"Wird geladen\"><\/div><\/form><\/div>  <!-- .wpforms-container -->\t\t\t\t<\/div>\n\t\t\t\t<\/div>\n\t\t\t\t\t<\/div>\n\t\t<\/div>\n\t\t\t\t\t<\/div>\n\t\t<\/section>\n\t\t\t\t<\/div>\n\t\t","protected":false},"excerpt":{"rendered":"<p>Interesse an einem ehrenamtlichen Engagement? Wir freuen uns \u00fcber alle, die bei uns irgendwo mitmachen m\u00f6chten. Hier haben Sie die M\u00f6glichkeit, UNVERBINDLICH eine Anfrage zu stellen. Wir geben Ihnen dann [&hellip;]<\/p>\n","protected":false},"author":1,"featured_media":0,"parent":2,"menu_order":500,"comment_status":"closed","ping_status":"closed","template":"","meta":{"_EventAllDay":false,"_EventTimezone":"","_EventStartDate":"","_EventEndDate":"","_EventStartDateUTC":"","_EventEndDateUTC":"","_EventShowMap":false,"_EventShowMapLink":false,"_EventURL":"","_EventCost":"","_EventCostDescription":"","_EventCurrencySymbol":"","_EventCurrencyCode":"","_EventCurrencyPosition":"","_EventDateTimeSeparator":"","_EventTimeRangeSeparator":"","_EventOrganizerID":[],"_EventVenueID":[],"_OrganizerEmail":"","_OrganizerPhone":"","_OrganizerWebsite":"","_VenueAddress":"","_VenueCity":"","_VenueCountry":"","_VenueProvince":"","_VenueState":"","_VenueZip":"","_VenuePhone":"","_VenueURL":"","_VenueStateProvince":"","_VenueLat":"","_VenueLng":"","_VenueShowMap":false,"_VenueShowMapLink":false,"footnotes":""},"class_list":["post-4173","page","type-page","status-publish","hentry"],"_links":{"self":[{"href":"https:\/\/pg-markt-rettenbach.de\/startseite\/wp-json\/wp\/v2\/pages\/4173","targetHints":{"allow":["GET"]}}],"collection":[{"href":"https:\/\/pg-markt-rettenbach.de\/startseite\/wp-json\/wp\/v2\/pages"}],"about":[{"href":"https:\/\/pg-markt-rettenbach.de\/startseite\/wp-json\/wp\/v2\/types\/page"}],"author":[{"embeddable":true,"href":"https:\/\/pg-markt-rettenbach.de\/startseite\/wp-json\/wp\/v2\/users\/1"}],"replies":[{"embeddable":true,"href":"https:\/\/pg-markt-rettenbach.de\/startseite\/wp-json\/wp\/v2\/comments?post=4173"}],"version-history":[{"count":10,"href":"https:\/\/pg-markt-rettenbach.de\/startseite\/wp-json\/wp\/v2\/pages\/4173\/revisions"}],"predecessor-version":[{"id":4342,"href":"https:\/\/pg-markt-rettenbach.de\/startseite\/wp-json\/wp\/v2\/pages\/4173\/revisions\/4342"}],"up":[{"embeddable":true,"href":"https:\/\/pg-markt-rettenbach.de\/startseite\/wp-json\/wp\/v2\/pages\/2"}],"wp:attachment":[{"href":"https:\/\/pg-markt-rettenbach.de\/startseite\/wp-json\/wp\/v2\/media?parent=4173"}],"curies":[{"name":"wp","href":"https:\/\/api.w.org\/{rel}","templated":true}]}}