{"id":444,"date":"2023-06-03T22:16:21","date_gmt":"2023-06-03T20:16:21","guid":{"rendered":"https:\/\/pg-markt-rettenbach.de\/neu\/?page_id=444"},"modified":"2025-01-07T17:30:16","modified_gmt":"2025-01-07T16:30:16","slug":"kirchenverwaltung-eutenhausen-mussenhausen","status":"publish","type":"page","link":"https:\/\/pg-markt-rettenbach.de\/startseite\/startseite\/pfarreien\/st-otmar-eutenhausen\/kirchenverwaltung-eutenhausen-mussenhausen\/","title":{"rendered":"Kirchenverwaltung Eutenhausen-Mussenhausen"},"content":{"rendered":"\t\t<div data-elementor-type=\"wp-page\" data-elementor-id=\"444\" class=\"elementor elementor-444\" data-elementor-post-type=\"page\">\n\t\t\t\t\t\t<section class=\"elementor-section elementor-top-section elementor-element elementor-element-fc58142 elementor-section-boxed elementor-section-height-default elementor-section-height-default\" data-id=\"fc58142\" data-element_type=\"section\" data-e-type=\"section\">\n\t\t\t\t\t\t<div class=\"elementor-container elementor-column-gap-default\">\n\t\t\t\t\t<div class=\"elementor-column elementor-col-100 elementor-top-column elementor-element elementor-element-6030e36\" data-id=\"6030e36\" data-element_type=\"column\" data-e-type=\"column\">\n\t\t\t<div class=\"elementor-widget-wrap elementor-element-populated\">\n\t\t\t\t\t\t<div class=\"elementor-element elementor-element-3009815 elementor-widget elementor-widget-heading\" data-id=\"3009815\" data-element_type=\"widget\" data-e-type=\"widget\" data-widget_type=\"heading.default\">\n\t\t\t\t<div class=\"elementor-widget-container\">\n\t\t\t\t\t<h2 class=\"elementor-heading-title elementor-size-xl\">Kirchenverwaltung Eutenhausen mit Mussenhausen<\/h2>\t\t\t\t<\/div>\n\t\t\t\t<\/div>\n\t\t\t\t\t<\/div>\n\t\t<\/div>\n\t\t\t\t\t<\/div>\n\t\t<\/section>\n\t\t\t\t<section class=\"elementor-section elementor-top-section elementor-element elementor-element-5b7f3934 elementor-section-boxed elementor-section-height-default elementor-section-height-default\" data-id=\"5b7f3934\" data-element_type=\"section\" data-e-type=\"section\">\n\t\t\t\t\t\t<div class=\"elementor-container elementor-column-gap-default\">\n\t\t\t\t\t<div class=\"elementor-column elementor-col-100 elementor-top-column elementor-element elementor-element-207bbcf3\" data-id=\"207bbcf3\" data-element_type=\"column\" data-e-type=\"column\">\n\t\t\t<div class=\"elementor-widget-wrap elementor-element-populated\">\n\t\t\t\t\t\t<div class=\"elementor-element elementor-element-524fa1b5 elementor-widget elementor-widget-text-editor\" data-id=\"524fa1b5\" data-element_type=\"widget\" data-e-type=\"widget\" data-widget_type=\"text-editor.default\">\n\t\t\t\t<div class=\"elementor-widget-container\">\n\t\t\t\t\t\t\t\t\t\n<p>Die Kirchenverwaltung ist f\u00fcr die Finanzen der Pfarrgemeinde zust\u00e4ndig. Sie stellt den Haushaltsplan auf und f\u00fchrt die n\u00f6tigen Bau- u. Instandsetzungsma\u00dfnahmen durch.<\/p>\n\n<p>Der Kirchenverwaltung <strong>Eutenhausen<\/strong> geh\u00f6ren an:<\/p>\n\n<ul class=\"wp-block-list\">\n<li>Ottmar Schmalholz &#8211;\u00a0Kirchenpfleger<\/li>\n\n<li>Ernst Kraus<\/li>\n<li>Christian Pelzl<\/li>\n\n<li>Martin Preitl<\/li>\n<\/ul>\n\n<p>\u00a0<\/p>\n\n<p>Die Kirchenverwaltung ist f\u00fcr die Finanzen der Pfarrgemeinde zust\u00e4ndig. Sie stellt den Haushaltsplan auf und f\u00fchrt die n\u00f6tigen Bau- u. Instandsetzungsma\u00dfnahmen durch.<\/p>\n\n<p>Der Kirchenverwaltung <strong>Mussenhausen <\/strong>geh\u00f6ren an:<\/p>\n\n<ul class=\"wp-block-list\">\n<li>Georg Sinstein, Kirchenpfleger<\/li>\n\n<li>Christian Gro\u00df<\/li>\n<li>Daniel Schuster<\/li>\n<li>Andreas Zinsler<\/li>\n<\/ul>\n\n<p>\u00a0<\/p>\n\t\t\t\t\t\t\t\t<\/div>\n\t\t\t\t<\/div>\n\t\t\t\t\t<\/div>\n\t\t<\/div>\n\t\t\t\t\t<\/div>\n\t\t<\/section>\n\t\t\t\t<\/div>\n\t\t","protected":false},"excerpt":{"rendered":"<p>Kirchenverwaltung Eutenhausen mit Mussenhausen Die Kirchenverwaltung ist f\u00fcr die Finanzen der Pfarrgemeinde zust\u00e4ndig. Sie stellt den Haushaltsplan auf und f\u00fchrt die n\u00f6tigen Bau- u. Instandsetzungsma\u00dfnahmen durch. Der Kirchenverwaltung Eutenhausen geh\u00f6ren [&hellip;]<\/p>\n","protected":false},"author":1,"featured_media":0,"parent":321,"menu_order":362,"comment_status":"closed","ping_status":"closed","template":"","meta":{"_EventAllDay":false,"_EventTimezone":"","_EventStartDate":"","_EventEndDate":"","_EventStartDateUTC":"","_EventEndDateUTC":"","_EventShowMap":false,"_EventShowMapLink":false,"_EventURL":"","_EventCost":"","_EventCostDescription":"","_EventCurrencySymbol":"","_EventCurrencyCode":"","_EventCurrencyPosition":"","_EventDateTimeSeparator":"","_EventTimeRangeSeparator":"","_EventOrganizerID":[],"_EventVenueID":[],"_OrganizerEmail":"","_OrganizerPhone":"","_OrganizerWebsite":"","_VenueAddress":"","_VenueCity":"","_VenueCountry":"","_VenueProvince":"","_VenueState":"","_VenueZip":"","_VenuePhone":"","_VenueURL":"","_VenueStateProvince":"","_VenueLat":"","_VenueLng":"","_VenueShowMap":false,"_VenueShowMapLink":false,"footnotes":""},"class_list":["post-444","page","type-page","status-publish","hentry"],"_links":{"self":[{"href":"https:\/\/pg-markt-rettenbach.de\/startseite\/wp-json\/wp\/v2\/pages\/444","targetHints":{"allow":["GET"]}}],"collection":[{"href":"https:\/\/pg-markt-rettenbach.de\/startseite\/wp-json\/wp\/v2\/pages"}],"about":[{"href":"https:\/\/pg-markt-rettenbach.de\/startseite\/wp-json\/wp\/v2\/types\/page"}],"author":[{"embeddable":true,"href":"https:\/\/pg-markt-rettenbach.de\/startseite\/wp-json\/wp\/v2\/users\/1"}],"replies":[{"embeddable":true,"href":"https:\/\/pg-markt-rettenbach.de\/startseite\/wp-json\/wp\/v2\/comments?post=444"}],"version-history":[{"count":10,"href":"https:\/\/pg-markt-rettenbach.de\/startseite\/wp-json\/wp\/v2\/pages\/444\/revisions"}],"predecessor-version":[{"id":13579,"href":"https:\/\/pg-markt-rettenbach.de\/startseite\/wp-json\/wp\/v2\/pages\/444\/revisions\/13579"}],"up":[{"embeddable":true,"href":"https:\/\/pg-markt-rettenbach.de\/startseite\/wp-json\/wp\/v2\/pages\/321"}],"wp:attachment":[{"href":"https:\/\/pg-markt-rettenbach.de\/startseite\/wp-json\/wp\/v2\/media?parent=444"}],"curies":[{"name":"wp","href":"https:\/\/api.w.org\/{rel}","templated":true}]}}