{"id":5260,"date":"2023-09-12T15:28:32","date_gmt":"2023-09-12T13:28:32","guid":{"rendered":"https:\/\/pg-markt-rettenbach.de\/startseite\/?page_id=5260"},"modified":"2024-10-08T16:20:51","modified_gmt":"2024-10-08T14:20:51","slug":"kapelle-stein","status":"publish","type":"page","link":"https:\/\/pg-markt-rettenbach.de\/startseite\/startseite\/pfarreien\/st-blasius-engetried\/kapelle-stein\/","title":{"rendered":"Kapelle Stein"},"content":{"rendered":"\t\t<div data-elementor-type=\"wp-page\" data-elementor-id=\"5260\" class=\"elementor elementor-5260\" data-elementor-post-type=\"page\">\n\t\t\t\t\t\t<section class=\"elementor-section elementor-top-section elementor-element elementor-element-7ea9d08 elementor-section-boxed elementor-section-height-default elementor-section-height-default\" data-id=\"7ea9d08\" data-element_type=\"section\" data-e-type=\"section\">\n\t\t\t\t\t\t<div class=\"elementor-container elementor-column-gap-default\">\n\t\t\t\t\t<div class=\"elementor-column elementor-col-100 elementor-top-column elementor-element elementor-element-909861a\" data-id=\"909861a\" data-element_type=\"column\" data-e-type=\"column\">\n\t\t\t<div class=\"elementor-widget-wrap elementor-element-populated\">\n\t\t\t\t\t\t<div class=\"elementor-element elementor-element-fdcb1af elementor-widget elementor-widget-heading\" data-id=\"fdcb1af\" data-element_type=\"widget\" data-e-type=\"widget\" data-widget_type=\"heading.default\">\n\t\t\t\t<div class=\"elementor-widget-container\">\n\t\t\t\t\t<h2 class=\"elementor-heading-title elementor-size-xl\">Kapelle Stein<\/h2>\t\t\t\t<\/div>\n\t\t\t\t<\/div>\n\t\t\t\t\t<\/div>\n\t\t<\/div>\n\t\t\t\t\t<\/div>\n\t\t<\/section>\n\t\t\t\t<section class=\"elementor-section elementor-top-section elementor-element elementor-element-313e775 elementor-section-boxed elementor-section-height-default elementor-section-height-default\" data-id=\"313e775\" data-element_type=\"section\" data-e-type=\"section\">\n\t\t\t\t\t\t<div class=\"elementor-container elementor-column-gap-default\">\n\t\t\t\t\t<div class=\"elementor-column elementor-col-100 elementor-top-column elementor-element elementor-element-5349609\" data-id=\"5349609\" data-element_type=\"column\" data-e-type=\"column\">\n\t\t\t<div class=\"elementor-widget-wrap elementor-element-populated\">\n\t\t\t\t\t\t<div class=\"elementor-element elementor-element-97f0e7f elementor-widget elementor-widget-text-editor\" data-id=\"97f0e7f\" data-element_type=\"widget\" data-e-type=\"widget\" data-widget_type=\"text-editor.default\">\n\t\t\t\t<div class=\"elementor-widget-container\">\n\t\t\t\t\t\t\t\t\t<p>Die Kapelle wurde von der damals und noch heute ans\u00e4ssigen Familie Schlecht (Blutlinie bis 1680) im Jahr 1815 erbaut. Als Baumaterial dienten die \u00dcberreste der damals abgebrannten Burg Stein. Es handelt sich um einen kleinen, rechteckigen Raum mit Flachdecke, gedr\u00fccktem Chorbogen und halbrund geschlossenem Altarraum. Stichbogig sind die T\u00fcren und die kleinen Fenster. Eine Sammlung von Kreuzwegbildern aus dem 18. Jahrhundert sowie ein Bild des hl. Wendelin, welches sich vormals vermutlich ebenfalls in der Burg Stein befand, schm\u00fccken rundum das Innere.<\/p>\t\t\t\t\t\t\t\t<\/div>\n\t\t\t\t<\/div>\n\t\t\t\t\t<\/div>\n\t\t<\/div>\n\t\t\t\t\t<\/div>\n\t\t<\/section>\n\t\t\t\t<section class=\"elementor-section elementor-top-section elementor-element elementor-element-1b9a2ff elementor-section-boxed elementor-section-height-default elementor-section-height-default\" data-id=\"1b9a2ff\" data-element_type=\"section\" data-e-type=\"section\">\n\t\t\t\t\t\t<div class=\"elementor-container elementor-column-gap-default\">\n\t\t\t\t\t<div class=\"elementor-column elementor-col-50 elementor-top-column elementor-element elementor-element-8c37696\" data-id=\"8c37696\" data-element_type=\"column\" data-e-type=\"column\">\n\t\t\t<div class=\"elementor-widget-wrap elementor-element-populated\">\n\t\t\t\t\t\t<div class=\"elementor-element elementor-element-227a09c elementor-widget elementor-widget-text-editor\" data-id=\"227a09c\" data-element_type=\"widget\" data-e-type=\"widget\" data-widget_type=\"text-editor.default\">\n\t\t\t\t<div class=\"elementor-widget-container\">\n\t\t\t\t\t\t\t\t\t<p>Hauptblickfang jedoch ist das sp\u00e4tgotische Kreuz aus dem Jahr 1551, das sich urspr\u00fcnglich in der ehemaligen Burg Stein befand. Nach der \u00dcberlieferung lie\u00df der letzte Adelige der sch\u00f6nauischen Linie, der religi\u00f6se Oberst Hans Caspar von und zu Sch\u00f6nau dieses Kreuz anfertigen. Er verf\u00fcgte \u00fcber die Gerichtsbarkeit von Engetried, Ronsberg, Griestal und der s\u00fcdlicheren Umgebung. Vor jeder Urteilsverk\u00fcndigung kniete er sich vor dieses Kreuz und betete um eine gerechte Entscheidung.<\/p><p>Da der einzige Sohn und Erbe Iteleck in jungen Jahren bereits gestorben war, erbte nach dem Tode von Hans Caspar am 21. September 1595 die Ehefrau Sabina den gesamten Besitz. In der Erahnung ihres Todes vermachte sie den steinischen Besitz ihren Neffen. Einzige Auflage war, dass das heute noch vorhandene Relikt in der Burg verbleiben m\u00fcsse.\u00a0<\/p><p>Nach dem Brand der Burganlage im Jahr 1815 konnte dieses Kruzifix aus den Tr\u00fcmmern geborgen werden, wurde renoviert und befindet sich seither in dieser Kapelle.\u00a0<\/p>\t\t\t\t\t\t\t\t<\/div>\n\t\t\t\t<\/div>\n\t\t\t\t<div class=\"elementor-element elementor-element-677aaf0 elementor-widget elementor-widget-image\" data-id=\"677aaf0\" data-element_type=\"widget\" data-e-type=\"widget\" data-widget_type=\"image.default\">\n\t\t\t\t<div class=\"elementor-widget-container\">\n\t\t\t\t\t\t\t\t\t\t\t\t\t\t\t<img fetchpriority=\"high\" decoding=\"async\" width=\"800\" height=\"600\" src=\"https:\/\/pg-markt-rettenbach.de\/wp-content\/uploads\/2023\/09\/ER-Kapelle-Stein-Alphornblaeser.jpg\" class=\"attachment-large size-large wp-image-5263\" alt=\"\" srcset=\"https:\/\/pg-markt-rettenbach.de\/wp-content\/uploads\/2023\/09\/ER-Kapelle-Stein-Alphornblaeser.jpg 800w, https:\/\/pg-markt-rettenbach.de\/wp-content\/uploads\/2023\/09\/ER-Kapelle-Stein-Alphornblaeser-300x225.jpg 300w, https:\/\/pg-markt-rettenbach.de\/wp-content\/uploads\/2023\/09\/ER-Kapelle-Stein-Alphornblaeser-768x576.jpg 768w\" sizes=\"(max-width: 800px) 100vw, 800px\" \/>\t\t\t\t\t\t\t\t\t\t\t\t\t\t\t<\/div>\n\t\t\t\t<\/div>\n\t\t\t\t\t<\/div>\n\t\t<\/div>\n\t\t\t\t<div class=\"elementor-column elementor-col-50 elementor-top-column elementor-element elementor-element-d41a630\" data-id=\"d41a630\" data-element_type=\"column\" data-e-type=\"column\">\n\t\t\t<div class=\"elementor-widget-wrap elementor-element-populated\">\n\t\t\t\t\t\t<div class=\"elementor-element elementor-element-f15de58 elementor-widget elementor-widget-image\" data-id=\"f15de58\" data-element_type=\"widget\" data-e-type=\"widget\" data-widget_type=\"image.default\">\n\t\t\t\t<div class=\"elementor-widget-container\">\n\t\t\t\t\t\t\t\t\t\t\t\t\t\t\t<img decoding=\"async\" width=\"450\" height=\"600\" src=\"https:\/\/pg-markt-rettenbach.de\/wp-content\/uploads\/2023\/09\/ER-Kapelle-Stein-Kreuz.jpg\" class=\"attachment-large size-large wp-image-5262\" alt=\"\" srcset=\"https:\/\/pg-markt-rettenbach.de\/wp-content\/uploads\/2023\/09\/ER-Kapelle-Stein-Kreuz.jpg 450w, https:\/\/pg-markt-rettenbach.de\/wp-content\/uploads\/2023\/09\/ER-Kapelle-Stein-Kreuz-225x300.jpg 225w\" sizes=\"(max-width: 450px) 100vw, 450px\" \/>\t\t\t\t\t\t\t\t\t\t\t\t\t\t\t<\/div>\n\t\t\t\t<\/div>\n\t\t\t\t<div class=\"elementor-element elementor-element-d3b1a89 elementor-widget elementor-widget-text-editor\" data-id=\"d3b1a89\" data-element_type=\"widget\" data-e-type=\"widget\" data-widget_type=\"text-editor.default\">\n\t\t\t\t<div class=\"elementor-widget-container\">\n\t\t\t\t\t\t\t\t\t<p><span style=\"color: var( --e-global-color-text ); font-family: var( --e-global-typography-text-font-family ), Sans-serif; font-size: var( --e-global-typography-text-font-size ); font-weight: var( --e-global-typography-text-font-weight );\">In dem kleinen Raum werden keine Gottesdienste gefeiert.\u00a0<\/span><span style=\"color: var( --e-global-color-text ); font-family: var( --e-global-typography-text-font-family ), Sans-serif; font-size: var( --e-global-typography-text-font-size ); font-weight: var( --e-global-typography-text-font-weight );\">Als Gottesdienstort hat die winzige Kapelle dennoch Kultstatus erlangt: Allj\u00e4hrlich findet dort bei gutem Wetter ein \u00f6kumenischer Gottesdienst mit anschlie\u00dfendem gem\u00fctlichem Beisammensein statt. Mitgestaltet wird diese Feier durch die Blaskapelle Engetried und die G\u00fcnztaler Alphornbl\u00e4ser.<\/span><\/p><p>Zu erreichen ist die Kapelle Stein \u00fcber das Griestal, von wo aus ein sehr schottriger, steiler und teils ausgewaschener Fahrweg emporf\u00fchrt. Alternativ kann der l\u00e4ngere Anfahrtsweg \u00fcber den Ronsberger Ortsteil Oberweiler gew\u00e4hlt werden.\u00a0<\/p>\t\t\t\t\t\t\t\t<\/div>\n\t\t\t\t<\/div>\n\t\t\t\t\t<\/div>\n\t\t<\/div>\n\t\t\t\t\t<\/div>\n\t\t<\/section>\n\t\t\t\t<section class=\"elementor-section elementor-top-section elementor-element elementor-element-ec1028f elementor-section-boxed elementor-section-height-default elementor-section-height-default\" data-id=\"ec1028f\" data-element_type=\"section\" data-e-type=\"section\">\n\t\t\t\t\t\t<div class=\"elementor-container elementor-column-gap-default\">\n\t\t\t\t\t<div class=\"elementor-column elementor-col-100 elementor-top-column elementor-element elementor-element-aa06220\" data-id=\"aa06220\" data-element_type=\"column\" data-e-type=\"column\">\n\t\t\t<div class=\"elementor-widget-wrap elementor-element-populated\">\n\t\t\t\t\t\t<div class=\"elementor-element elementor-element-441e91a elementor-widget elementor-widget-spacer\" data-id=\"441e91a\" data-element_type=\"widget\" data-e-type=\"widget\" data-widget_type=\"spacer.default\">\n\t\t\t\t<div class=\"elementor-widget-container\">\n\t\t\t\t\t\t\t<div class=\"elementor-spacer\">\n\t\t\t<div class=\"elementor-spacer-inner\"><\/div>\n\t\t<\/div>\n\t\t\t\t\t\t<\/div>\n\t\t\t\t<\/div>\n\t\t\t\t\t<\/div>\n\t\t<\/div>\n\t\t\t\t\t<\/div>\n\t\t<\/section>\n\t\t\t\t<\/div>\n\t\t","protected":false},"excerpt":{"rendered":"<p>Kapelle Stein Die Kapelle wurde von der damals und noch heute ans\u00e4ssigen Familie Schlecht (Blutlinie bis 1680) im Jahr 1815 erbaut. Als Baumaterial dienten die \u00dcberreste der damals abgebrannten Burg [&hellip;]<\/p>\n","protected":false},"author":1,"featured_media":0,"parent":310,"menu_order":334,"comment_status":"closed","ping_status":"closed","template":"","meta":{"_EventAllDay":false,"_EventTimezone":"","_EventStartDate":"","_EventEndDate":"","_EventStartDateUTC":"","_EventEndDateUTC":"","_EventShowMap":false,"_EventShowMapLink":false,"_EventURL":"","_EventCost":"","_EventCostDescription":"","_EventCurrencySymbol":"","_EventCurrencyCode":"","_EventCurrencyPosition":"","_EventDateTimeSeparator":"","_EventTimeRangeSeparator":"","_EventOrganizerID":[],"_EventVenueID":[],"_OrganizerEmail":"","_OrganizerPhone":"","_OrganizerWebsite":"","_VenueAddress":"","_VenueCity":"","_VenueCountry":"","_VenueProvince":"","_VenueState":"","_VenueZip":"","_VenuePhone":"","_VenueURL":"","_VenueStateProvince":"","_VenueLat":"","_VenueLng":"","_VenueShowMap":false,"_VenueShowMapLink":false,"footnotes":""},"class_list":["post-5260","page","type-page","status-publish","hentry"],"_links":{"self":[{"href":"https:\/\/pg-markt-rettenbach.de\/startseite\/wp-json\/wp\/v2\/pages\/5260","targetHints":{"allow":["GET"]}}],"collection":[{"href":"https:\/\/pg-markt-rettenbach.de\/startseite\/wp-json\/wp\/v2\/pages"}],"about":[{"href":"https:\/\/pg-markt-rettenbach.de\/startseite\/wp-json\/wp\/v2\/types\/page"}],"author":[{"embeddable":true,"href":"https:\/\/pg-markt-rettenbach.de\/startseite\/wp-json\/wp\/v2\/users\/1"}],"replies":[{"embeddable":true,"href":"https:\/\/pg-markt-rettenbach.de\/startseite\/wp-json\/wp\/v2\/comments?post=5260"}],"version-history":[{"count":10,"href":"https:\/\/pg-markt-rettenbach.de\/startseite\/wp-json\/wp\/v2\/pages\/5260\/revisions"}],"predecessor-version":[{"id":12988,"href":"https:\/\/pg-markt-rettenbach.de\/startseite\/wp-json\/wp\/v2\/pages\/5260\/revisions\/12988"}],"up":[{"embeddable":true,"href":"https:\/\/pg-markt-rettenbach.de\/startseite\/wp-json\/wp\/v2\/pages\/310"}],"wp:attachment":[{"href":"https:\/\/pg-markt-rettenbach.de\/startseite\/wp-json\/wp\/v2\/media?parent=5260"}],"curies":[{"name":"wp","href":"https:\/\/api.w.org\/{rel}","templated":true}]}}