{"id":59,"date":"2023-05-25T21:58:52","date_gmt":"2023-05-25T19:58:52","guid":{"rendered":"https:\/\/pg-markt-rettenbach.de\/neu\/?page_id=59"},"modified":"2023-08-27T19:49:14","modified_gmt":"2023-08-27T17:49:14","slug":"taufe","status":"publish","type":"page","link":"https:\/\/pg-markt-rettenbach.de\/startseite\/startseite\/unser-angebot\/taufe\/","title":{"rendered":"Taufe"},"content":{"rendered":"\t\t<div data-elementor-type=\"wp-page\" data-elementor-id=\"59\" class=\"elementor elementor-59\" data-elementor-post-type=\"page\">\n\t\t\t\t\t\t<section class=\"elementor-section elementor-top-section elementor-element elementor-element-a61a715 elementor-section-boxed elementor-section-height-default elementor-section-height-default\" data-id=\"a61a715\" data-element_type=\"section\" data-e-type=\"section\">\n\t\t\t\t\t\t<div class=\"elementor-container elementor-column-gap-default\">\n\t\t\t\t\t<div class=\"elementor-column elementor-col-100 elementor-top-column elementor-element elementor-element-f75eebf\" data-id=\"f75eebf\" data-element_type=\"column\" data-e-type=\"column\">\n\t\t\t<div class=\"elementor-widget-wrap elementor-element-populated\">\n\t\t\t\t\t\t<div class=\"elementor-element elementor-element-1678caf elementor-widget elementor-widget-heading\" data-id=\"1678caf\" data-element_type=\"widget\" data-e-type=\"widget\" data-widget_type=\"heading.default\">\n\t\t\t\t<div class=\"elementor-widget-container\">\n\t\t\t\t\t<h2 class=\"elementor-heading-title elementor-size-xl\">Die Taufe - Anfang des Christseins<\/h2>\t\t\t\t<\/div>\n\t\t\t\t<\/div>\n\t\t\t\t\t<\/div>\n\t\t<\/div>\n\t\t\t\t\t<\/div>\n\t\t<\/section>\n\t\t\t\t<section class=\"elementor-section elementor-top-section elementor-element elementor-element-3f91208 elementor-section-boxed elementor-section-height-default elementor-section-height-default\" data-id=\"3f91208\" data-element_type=\"section\" data-e-type=\"section\">\n\t\t\t\t\t\t<div class=\"elementor-container elementor-column-gap-default\">\n\t\t\t\t\t<div class=\"elementor-column elementor-col-100 elementor-top-column elementor-element elementor-element-015ecb6\" data-id=\"015ecb6\" data-element_type=\"column\" data-e-type=\"column\">\n\t\t\t<div class=\"elementor-widget-wrap elementor-element-populated\">\n\t\t\t\t\t\t<div class=\"elementor-element elementor-element-deb5406 elementor-widget elementor-widget-image\" data-id=\"deb5406\" data-element_type=\"widget\" data-e-type=\"widget\" data-widget_type=\"image.default\">\n\t\t\t\t<div class=\"elementor-widget-container\">\n\t\t\t\t\t\t\t\t\t\t\t\t\t\t\t<img fetchpriority=\"high\" decoding=\"async\" width=\"800\" height=\"448\" src=\"https:\/\/pg-markt-rettenbach.de\/wp-content\/uploads\/2023\/07\/Angebot-Taufe-Kindertaufe-1024x573.jpg\" class=\"attachment-large size-large wp-image-2847\" alt=\"\" srcset=\"https:\/\/pg-markt-rettenbach.de\/wp-content\/uploads\/2023\/07\/Angebot-Taufe-Kindertaufe-1024x573.jpg 1024w, https:\/\/pg-markt-rettenbach.de\/wp-content\/uploads\/2023\/07\/Angebot-Taufe-Kindertaufe-300x168.jpg 300w, https:\/\/pg-markt-rettenbach.de\/wp-content\/uploads\/2023\/07\/Angebot-Taufe-Kindertaufe-768x430.jpg 768w, https:\/\/pg-markt-rettenbach.de\/wp-content\/uploads\/2023\/07\/Angebot-Taufe-Kindertaufe.jpg 1261w\" sizes=\"(max-width: 800px) 100vw, 800px\" \/>\t\t\t\t\t\t\t\t\t\t\t\t\t\t\t<\/div>\n\t\t\t\t<\/div>\n\t\t\t\t\t<\/div>\n\t\t<\/div>\n\t\t\t\t\t<\/div>\n\t\t<\/section>\n\t\t\t\t<section class=\"elementor-section elementor-top-section elementor-element elementor-element-2836492c elementor-section-boxed elementor-section-height-default elementor-section-height-default\" data-id=\"2836492c\" data-element_type=\"section\" data-e-type=\"section\">\n\t\t\t\t\t\t<div class=\"elementor-container elementor-column-gap-default\">\n\t\t\t\t\t<div class=\"elementor-column elementor-col-100 elementor-top-column elementor-element elementor-element-104fcf87\" data-id=\"104fcf87\" data-element_type=\"column\" data-e-type=\"column\">\n\t\t\t<div class=\"elementor-widget-wrap elementor-element-populated\">\n\t\t\t\t\t\t<div class=\"elementor-element elementor-element-5564ddd0 elementor-widget__width-initial elementor-widget elementor-widget-text-editor\" data-id=\"5564ddd0\" data-element_type=\"widget\" data-e-type=\"widget\" data-widget_type=\"text-editor.default\">\n\t\t\t\t<div class=\"elementor-widget-container\">\n\t\t\t\t\t\t\t\t\t<p><\/p>\n<p>Die Taufe geh\u00f6rt zu den grundlegenden Sakramenten. Sakramente sind heilige Zeichen. Mit der Taufe wird ein Mensch Christ.<\/p>\n<p><\/p>\n<p><\/p>\n<h3><b>Taufe feiern in unserer Pfarreiengemeinschaft<\/b><\/h3>\n<p>Meist werden bei uns kleine Kinder getauft.\u00a0<\/p>\n<ul>\n<li>In diesem Fall ist der erste Schritt, das Kind zur Taufe anzumelden.<\/li>\n<li>Tauftermin ist in der Regel der Sonntag. \u00dcblicherweise kann eine Einzeltaufe am sp\u00e4ten Vormittag des Sonntags stattfinden oder Nachmittags. In unserer Pfarreiengemeinschaft sind die Standardzeiten 11.15 Uhr und 14.00 Uhr.<\/li>\n<\/ul>\n<p><\/p>\n<p><\/p>\n<p>Was braucht es zur Tauffeier? Au\u00dfer dem Kind (ohne Kind keine Taufe!) und dem Geistlichen ben\u00f6tigen Sie nicht viel: eine Taufkerze und &#8211; falls vorhanden &#8211; ein Taufkleid. Letzteres kann in einzelnen Kirchen auch von uns gestellt werden &#8211; fragen Sie uns! F\u00fcr die musikalische Gestaltung ist es m\u00f6glich, eine unserer Taufsinggruppen anzufragen.<\/p>\n<h3>Ort der Taufe<\/h3>\n<p>Wir taufen grunds\u00e4tzlich in den vier Pfarrkirchen unserer Pfarreiengemeinschaft. Dort befindet sich auch jeweils ein Taufstein, an dem die Taufe mit Wasser dann stattfindet. Sollten Sie die Taufe Ihres Kindes in einer Filial- oder Wallfahrtskirche bzw. in einer unserer Kapellen w\u00fcnschen, fragen Sie uns! Ausnahmen vom so genannten Pfarrkirchenprinzip, das die deutsche Bischofskonferenz vorgibt, machen wir in begr\u00fcndeten F\u00e4llen gerne.<\/p>\n<p><\/p>\n<p><\/p>\n<h3>Taufpaten<\/h3>\n<p>Wenn m\u00f6glich, sollen dem T\u00e4ufling Taufpaten zur Seite gestellt werden. Ideal sind zwei Taufpaten, ein m\u00e4nnlicher Taufpate und eine weibliche Taufpatin. Es gen\u00fcgt aber im Zweifel auch ein einziger Pate. Der aber muss <b>katholisch <\/b>sein, <b>gefirmt <\/b>und <b>nicht aus der Kirche ausgetreten<\/b>. Sollten Sie Schwierigkeiten haben, einen geeigneten Paten zu finden, fragen Sie uns! Wir finden bestimmt eine L\u00f6sung.<\/p>\n<p><\/p>\n<p><\/p>\n<h3>Anmeldung der Taufe<\/h3>\n<p>Bitte nehmen Sie Kontakt per Telefon (08392\/268), Email (<a href=\"mailto:pg.markt.rettenbach@bistum-augsburg.de\">pg.markt.rettenbach@bistum-augsburg.de<\/a>) oder mit dem Kontaktformular des <a href=\"https:\/\/pg-markt-rettenbach.de\/startseite\/ansprechpartner\/\">Pfarrb\u00fcros<\/a> mit uns auf. Wir pr\u00fcfen, ob der gew\u00fcnschte Termin m\u00f6glich ist und geben Ihnen direkt eine R\u00fcckmeldung.<\/p>\n<h3>Taufgespr\u00e4ch<\/h3>\n<p>Der n\u00e4chste Schritt ist die Vorbesprechung der Taufe mit dem Pfarrer. Wenn Sie bei uns wohnen, kommt der Pfarrer gew\u00f6hnlich zu Ihnen nach Hause. Wer ausw\u00e4rts wohnt und sein Kind bei uns taufen lassen will (weil er oder sie z.B. aus Markt Rettenbach stammt), den bitten wir, zu uns in den Pfarrhof zum Taufgespr\u00e4ch zu kommen. Im Taufgespr\u00e4ch wird der Ablauf besprochen. Aufgabe der Eltern ist es gew\u00f6hnlich, die F\u00fcrbitten vorzubereiten.\u00a0<\/p>\n<h3>Am Tag der Taufe<\/h3>\n<p>Damit die Tauffeier p\u00fcnktlich beginnen kann, ist es gut, sich rechtzeitig an der Kirche einzufinden. In den allermeisten F\u00e4llen klappt das auch. Wir beginnen bei gutem Wetter bisweilen an der Kirchent\u00fcr (manchmal geht das auch aufgrund des Verkehrsl\u00e4rms leider nicht). Der Pfarrer mit den Ministranten und ein Vertreter der Pfarrgemeinde hei\u00dfen Sie willkommen. Dann vollziehen wir miteinander den Ritus der Tauffeier. Am Ende bekommen Sie die Taufkurkunde bzw. das Familienstammbuch, das wir beim Taufgespr\u00e4ch einbehalten, wieder zur\u00fcck.\u00a0<\/p>\n<p><\/p>\n<p><\/p>\n<p><\/p>\t\t\t\t\t\t\t\t<\/div>\n\t\t\t\t<\/div>\n\t\t\t\t\t<\/div>\n\t\t<\/div>\n\t\t\t\t\t<\/div>\n\t\t<\/section>\n\t\t\t\t<section class=\"elementor-section elementor-top-section elementor-element elementor-element-f156ccf elementor-section-boxed elementor-section-height-default elementor-section-height-default\" data-id=\"f156ccf\" data-element_type=\"section\" data-e-type=\"section\">\n\t\t\t\t\t\t<div class=\"elementor-container elementor-column-gap-default\">\n\t\t\t\t\t<div class=\"elementor-column elementor-col-100 elementor-top-column elementor-element elementor-element-ab808cd\" data-id=\"ab808cd\" data-element_type=\"column\" data-e-type=\"column\">\n\t\t\t<div class=\"elementor-widget-wrap elementor-element-populated\">\n\t\t\t\t\t\t<div class=\"elementor-element elementor-element-e7357c4 elementor-widget elementor-widget-text-editor\" data-id=\"e7357c4\" data-element_type=\"widget\" data-e-type=\"widget\" data-widget_type=\"text-editor.default\">\n\t\t\t\t<div class=\"elementor-widget-container\">\n\t\t\t\t\t\t\t\t\t<h3>Hilfreiche Links:<\/h3>\t\t\t\t\t\t\t\t<\/div>\n\t\t\t\t<\/div>\n\t\t\t\t\t<\/div>\n\t\t<\/div>\n\t\t\t\t\t<\/div>\n\t\t<\/section>\n\t\t\t\t<section class=\"elementor-section elementor-top-section elementor-element elementor-element-b1736c6 elementor-section-boxed elementor-section-height-default elementor-section-height-default\" data-id=\"b1736c6\" data-element_type=\"section\" data-e-type=\"section\">\n\t\t\t\t\t\t<div class=\"elementor-container elementor-column-gap-default\">\n\t\t\t\t\t<div class=\"elementor-column elementor-col-100 elementor-top-column elementor-element elementor-element-d1e583c\" data-id=\"d1e583c\" data-element_type=\"column\" data-e-type=\"column\">\n\t\t\t<div class=\"elementor-widget-wrap elementor-element-populated\">\n\t\t\t\t\t\t<div class=\"elementor-element elementor-element-0950abb elementor-widget elementor-widget-text-editor\" data-id=\"0950abb\" data-element_type=\"widget\" data-e-type=\"widget\" data-widget_type=\"text-editor.default\">\n\t\t\t\t<div class=\"elementor-widget-container\">\n\t\t\t\t\t\t\t\t\t<p><a href=\"https:\/\/bistum-augsburg.de\/Glaube\/Sakramente\/Taufe\" target=\"_blank\" rel=\"noopener\">Die Taufe &#8211; Bistum Augsburg (bistum-augsburg.de)<\/a><\/p>\n<p>\u00a0<\/p>\t\t\t\t\t\t\t\t<\/div>\n\t\t\t\t<\/div>\n\t\t\t\t\t<\/div>\n\t\t<\/div>\n\t\t\t\t\t<\/div>\n\t\t<\/section>\n\t\t\t\t<section class=\"elementor-section elementor-top-section elementor-element elementor-element-b0bd223 elementor-section-boxed elementor-section-height-default elementor-section-height-default\" data-id=\"b0bd223\" data-element_type=\"section\" data-e-type=\"section\">\n\t\t\t\t\t\t<div class=\"elementor-container elementor-column-gap-default\">\n\t\t\t\t\t<div class=\"elementor-column elementor-col-100 elementor-top-column elementor-element elementor-element-04edc6d\" data-id=\"04edc6d\" data-element_type=\"column\" data-e-type=\"column\">\n\t\t\t<div class=\"elementor-widget-wrap elementor-element-populated\">\n\t\t\t\t\t\t<div class=\"elementor-element elementor-element-31ee114 elementor-widget elementor-widget-text-editor\" data-id=\"31ee114\" data-element_type=\"widget\" data-e-type=\"widget\" data-widget_type=\"text-editor.default\">\n\t\t\t\t<div class=\"elementor-widget-container\">\n\t\t\t\t\t\t\t\t\t<p><a href=\"https:\/\/www.katholisch.de\/artikel\/4500-taufe\" target=\"_blank\" rel=\"noopener\">Die Taufe \u2013 Das sollten Sie wissen! &#8211; katholisch.de<\/a><\/p>\t\t\t\t\t\t\t\t<\/div>\n\t\t\t\t<\/div>\n\t\t\t\t\t<\/div>\n\t\t<\/div>\n\t\t\t\t\t<\/div>\n\t\t<\/section>\n\t\t\t\t<section class=\"elementor-section elementor-top-section elementor-element elementor-element-75e7323 elementor-section-boxed elementor-section-height-default elementor-section-height-default\" data-id=\"75e7323\" data-element_type=\"section\" data-e-type=\"section\">\n\t\t\t\t\t\t<div class=\"elementor-container elementor-column-gap-default\">\n\t\t\t\t\t<div class=\"elementor-column elementor-col-100 elementor-top-column elementor-element elementor-element-79373cc\" data-id=\"79373cc\" data-element_type=\"column\" data-e-type=\"column\">\n\t\t\t<div class=\"elementor-widget-wrap elementor-element-populated\">\n\t\t\t\t\t\t<div class=\"elementor-element elementor-element-eff140a elementor-align-center elementor-widget elementor-widget-button\" data-id=\"eff140a\" data-element_type=\"widget\" data-e-type=\"widget\" data-widget_type=\"button.default\">\n\t\t\t\t<div class=\"elementor-widget-container\">\n\t\t\t\t\t\t\t\t\t<div class=\"elementor-button-wrapper\">\n\t\t\t\t\t<a class=\"elementor-button elementor-button-link elementor-size-lg\" href=\"https:\/\/pg-markt-rettenbach.de\/startseite\/ansprechpartner\/\">\n\t\t\t\t\t\t<span class=\"elementor-button-content-wrapper\">\n\t\t\t\t\t\t<span class=\"elementor-button-icon\">\n\t\t\t\t<i aria-hidden=\"true\" class=\"far fa-hand-paper\"><\/i>\t\t\t<\/span>\n\t\t\t\t\t\t\t\t\t<span class=\"elementor-button-text\">Der schnelle Klick ins Pfarrb\u00fcro <\/span>\n\t\t\t\t\t<\/span>\n\t\t\t\t\t<\/a>\n\t\t\t\t<\/div>\n\t\t\t\t\t\t\t\t<\/div>\n\t\t\t\t<\/div>\n\t\t\t\t<div class=\"elementor-element elementor-element-c431726 elementor-widget elementor-widget-spacer\" data-id=\"c431726\" data-element_type=\"widget\" data-e-type=\"widget\" data-widget_type=\"spacer.default\">\n\t\t\t\t<div class=\"elementor-widget-container\">\n\t\t\t\t\t\t\t<div class=\"elementor-spacer\">\n\t\t\t<div class=\"elementor-spacer-inner\"><\/div>\n\t\t<\/div>\n\t\t\t\t\t\t<\/div>\n\t\t\t\t<\/div>\n\t\t\t\t\t<\/div>\n\t\t<\/div>\n\t\t\t\t\t<\/div>\n\t\t<\/section>\n\t\t\t\t<section class=\"elementor-section elementor-top-section elementor-element elementor-element-7768e37 elementor-section-boxed elementor-section-height-default elementor-section-height-default\" data-id=\"7768e37\" data-element_type=\"section\" data-e-type=\"section\">\n\t\t\t\t\t\t<div class=\"elementor-container elementor-column-gap-default\">\n\t\t\t\t\t<div class=\"elementor-column elementor-col-100 elementor-top-column elementor-element elementor-element-bc3c769\" data-id=\"bc3c769\" data-element_type=\"column\" data-e-type=\"column\">\n\t\t\t<div class=\"elementor-widget-wrap\">\n\t\t\t\t\t\t\t<\/div>\n\t\t<\/div>\n\t\t\t\t\t<\/div>\n\t\t<\/section>\n\t\t\t\t<\/div>\n\t\t","protected":false},"excerpt":{"rendered":"<p>Die Taufe &#8211; Anfang des Christseins Die Taufe geh\u00f6rt zu den grundlegenden Sakramenten. Sakramente sind heilige Zeichen. Mit der Taufe wird ein Mensch Christ. Taufe feiern in unserer Pfarreiengemeinschaft Meist [&hellip;]<\/p>\n","protected":false},"author":1,"featured_media":0,"parent":24,"menu_order":110,"comment_status":"closed","ping_status":"closed","template":"","meta":{"_EventAllDay":false,"_EventTimezone":"","_EventStartDate":"","_EventEndDate":"","_EventStartDateUTC":"","_EventEndDateUTC":"","_EventShowMap":false,"_EventShowMapLink":false,"_EventURL":"","_EventCost":"","_EventCostDescription":"","_EventCurrencySymbol":"","_EventCurrencyCode":"","_EventCurrencyPosition":"","_EventDateTimeSeparator":"","_EventTimeRangeSeparator":"","_EventOrganizerID":[],"_EventVenueID":[],"_OrganizerEmail":"","_OrganizerPhone":"","_OrganizerWebsite":"","_VenueAddress":"","_VenueCity":"","_VenueCountry":"","_VenueProvince":"","_VenueState":"","_VenueZip":"","_VenuePhone":"","_VenueURL":"","_VenueStateProvince":"","_VenueLat":"","_VenueLng":"","_VenueShowMap":false,"_VenueShowMapLink":false,"footnotes":""},"class_list":["post-59","page","type-page","status-publish","hentry"],"_links":{"self":[{"href":"https:\/\/pg-markt-rettenbach.de\/startseite\/wp-json\/wp\/v2\/pages\/59","targetHints":{"allow":["GET"]}}],"collection":[{"href":"https:\/\/pg-markt-rettenbach.de\/startseite\/wp-json\/wp\/v2\/pages"}],"about":[{"href":"https:\/\/pg-markt-rettenbach.de\/startseite\/wp-json\/wp\/v2\/types\/page"}],"author":[{"embeddable":true,"href":"https:\/\/pg-markt-rettenbach.de\/startseite\/wp-json\/wp\/v2\/users\/1"}],"replies":[{"embeddable":true,"href":"https:\/\/pg-markt-rettenbach.de\/startseite\/wp-json\/wp\/v2\/comments?post=59"}],"version-history":[{"count":10,"href":"https:\/\/pg-markt-rettenbach.de\/startseite\/wp-json\/wp\/v2\/pages\/59\/revisions"}],"predecessor-version":[{"id":4247,"href":"https:\/\/pg-markt-rettenbach.de\/startseite\/wp-json\/wp\/v2\/pages\/59\/revisions\/4247"}],"up":[{"embeddable":true,"href":"https:\/\/pg-markt-rettenbach.de\/startseite\/wp-json\/wp\/v2\/pages\/24"}],"wp:attachment":[{"href":"https:\/\/pg-markt-rettenbach.de\/startseite\/wp-json\/wp\/v2\/media?parent=59"}],"curies":[{"name":"wp","href":"https:\/\/api.w.org\/{rel}","templated":true}]}}