{"id":5994,"date":"2023-09-23T14:21:39","date_gmt":"2023-09-23T12:21:39","guid":{"rendered":"https:\/\/pg-markt-rettenbach.de\/startseite\/?page_id=5994"},"modified":"2023-09-26T15:46:48","modified_gmt":"2023-09-26T13:46:48","slug":"kapelle-vorderbuchenbrunn","status":"publish","type":"page","link":"https:\/\/pg-markt-rettenbach.de\/startseite\/startseite\/pfarreien\/st-jakobus-markt-rettenbach\/kapelle-vorderbuchenbrunn\/","title":{"rendered":"Kapelle Vorderbuchenbrunn"},"content":{"rendered":"\t\t<div data-elementor-type=\"wp-page\" data-elementor-id=\"5994\" class=\"elementor elementor-5994\" data-elementor-post-type=\"page\">\n\t\t\t\t\t\t<section class=\"elementor-section elementor-top-section elementor-element elementor-element-cbc0a4a elementor-section-boxed elementor-section-height-default elementor-section-height-default\" data-id=\"cbc0a4a\" data-element_type=\"section\" data-e-type=\"section\">\n\t\t\t\t\t\t<div class=\"elementor-container elementor-column-gap-default\">\n\t\t\t\t\t<div class=\"elementor-column elementor-col-100 elementor-top-column elementor-element elementor-element-b338ee4\" data-id=\"b338ee4\" data-element_type=\"column\" data-e-type=\"column\">\n\t\t\t<div class=\"elementor-widget-wrap elementor-element-populated\">\n\t\t\t\t\t\t<div class=\"elementor-element elementor-element-e689ba7 elementor-widget elementor-widget-image\" data-id=\"e689ba7\" data-element_type=\"widget\" data-e-type=\"widget\" data-widget_type=\"image.default\">\n\t\t\t\t<div class=\"elementor-widget-container\">\n\t\t\t\t\t\t\t\t\t\t\t\t\t\t\t<img fetchpriority=\"high\" decoding=\"async\" width=\"1259\" height=\"577\" src=\"https:\/\/pg-markt-rettenbach.de\/wp-content\/uploads\/2023\/09\/MR-Kapelle-Vorderbuchenbrunn-innen.jpg\" class=\"attachment-1536x1536 size-1536x1536 wp-image-5996\" alt=\"\" srcset=\"https:\/\/pg-markt-rettenbach.de\/wp-content\/uploads\/2023\/09\/MR-Kapelle-Vorderbuchenbrunn-innen.jpg 1259w, https:\/\/pg-markt-rettenbach.de\/wp-content\/uploads\/2023\/09\/MR-Kapelle-Vorderbuchenbrunn-innen-300x137.jpg 300w, https:\/\/pg-markt-rettenbach.de\/wp-content\/uploads\/2023\/09\/MR-Kapelle-Vorderbuchenbrunn-innen-1024x469.jpg 1024w, https:\/\/pg-markt-rettenbach.de\/wp-content\/uploads\/2023\/09\/MR-Kapelle-Vorderbuchenbrunn-innen-768x352.jpg 768w\" sizes=\"(max-width: 1259px) 100vw, 1259px\" \/>\t\t\t\t\t\t\t\t\t\t\t\t\t\t\t<\/div>\n\t\t\t\t<\/div>\n\t\t\t\t\t<\/div>\n\t\t<\/div>\n\t\t\t\t\t<\/div>\n\t\t<\/section>\n\t\t\t\t<section class=\"elementor-section elementor-top-section elementor-element elementor-element-bbc850a elementor-section-boxed elementor-section-height-default elementor-section-height-default\" data-id=\"bbc850a\" data-element_type=\"section\" data-e-type=\"section\">\n\t\t\t\t\t\t<div class=\"elementor-container elementor-column-gap-default\">\n\t\t\t\t\t<div class=\"elementor-column elementor-col-100 elementor-top-column elementor-element elementor-element-bd34157\" data-id=\"bd34157\" data-element_type=\"column\" data-e-type=\"column\">\n\t\t\t<div class=\"elementor-widget-wrap elementor-element-populated\">\n\t\t\t\t\t\t<div class=\"elementor-element elementor-element-31b8f6e elementor-widget elementor-widget-heading\" data-id=\"31b8f6e\" data-element_type=\"widget\" data-e-type=\"widget\" data-widget_type=\"heading.default\">\n\t\t\t\t<div class=\"elementor-widget-container\">\n\t\t\t\t\t<h2 class=\"elementor-heading-title elementor-size-xl\">Kapelle St. Katharina Vorderbuchenbrunn<\/h2>\t\t\t\t<\/div>\n\t\t\t\t<\/div>\n\t\t\t\t\t<\/div>\n\t\t<\/div>\n\t\t\t\t\t<\/div>\n\t\t<\/section>\n\t\t\t\t<section class=\"elementor-section elementor-top-section elementor-element elementor-element-757c37f elementor-section-boxed elementor-section-height-default elementor-section-height-default\" data-id=\"757c37f\" data-element_type=\"section\" data-e-type=\"section\">\n\t\t\t\t\t\t<div class=\"elementor-container elementor-column-gap-default\">\n\t\t\t\t\t<div class=\"elementor-column elementor-col-100 elementor-top-column elementor-element elementor-element-a53fe5f\" data-id=\"a53fe5f\" data-element_type=\"column\" data-e-type=\"column\">\n\t\t\t<div class=\"elementor-widget-wrap elementor-element-populated\">\n\t\t\t\t\t\t<div class=\"elementor-element elementor-element-cf12ea7 elementor-widget elementor-widget-text-editor\" data-id=\"cf12ea7\" data-element_type=\"widget\" data-e-type=\"widget\" data-widget_type=\"text-editor.default\">\n\t\t\t\t<div class=\"elementor-widget-container\">\n\t\t\t\t\t\t\t\t\t<p>Der Kapellenbau stammt aus dem fr\u00fchen 18. Jahrhundert und enth\u00e4lt neben einer Christusfigur und einem Kruzifix einen marmorierten Altar, der um 1700 datiert wird. Die W\u00e4nde im hinteren Langhaus schm\u00fccken Kreuzwegbilder.<\/p><p><b>Kapellenpatronin: hl. Katharina von Siena (1347-1380)<\/b><\/p>\t\t\t\t\t\t\t\t<\/div>\n\t\t\t\t<\/div>\n\t\t\t\t\t<\/div>\n\t\t<\/div>\n\t\t\t\t\t<\/div>\n\t\t<\/section>\n\t\t\t\t<section class=\"elementor-section elementor-top-section elementor-element elementor-element-c25c781 elementor-section-boxed elementor-section-height-default elementor-section-height-default\" data-id=\"c25c781\" data-element_type=\"section\" data-e-type=\"section\">\n\t\t\t\t\t\t<div class=\"elementor-container elementor-column-gap-default\">\n\t\t\t\t\t<div class=\"elementor-column elementor-col-50 elementor-top-column elementor-element elementor-element-e5cc1c2\" data-id=\"e5cc1c2\" data-element_type=\"column\" data-e-type=\"column\">\n\t\t\t<div class=\"elementor-widget-wrap elementor-element-populated\">\n\t\t\t\t\t\t<div class=\"elementor-element elementor-element-1002262 elementor-widget elementor-widget-text-editor\" data-id=\"1002262\" data-element_type=\"widget\" data-e-type=\"widget\" data-widget_type=\"text-editor.default\">\n\t\t\t\t<div class=\"elementor-widget-container\">\n\t\t\t\t\t\t\t\t\t<p><span style=\"color: var( --e-global-color-text ); font-family: var( --e-global-typography-text-font-family ), Sans-serif; font-size: var( --e-global-typography-text-font-size ); font-weight: var( --e-global-typography-text-font-weight );\">Um den 29. April feiern die Vorderbuchenbrunner ihr &#8222;Fest&#8220;. Meist an einem Freitagabend geschieht dies im Rahmen einer heiligen Messe zu Ehren der hl. Katharina mit anschlie\u00dfender Einkehr in der nahen Katzbruim\u00fchle.\u00a0<\/span><\/p><p>Das <b>Altarbild <\/b>zeigt die hl. Katharina. Dort sind mehrere Motive miteinander verwoben: die heilige Familie mit Maria, Josef und dem Jesuskind samt dem Verk\u00fcndigungsengel. Dann die Verm\u00e4hlung der hl. Katharina von Siena mit Jesus: Diese geht auf eine Vision der Heiligen zur\u00fcck, als sie sechs Jahre alt war: Jesus steckte ihr einen Verm\u00e4hlungsring an, und fortan lebte sie als Braut Christi. Das \u00c4u\u00dfere der hl. Katharina auf dem Altarbild erinnert allerdings an ihre Namenspatronin, der hl. Katharina von Alexandrien. Diese war von vornehmer Herkunft und erlitt im Jahr 305 das Martyrium. Das zerbrochene Rad in der rechten unteren Ecke erinnert daran.<\/p><p><b>Katharina von Siena<\/b> war eine der einflussreichsten Pers\u00f6nlichkeiten ihrer Zeit. Als Ordensfrau und Dominikanerin \u00e4u\u00dferte sie sich \u00f6ffentlich zu politischen und kirchlichen Fragen. Legend\u00e4r ist ihre Reise nach Avignon, wo sie den im politischen Exil lebenden Papst \u00fcberzeugen konnte, nach Rom zur\u00fcck zu reisen.<\/p>\t\t\t\t\t\t\t\t<\/div>\n\t\t\t\t<\/div>\n\t\t\t\t\t<\/div>\n\t\t<\/div>\n\t\t\t\t<div class=\"elementor-column elementor-col-50 elementor-top-column elementor-element elementor-element-058ce3b\" data-id=\"058ce3b\" data-element_type=\"column\" data-e-type=\"column\">\n\t\t\t<div class=\"elementor-widget-wrap elementor-element-populated\">\n\t\t\t\t\t\t<div class=\"elementor-element elementor-element-1916c4a elementor-widget elementor-widget-image\" data-id=\"1916c4a\" data-element_type=\"widget\" data-e-type=\"widget\" data-widget_type=\"image.default\">\n\t\t\t\t<div class=\"elementor-widget-container\">\n\t\t\t\t\t\t\t\t\t\t\t\t\t\t\t<img decoding=\"async\" width=\"511\" height=\"768\" src=\"https:\/\/pg-markt-rettenbach.de\/wp-content\/uploads\/2023\/09\/MR-Kapelle-Vorderbuchenbrunn-Altarbild.jpg\" class=\"attachment-medium_large size-medium_large wp-image-5997\" alt=\"\" srcset=\"https:\/\/pg-markt-rettenbach.de\/wp-content\/uploads\/2023\/09\/MR-Kapelle-Vorderbuchenbrunn-Altarbild.jpg 511w, https:\/\/pg-markt-rettenbach.de\/wp-content\/uploads\/2023\/09\/MR-Kapelle-Vorderbuchenbrunn-Altarbild-200x300.jpg 200w\" sizes=\"(max-width: 511px) 100vw, 511px\" \/>\t\t\t\t\t\t\t\t\t\t\t\t\t\t\t<\/div>\n\t\t\t\t<\/div>\n\t\t\t\t\t<\/div>\n\t\t<\/div>\n\t\t\t\t\t<\/div>\n\t\t<\/section>\n\t\t\t\t<section class=\"elementor-section elementor-top-section elementor-element elementor-element-df6bebe elementor-section-boxed elementor-section-height-default elementor-section-height-default\" data-id=\"df6bebe\" data-element_type=\"section\" data-e-type=\"section\">\n\t\t\t\t\t\t<div class=\"elementor-container elementor-column-gap-default\">\n\t\t\t\t\t<div class=\"elementor-column elementor-col-100 elementor-top-column elementor-element elementor-element-4c2f993\" data-id=\"4c2f993\" data-element_type=\"column\" data-e-type=\"column\">\n\t\t\t<div class=\"elementor-widget-wrap elementor-element-populated\">\n\t\t\t\t\t\t<div class=\"elementor-element elementor-element-7a7a592 elementor-widget elementor-widget-text-editor\" data-id=\"7a7a592\" data-element_type=\"widget\" data-e-type=\"widget\" data-widget_type=\"text-editor.default\">\n\t\t\t\t<div class=\"elementor-widget-container\">\n\t\t\t\t\t\t\t\t\t<p>Bei der Pflege von Pestkranken zog sich Katharina die Krankheit selbst zu und starb daran noch sehr jung am 29. April 1380. An ihrem Grab ereigneten sich bald erste Wunder. Bei der Exhumierung ihres Leichnams 1430 stellte sich heraus, dass dieser v\u00f6llig unversehrt war &#8211; ein wichtiges Zeichen f\u00fcr ihre Heiligsprechung, die 1461 erfolgte. 1970 erkl\u00e4rte sie Papst Paul VI. aufgrund ihrer vielen theologisch exzellent verfassten Briefe zur Kirchenlehrerin, 1999 Papst Johannes Paul II. zur Schutzpatronin Europas.<\/p>\t\t\t\t\t\t\t\t<\/div>\n\t\t\t\t<\/div>\n\t\t\t\t\t<\/div>\n\t\t<\/div>\n\t\t\t\t\t<\/div>\n\t\t<\/section>\n\t\t\t\t<section class=\"elementor-section elementor-top-section elementor-element elementor-element-8cd11cf elementor-section-boxed elementor-section-height-default elementor-section-height-default\" data-id=\"8cd11cf\" data-element_type=\"section\" data-e-type=\"section\">\n\t\t\t\t\t\t<div class=\"elementor-container elementor-column-gap-default\">\n\t\t\t\t\t<div class=\"elementor-column elementor-col-100 elementor-top-column elementor-element elementor-element-407e4ed\" data-id=\"407e4ed\" data-element_type=\"column\" data-e-type=\"column\">\n\t\t\t<div class=\"elementor-widget-wrap elementor-element-populated\">\n\t\t\t\t\t\t<div class=\"elementor-element elementor-element-382b31e elementor-widget elementor-widget-spacer\" data-id=\"382b31e\" data-element_type=\"widget\" data-e-type=\"widget\" data-widget_type=\"spacer.default\">\n\t\t\t\t<div class=\"elementor-widget-container\">\n\t\t\t\t\t\t\t<div class=\"elementor-spacer\">\n\t\t\t<div class=\"elementor-spacer-inner\"><\/div>\n\t\t<\/div>\n\t\t\t\t\t\t<\/div>\n\t\t\t\t<\/div>\n\t\t\t\t\t<\/div>\n\t\t<\/div>\n\t\t\t\t\t<\/div>\n\t\t<\/section>\n\t\t\t\t<\/div>\n\t\t","protected":false},"excerpt":{"rendered":"<p>Kapelle St. Katharina Vorderbuchenbrunn Der Kapellenbau stammt aus dem fr\u00fchen 18. Jahrhundert und enth\u00e4lt neben einer Christusfigur und einem Kruzifix einen marmorierten Altar, der um 1700 datiert wird. Die W\u00e4nde [&hellip;]<\/p>\n","protected":false},"author":1,"featured_media":0,"parent":305,"menu_order":316,"comment_status":"closed","ping_status":"closed","template":"","meta":{"_EventAllDay":false,"_EventTimezone":"","_EventStartDate":"","_EventEndDate":"","_EventStartDateUTC":"","_EventEndDateUTC":"","_EventShowMap":false,"_EventShowMapLink":false,"_EventURL":"","_EventCost":"","_EventCostDescription":"","_EventCurrencySymbol":"","_EventCurrencyCode":"","_EventCurrencyPosition":"","_EventDateTimeSeparator":"","_EventTimeRangeSeparator":"","_EventOrganizerID":[],"_EventVenueID":[],"_OrganizerEmail":"","_OrganizerPhone":"","_OrganizerWebsite":"","_VenueAddress":"","_VenueCity":"","_VenueCountry":"","_VenueProvince":"","_VenueState":"","_VenueZip":"","_VenuePhone":"","_VenueURL":"","_VenueStateProvince":"","_VenueLat":"","_VenueLng":"","_VenueShowMap":false,"_VenueShowMapLink":false,"footnotes":""},"class_list":["post-5994","page","type-page","status-publish","hentry"],"_links":{"self":[{"href":"https:\/\/pg-markt-rettenbach.de\/startseite\/wp-json\/wp\/v2\/pages\/5994","targetHints":{"allow":["GET"]}}],"collection":[{"href":"https:\/\/pg-markt-rettenbach.de\/startseite\/wp-json\/wp\/v2\/pages"}],"about":[{"href":"https:\/\/pg-markt-rettenbach.de\/startseite\/wp-json\/wp\/v2\/types\/page"}],"author":[{"embeddable":true,"href":"https:\/\/pg-markt-rettenbach.de\/startseite\/wp-json\/wp\/v2\/users\/1"}],"replies":[{"embeddable":true,"href":"https:\/\/pg-markt-rettenbach.de\/startseite\/wp-json\/wp\/v2\/comments?post=5994"}],"version-history":[{"count":10,"href":"https:\/\/pg-markt-rettenbach.de\/startseite\/wp-json\/wp\/v2\/pages\/5994\/revisions"}],"predecessor-version":[{"id":6018,"href":"https:\/\/pg-markt-rettenbach.de\/startseite\/wp-json\/wp\/v2\/pages\/5994\/revisions\/6018"}],"up":[{"embeddable":true,"href":"https:\/\/pg-markt-rettenbach.de\/startseite\/wp-json\/wp\/v2\/pages\/305"}],"wp:attachment":[{"href":"https:\/\/pg-markt-rettenbach.de\/startseite\/wp-json\/wp\/v2\/media?parent=5994"}],"curies":[{"name":"wp","href":"https:\/\/api.w.org\/{rel}","templated":true}]}}