{"id":7223,"date":"2023-10-19T16:27:51","date_gmt":"2023-10-19T14:27:51","guid":{"rendered":"https:\/\/pg-markt-rettenbach.de\/startseite\/?page_id=7223"},"modified":"2024-10-08T14:26:18","modified_gmt":"2024-10-08T12:26:18","slug":"kapelle-zadels","status":"publish","type":"page","link":"https:\/\/pg-markt-rettenbach.de\/startseite\/startseite\/pfarreien\/st-blasius-engetried\/kapelle-zadels\/","title":{"rendered":"Kapelle Zadels"},"content":{"rendered":"\t\t<div data-elementor-type=\"wp-page\" data-elementor-id=\"7223\" class=\"elementor elementor-7223\" data-elementor-post-type=\"page\">\n\t\t\t\t\t\t<section class=\"elementor-section elementor-top-section elementor-element elementor-element-bbbcab1 elementor-section-boxed elementor-section-height-default elementor-section-height-default\" data-id=\"bbbcab1\" data-element_type=\"section\" data-e-type=\"section\">\n\t\t\t\t\t\t<div class=\"elementor-container elementor-column-gap-default\">\n\t\t\t\t\t<div class=\"elementor-column elementor-col-100 elementor-top-column elementor-element elementor-element-1e055a0\" data-id=\"1e055a0\" data-element_type=\"column\" data-e-type=\"column\">\n\t\t\t<div class=\"elementor-widget-wrap elementor-element-populated\">\n\t\t\t\t\t\t<div class=\"elementor-element elementor-element-4c24c4a elementor-widget elementor-widget-image\" data-id=\"4c24c4a\" data-element_type=\"widget\" data-e-type=\"widget\" data-widget_type=\"image.default\">\n\t\t\t\t<div class=\"elementor-widget-container\">\n\t\t\t\t\t\t\t\t\t\t\t\t\t\t\t<img fetchpriority=\"high\" decoding=\"async\" width=\"1262\" height=\"574\" src=\"https:\/\/pg-markt-rettenbach.de\/wp-content\/uploads\/2023\/10\/ER-Zadels-innen.jpg\" class=\"attachment-1536x1536 size-1536x1536 wp-image-7273\" alt=\"\" srcset=\"https:\/\/pg-markt-rettenbach.de\/wp-content\/uploads\/2023\/10\/ER-Zadels-innen.jpg 1262w, https:\/\/pg-markt-rettenbach.de\/wp-content\/uploads\/2023\/10\/ER-Zadels-innen-300x136.jpg 300w, https:\/\/pg-markt-rettenbach.de\/wp-content\/uploads\/2023\/10\/ER-Zadels-innen-1024x466.jpg 1024w, https:\/\/pg-markt-rettenbach.de\/wp-content\/uploads\/2023\/10\/ER-Zadels-innen-768x349.jpg 768w\" sizes=\"(max-width: 1262px) 100vw, 1262px\" \/>\t\t\t\t\t\t\t\t\t\t\t\t\t\t\t<\/div>\n\t\t\t\t<\/div>\n\t\t\t\t\t<\/div>\n\t\t<\/div>\n\t\t\t\t\t<\/div>\n\t\t<\/section>\n\t\t\t\t<section class=\"elementor-section elementor-top-section elementor-element elementor-element-2373f82 elementor-section-boxed elementor-section-height-default elementor-section-height-default\" data-id=\"2373f82\" data-element_type=\"section\" data-e-type=\"section\">\n\t\t\t\t\t\t<div class=\"elementor-container elementor-column-gap-default\">\n\t\t\t\t\t<div class=\"elementor-column elementor-col-100 elementor-top-column elementor-element elementor-element-d57530e\" data-id=\"d57530e\" data-element_type=\"column\" data-e-type=\"column\">\n\t\t\t<div class=\"elementor-widget-wrap elementor-element-populated\">\n\t\t\t\t\t\t<div class=\"elementor-element elementor-element-38b1819 elementor-widget elementor-widget-heading\" data-id=\"38b1819\" data-element_type=\"widget\" data-e-type=\"widget\" data-widget_type=\"heading.default\">\n\t\t\t\t<div class=\"elementor-widget-container\">\n\t\t\t\t\t<h2 class=\"elementor-heading-title elementor-size-xl\">Kapelle in Zadels<\/h2>\t\t\t\t<\/div>\n\t\t\t\t<\/div>\n\t\t\t\t<div class=\"elementor-element elementor-element-8e58512 elementor-widget elementor-widget-text-editor\" data-id=\"8e58512\" data-element_type=\"widget\" data-e-type=\"widget\" data-widget_type=\"text-editor.default\">\n\t\t\t\t<div class=\"elementor-widget-container\">\n\t\t\t\t\t\t\t\t\t<p>Die Kapelle in Zadels wurde 1938 anstelle eines h\u00f6lzernen Vorg\u00e4ngerbaus errichtet. Sie ist dem hl. Petrus von Alcantara geweiht, dessen Gedenktag au den 18. Oktober f\u00e4llt.\u00a0<\/p>\t\t\t\t\t\t\t\t<\/div>\n\t\t\t\t<\/div>\n\t\t\t\t\t<\/div>\n\t\t<\/div>\n\t\t\t\t\t<\/div>\n\t\t<\/section>\n\t\t\t\t<section class=\"elementor-section elementor-top-section elementor-element elementor-element-057f686 elementor-section-boxed elementor-section-height-default elementor-section-height-default\" data-id=\"057f686\" data-element_type=\"section\" data-e-type=\"section\">\n\t\t\t\t\t\t<div class=\"elementor-container elementor-column-gap-default\">\n\t\t\t\t\t<div class=\"elementor-column elementor-col-50 elementor-top-column elementor-element elementor-element-6fc36cb\" data-id=\"6fc36cb\" data-element_type=\"column\" data-e-type=\"column\">\n\t\t\t<div class=\"elementor-widget-wrap elementor-element-populated\">\n\t\t\t\t\t\t<div class=\"elementor-element elementor-element-de77535 elementor-widget elementor-widget-text-editor\" data-id=\"de77535\" data-element_type=\"widget\" data-e-type=\"widget\" data-widget_type=\"text-editor.default\">\n\t\t\t\t<div class=\"elementor-widget-container\">\n\t\t\t\t\t\t\t\t\t<p>Der hl. Petrus von Alcantara war ein Mystiker, Bu\u00dfprediger und Reformer des franziskanischen Ordens Er lebte von 1499 bis 1562 und wirkte in Spanien. Die Kirche begeht seinen Gedenktag\u00a0 aufgrund des Apostelfests vom hl. Lukas (18. Oktober) erst am Tag nach seinem Sterbetag. Die heilige Theresa von Avila lernte ihn als Ratgeber und Beichtvater zu sch\u00e4tzen.<\/p><p>Hervorgetan hat sich der hl. Petrus von Alcantara durch ein au\u00dfergew\u00f6hnlich asketisches Leben. Er versuchte dadurch, den Franziskanerorden zum urspr\u00fcnglichen Armutsideal zur\u00fcckzuf\u00fchren. Er und seine Ordensbr\u00fcder gingen barfu\u00df (daher nannte man die Vertreter seiner Richtung auch die Gemeinschaft der &#8222;Discalceaten&#8220;, also der &#8222;Unbeschuhten&#8220;). Seine Ordensangeh\u00f6rigen gingen nicht nur barfu\u00df, sie schliefen auch auf Holzbrettern und waren strengste Vegetarier. Petrus selbst mutete sich noch mehr zu: Hungern, Fasten, stundenlanges Knien, Selbstgei\u00dfelung und systematischer Schlafentzug (er schlief nie l\u00e4nger als 1 1\/2 Stunden; daher ist er Patron der Nachtw\u00e4chter). Angeblich trug er auch ein Hemd aus scharfkantigem Blech. Man kann seine Lebensweise als demonstrativen Protest gegen eine heidnische Lebensweise betrachten, die \u00e4hnlich wie heute von einer Verg\u00f6tzung des eigenen Leibes gepr\u00e4gt war.<\/p>\t\t\t\t\t\t\t\t<\/div>\n\t\t\t\t<\/div>\n\t\t\t\t<div class=\"elementor-element elementor-element-b6e6e7a elementor-widget elementor-widget-text-editor\" data-id=\"b6e6e7a\" data-element_type=\"widget\" data-e-type=\"widget\" data-widget_type=\"text-editor.default\">\n\t\t\t\t<div class=\"elementor-widget-container\">\n\t\t\t\t\t\t\t\t\t<p><i>Altarbild: Der hl. Petrus von Alcantara mit den Wundmalen und der Inspiration durch den Heiligen Geist<\/i><\/p>\t\t\t\t\t\t\t\t<\/div>\n\t\t\t\t<\/div>\n\t\t\t\t\t<\/div>\n\t\t<\/div>\n\t\t\t\t<div class=\"elementor-column elementor-col-50 elementor-top-column elementor-element elementor-element-26aa909\" data-id=\"26aa909\" data-element_type=\"column\" data-e-type=\"column\">\n\t\t\t<div class=\"elementor-widget-wrap elementor-element-populated\">\n\t\t\t\t\t\t<div class=\"elementor-element elementor-element-9f0a7ea elementor-widget elementor-widget-image\" data-id=\"9f0a7ea\" data-element_type=\"widget\" data-e-type=\"widget\" data-widget_type=\"image.default\">\n\t\t\t\t<div class=\"elementor-widget-container\">\n\t\t\t\t\t\t\t\t\t\t\t\t\t\t\t<img decoding=\"async\" width=\"344\" height=\"757\" src=\"https:\/\/pg-markt-rettenbach.de\/wp-content\/uploads\/2023\/10\/ER-Zadels-Altarbild.jpg\" class=\"attachment-large size-large wp-image-7274\" alt=\"\" srcset=\"https:\/\/pg-markt-rettenbach.de\/wp-content\/uploads\/2023\/10\/ER-Zadels-Altarbild.jpg 344w, https:\/\/pg-markt-rettenbach.de\/wp-content\/uploads\/2023\/10\/ER-Zadels-Altarbild-136x300.jpg 136w\" sizes=\"(max-width: 344px) 100vw, 344px\" \/>\t\t\t\t\t\t\t\t\t\t\t\t\t\t\t<\/div>\n\t\t\t\t<\/div>\n\t\t\t\t\t<\/div>\n\t\t<\/div>\n\t\t\t\t\t<\/div>\n\t\t<\/section>\n\t\t\t\t<section class=\"elementor-section elementor-top-section elementor-element elementor-element-b03f6e2 elementor-section-boxed elementor-section-height-default elementor-section-height-default\" data-id=\"b03f6e2\" data-element_type=\"section\" data-e-type=\"section\">\n\t\t\t\t\t\t<div class=\"elementor-container elementor-column-gap-default\">\n\t\t\t\t\t<div class=\"elementor-column elementor-col-50 elementor-top-column elementor-element elementor-element-6587e2d\" data-id=\"6587e2d\" data-element_type=\"column\" data-e-type=\"column\">\n\t\t\t<div class=\"elementor-widget-wrap elementor-element-populated\">\n\t\t\t\t\t\t<div class=\"elementor-element elementor-element-0a6a813 elementor-widget elementor-widget-image\" data-id=\"0a6a813\" data-element_type=\"widget\" data-e-type=\"widget\" data-widget_type=\"image.default\">\n\t\t\t\t<div class=\"elementor-widget-container\">\n\t\t\t\t\t\t\t\t\t\t\t\t\t\t\t<img decoding=\"async\" width=\"347\" height=\"773\" src=\"https:\/\/pg-markt-rettenbach.de\/wp-content\/uploads\/2023\/10\/ER-Kirche-Freiher-von-Stein.jpg\" class=\"attachment-large size-large wp-image-6575\" alt=\"\" srcset=\"https:\/\/pg-markt-rettenbach.de\/wp-content\/uploads\/2023\/10\/ER-Kirche-Freiher-von-Stein.jpg 347w, https:\/\/pg-markt-rettenbach.de\/wp-content\/uploads\/2023\/10\/ER-Kirche-Freiher-von-Stein-135x300.jpg 135w\" sizes=\"(max-width: 347px) 100vw, 347px\" \/>\t\t\t\t\t\t\t\t\t\t\t\t\t\t\t<\/div>\n\t\t\t\t<\/div>\n\t\t\t\t\t<\/div>\n\t\t<\/div>\n\t\t\t\t<div class=\"elementor-column elementor-col-50 elementor-top-column elementor-element elementor-element-8a5bbd3\" data-id=\"8a5bbd3\" data-element_type=\"column\" data-e-type=\"column\">\n\t\t\t<div class=\"elementor-widget-wrap elementor-element-populated\">\n\t\t\t\t\t\t<div class=\"elementor-element elementor-element-ad69cdd elementor-widget elementor-widget-text-editor\" data-id=\"ad69cdd\" data-element_type=\"widget\" data-e-type=\"widget\" data-widget_type=\"text-editor.default\">\n\t\t\t\t<div class=\"elementor-widget-container\">\n\t\t\t\t\t\t\t\t\t<p>Wie kommt die Kapelle in Zadels zu diesem in unserer Gegend ungew\u00f6hnlichen Patronat? Zusammenh\u00e4ngen d\u00fcrfte dies mit dem Leben und Wirken des Ritters Hans Caspar von Sch\u00f6nau zum Stein. Auf seinen vielen Kriegsfahrten kam er in Kontakt mit dem Gedankengut des Heiligen, von dem sich eine Statue am Hochaltar der Engetrieder Pfarrkirche befindet. Zwei weitere sollen sich fr\u00fcher in den zur Pfarrei geh\u00f6renden Kapellen befunden haben.<\/p><p>Die ehemalige Burg Stein konnte man von Zadels aus fr\u00fcher gut sehen; sie lag auf der anderen Seite des dazwischen liegenden Griestals. Schon lange geh\u00f6rt Zadels zur Pfarrei Engetried, so erkl\u00e4rt sich das ungew\u00f6hnliche Patrozinium, das wir in Zadels zu Ehren des hl. Petrus von Alcantara feiern.<\/p>\t\t\t\t\t\t\t\t<\/div>\n\t\t\t\t<\/div>\n\t\t\t\t<div class=\"elementor-element elementor-element-bf8bd14 elementor-widget elementor-widget-text-editor\" data-id=\"bf8bd14\" data-element_type=\"widget\" data-e-type=\"widget\" data-widget_type=\"text-editor.default\">\n\t\t\t\t<div class=\"elementor-widget-container\">\n\t\t\t\t\t\t\t\t\t<p><i>Grabmal des Ritters Hans Caspar von Sch\u00f6nau in der Engetrieder Pfarrkirche<\/i><\/p>\t\t\t\t\t\t\t\t<\/div>\n\t\t\t\t<\/div>\n\t\t\t\t\t<\/div>\n\t\t<\/div>\n\t\t\t\t\t<\/div>\n\t\t<\/section>\n\t\t\t\t<section class=\"elementor-section elementor-top-section elementor-element elementor-element-cb58df1 elementor-section-boxed elementor-section-height-default elementor-section-height-default\" data-id=\"cb58df1\" data-element_type=\"section\" data-e-type=\"section\">\n\t\t\t\t\t\t<div class=\"elementor-container elementor-column-gap-default\">\n\t\t\t\t\t<div class=\"elementor-column elementor-col-100 elementor-top-column elementor-element elementor-element-1a1f3e7\" data-id=\"1a1f3e7\" data-element_type=\"column\" data-e-type=\"column\">\n\t\t\t<div class=\"elementor-widget-wrap elementor-element-populated\">\n\t\t\t\t\t\t<div class=\"elementor-element elementor-element-7e6d15b elementor-widget elementor-widget-spacer\" data-id=\"7e6d15b\" data-element_type=\"widget\" data-e-type=\"widget\" data-widget_type=\"spacer.default\">\n\t\t\t\t<div class=\"elementor-widget-container\">\n\t\t\t\t\t\t\t<div class=\"elementor-spacer\">\n\t\t\t<div class=\"elementor-spacer-inner\"><\/div>\n\t\t<\/div>\n\t\t\t\t\t\t<\/div>\n\t\t\t\t<\/div>\n\t\t\t\t\t<\/div>\n\t\t<\/div>\n\t\t\t\t\t<\/div>\n\t\t<\/section>\n\t\t\t\t<\/div>\n\t\t","protected":false},"excerpt":{"rendered":"<p>Kapelle in Zadels Die Kapelle in Zadels wurde 1938 anstelle eines h\u00f6lzernen Vorg\u00e4ngerbaus errichtet. Sie ist dem hl. Petrus von Alcantara geweiht, dessen Gedenktag au den 18. Oktober f\u00e4llt.\u00a0 Der [&hellip;]<\/p>\n","protected":false},"author":1,"featured_media":0,"parent":310,"menu_order":333,"comment_status":"closed","ping_status":"closed","template":"","meta":{"_EventAllDay":false,"_EventTimezone":"","_EventStartDate":"","_EventEndDate":"","_EventStartDateUTC":"","_EventEndDateUTC":"","_EventShowMap":false,"_EventShowMapLink":false,"_EventURL":"","_EventCost":"","_EventCostDescription":"","_EventCurrencySymbol":"","_EventCurrencyCode":"","_EventCurrencyPosition":"","_EventDateTimeSeparator":"","_EventTimeRangeSeparator":"","_EventOrganizerID":[],"_EventVenueID":[],"_OrganizerEmail":"","_OrganizerPhone":"","_OrganizerWebsite":"","_VenueAddress":"","_VenueCity":"","_VenueCountry":"","_VenueProvince":"","_VenueState":"","_VenueZip":"","_VenuePhone":"","_VenueURL":"","_VenueStateProvince":"","_VenueLat":"","_VenueLng":"","_VenueShowMap":false,"_VenueShowMapLink":false,"footnotes":""},"class_list":["post-7223","page","type-page","status-publish","hentry"],"_links":{"self":[{"href":"https:\/\/pg-markt-rettenbach.de\/startseite\/wp-json\/wp\/v2\/pages\/7223","targetHints":{"allow":["GET"]}}],"collection":[{"href":"https:\/\/pg-markt-rettenbach.de\/startseite\/wp-json\/wp\/v2\/pages"}],"about":[{"href":"https:\/\/pg-markt-rettenbach.de\/startseite\/wp-json\/wp\/v2\/types\/page"}],"author":[{"embeddable":true,"href":"https:\/\/pg-markt-rettenbach.de\/startseite\/wp-json\/wp\/v2\/users\/1"}],"replies":[{"embeddable":true,"href":"https:\/\/pg-markt-rettenbach.de\/startseite\/wp-json\/wp\/v2\/comments?post=7223"}],"version-history":[{"count":10,"href":"https:\/\/pg-markt-rettenbach.de\/startseite\/wp-json\/wp\/v2\/pages\/7223\/revisions"}],"predecessor-version":[{"id":12976,"href":"https:\/\/pg-markt-rettenbach.de\/startseite\/wp-json\/wp\/v2\/pages\/7223\/revisions\/12976"}],"up":[{"embeddable":true,"href":"https:\/\/pg-markt-rettenbach.de\/startseite\/wp-json\/wp\/v2\/pages\/310"}],"wp:attachment":[{"href":"https:\/\/pg-markt-rettenbach.de\/startseite\/wp-json\/wp\/v2\/media?parent=7223"}],"curies":[{"name":"wp","href":"https:\/\/api.w.org\/{rel}","templated":true}]}}