{"id":728,"date":"2023-06-05T20:12:58","date_gmt":"2023-06-05T18:12:58","guid":{"rendered":"https:\/\/pg-markt-rettenbach.de\/neu\/?page_id=728"},"modified":"2024-05-21T15:21:48","modified_gmt":"2024-05-21T13:21:48","slug":"pfarrkirche-st-gordian-und-epimach","status":"publish","type":"page","link":"https:\/\/pg-markt-rettenbach.de\/startseite\/startseite\/pfarreien\/st-gordian-und-epimach-frechenrieden\/pfarrkirche-st-gordian-und-epimach\/","title":{"rendered":"Pfarrkirche St. Gordian und Epimach"},"content":{"rendered":"\t\t<div data-elementor-type=\"wp-page\" data-elementor-id=\"728\" class=\"elementor elementor-728\" data-elementor-post-type=\"page\">\n\t\t\t\t\t\t<section class=\"elementor-section elementor-top-section elementor-element elementor-element-cc55760 elementor-section-boxed elementor-section-height-default elementor-section-height-default\" data-id=\"cc55760\" data-element_type=\"section\" data-e-type=\"section\">\n\t\t\t\t\t\t<div class=\"elementor-container elementor-column-gap-default\">\n\t\t\t\t\t<div class=\"elementor-column elementor-col-100 elementor-top-column elementor-element elementor-element-a275af2\" data-id=\"a275af2\" data-element_type=\"column\" data-e-type=\"column\">\n\t\t\t<div class=\"elementor-widget-wrap elementor-element-populated\">\n\t\t\t\t\t\t<div class=\"elementor-element elementor-element-5e789bf elementor-widget elementor-widget-image\" data-id=\"5e789bf\" data-element_type=\"widget\" data-e-type=\"widget\" data-widget_type=\"image.default\">\n\t\t\t\t<div class=\"elementor-widget-container\">\n\t\t\t\t\t\t\t\t\t\t\t\t\t\t\t<img fetchpriority=\"high\" decoding=\"async\" width=\"1262\" height=\"584\" src=\"https:\/\/pg-markt-rettenbach.de\/wp-content\/uploads\/2023\/06\/FR-Kirche-Innenansicht.jpg\" class=\"attachment-1536x1536 size-1536x1536 wp-image-729\" alt=\"\" srcset=\"https:\/\/pg-markt-rettenbach.de\/wp-content\/uploads\/2023\/06\/FR-Kirche-Innenansicht.jpg 1262w, https:\/\/pg-markt-rettenbach.de\/wp-content\/uploads\/2023\/06\/FR-Kirche-Innenansicht-300x139.jpg 300w, https:\/\/pg-markt-rettenbach.de\/wp-content\/uploads\/2023\/06\/FR-Kirche-Innenansicht-1024x474.jpg 1024w, https:\/\/pg-markt-rettenbach.de\/wp-content\/uploads\/2023\/06\/FR-Kirche-Innenansicht-768x355.jpg 768w\" sizes=\"(max-width: 1262px) 100vw, 1262px\" \/>\t\t\t\t\t\t\t\t\t\t\t\t\t\t\t<\/div>\n\t\t\t\t<\/div>\n\t\t\t\t\t<\/div>\n\t\t<\/div>\n\t\t\t\t\t<\/div>\n\t\t<\/section>\n\t\t\t\t<section class=\"elementor-section elementor-top-section elementor-element elementor-element-4987294 elementor-section-boxed elementor-section-height-default elementor-section-height-default\" data-id=\"4987294\" data-element_type=\"section\" data-e-type=\"section\">\n\t\t\t\t\t\t<div class=\"elementor-container elementor-column-gap-default\">\n\t\t\t\t\t<div class=\"elementor-column elementor-col-100 elementor-top-column elementor-element elementor-element-3d9737c\" data-id=\"3d9737c\" data-element_type=\"column\" data-e-type=\"column\">\n\t\t\t<div class=\"elementor-widget-wrap elementor-element-populated\">\n\t\t\t\t\t\t<div class=\"elementor-element elementor-element-30c5e52 elementor-widget elementor-widget-heading\" data-id=\"30c5e52\" data-element_type=\"widget\" data-e-type=\"widget\" data-widget_type=\"heading.default\">\n\t\t\t\t<div class=\"elementor-widget-container\">\n\t\t\t\t\t<h2 class=\"elementor-heading-title elementor-size-xl\">Pfarrkirche St. Gordian und Epimach Frechenrieden<\/h2>\t\t\t\t<\/div>\n\t\t\t\t<\/div>\n\t\t\t\t\t<\/div>\n\t\t<\/div>\n\t\t\t\t\t<\/div>\n\t\t<\/section>\n\t\t\t\t<section class=\"elementor-section elementor-top-section elementor-element elementor-element-7e54857 elementor-section-boxed elementor-section-height-default elementor-section-height-default\" data-id=\"7e54857\" data-element_type=\"section\" data-e-type=\"section\">\n\t\t\t\t\t\t<div class=\"elementor-container elementor-column-gap-default\">\n\t\t\t\t\t<div class=\"elementor-column elementor-col-100 elementor-top-column elementor-element elementor-element-3142768\" data-id=\"3142768\" data-element_type=\"column\" data-e-type=\"column\">\n\t\t\t<div class=\"elementor-widget-wrap elementor-element-populated\">\n\t\t\t\t\t\t<div class=\"elementor-element elementor-element-0514e36 elementor-widget elementor-widget-text-editor\" data-id=\"0514e36\" data-element_type=\"widget\" data-e-type=\"widget\" data-widget_type=\"text-editor.default\">\n\t\t\t\t<div class=\"elementor-widget-container\">\n\t\t\t\t\t\t\t\t\t<p>Die heutige Pfarrkirche stammt aus der zweiten H\u00e4lfte des 15. Jahrhunderts, nachdem sich an der selben Stelle zuvor eine \u00e4ltere, vermutlich aus Holz gebaute Kirche befunden hat. Das Patronatsrecht \u00fcbte das Kloster Ottobeuren aus, das neben dem Kirchenbau auch f\u00fcr die Reliquien der hl. Gordian und Epimach gesorgt hat. \u00dcber dem Chorbogen erinnert das Wappen des Ottobeurer Abtes Rupertus Ne\u00df an die 1735 bis 1740 erfolgte Neugestaltung des Innenraums im Stil des Rokoko.<\/p>\n<p><!-- \/wp:paragraph --><!-- wp:paragraph --><\/p>\n<p>Die <strong>Patrone<\/strong> der Kirche <strong>St. Gordian und Epimach<\/strong> lebten zur Zeit der r\u00f6mischen Christenverfolgung und erlitten das Martyrium im Jahr 251 (Epimach) bzw. um 360 (Gordian).<\/p>\t\t\t\t\t\t\t\t<\/div>\n\t\t\t\t<\/div>\n\t\t\t\t\t<\/div>\n\t\t<\/div>\n\t\t\t\t\t<\/div>\n\t\t<\/section>\n\t\t\t\t<section class=\"elementor-section elementor-top-section elementor-element elementor-element-e3adcec elementor-section-boxed elementor-section-height-default elementor-section-height-default\" data-id=\"e3adcec\" data-element_type=\"section\" data-e-type=\"section\">\n\t\t\t\t\t\t<div class=\"elementor-container elementor-column-gap-default\">\n\t\t\t\t\t<div class=\"elementor-column elementor-col-100 elementor-top-column elementor-element elementor-element-39b7dae\" data-id=\"39b7dae\" data-element_type=\"column\" data-e-type=\"column\">\n\t\t\t<div class=\"elementor-widget-wrap elementor-element-populated\">\n\t\t\t\t\t\t<div class=\"elementor-element elementor-element-98a499f elementor-align-justify elementor-widget elementor-widget-button\" data-id=\"98a499f\" data-element_type=\"widget\" data-e-type=\"widget\" data-widget_type=\"button.default\">\n\t\t\t\t<div class=\"elementor-widget-container\">\n\t\t\t\t\t\t\t\t\t<div class=\"elementor-button-wrapper\">\n\t\t\t\t\t<a class=\"elementor-button elementor-button-link elementor-size-lg\" href=\"https:\/\/pg-markt-rettenbach.de\/wp-content\/uploads\/2023\/10\/Kirche-Frechenrieden.pptx\">\n\t\t\t\t\t\t<span class=\"elementor-button-content-wrapper\">\n\t\t\t\t\t\t\t\t\t<span class=\"elementor-button-text\">POWERPOINT-PR\u00c4SENTATION von Herrn Hermann Simon -  Kirche FRECHENRIEDEN<\/span>\n\t\t\t\t\t<\/span>\n\t\t\t\t\t<\/a>\n\t\t\t\t<\/div>\n\t\t\t\t\t\t\t\t<\/div>\n\t\t\t\t<\/div>\n\t\t\t\t\t<\/div>\n\t\t<\/div>\n\t\t\t\t\t<\/div>\n\t\t<\/section>\n\t\t\t\t<section class=\"elementor-section elementor-top-section elementor-element elementor-element-02de26b elementor-section-boxed elementor-section-height-default elementor-section-height-default\" data-id=\"02de26b\" data-element_type=\"section\" data-e-type=\"section\">\n\t\t\t\t\t\t<div class=\"elementor-container elementor-column-gap-default\">\n\t\t\t\t\t<div class=\"elementor-column elementor-col-100 elementor-top-column elementor-element elementor-element-fa9f4c1\" data-id=\"fa9f4c1\" data-element_type=\"column\" data-e-type=\"column\">\n\t\t\t<div class=\"elementor-widget-wrap elementor-element-populated\">\n\t\t\t\t\t\t<div class=\"elementor-element elementor-element-dd3374b elementor-widget elementor-widget-text-editor\" data-id=\"dd3374b\" data-element_type=\"widget\" data-e-type=\"widget\" data-widget_type=\"text-editor.default\">\n\t\t\t\t<div class=\"elementor-widget-container\">\n\t\t\t\t\t\t\t\t\t<h4 class=\"wp-block-heading\">Kleine Kirchengeschichte unserer Pfarrei St. Gordian und Epimach<\/h4>\n<p>Pfarrkirche St. Gordian und Epimach, Frechenrieden<\/p>\n<p>Im Jahre 838 n. Christus gab der damalige Illergaugraf den Weiler Rieden mit all seinen G\u00fctern an das Kloster Kempten. Vermutlich wurde damals schon eine kleine Holzkirche errichtet und den in dieser Region nicht gerade \u00fcblichen Schutzheiligen &#8222;St. Gordian und Epimach geweiht.Im Jahre 1167 beschenkte Abt Isingrin die Kirche mit Reliquien der beiden Heiligen. Das Dorf und somit seine Kirche geh\u00f6rte ab diesen Zeitpunkt zum Kloster Ottobeuren. Nach einem Erbschaftsstreit kam es zum Kleinkrieg zwischen den Rittern von Rieden und dem Kloster Ottobeuren. Bei dieser Auseinandersetzung erstach der hei\u00dfbl\u00fctige Ritter Egilolf den Knecht des Vogtes in der Kirche in Sontheim wo dieser sich hin gefl\u00fcchtet hatte. Seit dieser Zeit nannten die Bauern ihn und seine Nachkommen die &#8222;Frechen von Rieden&#8220;.<\/p>\n<p>Die heutige Kirche ist in der zweiten H\u00e4lfte des 15. Jahrhunderts gebaut 1582 bekam sie den heutigen Kirchturm unter Abt Kaspar Kindelmann von Ottobeuren.1735 \u2013 1740 wurde die Kirche unter Abt Ruppert Ness erneuert und im Zeitstil des Rokokos ausgeschm\u00fcckt. Noch heute erinnert sein Wappen \u00fcber dem Chorbogen an ihn.<\/p>\n<p><!-- \/wp:heading --><!-- wp:paragraph --> <!-- \/wp:paragraph --><!-- wp:paragraph --> <!-- \/wp:paragraph --><!-- wp:paragraph --> <!-- \/wp:paragraph --><!-- wp:paragraph --><\/p>\n<p>1920 wurde dann die Kirche um 2 Joche nach Westen erweitert und bot somit der wachsenden Kirchengemeinde mehr Platz zum Beten. In den Jahren zwischen 1987 bis 1997 wurden mehrere Sanierungen vorgenommen. Heute l\u00e4dt unsere sch\u00f6ne Pfarrkirche ein zum Verweilen im Gebet!<\/p>\t\t\t\t\t\t\t\t<\/div>\n\t\t\t\t<\/div>\n\t\t\t\t\t<\/div>\n\t\t<\/div>\n\t\t\t\t\t<\/div>\n\t\t<\/section>\n\t\t\t\t<section class=\"elementor-section elementor-top-section elementor-element elementor-element-8b0fb1d elementor-section-boxed elementor-section-height-default elementor-section-height-default\" data-id=\"8b0fb1d\" data-element_type=\"section\" data-e-type=\"section\">\n\t\t\t\t\t\t<div class=\"elementor-container elementor-column-gap-default\">\n\t\t\t\t\t<div class=\"elementor-column elementor-col-33 elementor-top-column elementor-element elementor-element-adefc5f\" data-id=\"adefc5f\" data-element_type=\"column\" data-e-type=\"column\">\n\t\t\t<div class=\"elementor-widget-wrap elementor-element-populated\">\n\t\t\t\t\t\t<div class=\"elementor-element elementor-element-94b11b2 elementor-widget elementor-widget-image\" data-id=\"94b11b2\" data-element_type=\"widget\" data-e-type=\"widget\" data-widget_type=\"image.default\">\n\t\t\t\t<div class=\"elementor-widget-container\">\n\t\t\t\t\t\t\t\t\t\t\t\t\t\t\t<img decoding=\"async\" width=\"351\" height=\"760\" src=\"https:\/\/pg-markt-rettenbach.de\/wp-content\/uploads\/2023\/09\/FR-Kirche-Hochaltar.jpg\" class=\"attachment-large size-large wp-image-5932\" alt=\"\" srcset=\"https:\/\/pg-markt-rettenbach.de\/wp-content\/uploads\/2023\/09\/FR-Kirche-Hochaltar.jpg 351w, https:\/\/pg-markt-rettenbach.de\/wp-content\/uploads\/2023\/09\/FR-Kirche-Hochaltar-139x300.jpg 139w\" sizes=\"(max-width: 351px) 100vw, 351px\" \/>\t\t\t\t\t\t\t\t\t\t\t\t\t\t\t<\/div>\n\t\t\t\t<\/div>\n\t\t\t\t<div class=\"elementor-element elementor-element-ab04125 elementor-widget elementor-widget-image\" data-id=\"ab04125\" data-element_type=\"widget\" data-e-type=\"widget\" data-widget_type=\"image.default\">\n\t\t\t\t<div class=\"elementor-widget-container\">\n\t\t\t\t\t\t\t\t\t\t\t\t\t\t\t<img decoding=\"async\" width=\"350\" height=\"758\" src=\"https:\/\/pg-markt-rettenbach.de\/wp-content\/uploads\/2023\/09\/FR-Kirche-Seitenaltar-links.jpg\" class=\"attachment-large size-large wp-image-5939\" alt=\"\" srcset=\"https:\/\/pg-markt-rettenbach.de\/wp-content\/uploads\/2023\/09\/FR-Kirche-Seitenaltar-links.jpg 350w, https:\/\/pg-markt-rettenbach.de\/wp-content\/uploads\/2023\/09\/FR-Kirche-Seitenaltar-links-139x300.jpg 139w\" sizes=\"(max-width: 350px) 100vw, 350px\" \/>\t\t\t\t\t\t\t\t\t\t\t\t\t\t\t<\/div>\n\t\t\t\t<\/div>\n\t\t\t\t\t<\/div>\n\t\t<\/div>\n\t\t\t\t<div class=\"elementor-column elementor-col-33 elementor-top-column elementor-element elementor-element-e741edb\" data-id=\"e741edb\" data-element_type=\"column\" data-e-type=\"column\">\n\t\t\t<div class=\"elementor-widget-wrap elementor-element-populated\">\n\t\t\t\t\t\t<div class=\"elementor-element elementor-element-0e3720a elementor-widget elementor-widget-text-editor\" data-id=\"0e3720a\" data-element_type=\"widget\" data-e-type=\"widget\" data-widget_type=\"text-editor.default\">\n\t\t\t\t<div class=\"elementor-widget-container\">\n\t\t\t\t\t\t\t\t\t<p><b>Innenausstattung<\/b><\/p>\n<p>Das <b>Wappen <\/b>am Chorbogen von Abt Rupert Ness weist hin auf eine jahrhundertelange Verbindung zur Benediktinerabtei im benachbarten Ottobeuren. Frechenrieden geh\u00f6rte von 1167 bis zur S\u00e4kularisation 1803 zu diesem Kloster.\u00a0<\/p>\n<p>Der <strong>Hochaltar<\/strong> zeigt im Altarbild die Muttergottes mit dem heiligen Dominikus. Der Hund zu dessen F\u00fc\u00dfen geht auf eine Verballhornung der lateinischen Bezeichnung des Dominikanerordens zur\u00fcck: &#8222;Domini canes&#8220; = &#8222;Hunde des Herrn&#8220;. Die Fackel im Maul des Hundes steht f\u00fcr das Licht des Glaubens, das der hl. Dominikus verbreitet hat. An den Seitentafeln der hl. Gordian und der hl. Epimach.<\/p>\n<p>Die Bilder an der <b>Emporenbr\u00fcstung<\/b> wurden bei der Romanisierung der Kirche im 19. Jh. \u00fcbermalt und konnten teilweise bei der Renovierung im Jahr 1951 wieder freigelegt werden. Die noch vorhandenen zeigen den Evangelisten Matth\u00e4us, die Geburt Christi, die Sendung des Heiligen Geistes und den Evangelisten Johannes.<\/p>\n<p>Das <b>Deckengem\u00e4lde <\/b>im Langhaus ist der Erhebung des heiligen Kreuzes im Jahr 335 gewidmet, es zeigt die Verehrung des Kreuzes durch Kaiser Heraklius und Kaiserin Helena. Historisch liegt diesem Ereignis die Weihe der Grabes- und Auferstehungskirche in Jerusalem zugrunde.<\/p>\n<p>Das selbe Motiv findet sich auf dem <b>linken Seitenaltar<\/b>. Oben ist dort ein Bild des heiligsten Herzens Jesu.<\/p>\n<p>Der <b>rechte Seitenaltar<\/b> zeigt das Martyrium des hl. Sebastian. Oben komplement\u00e4r zum linken Seitenaltar ein Bild des heiligsten Herzens Marias.\u00a0<\/p>\t\t\t\t\t\t\t\t<\/div>\n\t\t\t\t<\/div>\n\t\t\t\t\t<\/div>\n\t\t<\/div>\n\t\t\t\t<div class=\"elementor-column elementor-col-33 elementor-top-column elementor-element elementor-element-db0c07d\" data-id=\"db0c07d\" data-element_type=\"column\" data-e-type=\"column\">\n\t\t\t<div class=\"elementor-widget-wrap elementor-element-populated\">\n\t\t\t\t\t\t<div class=\"elementor-element elementor-element-1d7570b elementor-widget elementor-widget-image\" data-id=\"1d7570b\" data-element_type=\"widget\" data-e-type=\"widget\" data-widget_type=\"image.default\">\n\t\t\t\t<div class=\"elementor-widget-container\">\n\t\t\t\t\t\t\t\t\t\t\t\t\t\t\t<img loading=\"lazy\" decoding=\"async\" width=\"800\" height=\"629\" src=\"https:\/\/pg-markt-rettenbach.de\/wp-content\/uploads\/2023\/09\/FR-Kirche-Wappen.jpg\" class=\"attachment-large size-large wp-image-5934\" alt=\"\" srcset=\"https:\/\/pg-markt-rettenbach.de\/wp-content\/uploads\/2023\/09\/FR-Kirche-Wappen.jpg 871w, https:\/\/pg-markt-rettenbach.de\/wp-content\/uploads\/2023\/09\/FR-Kirche-Wappen-300x236.jpg 300w, https:\/\/pg-markt-rettenbach.de\/wp-content\/uploads\/2023\/09\/FR-Kirche-Wappen-768x604.jpg 768w\" sizes=\"(max-width: 800px) 100vw, 800px\" \/>\t\t\t\t\t\t\t\t\t\t\t\t\t\t\t<\/div>\n\t\t\t\t<\/div>\n\t\t\t\t<div class=\"elementor-element elementor-element-6bf5aa3 elementor-widget elementor-widget-image\" data-id=\"6bf5aa3\" data-element_type=\"widget\" data-e-type=\"widget\" data-widget_type=\"image.default\">\n\t\t\t\t<div class=\"elementor-widget-container\">\n\t\t\t\t\t\t\t\t\t\t\t\t\t\t\t<img loading=\"lazy\" decoding=\"async\" width=\"800\" height=\"367\" src=\"https:\/\/pg-markt-rettenbach.de\/wp-content\/uploads\/2023\/09\/FR-Kirche-Emporenbruestung-1024x470.jpg\" class=\"attachment-large size-large wp-image-5938\" alt=\"\" srcset=\"https:\/\/pg-markt-rettenbach.de\/wp-content\/uploads\/2023\/09\/FR-Kirche-Emporenbruestung-1024x470.jpg 1024w, https:\/\/pg-markt-rettenbach.de\/wp-content\/uploads\/2023\/09\/FR-Kirche-Emporenbruestung-300x138.jpg 300w, https:\/\/pg-markt-rettenbach.de\/wp-content\/uploads\/2023\/09\/FR-Kirche-Emporenbruestung-768x353.jpg 768w, https:\/\/pg-markt-rettenbach.de\/wp-content\/uploads\/2023\/09\/FR-Kirche-Emporenbruestung.jpg 1193w\" sizes=\"(max-width: 800px) 100vw, 800px\" \/>\t\t\t\t\t\t\t\t\t\t\t\t\t\t\t<\/div>\n\t\t\t\t<\/div>\n\t\t\t\t<div class=\"elementor-element elementor-element-e0cfeb4 elementor-widget elementor-widget-image\" data-id=\"e0cfeb4\" data-element_type=\"widget\" data-e-type=\"widget\" data-widget_type=\"image.default\">\n\t\t\t\t<div class=\"elementor-widget-container\">\n\t\t\t\t\t\t\t\t\t\t\t\t\t\t\t<img loading=\"lazy\" decoding=\"async\" width=\"435\" height=\"448\" src=\"https:\/\/pg-markt-rettenbach.de\/wp-content\/uploads\/2023\/09\/FR-Kirche-Deckengemaelde.jpg\" class=\"attachment-large size-large wp-image-5933\" alt=\"\" srcset=\"https:\/\/pg-markt-rettenbach.de\/wp-content\/uploads\/2023\/09\/FR-Kirche-Deckengemaelde.jpg 435w, https:\/\/pg-markt-rettenbach.de\/wp-content\/uploads\/2023\/09\/FR-Kirche-Deckengemaelde-291x300.jpg 291w\" sizes=\"(max-width: 435px) 100vw, 435px\" \/>\t\t\t\t\t\t\t\t\t\t\t\t\t\t\t<\/div>\n\t\t\t\t<\/div>\n\t\t\t\t<div class=\"elementor-element elementor-element-5a47f73 elementor-widget elementor-widget-image\" data-id=\"5a47f73\" data-element_type=\"widget\" data-e-type=\"widget\" data-widget_type=\"image.default\">\n\t\t\t\t<div class=\"elementor-widget-container\">\n\t\t\t\t\t\t\t\t\t\t\t\t\t\t\t<img loading=\"lazy\" decoding=\"async\" width=\"335\" height=\"760\" src=\"https:\/\/pg-markt-rettenbach.de\/wp-content\/uploads\/2023\/09\/FR-Kirche-Seitenaltar-rechts.jpg\" class=\"attachment-large size-large wp-image-5940\" alt=\"\" srcset=\"https:\/\/pg-markt-rettenbach.de\/wp-content\/uploads\/2023\/09\/FR-Kirche-Seitenaltar-rechts.jpg 335w, https:\/\/pg-markt-rettenbach.de\/wp-content\/uploads\/2023\/09\/FR-Kirche-Seitenaltar-rechts-132x300.jpg 132w\" sizes=\"(max-width: 335px) 100vw, 335px\" \/>\t\t\t\t\t\t\t\t\t\t\t\t\t\t\t<\/div>\n\t\t\t\t<\/div>\n\t\t\t\t\t<\/div>\n\t\t<\/div>\n\t\t\t\t\t<\/div>\n\t\t<\/section>\n\t\t\t\t<section class=\"elementor-section elementor-top-section elementor-element elementor-element-fb21e62 elementor-section-boxed elementor-section-height-default elementor-section-height-default\" data-id=\"fb21e62\" data-element_type=\"section\" data-e-type=\"section\">\n\t\t\t\t\t\t<div class=\"elementor-container elementor-column-gap-default\">\n\t\t\t\t\t<div class=\"elementor-column elementor-col-100 elementor-top-column elementor-element elementor-element-9b552b6\" data-id=\"9b552b6\" data-element_type=\"column\" data-e-type=\"column\">\n\t\t\t<div class=\"elementor-widget-wrap elementor-element-populated\">\n\t\t\t\t\t\t<div class=\"elementor-element elementor-element-4a132d7 elementor-widget elementor-widget-spacer\" data-id=\"4a132d7\" data-element_type=\"widget\" data-e-type=\"widget\" data-widget_type=\"spacer.default\">\n\t\t\t\t<div class=\"elementor-widget-container\">\n\t\t\t\t\t\t\t<div class=\"elementor-spacer\">\n\t\t\t<div class=\"elementor-spacer-inner\"><\/div>\n\t\t<\/div>\n\t\t\t\t\t\t<\/div>\n\t\t\t\t<\/div>\n\t\t\t\t<div class=\"elementor-element elementor-element-d116024 elementor-widget elementor-widget-image\" data-id=\"d116024\" data-element_type=\"widget\" data-e-type=\"widget\" data-widget_type=\"image.default\">\n\t\t\t\t<div class=\"elementor-widget-container\">\n\t\t\t\t\t\t\t\t\t\t\t\t\t\t\t<img loading=\"lazy\" decoding=\"async\" width=\"1536\" height=\"1143\" src=\"https:\/\/pg-markt-rettenbach.de\/wp-content\/uploads\/2023\/06\/FR_Kirche-1-1536x1143.jpg\" class=\"attachment-1536x1536 size-1536x1536 wp-image-734\" alt=\"\" srcset=\"https:\/\/pg-markt-rettenbach.de\/wp-content\/uploads\/2023\/06\/FR_Kirche-1-1536x1143.jpg 1536w, https:\/\/pg-markt-rettenbach.de\/wp-content\/uploads\/2023\/06\/FR_Kirche-1-300x223.jpg 300w, https:\/\/pg-markt-rettenbach.de\/wp-content\/uploads\/2023\/06\/FR_Kirche-1-1024x762.jpg 1024w, https:\/\/pg-markt-rettenbach.de\/wp-content\/uploads\/2023\/06\/FR_Kirche-1-768x572.jpg 768w, https:\/\/pg-markt-rettenbach.de\/wp-content\/uploads\/2023\/06\/FR_Kirche-1-2048x1524.jpg 2048w\" sizes=\"(max-width: 1536px) 100vw, 1536px\" \/>\t\t\t\t\t\t\t\t\t\t\t\t\t\t\t<\/div>\n\t\t\t\t<\/div>\n\t\t\t\t<div class=\"elementor-element elementor-element-712f74b elementor-widget elementor-widget-spacer\" data-id=\"712f74b\" data-element_type=\"widget\" data-e-type=\"widget\" data-widget_type=\"spacer.default\">\n\t\t\t\t<div class=\"elementor-widget-container\">\n\t\t\t\t\t\t\t<div class=\"elementor-spacer\">\n\t\t\t<div class=\"elementor-spacer-inner\"><\/div>\n\t\t<\/div>\n\t\t\t\t\t\t<\/div>\n\t\t\t\t<\/div>\n\t\t\t\t\t<\/div>\n\t\t<\/div>\n\t\t\t\t\t<\/div>\n\t\t<\/section>\n\t\t\t\t<\/div>\n\t\t","protected":false},"excerpt":{"rendered":"<p>Pfarrkirche St. Gordian und Epimach Frechenrieden Die heutige Pfarrkirche stammt aus der zweiten H\u00e4lfte des 15. Jahrhunderts, nachdem sich an der selben Stelle zuvor eine \u00e4ltere, vermutlich aus Holz gebaute [&hellip;]<\/p>\n","protected":false},"author":1,"featured_media":0,"parent":318,"menu_order":355,"comment_status":"closed","ping_status":"closed","template":"","meta":{"_EventAllDay":false,"_EventTimezone":"","_EventStartDate":"","_EventEndDate":"","_EventStartDateUTC":"","_EventEndDateUTC":"","_EventShowMap":false,"_EventShowMapLink":false,"_EventURL":"","_EventCost":"","_EventCostDescription":"","_EventCurrencySymbol":"","_EventCurrencyCode":"","_EventCurrencyPosition":"","_EventDateTimeSeparator":"","_EventTimeRangeSeparator":"","_EventOrganizerID":[],"_EventVenueID":[],"_OrganizerEmail":"","_OrganizerPhone":"","_OrganizerWebsite":"","_VenueAddress":"","_VenueCity":"","_VenueCountry":"","_VenueProvince":"","_VenueState":"","_VenueZip":"","_VenuePhone":"","_VenueURL":"","_VenueStateProvince":"","_VenueLat":"","_VenueLng":"","_VenueShowMap":false,"_VenueShowMapLink":false,"footnotes":""},"class_list":["post-728","page","type-page","status-publish","hentry"],"_links":{"self":[{"href":"https:\/\/pg-markt-rettenbach.de\/startseite\/wp-json\/wp\/v2\/pages\/728","targetHints":{"allow":["GET"]}}],"collection":[{"href":"https:\/\/pg-markt-rettenbach.de\/startseite\/wp-json\/wp\/v2\/pages"}],"about":[{"href":"https:\/\/pg-markt-rettenbach.de\/startseite\/wp-json\/wp\/v2\/types\/page"}],"author":[{"embeddable":true,"href":"https:\/\/pg-markt-rettenbach.de\/startseite\/wp-json\/wp\/v2\/users\/1"}],"replies":[{"embeddable":true,"href":"https:\/\/pg-markt-rettenbach.de\/startseite\/wp-json\/wp\/v2\/comments?post=728"}],"version-history":[{"count":10,"href":"https:\/\/pg-markt-rettenbach.de\/startseite\/wp-json\/wp\/v2\/pages\/728\/revisions"}],"predecessor-version":[{"id":11133,"href":"https:\/\/pg-markt-rettenbach.de\/startseite\/wp-json\/wp\/v2\/pages\/728\/revisions\/11133"}],"up":[{"embeddable":true,"href":"https:\/\/pg-markt-rettenbach.de\/startseite\/wp-json\/wp\/v2\/pages\/318"}],"wp:attachment":[{"href":"https:\/\/pg-markt-rettenbach.de\/startseite\/wp-json\/wp\/v2\/media?parent=728"}],"curies":[{"name":"wp","href":"https:\/\/api.w.org\/{rel}","templated":true}]}}