{"id":771,"date":"2023-06-05T22:21:10","date_gmt":"2023-06-05T20:21:10","guid":{"rendered":"https:\/\/pg-markt-rettenbach.de\/neu\/?page_id=771"},"modified":"2026-03-27T10:40:57","modified_gmt":"2026-03-27T09:40:57","slug":"katholische-landjugend-frechenrieden","status":"publish","type":"page","link":"https:\/\/pg-markt-rettenbach.de\/startseite\/startseite\/pfarreien\/st-gordian-und-epimach-frechenrieden\/katholische-landjugend-frechenrieden\/","title":{"rendered":"Katholische Landjugend Frechenrieden"},"content":{"rendered":"\t\t<div data-elementor-type=\"wp-page\" data-elementor-id=\"771\" class=\"elementor elementor-771\" data-elementor-post-type=\"page\">\n\t\t\t\t\t\t<section class=\"elementor-section elementor-top-section elementor-element elementor-element-1efe347 elementor-section-boxed elementor-section-height-default elementor-section-height-default\" data-id=\"1efe347\" data-element_type=\"section\" data-e-type=\"section\">\n\t\t\t\t\t\t<div class=\"elementor-container elementor-column-gap-default\">\n\t\t\t\t\t<div class=\"elementor-column elementor-col-100 elementor-top-column elementor-element elementor-element-b01540a\" data-id=\"b01540a\" data-element_type=\"column\" data-e-type=\"column\">\n\t\t\t<div class=\"elementor-widget-wrap elementor-element-populated\">\n\t\t\t\t\t\t<div class=\"elementor-element elementor-element-a8de272 elementor-widget elementor-widget-heading\" data-id=\"a8de272\" data-element_type=\"widget\" data-e-type=\"widget\" data-widget_type=\"heading.default\">\n\t\t\t\t<div class=\"elementor-widget-container\">\n\t\t\t\t\t<h2 class=\"elementor-heading-title elementor-size-xl\">Katholische Landjugend Frechenrieden<\/h2>\t\t\t\t<\/div>\n\t\t\t\t<\/div>\n\t\t\t\t\t<\/div>\n\t\t<\/div>\n\t\t\t\t\t<\/div>\n\t\t<\/section>\n\t\t\t\t<section class=\"elementor-section elementor-top-section elementor-element elementor-element-6a39999 elementor-section-boxed elementor-section-height-default elementor-section-height-default\" data-id=\"6a39999\" data-element_type=\"section\" data-e-type=\"section\">\n\t\t\t\t\t\t<div class=\"elementor-container elementor-column-gap-default\">\n\t\t\t\t\t<div class=\"elementor-column elementor-col-50 elementor-top-column elementor-element elementor-element-cee4d2f\" data-id=\"cee4d2f\" data-element_type=\"column\" data-e-type=\"column\">\n\t\t\t<div class=\"elementor-widget-wrap elementor-element-populated\">\n\t\t\t\t\t\t<div class=\"elementor-element elementor-element-6e8ac0c elementor-widget elementor-widget-text-editor\" data-id=\"6e8ac0c\" data-element_type=\"widget\" data-e-type=\"widget\" data-widget_type=\"text-editor.default\">\n\t\t\t\t<div class=\"elementor-widget-container\">\n\t\t\t\t\t\t\t\t\t<p><b>Vereinsvorstellung<\/b><\/p>\t\t\t\t\t\t\t\t<\/div>\n\t\t\t\t<\/div>\n\t\t\t\t\t<\/div>\n\t\t<\/div>\n\t\t\t\t<div class=\"elementor-column elementor-col-50 elementor-top-column elementor-element elementor-element-b520d7d\" data-id=\"b520d7d\" data-element_type=\"column\" data-e-type=\"column\">\n\t\t\t<div class=\"elementor-widget-wrap elementor-element-populated\">\n\t\t\t\t\t\t<div class=\"elementor-element elementor-element-f3e2b61 elementor-widget elementor-widget-image\" data-id=\"f3e2b61\" data-element_type=\"widget\" data-e-type=\"widget\" data-widget_type=\"image.default\">\n\t\t\t\t<div class=\"elementor-widget-container\">\n\t\t\t\t\t\t\t\t\t\t\t\t\t\t\t<img fetchpriority=\"high\" decoding=\"async\" width=\"354\" height=\"150\" src=\"https:\/\/pg-markt-rettenbach.de\/wp-content\/uploads\/2023\/09\/KLJB-Logo.png\" class=\"attachment-large size-large wp-image-5764\" alt=\"\" srcset=\"https:\/\/pg-markt-rettenbach.de\/wp-content\/uploads\/2023\/09\/KLJB-Logo.png 354w, https:\/\/pg-markt-rettenbach.de\/wp-content\/uploads\/2023\/09\/KLJB-Logo-300x127.png 300w\" sizes=\"(max-width: 354px) 100vw, 354px\" \/>\t\t\t\t\t\t\t\t\t\t\t\t\t\t\t<\/div>\n\t\t\t\t<\/div>\n\t\t\t\t\t<\/div>\n\t\t<\/div>\n\t\t\t\t\t<\/div>\n\t\t<\/section>\n\t\t\t\t<section class=\"elementor-section elementor-top-section elementor-element elementor-element-7b80bcf elementor-section-boxed elementor-section-height-default elementor-section-height-default\" data-id=\"7b80bcf\" data-element_type=\"section\" data-e-type=\"section\">\n\t\t\t\t\t\t<div class=\"elementor-container elementor-column-gap-default\">\n\t\t\t\t\t<div class=\"elementor-column elementor-col-100 elementor-top-column elementor-element elementor-element-67a857b\" data-id=\"67a857b\" data-element_type=\"column\" data-e-type=\"column\">\n\t\t\t<div class=\"elementor-widget-wrap elementor-element-populated\">\n\t\t\t\t\t\t<div class=\"elementor-element elementor-element-820cad4 elementor-widget elementor-widget-text-editor\" data-id=\"820cad4\" data-element_type=\"widget\" data-e-type=\"widget\" data-widget_type=\"text-editor.default\">\n\t\t\t\t<div class=\"elementor-widget-container\">\n\t\t\t\t\t\t\t\t\t<p>Die KLJB Frechenrieden besteht aktuell aus 44 Mitgliedern und einer 7-k\u00f6pfigen Vorstandschaft. Mit unserem Verein sprechen wir alle Jugendliche, haupts\u00e4chlich aus den D\u00f6rfern Frechenrieden und Altisried, ab 16 Jahren an, die gerne in der Gemeinschaft mit gleichaltrigen etwas bewegen wollen.\u00a0<\/p><p>Der Grundstein unseres Vereins sind hierbei die w\u00f6chentlichen Treffen, die wir v.a. in unserem Gruppenraum in Frechenrieden abhalten oder auch gezielte Unternehmungen in der Region. Dar\u00fcber hinaus nehmen wir am Dorfgeschehen rege teil und werten damit das Dorfleben auch bei den restlichen Einwohnern auf. F\u00fcr die Kirche gestalten wir beispielsweise die Alt\u00e4re f\u00fcr Erntedank und Fronleichnam. Au\u00dferdem organisieren wir j\u00e4hrlich den Kinderfasching, einen Seniorennachmittag und laden die Bewohner zum Klausenumzug und Familientag ein. Um ein paar Aktivit\u00e4ten genannt zu haben.\u00a0<\/p><p><strong>Interesse?<\/strong> Dann kannst Du dich gerne bei Markus Renftle (08392) 1672 od. 01573 7855107 melden oder einfach zu unseren Gruppenstunden am Mittwoch um 20 Uhr im Jugendheim Frechenrieden dazu kommen.<\/p><p>Vorstandschaft:<\/p><p>1.Vorstand: Markus Renftle\u00a0<\/p><p>2.Vorstand: Tim N\u00e4gele<\/p><p>Kassier: Amelie Huber<\/p><p>Schriftf\u00fchrer: Marina Thalhofer<\/p><p>Beisitzer: Franzi Huber, Markus Schrittenlocher und Christian Blank<\/p>\t\t\t\t\t\t\t\t<\/div>\n\t\t\t\t<\/div>\n\t\t\t\t<div class=\"elementor-element elementor-element-96cbe6b elementor-widget elementor-widget-image\" data-id=\"96cbe6b\" data-element_type=\"widget\" data-e-type=\"widget\" data-widget_type=\"image.default\">\n\t\t\t\t<div class=\"elementor-widget-container\">\n\t\t\t\t\t\t\t\t\t\t\t\t<figure class=\"wp-caption\">\n\t\t\t\t\t\t\t\t\t\t<img decoding=\"async\" width=\"762\" height=\"1024\" src=\"https:\/\/pg-markt-rettenbach.de\/wp-content\/uploads\/2026\/03\/FR-Landjugend-2026-Vorstandschaft-762x1024.jpg\" class=\"attachment-large size-large wp-image-16586\" alt=\"\" srcset=\"https:\/\/pg-markt-rettenbach.de\/wp-content\/uploads\/2026\/03\/FR-Landjugend-2026-Vorstandschaft-762x1024.jpg 762w, https:\/\/pg-markt-rettenbach.de\/wp-content\/uploads\/2026\/03\/FR-Landjugend-2026-Vorstandschaft-223x300.jpg 223w, https:\/\/pg-markt-rettenbach.de\/wp-content\/uploads\/2026\/03\/FR-Landjugend-2026-Vorstandschaft-768x1032.jpg 768w, https:\/\/pg-markt-rettenbach.de\/wp-content\/uploads\/2026\/03\/FR-Landjugend-2026-Vorstandschaft.jpg 776w\" sizes=\"(max-width: 762px) 100vw, 762px\" \/>\t\t\t\t\t\t\t\t\t\t\t<figcaption class=\"widget-image-caption wp-caption-text\">Die Vorstandschaft beim Bowling<\/figcaption>\n\t\t\t\t\t\t\t\t\t\t<\/figure>\n\t\t\t\t\t\t\t\t\t<\/div>\n\t\t\t\t<\/div>\n\t\t\t\t<div class=\"elementor-element elementor-element-f142bef elementor-widget elementor-widget-image\" data-id=\"f142bef\" data-element_type=\"widget\" data-e-type=\"widget\" data-widget_type=\"image.default\">\n\t\t\t\t<div class=\"elementor-widget-container\">\n\t\t\t\t\t\t\t\t\t\t\t\t<figure class=\"wp-caption\">\n\t\t\t\t\t\t\t\t\t\t<img decoding=\"async\" width=\"1382\" height=\"793\" src=\"https:\/\/pg-markt-rettenbach.de\/wp-content\/uploads\/2026\/03\/FR-Landjugend-2026-1.jpg\" class=\"attachment-1536x1536 size-1536x1536 wp-image-16585\" alt=\"\" srcset=\"https:\/\/pg-markt-rettenbach.de\/wp-content\/uploads\/2026\/03\/FR-Landjugend-2026-1.jpg 1382w, https:\/\/pg-markt-rettenbach.de\/wp-content\/uploads\/2026\/03\/FR-Landjugend-2026-1-300x172.jpg 300w, https:\/\/pg-markt-rettenbach.de\/wp-content\/uploads\/2026\/03\/FR-Landjugend-2026-1-1024x588.jpg 1024w, https:\/\/pg-markt-rettenbach.de\/wp-content\/uploads\/2026\/03\/FR-Landjugend-2026-1-768x441.jpg 768w\" sizes=\"(max-width: 1382px) 100vw, 1382px\" \/>\t\t\t\t\t\t\t\t\t\t\t<figcaption class=\"widget-image-caption wp-caption-text\">Die Frechenriedener Landjugend beim Fasching 2026<\/figcaption>\n\t\t\t\t\t\t\t\t\t\t<\/figure>\n\t\t\t\t\t\t\t\t\t<\/div>\n\t\t\t\t<\/div>\n\t\t\t\t\t<\/div>\n\t\t<\/div>\n\t\t\t\t\t<\/div>\n\t\t<\/section>\n\t\t\t\t<section class=\"elementor-section elementor-top-section elementor-element elementor-element-6746289 elementor-section-boxed elementor-section-height-default elementor-section-height-default\" data-id=\"6746289\" data-element_type=\"section\" data-e-type=\"section\">\n\t\t\t\t\t\t<div class=\"elementor-container elementor-column-gap-default\">\n\t\t\t\t\t<div class=\"elementor-column elementor-col-100 elementor-top-column elementor-element elementor-element-d90d8c2\" data-id=\"d90d8c2\" data-element_type=\"column\" data-e-type=\"column\">\n\t\t\t<div class=\"elementor-widget-wrap elementor-element-populated\">\n\t\t\t\t\t\t<div class=\"elementor-element elementor-element-ab9131b elementor-widget elementor-widget-spacer\" data-id=\"ab9131b\" data-element_type=\"widget\" data-e-type=\"widget\" data-widget_type=\"spacer.default\">\n\t\t\t\t<div class=\"elementor-widget-container\">\n\t\t\t\t\t\t\t<div class=\"elementor-spacer\">\n\t\t\t<div class=\"elementor-spacer-inner\"><\/div>\n\t\t<\/div>\n\t\t\t\t\t\t<\/div>\n\t\t\t\t<\/div>\n\t\t\t\t\t<\/div>\n\t\t<\/div>\n\t\t\t\t\t<\/div>\n\t\t<\/section>\n\t\t\t\t<\/div>\n\t\t","protected":false},"excerpt":{"rendered":"<p>Katholische Landjugend Frechenrieden Vereinsvorstellung Die KLJB Frechenrieden besteht aktuell aus 44 Mitgliedern und einer 7-k\u00f6pfigen Vorstandschaft. Mit unserem Verein sprechen wir alle Jugendliche, haupts\u00e4chlich aus den D\u00f6rfern Frechenrieden und Altisried, [&hellip;]<\/p>\n","protected":false},"author":1,"featured_media":0,"parent":318,"menu_order":344,"comment_status":"closed","ping_status":"closed","template":"","meta":{"_EventAllDay":false,"_EventTimezone":"","_EventStartDate":"","_EventEndDate":"","_EventStartDateUTC":"","_EventEndDateUTC":"","_EventShowMap":false,"_EventShowMapLink":false,"_EventURL":"","_EventCost":"","_EventCostDescription":"","_EventCurrencySymbol":"","_EventCurrencyCode":"","_EventCurrencyPosition":"","_EventDateTimeSeparator":"","_EventTimeRangeSeparator":"","_EventOrganizerID":[],"_EventVenueID":[],"_OrganizerEmail":"","_OrganizerPhone":"","_OrganizerWebsite":"","_VenueAddress":"","_VenueCity":"","_VenueCountry":"","_VenueProvince":"","_VenueState":"","_VenueZip":"","_VenuePhone":"","_VenueURL":"","_VenueStateProvince":"","_VenueLat":"","_VenueLng":"","_VenueShowMap":false,"_VenueShowMapLink":false,"footnotes":""},"class_list":["post-771","page","type-page","status-publish","hentry"],"_links":{"self":[{"href":"https:\/\/pg-markt-rettenbach.de\/startseite\/wp-json\/wp\/v2\/pages\/771","targetHints":{"allow":["GET"]}}],"collection":[{"href":"https:\/\/pg-markt-rettenbach.de\/startseite\/wp-json\/wp\/v2\/pages"}],"about":[{"href":"https:\/\/pg-markt-rettenbach.de\/startseite\/wp-json\/wp\/v2\/types\/page"}],"author":[{"embeddable":true,"href":"https:\/\/pg-markt-rettenbach.de\/startseite\/wp-json\/wp\/v2\/users\/1"}],"replies":[{"embeddable":true,"href":"https:\/\/pg-markt-rettenbach.de\/startseite\/wp-json\/wp\/v2\/comments?post=771"}],"version-history":[{"count":10,"href":"https:\/\/pg-markt-rettenbach.de\/startseite\/wp-json\/wp\/v2\/pages\/771\/revisions"}],"predecessor-version":[{"id":16592,"href":"https:\/\/pg-markt-rettenbach.de\/startseite\/wp-json\/wp\/v2\/pages\/771\/revisions\/16592"}],"up":[{"embeddable":true,"href":"https:\/\/pg-markt-rettenbach.de\/startseite\/wp-json\/wp\/v2\/pages\/318"}],"wp:attachment":[{"href":"https:\/\/pg-markt-rettenbach.de\/startseite\/wp-json\/wp\/v2\/media?parent=771"}],"curies":[{"name":"wp","href":"https:\/\/api.w.org\/{rel}","templated":true}]}}