{"id":785,"date":"2023-06-06T11:16:08","date_gmt":"2023-06-06T09:16:08","guid":{"rendered":"https:\/\/pg-markt-rettenbach.de\/neu\/?page_id=785"},"modified":"2023-10-26T20:04:42","modified_gmt":"2023-10-26T18:04:42","slug":"buecherei-frechenrieden","status":"publish","type":"page","link":"https:\/\/pg-markt-rettenbach.de\/startseite\/startseite\/pfarreien\/st-gordian-und-epimach-frechenrieden\/buecherei-frechenrieden\/","title":{"rendered":"B\u00fccherei Frechenrieden"},"content":{"rendered":"\t\t<div data-elementor-type=\"wp-page\" data-elementor-id=\"785\" class=\"elementor elementor-785\" data-elementor-post-type=\"page\">\n\t\t\t\t\t\t<section class=\"elementor-section elementor-top-section elementor-element elementor-element-cc9fc19 elementor-section-boxed elementor-section-height-default elementor-section-height-default\" data-id=\"cc9fc19\" data-element_type=\"section\" data-e-type=\"section\">\n\t\t\t\t\t\t<div class=\"elementor-container elementor-column-gap-default\">\n\t\t\t\t\t<div class=\"elementor-column elementor-col-100 elementor-top-column elementor-element elementor-element-6b50ebf\" data-id=\"6b50ebf\" data-element_type=\"column\" data-e-type=\"column\">\n\t\t\t<div class=\"elementor-widget-wrap elementor-element-populated\">\n\t\t\t\t\t\t<div class=\"elementor-element elementor-element-1d4d8a3 elementor-widget elementor-widget-heading\" data-id=\"1d4d8a3\" data-element_type=\"widget\" data-e-type=\"widget\" data-widget_type=\"heading.default\">\n\t\t\t\t<div class=\"elementor-widget-container\">\n\t\t\t\t\t<h2 class=\"elementor-heading-title elementor-size-xl\">B\u00fccherei Frechenrieden<\/h2>\t\t\t\t<\/div>\n\t\t\t\t<\/div>\n\t\t\t\t\t<\/div>\n\t\t<\/div>\n\t\t\t\t\t<\/div>\n\t\t<\/section>\n\t\t\t\t<section class=\"elementor-section elementor-top-section elementor-element elementor-element-34496a1 elementor-section-boxed elementor-section-height-default elementor-section-height-default\" data-id=\"34496a1\" data-element_type=\"section\" data-e-type=\"section\">\n\t\t\t\t\t\t<div class=\"elementor-container elementor-column-gap-default\">\n\t\t\t\t\t<div class=\"elementor-column elementor-col-100 elementor-top-column elementor-element elementor-element-385f5313\" data-id=\"385f5313\" data-element_type=\"column\" data-e-type=\"column\">\n\t\t\t<div class=\"elementor-widget-wrap elementor-element-populated\">\n\t\t\t\t\t\t<div class=\"elementor-element elementor-element-20d03ef9 elementor-widget elementor-widget-text-editor\" data-id=\"20d03ef9\" data-element_type=\"widget\" data-e-type=\"widget\" data-widget_type=\"text-editor.default\">\n\t\t\t\t<div class=\"elementor-widget-container\">\n\t\t\t\t\t\t\t\t\t<p><\/p>\n<p>Wieder mal Lust ein Buch zu lesen?<\/p>\n<p><\/p>\n<p><\/p>\n<div class=\"wp-block-columns is-layout-flex wp-container-core-columns-is-layout-28f84493 wp-block-columns-is-layout-flex\">\n<p><\/p>\n<div class=\"wp-block-column is-layout-flow wp-block-column-is-layout-flow\" style=\"flex-basis: 66.66%;\">\n<p><\/p>\n<p>Dann kommen Sie in unsere kleine aber feine B\u00fccherei!<\/p>\n<p><\/p>\n<p><\/p>\n<p>Wir f\u00fchren Romane, Krimi, Kochb\u00fccher, Bastelb\u00fccher und Biographien. Kinderb\u00fccher und Bilderb\u00fccher, eine Auswahl an Kinderkassetten \/ CD, und Spiele. Schauen Sie doch ganz unverbindlich bei uns vorbei.<\/p>\n<p><\/p>\n<\/div>\n<p><\/p>\n<p><\/p>\n<div class=\"wp-block-column is-layout-flow wp-block-column-is-layout-flow\" style=\"flex-basis: 33.33%;\">\n<p><\/p>\n<figure class=\"wp-block-image is-resized\"><img decoding=\"async\" src=\"https:\/\/www.pg-markt-rettenbach.de\/cms3\/images\/Frechenrieden\/buecherei.jpg\" alt=\"buecherei\" width=\"118\" height=\"96\" \/><\/figure>\n<p><\/p>\n<\/div>\n<p><\/p>\n<\/div>\n<p><\/p>\n<p><\/p>\n<p><\/p>\n<p><\/p>\n<p><b>Wir sind f\u00fcr sie da:<\/b><\/p>\n<p><\/p>\n<p><\/p>\n<p>Montag von 18.00 bis 19.00 Uhr; <br \/>jeden ersten Samstag im Monat von 14.00 bis 15.00 Uhr;<br \/>jeweils im Pfarrhof in Frechenrieden.<\/p>\n<p><\/p>\n<p><\/p>\n<p>In den Wintermonaten von Oktober bis ca. April findet in der B\u00fccherei alle 4 Wochen eine Vorlesestunde statt.<\/p>\n<p><\/p>\n<p><\/p>\n<p>(Termine werden an der Anschlagtafel und im Kindergarten bekannt gegeben.)<\/p>\n<p><\/p>\n<p><\/p>\n<p>Wenn sie noch Fragen haben k\u00f6nnen Sie sich gern bei Uschi Blank unter Tel. 08392 &#8211; 323 melden.<\/p>\n<p><\/p>\n<p><\/p>\n<figure class=\"wp-block-image size-full is-resized\"><img decoding=\"async\" class=\"wp-image-786\" src=\"https:\/\/pg-markt-rettenbach.de\/wp-content\/uploads\/2023\/06\/FR-Buecherei-Wegweiser.jpg\" alt=\"\" width=\"297\" height=\"136\" srcset=\"https:\/\/pg-markt-rettenbach.de\/wp-content\/uploads\/2023\/06\/FR-Buecherei-Wegweiser.jpg 791w, https:\/\/pg-markt-rettenbach.de\/wp-content\/uploads\/2023\/06\/FR-Buecherei-Wegweiser-300x138.jpg 300w, https:\/\/pg-markt-rettenbach.de\/wp-content\/uploads\/2023\/06\/FR-Buecherei-Wegweiser-768x352.jpg 768w\" sizes=\"(max-width: 297px) 100vw, 297px\" \/><\/figure>\n<p><\/p>\t\t\t\t\t\t\t\t<\/div>\n\t\t\t\t<\/div>\n\t\t\t\t\t<\/div>\n\t\t<\/div>\n\t\t\t\t\t<\/div>\n\t\t<\/section>\n\t\t\t\t<\/div>\n\t\t","protected":false},"excerpt":{"rendered":"<p>B\u00fccherei Frechenrieden Wieder mal Lust ein Buch zu lesen? Dann kommen Sie in unsere kleine aber feine B\u00fccherei! Wir f\u00fchren Romane, Krimi, Kochb\u00fccher, Bastelb\u00fccher und Biographien. Kinderb\u00fccher und Bilderb\u00fccher, eine [&hellip;]<\/p>\n","protected":false},"author":1,"featured_media":0,"parent":318,"menu_order":348,"comment_status":"closed","ping_status":"closed","template":"","meta":{"_EventAllDay":false,"_EventTimezone":"","_EventStartDate":"","_EventEndDate":"","_EventStartDateUTC":"","_EventEndDateUTC":"","_EventShowMap":false,"_EventShowMapLink":false,"_EventURL":"","_EventCost":"","_EventCostDescription":"","_EventCurrencySymbol":"","_EventCurrencyCode":"","_EventCurrencyPosition":"","_EventDateTimeSeparator":"","_EventTimeRangeSeparator":"","_EventOrganizerID":[],"_EventVenueID":[],"_OrganizerEmail":"","_OrganizerPhone":"","_OrganizerWebsite":"","_VenueAddress":"","_VenueCity":"","_VenueCountry":"","_VenueProvince":"","_VenueState":"","_VenueZip":"","_VenuePhone":"","_VenueURL":"","_VenueStateProvince":"","_VenueLat":"","_VenueLng":"","_VenueShowMap":false,"_VenueShowMapLink":false,"footnotes":""},"class_list":["post-785","page","type-page","status-publish","hentry"],"_links":{"self":[{"href":"https:\/\/pg-markt-rettenbach.de\/startseite\/wp-json\/wp\/v2\/pages\/785","targetHints":{"allow":["GET"]}}],"collection":[{"href":"https:\/\/pg-markt-rettenbach.de\/startseite\/wp-json\/wp\/v2\/pages"}],"about":[{"href":"https:\/\/pg-markt-rettenbach.de\/startseite\/wp-json\/wp\/v2\/types\/page"}],"author":[{"embeddable":true,"href":"https:\/\/pg-markt-rettenbach.de\/startseite\/wp-json\/wp\/v2\/users\/1"}],"replies":[{"embeddable":true,"href":"https:\/\/pg-markt-rettenbach.de\/startseite\/wp-json\/wp\/v2\/comments?post=785"}],"version-history":[{"count":10,"href":"https:\/\/pg-markt-rettenbach.de\/startseite\/wp-json\/wp\/v2\/pages\/785\/revisions"}],"predecessor-version":[{"id":7493,"href":"https:\/\/pg-markt-rettenbach.de\/startseite\/wp-json\/wp\/v2\/pages\/785\/revisions\/7493"}],"up":[{"embeddable":true,"href":"https:\/\/pg-markt-rettenbach.de\/startseite\/wp-json\/wp\/v2\/pages\/318"}],"wp:attachment":[{"href":"https:\/\/pg-markt-rettenbach.de\/startseite\/wp-json\/wp\/v2\/media?parent=785"}],"curies":[{"name":"wp","href":"https:\/\/api.w.org\/{rel}","templated":true}]}}