{"id":798,"date":"2023-06-06T13:56:35","date_gmt":"2023-06-06T11:56:35","guid":{"rendered":"https:\/\/pg-markt-rettenbach.de\/neu\/?page_id=798"},"modified":"2023-11-17T15:14:57","modified_gmt":"2023-11-17T14:14:57","slug":"pfarrkirche-st-blasius-engetried","status":"publish","type":"page","link":"https:\/\/pg-markt-rettenbach.de\/startseite\/startseite\/pfarreien\/st-blasius-engetried\/pfarrkirche-st-blasius-engetried\/","title":{"rendered":"Pfarrkirche St. Blasius Engetried"},"content":{"rendered":"\t\t<div data-elementor-type=\"wp-page\" data-elementor-id=\"798\" class=\"elementor elementor-798\" data-elementor-post-type=\"page\">\n\t\t\t\t\t\t<section class=\"elementor-section elementor-top-section elementor-element elementor-element-3fcf257 elementor-section-boxed elementor-section-height-default elementor-section-height-default\" data-id=\"3fcf257\" data-element_type=\"section\" data-e-type=\"section\">\n\t\t\t\t\t\t<div class=\"elementor-container elementor-column-gap-default\">\n\t\t\t\t\t<div class=\"elementor-column elementor-col-100 elementor-top-column elementor-element elementor-element-a182b5d\" data-id=\"a182b5d\" data-element_type=\"column\" data-e-type=\"column\">\n\t\t\t<div class=\"elementor-widget-wrap elementor-element-populated\">\n\t\t\t\t\t\t<div class=\"elementor-element elementor-element-85e0e1e elementor-widget elementor-widget-image\" data-id=\"85e0e1e\" data-element_type=\"widget\" data-e-type=\"widget\" data-widget_type=\"image.default\">\n\t\t\t\t<div class=\"elementor-widget-container\">\n\t\t\t\t\t\t\t\t\t\t\t\t\t\t\t<img fetchpriority=\"high\" decoding=\"async\" width=\"1265\" height=\"584\" src=\"https:\/\/pg-markt-rettenbach.de\/wp-content\/uploads\/2023\/06\/ER-Kirche-innen.jpg\" class=\"attachment-1536x1536 size-1536x1536 wp-image-799\" alt=\"\" srcset=\"https:\/\/pg-markt-rettenbach.de\/wp-content\/uploads\/2023\/06\/ER-Kirche-innen.jpg 1265w, https:\/\/pg-markt-rettenbach.de\/wp-content\/uploads\/2023\/06\/ER-Kirche-innen-300x138.jpg 300w, https:\/\/pg-markt-rettenbach.de\/wp-content\/uploads\/2023\/06\/ER-Kirche-innen-1024x473.jpg 1024w, https:\/\/pg-markt-rettenbach.de\/wp-content\/uploads\/2023\/06\/ER-Kirche-innen-768x355.jpg 768w\" sizes=\"(max-width: 1265px) 100vw, 1265px\" \/>\t\t\t\t\t\t\t\t\t\t\t\t\t\t\t<\/div>\n\t\t\t\t<\/div>\n\t\t\t\t\t<\/div>\n\t\t<\/div>\n\t\t\t\t\t<\/div>\n\t\t<\/section>\n\t\t\t\t<section class=\"elementor-section elementor-top-section elementor-element elementor-element-11e182a elementor-section-boxed elementor-section-height-default elementor-section-height-default\" data-id=\"11e182a\" data-element_type=\"section\" data-e-type=\"section\">\n\t\t\t\t\t\t<div class=\"elementor-container elementor-column-gap-default\">\n\t\t\t\t\t<div class=\"elementor-column elementor-col-100 elementor-top-column elementor-element elementor-element-1973949\" data-id=\"1973949\" data-element_type=\"column\" data-e-type=\"column\">\n\t\t\t<div class=\"elementor-widget-wrap elementor-element-populated\">\n\t\t\t\t\t\t<div class=\"elementor-element elementor-element-f383c0c elementor-widget elementor-widget-heading\" data-id=\"f383c0c\" data-element_type=\"widget\" data-e-type=\"widget\" data-widget_type=\"heading.default\">\n\t\t\t\t<div class=\"elementor-widget-container\">\n\t\t\t\t\t<h2 class=\"elementor-heading-title elementor-size-xl\">Pfarrkirche St. Blasius Engetried<\/h2>\t\t\t\t<\/div>\n\t\t\t\t<\/div>\n\t\t\t\t\t<\/div>\n\t\t<\/div>\n\t\t\t\t\t<\/div>\n\t\t<\/section>\n\t\t\t\t<section class=\"elementor-section elementor-top-section elementor-element elementor-element-47aaf48b elementor-section-boxed elementor-section-height-default elementor-section-height-default\" data-id=\"47aaf48b\" data-element_type=\"section\" data-e-type=\"section\">\n\t\t\t\t\t\t<div class=\"elementor-container elementor-column-gap-default\">\n\t\t\t\t\t<div class=\"elementor-column elementor-col-100 elementor-top-column elementor-element elementor-element-26fdbf5d\" data-id=\"26fdbf5d\" data-element_type=\"column\" data-e-type=\"column\">\n\t\t\t<div class=\"elementor-widget-wrap elementor-element-populated\">\n\t\t\t\t\t\t<div class=\"elementor-element elementor-element-362d5b94 elementor-widget elementor-widget-text-editor\" data-id=\"362d5b94\" data-element_type=\"widget\" data-e-type=\"widget\" data-widget_type=\"text-editor.default\">\n\t\t\t\t<div class=\"elementor-widget-container\">\n\t\t\t\t\t\t\t\t\t<p><\/p>\n<p>Dem Besucher \u00f6ffnet sich ein \u00fcberraschend prachtvoller, barock ausgestatteter Kirchenraum. Man w\u00fcrde dies ob des unscheinbaren \u00c4u\u00dferen der Kirche nicht erwarten!<\/p>\n<p>Erstmals urkundlich erw\u00e4hnt wird eine Kirche in Engetried bereits im Jahr 1152. Das heutige Bauwerk d\u00fcrfte in der zweiten H\u00e4lfte des 15. Jahrhunderts fertig gestellt worden sein, wobei der Turm als \u00e4ltester bestehender Teil der heutigen Pfarrkirche auf das fr\u00fche 14. Jahrhundert zur\u00fcckgeht. Unter Abt Anselm Erb von Ottobeuren erfolgte 1728 bis 1757 die Barockisierung der Kirche.<\/p>\n<p><\/p>\n<p><strong>Unser Kirchenpatron: der heilige Blasius<\/strong><\/p>\n<p><\/p>\n<p>Seit einer Stiftung aus dem Jahr 1475 ist der heilige Blasius unser Kirchenpatron. Sein Fest ist am 3. Februar. Der heilige Blasius war Bischof in Armenien zur Zeit der r\u00f6mischen Christenverfolgung. Einmal hat er einen kleinen Jungen geheilt, der eine Fischgr\u00e4te verschluckt hatte. Auf dieses Ereignis geht der Blasius-Segen zur\u00fcck, der bis auf den heutigen Tag an seinem Fest erteilt wird: &#8222;Der Herr bewahre dich vor Halskrankheiten und allem B\u00f6sen.&#8220;<\/p>\n<p><\/p>\t\t\t\t\t\t\t\t<\/div>\n\t\t\t\t<\/div>\n\t\t\t\t\t<\/div>\n\t\t<\/div>\n\t\t\t\t\t<\/div>\n\t\t<\/section>\n\t\t\t\t<section class=\"elementor-section elementor-top-section elementor-element elementor-element-bcf98fe elementor-section-boxed elementor-section-height-default elementor-section-height-default\" data-id=\"bcf98fe\" data-element_type=\"section\" data-e-type=\"section\">\n\t\t\t\t\t\t<div class=\"elementor-container elementor-column-gap-default\">\n\t\t\t\t\t<div class=\"elementor-column elementor-col-33 elementor-top-column elementor-element elementor-element-1d0b723\" data-id=\"1d0b723\" data-element_type=\"column\" data-e-type=\"column\">\n\t\t\t<div class=\"elementor-widget-wrap elementor-element-populated\">\n\t\t\t\t\t\t<div class=\"elementor-element elementor-element-8ca01ac elementor-widget elementor-widget-image\" data-id=\"8ca01ac\" data-element_type=\"widget\" data-e-type=\"widget\" data-widget_type=\"image.default\">\n\t\t\t\t<div class=\"elementor-widget-container\">\n\t\t\t\t\t\t\t\t\t\t\t\t\t\t\t<img decoding=\"async\" width=\"329\" height=\"665\" src=\"https:\/\/pg-markt-rettenbach.de\/wp-content\/uploads\/2023\/10\/ER-Kirche-Hochaltar.jpg\" class=\"attachment-large size-large wp-image-6566\" alt=\"\" srcset=\"https:\/\/pg-markt-rettenbach.de\/wp-content\/uploads\/2023\/10\/ER-Kirche-Hochaltar.jpg 329w, https:\/\/pg-markt-rettenbach.de\/wp-content\/uploads\/2023\/10\/ER-Kirche-Hochaltar-148x300.jpg 148w\" sizes=\"(max-width: 329px) 100vw, 329px\" \/>\t\t\t\t\t\t\t\t\t\t\t\t\t\t\t<\/div>\n\t\t\t\t<\/div>\n\t\t\t\t<div class=\"elementor-element elementor-element-39f9b8f elementor-widget elementor-widget-image\" data-id=\"39f9b8f\" data-element_type=\"widget\" data-e-type=\"widget\" data-widget_type=\"image.default\">\n\t\t\t\t<div class=\"elementor-widget-container\">\n\t\t\t\t\t\t\t\t\t\t\t\t\t\t\t<img decoding=\"async\" width=\"326\" height=\"701\" src=\"https:\/\/pg-markt-rettenbach.de\/wp-content\/uploads\/2023\/10\/ER-Kirche-Seitenaltar-links.jpg\" class=\"attachment-large size-large wp-image-6573\" alt=\"\" srcset=\"https:\/\/pg-markt-rettenbach.de\/wp-content\/uploads\/2023\/10\/ER-Kirche-Seitenaltar-links.jpg 326w, https:\/\/pg-markt-rettenbach.de\/wp-content\/uploads\/2023\/10\/ER-Kirche-Seitenaltar-links-140x300.jpg 140w\" sizes=\"(max-width: 326px) 100vw, 326px\" \/>\t\t\t\t\t\t\t\t\t\t\t\t\t\t\t<\/div>\n\t\t\t\t<\/div>\n\t\t\t\t<div class=\"elementor-element elementor-element-ff2ecd3 elementor-widget elementor-widget-image\" data-id=\"ff2ecd3\" data-element_type=\"widget\" data-e-type=\"widget\" data-widget_type=\"image.default\">\n\t\t\t\t<div class=\"elementor-widget-container\">\n\t\t\t\t\t\t\t\t\t\t\t\t\t\t\t<img loading=\"lazy\" decoding=\"async\" width=\"347\" height=\"773\" src=\"https:\/\/pg-markt-rettenbach.de\/wp-content\/uploads\/2023\/10\/ER-Kirche-Freiher-von-Stein.jpg\" class=\"attachment-large size-large wp-image-6575\" alt=\"\" srcset=\"https:\/\/pg-markt-rettenbach.de\/wp-content\/uploads\/2023\/10\/ER-Kirche-Freiher-von-Stein.jpg 347w, https:\/\/pg-markt-rettenbach.de\/wp-content\/uploads\/2023\/10\/ER-Kirche-Freiher-von-Stein-135x300.jpg 135w\" sizes=\"(max-width: 347px) 100vw, 347px\" \/>\t\t\t\t\t\t\t\t\t\t\t\t\t\t\t<\/div>\n\t\t\t\t<\/div>\n\t\t\t\t\t<\/div>\n\t\t<\/div>\n\t\t\t\t<div class=\"elementor-column elementor-col-33 elementor-top-column elementor-element elementor-element-c5177db\" data-id=\"c5177db\" data-element_type=\"column\" data-e-type=\"column\">\n\t\t\t<div class=\"elementor-widget-wrap elementor-element-populated\">\n\t\t\t\t\t\t<div class=\"elementor-element elementor-element-0eeec67 elementor-widget elementor-widget-text-editor\" data-id=\"0eeec67\" data-element_type=\"widget\" data-e-type=\"widget\" data-widget_type=\"text-editor.default\">\n\t\t\t\t<div class=\"elementor-widget-container\">\n\t\t\t\t\t\t\t\t\t<p><b>Innenausstattung<\/b><\/p>\n<p>Der eindrucksvolle <b>Hochaltar <\/b>stellt uns im Altarbild die Heilige Familie vor: Maria, Josef und das Jesuskind. Der kunstvoll gestaltete Tabernakel ist drehbar und kann nach drei Seiten hin ge\u00f6ffnet werden. Links vom Tabernakel die Figur des hl. Sebastian, der im Jahr 288 unter Kaiser Diokletian das Martyrium erlitten hat. Aufgrund der Pfeile gilt er als Pestpatron, die fr\u00fcher auch in Engetried gew\u00fctet hat. Rechts vom Tabernakel der hl. Petrus von Alcantara, ein Zeitgenosse und zeitweiliger Beichtvater der hl. Theresa von Avila und Patron der Kapelle in Zadels. Im Oberteil des Altares steht mit den beiden gekreuzten Kerzen unser Kirchenpatron, der hl. Blasius.<\/p>\n<p>Die <b>Deckengem\u00e4lde <\/b>zeigen vorne im Chor die Ank\u00fcndigung an Maria, vom Heiligen Geist ihren Sohn Jesus zu empfangen; die angrenzenden Medaillonbilder zeigen weitere Geheimnisse des freudenreichen Rosenkranzes. Im Langhaus zeigt das Hauptfresko Szenen aus dem Leben des hl. Blasius, gerahmt von weiteren kleineren Bildern, welche die schmerzhaften und glorreichen Rosenkranzgeheimnisse zeigen. An den Deckengem\u00e4lden wird sichtbar, dass es sich bei unserer Pfarrkirche um eine Rosenkranzkirche handelt.<\/p>\n<p>Die kunstvoll gestalteten <b>Seitenalt\u00e4re <\/b>zeigen links die &#8222;heilige Sippe&#8220;, also die Familien von Jesus und Johannes dem T\u00e4ufer, gerahmt von den Figuren des hl. Sylvester (links) und des hl. Georg (rechts). Oben der hl. Johannes der T\u00e4ufer. Rechts die Verm\u00e4hlung Mariens mit dem hl. Josef, gerahmt von den Figuren des hl. Vitus und des hl. Rochus. Oben der hl. Laurentius. Die Rundbilder oben an beiden Seitenalt\u00e4ren zeigen den Bezug zum hl. Kreuz auf: Links Kaiser Heraklius, der 628 das entwendete Kreuz aus Persien zur\u00fcckbrachte, rechts die hl. Helena, die im Jahr 326 das Kreuz Christi unter einem zwischenzeitlich errichteten Venustempel ausgraben lie\u00df.<\/p>\n<p>Im Chorraum befinden sich 4 <b>Grabmale <\/b>der Herren (und einer Dame) von der Burg Stein; links Ritter Hans Caspar Sch\u00f6nau zu Stein.<\/p>\n<p>Eine Besonderheit unserer Pfarrkirche ist das rein mechanisch betriebene <b>Uhrwerk <\/b>im Kirchturm. Die Gewichte m\u00fcssen t\u00e4glich von Hand hochgekurbelt werden.<\/p>\t\t\t\t\t\t\t\t<\/div>\n\t\t\t\t<\/div>\n\t\t\t\t\t<\/div>\n\t\t<\/div>\n\t\t\t\t<div class=\"elementor-column elementor-col-33 elementor-top-column elementor-element elementor-element-7f6ce89\" data-id=\"7f6ce89\" data-element_type=\"column\" data-e-type=\"column\">\n\t\t\t<div class=\"elementor-widget-wrap elementor-element-populated\">\n\t\t\t\t\t\t<div class=\"elementor-element elementor-element-2f3743e elementor-widget elementor-widget-image\" data-id=\"2f3743e\" data-element_type=\"widget\" data-e-type=\"widget\" data-widget_type=\"image.default\">\n\t\t\t\t<div class=\"elementor-widget-container\">\n\t\t\t\t\t\t\t\t\t\t\t\t\t\t\t<img decoding=\"async\" src=\"https:\/\/pg-markt-rettenbach.de\/wp-content\/uploads\/2023\/10\/ER-Kirche-Deckengemaelde-Chor.jpg\" title=\"\" alt=\"\" loading=\"lazy\" \/>\t\t\t\t\t\t\t\t\t\t\t\t\t\t\t<\/div>\n\t\t\t\t<\/div>\n\t\t\t\t<div class=\"elementor-element elementor-element-7a0ab3d elementor-widget elementor-widget-image\" data-id=\"7a0ab3d\" data-element_type=\"widget\" data-e-type=\"widget\" data-widget_type=\"image.default\">\n\t\t\t\t<div class=\"elementor-widget-container\">\n\t\t\t\t\t\t\t\t\t\t\t\t\t\t\t<img loading=\"lazy\" decoding=\"async\" width=\"563\" height=\"567\" src=\"https:\/\/pg-markt-rettenbach.de\/wp-content\/uploads\/2023\/10\/ER-Kirche-Deckengemaelde-Langhaus.jpg\" class=\"attachment-large size-large wp-image-6571\" alt=\"\" srcset=\"https:\/\/pg-markt-rettenbach.de\/wp-content\/uploads\/2023\/10\/ER-Kirche-Deckengemaelde-Langhaus.jpg 563w, https:\/\/pg-markt-rettenbach.de\/wp-content\/uploads\/2023\/10\/ER-Kirche-Deckengemaelde-Langhaus-298x300.jpg 298w, https:\/\/pg-markt-rettenbach.de\/wp-content\/uploads\/2023\/10\/ER-Kirche-Deckengemaelde-Langhaus-150x150.jpg 150w\" sizes=\"(max-width: 563px) 100vw, 563px\" \/>\t\t\t\t\t\t\t\t\t\t\t\t\t\t\t<\/div>\n\t\t\t\t<\/div>\n\t\t\t\t<div class=\"elementor-element elementor-element-50ef784 elementor-widget elementor-widget-image\" data-id=\"50ef784\" data-element_type=\"widget\" data-e-type=\"widget\" data-widget_type=\"image.default\">\n\t\t\t\t<div class=\"elementor-widget-container\">\n\t\t\t\t\t\t\t\t\t\t\t\t\t\t\t<img loading=\"lazy\" decoding=\"async\" width=\"345\" height=\"675\" src=\"https:\/\/pg-markt-rettenbach.de\/wp-content\/uploads\/2023\/10\/ER-Kirche-Seitenaltar-rechts.jpg\" class=\"attachment-large size-large wp-image-6574\" alt=\"\" srcset=\"https:\/\/pg-markt-rettenbach.de\/wp-content\/uploads\/2023\/10\/ER-Kirche-Seitenaltar-rechts.jpg 345w, https:\/\/pg-markt-rettenbach.de\/wp-content\/uploads\/2023\/10\/ER-Kirche-Seitenaltar-rechts-153x300.jpg 153w\" sizes=\"(max-width: 345px) 100vw, 345px\" \/>\t\t\t\t\t\t\t\t\t\t\t\t\t\t\t<\/div>\n\t\t\t\t<\/div>\n\t\t\t\t<div class=\"elementor-element elementor-element-678bd42 elementor-widget elementor-widget-image\" data-id=\"678bd42\" data-element_type=\"widget\" data-e-type=\"widget\" data-widget_type=\"image.default\">\n\t\t\t\t<div class=\"elementor-widget-container\">\n\t\t\t\t\t\t\t\t\t\t\t\t\t\t\t<img loading=\"lazy\" decoding=\"async\" width=\"351\" height=\"752\" src=\"https:\/\/pg-markt-rettenbach.de\/wp-content\/uploads\/2023\/10\/ER-Kirche-Uhrwerk.jpg\" class=\"attachment-large size-large wp-image-6576\" alt=\"\" srcset=\"https:\/\/pg-markt-rettenbach.de\/wp-content\/uploads\/2023\/10\/ER-Kirche-Uhrwerk.jpg 351w, https:\/\/pg-markt-rettenbach.de\/wp-content\/uploads\/2023\/10\/ER-Kirche-Uhrwerk-140x300.jpg 140w\" sizes=\"(max-width: 351px) 100vw, 351px\" \/>\t\t\t\t\t\t\t\t\t\t\t\t\t\t\t<\/div>\n\t\t\t\t<\/div>\n\t\t\t\t\t<\/div>\n\t\t<\/div>\n\t\t\t\t\t<\/div>\n\t\t<\/section>\n\t\t\t\t<section class=\"elementor-section elementor-top-section elementor-element elementor-element-00f61d4 elementor-section-boxed elementor-section-height-default elementor-section-height-default\" data-id=\"00f61d4\" data-element_type=\"section\" data-e-type=\"section\">\n\t\t\t\t\t\t<div class=\"elementor-container elementor-column-gap-default\">\n\t\t\t\t\t<div class=\"elementor-column elementor-col-100 elementor-top-column elementor-element elementor-element-4f17852\" data-id=\"4f17852\" data-element_type=\"column\" data-e-type=\"column\">\n\t\t\t<div class=\"elementor-widget-wrap elementor-element-populated\">\n\t\t\t\t\t\t<div class=\"elementor-element elementor-element-dc3e434 elementor-widget elementor-widget-spacer\" data-id=\"dc3e434\" data-element_type=\"widget\" data-e-type=\"widget\" data-widget_type=\"spacer.default\">\n\t\t\t\t<div class=\"elementor-widget-container\">\n\t\t\t\t\t\t\t<div class=\"elementor-spacer\">\n\t\t\t<div class=\"elementor-spacer-inner\"><\/div>\n\t\t<\/div>\n\t\t\t\t\t\t<\/div>\n\t\t\t\t<\/div>\n\t\t\t\t\t<\/div>\n\t\t<\/div>\n\t\t\t\t\t<\/div>\n\t\t<\/section>\n\t\t\t\t<\/div>\n\t\t","protected":false},"excerpt":{"rendered":"<p>Pfarrkirche St. Blasius Engetried Dem Besucher \u00f6ffnet sich ein \u00fcberraschend prachtvoller, barock ausgestatteter Kirchenraum. Man w\u00fcrde dies ob des unscheinbaren \u00c4u\u00dferen der Kirche nicht erwarten! Erstmals urkundlich erw\u00e4hnt wird eine [&hellip;]<\/p>\n","protected":false},"author":1,"featured_media":0,"parent":310,"menu_order":330,"comment_status":"closed","ping_status":"closed","template":"","meta":{"_EventAllDay":false,"_EventTimezone":"","_EventStartDate":"","_EventEndDate":"","_EventStartDateUTC":"","_EventEndDateUTC":"","_EventShowMap":false,"_EventShowMapLink":false,"_EventURL":"","_EventCost":"","_EventCostDescription":"","_EventCurrencySymbol":"","_EventCurrencyCode":"","_EventCurrencyPosition":"","_EventDateTimeSeparator":"","_EventTimeRangeSeparator":"","_EventOrganizerID":[],"_EventVenueID":[],"_OrganizerEmail":"","_OrganizerPhone":"","_OrganizerWebsite":"","_VenueAddress":"","_VenueCity":"","_VenueCountry":"","_VenueProvince":"","_VenueState":"","_VenueZip":"","_VenuePhone":"","_VenueURL":"","_VenueStateProvince":"","_VenueLat":"","_VenueLng":"","_VenueShowMap":false,"_VenueShowMapLink":false,"footnotes":""},"class_list":["post-798","page","type-page","status-publish","hentry"],"_links":{"self":[{"href":"https:\/\/pg-markt-rettenbach.de\/startseite\/wp-json\/wp\/v2\/pages\/798","targetHints":{"allow":["GET"]}}],"collection":[{"href":"https:\/\/pg-markt-rettenbach.de\/startseite\/wp-json\/wp\/v2\/pages"}],"about":[{"href":"https:\/\/pg-markt-rettenbach.de\/startseite\/wp-json\/wp\/v2\/types\/page"}],"author":[{"embeddable":true,"href":"https:\/\/pg-markt-rettenbach.de\/startseite\/wp-json\/wp\/v2\/users\/1"}],"replies":[{"embeddable":true,"href":"https:\/\/pg-markt-rettenbach.de\/startseite\/wp-json\/wp\/v2\/comments?post=798"}],"version-history":[{"count":10,"href":"https:\/\/pg-markt-rettenbach.de\/startseite\/wp-json\/wp\/v2\/pages\/798\/revisions"}],"predecessor-version":[{"id":6852,"href":"https:\/\/pg-markt-rettenbach.de\/startseite\/wp-json\/wp\/v2\/pages\/798\/revisions\/6852"}],"up":[{"embeddable":true,"href":"https:\/\/pg-markt-rettenbach.de\/startseite\/wp-json\/wp\/v2\/pages\/310"}],"wp:attachment":[{"href":"https:\/\/pg-markt-rettenbach.de\/startseite\/wp-json\/wp\/v2\/media?parent=798"}],"curies":[{"name":"wp","href":"https:\/\/api.w.org\/{rel}","templated":true}]}}