{"id":829,"date":"2023-06-06T14:41:51","date_gmt":"2023-06-06T12:41:51","guid":{"rendered":"https:\/\/pg-markt-rettenbach.de\/neu\/?page_id=829"},"modified":"2026-04-17T19:57:38","modified_gmt":"2026-04-17T17:57:38","slug":"pfarrgemeinderat-engetried","status":"publish","type":"page","link":"https:\/\/pg-markt-rettenbach.de\/startseite\/startseite\/pfarreien\/st-blasius-engetried\/pfarrgemeinderat-engetried\/","title":{"rendered":"Pfarrgemeinderat Engetried"},"content":{"rendered":"\t\t<div data-elementor-type=\"wp-page\" data-elementor-id=\"829\" class=\"elementor elementor-829\" data-elementor-post-type=\"page\">\n\t\t\t\t\t\t<section class=\"elementor-section elementor-top-section elementor-element elementor-element-d578485 elementor-section-boxed elementor-section-height-default elementor-section-height-default\" data-id=\"d578485\" data-element_type=\"section\" data-e-type=\"section\">\n\t\t\t\t\t\t<div class=\"elementor-container elementor-column-gap-default\">\n\t\t\t\t\t<div class=\"elementor-column elementor-col-100 elementor-top-column elementor-element elementor-element-da1913c\" data-id=\"da1913c\" data-element_type=\"column\" data-e-type=\"column\">\n\t\t\t<div class=\"elementor-widget-wrap elementor-element-populated\">\n\t\t\t\t\t\t<div class=\"elementor-element elementor-element-fde64b8 elementor-widget elementor-widget-heading\" data-id=\"fde64b8\" data-element_type=\"widget\" data-e-type=\"widget\" data-widget_type=\"heading.default\">\n\t\t\t\t<div class=\"elementor-widget-container\">\n\t\t\t\t\t<h2 class=\"elementor-heading-title elementor-size-xl\">Pfarrgemeinderat Engetried<\/h2>\t\t\t\t<\/div>\n\t\t\t\t<\/div>\n\t\t\t\t\t<\/div>\n\t\t<\/div>\n\t\t\t\t\t<\/div>\n\t\t<\/section>\n\t\t\t\t<section class=\"elementor-section elementor-top-section elementor-element elementor-element-8653c7b elementor-section-boxed elementor-section-height-default elementor-section-height-default\" data-id=\"8653c7b\" data-element_type=\"section\" data-e-type=\"section\">\n\t\t\t\t\t\t<div class=\"elementor-container elementor-column-gap-default\">\n\t\t\t\t\t<div class=\"elementor-column elementor-col-100 elementor-top-column elementor-element elementor-element-b4f2367\" data-id=\"b4f2367\" data-element_type=\"column\" data-e-type=\"column\">\n\t\t\t<div class=\"elementor-widget-wrap elementor-element-populated\">\n\t\t\t\t\t\t<div class=\"elementor-element elementor-element-4e97d4a elementor-widget elementor-widget-image\" data-id=\"4e97d4a\" data-element_type=\"widget\" data-e-type=\"widget\" data-widget_type=\"image.default\">\n\t\t\t\t<div class=\"elementor-widget-container\">\n\t\t\t\t\t\t\t\t\t\t\t\t\t\t\t<img fetchpriority=\"high\" decoding=\"async\" width=\"1253\" height=\"1043\" src=\"https:\/\/pg-markt-rettenbach.de\/wp-content\/uploads\/2026\/04\/ER-Pfarrgemeinderat-2026.jpg\" class=\"attachment-1536x1536 size-1536x1536 wp-image-16751\" alt=\"\" srcset=\"https:\/\/pg-markt-rettenbach.de\/wp-content\/uploads\/2026\/04\/ER-Pfarrgemeinderat-2026.jpg 1253w, https:\/\/pg-markt-rettenbach.de\/wp-content\/uploads\/2026\/04\/ER-Pfarrgemeinderat-2026-300x250.jpg 300w, https:\/\/pg-markt-rettenbach.de\/wp-content\/uploads\/2026\/04\/ER-Pfarrgemeinderat-2026-1024x852.jpg 1024w, https:\/\/pg-markt-rettenbach.de\/wp-content\/uploads\/2026\/04\/ER-Pfarrgemeinderat-2026-768x639.jpg 768w\" sizes=\"(max-width: 1253px) 100vw, 1253px\" \/>\t\t\t\t\t\t\t\t\t\t\t\t\t\t\t<\/div>\n\t\t\t\t<\/div>\n\t\t\t\t\t<\/div>\n\t\t<\/div>\n\t\t\t\t\t<\/div>\n\t\t<\/section>\n\t\t\t\t<section class=\"elementor-section elementor-top-section elementor-element elementor-element-4a8b50a elementor-section-boxed elementor-section-height-default elementor-section-height-default\" data-id=\"4a8b50a\" data-element_type=\"section\" data-e-type=\"section\">\n\t\t\t\t\t\t<div class=\"elementor-container elementor-column-gap-default\">\n\t\t\t\t\t<div class=\"elementor-column elementor-col-100 elementor-top-column elementor-element elementor-element-796c144b\" data-id=\"796c144b\" data-element_type=\"column\" data-e-type=\"column\">\n\t\t\t<div class=\"elementor-widget-wrap elementor-element-populated\">\n\t\t\t\t\t\t<div class=\"elementor-element elementor-element-3606dfad elementor-widget elementor-widget-text-editor\" data-id=\"3606dfad\" data-element_type=\"widget\" data-e-type=\"widget\" data-widget_type=\"text-editor.default\">\n\t\t\t\t<div class=\"elementor-widget-container\">\n\t\t\t\t\t\t\t\t\t\n<p>Der Pfarrgemeinderat ist das zentrale beratende, beschlie\u00dfende und durchf\u00fchrende pastorale Gremium in unserer Pfarrgemeinde. Er tr\u00e4gt mit Sorge daf\u00fcr, dass hier die entscheidenden religi\u00f6sen Grunddienste wahrgenommen werden:<\/p>\n\n<ul class=\"wp-block-list\">\n<li>Verk\u00fcndigung des Glaubens<\/li>\n\n<li>Sorge f\u00fcr den N\u00e4chsten<\/li>\n\n<li>Feier der Gottesdienste und Sakramente<\/li>\n<\/ul>\n\n<p>\u00a0<\/p>\n\n<p>Beispielhaft f\u00fcr eigenst\u00e4ndig durchgef\u00fchrte Aufgaben seien genannt, der Adventsnachmittag, der Karfreitagskreuzweg zur Kreuzkapelle, der Besuchsdienst f\u00fcr Kranke und Jubilare, die Fu\u00dfwallfahrt nach Eldern und das Fest f\u00fcr alle die in der Gemeinde mitarbeiten. Letzteres ist Ausdruck f\u00fcr unser Bem\u00fchen, m\u00f6glichst viele Menschen mit der ihnen vom Geist Gottes geschenkten Begabungen zur Mitarbeit in der Kirche Christi zu bewegen, in der wir alle als Glieder einen Leib bilden und Christus unser Haupt ist.<\/p>\n\n<p>Die Mitglieder unseres Pfarrgemeinderates:<\/p>\n\n<figure class=\"wp-block-table\">\n<table>\n<tbody>\n<tr>\n<td>Petra Vater<\/td>\n<td>Vorsitzender<\/td>\n<\/tr>\n<tr>\n<td>Regina Kraus<\/td>\n<td>Stellvertreterin<\/td>\n<\/tr>\n<tr>\n<td>Helene Kolb<\/td>\n<td>Schriftf\u00fchrerin<\/td>\n<\/tr>\n<tr>\n<td>Peter M\u00fcller, Brigitte Eichinger, Margit Horn, Cornelia Niederhofer<\/td>\n<td>weitere gew\u00e4hlte Mitglieder<\/td>\n<\/tr>\n<tr>\n<td>Pfarrer Guido Beck, Pastoralreferentin Anette Stark, Engelbert Schneider (Kirchenverwaltung)<\/td>\n<td>geborene Mitglieder<\/td>\n<\/tr>\n<tr>\n<td>Rosi Schneider<\/td>\n<td>Mesnerin<\/td>\n<\/tr>\n<\/tbody>\n<\/table>\n<\/figure>\n\n<p>Es ist jederzeit m\u00f6glich, bei uns einzusteigen und uns (das PGR-Team) zu unterst\u00fctzen.<\/p>\n\n<p>Wir freuen uns auf Sie!<\/p>\n\t\t\t\t\t\t\t\t<\/div>\n\t\t\t\t<\/div>\n\t\t\t\t\t<\/div>\n\t\t<\/div>\n\t\t\t\t\t<\/div>\n\t\t<\/section>\n\t\t\t\t<\/div>\n\t\t","protected":false},"excerpt":{"rendered":"<p>Pfarrgemeinderat Engetried Der Pfarrgemeinderat ist das zentrale beratende, beschlie\u00dfende und durchf\u00fchrende pastorale Gremium in unserer Pfarrgemeinde. Er tr\u00e4gt mit Sorge daf\u00fcr, dass hier die entscheidenden religi\u00f6sen Grunddienste wahrgenommen werden: \u00a0 [&hellip;]<\/p>\n","protected":false},"author":1,"featured_media":0,"parent":310,"menu_order":321,"comment_status":"closed","ping_status":"closed","template":"","meta":{"_EventAllDay":false,"_EventTimezone":"","_EventStartDate":"","_EventEndDate":"","_EventStartDateUTC":"","_EventEndDateUTC":"","_EventShowMap":false,"_EventShowMapLink":false,"_EventURL":"","_EventCost":"","_EventCostDescription":"","_EventCurrencySymbol":"","_EventCurrencyCode":"","_EventCurrencyPosition":"","_EventDateTimeSeparator":"","_EventTimeRangeSeparator":"","_EventOrganizerID":[],"_EventVenueID":[],"_OrganizerEmail":"","_OrganizerPhone":"","_OrganizerWebsite":"","_VenueAddress":"","_VenueCity":"","_VenueCountry":"","_VenueProvince":"","_VenueState":"","_VenueZip":"","_VenuePhone":"","_VenueURL":"","_VenueStateProvince":"","_VenueLat":"","_VenueLng":"","_VenueShowMap":false,"_VenueShowMapLink":false,"footnotes":""},"class_list":["post-829","page","type-page","status-publish","hentry"],"_links":{"self":[{"href":"https:\/\/pg-markt-rettenbach.de\/startseite\/wp-json\/wp\/v2\/pages\/829","targetHints":{"allow":["GET"]}}],"collection":[{"href":"https:\/\/pg-markt-rettenbach.de\/startseite\/wp-json\/wp\/v2\/pages"}],"about":[{"href":"https:\/\/pg-markt-rettenbach.de\/startseite\/wp-json\/wp\/v2\/types\/page"}],"author":[{"embeddable":true,"href":"https:\/\/pg-markt-rettenbach.de\/startseite\/wp-json\/wp\/v2\/users\/1"}],"replies":[{"embeddable":true,"href":"https:\/\/pg-markt-rettenbach.de\/startseite\/wp-json\/wp\/v2\/comments?post=829"}],"version-history":[{"count":10,"href":"https:\/\/pg-markt-rettenbach.de\/startseite\/wp-json\/wp\/v2\/pages\/829\/revisions"}],"predecessor-version":[{"id":16757,"href":"https:\/\/pg-markt-rettenbach.de\/startseite\/wp-json\/wp\/v2\/pages\/829\/revisions\/16757"}],"up":[{"embeddable":true,"href":"https:\/\/pg-markt-rettenbach.de\/startseite\/wp-json\/wp\/v2\/pages\/310"}],"wp:attachment":[{"href":"https:\/\/pg-markt-rettenbach.de\/startseite\/wp-json\/wp\/v2\/media?parent=829"}],"curies":[{"name":"wp","href":"https:\/\/api.w.org\/{rel}","templated":true}]}}