{"id":833,"date":"2023-06-06T14:43:43","date_gmt":"2023-06-06T12:43:43","guid":{"rendered":"https:\/\/pg-markt-rettenbach.de\/neu\/?page_id=833"},"modified":"2025-05-21T15:03:57","modified_gmt":"2025-05-21T13:03:57","slug":"kirchenverwaltung-st-blasius-engetried","status":"publish","type":"page","link":"https:\/\/pg-markt-rettenbach.de\/startseite\/startseite\/pfarreien\/st-blasius-engetried\/kirchenverwaltung-st-blasius-engetried\/","title":{"rendered":"Kirchenverwaltung St. Blasius Engetried"},"content":{"rendered":"\t\t<div data-elementor-type=\"wp-page\" data-elementor-id=\"833\" class=\"elementor elementor-833\" data-elementor-post-type=\"page\">\n\t\t\t\t\t\t<section class=\"elementor-section elementor-top-section elementor-element elementor-element-50ce379 elementor-section-boxed elementor-section-height-default elementor-section-height-default\" data-id=\"50ce379\" data-element_type=\"section\" data-e-type=\"section\">\n\t\t\t\t\t\t<div class=\"elementor-container elementor-column-gap-default\">\n\t\t\t\t\t<div class=\"elementor-column elementor-col-100 elementor-top-column elementor-element elementor-element-d242761\" data-id=\"d242761\" data-element_type=\"column\" data-e-type=\"column\">\n\t\t\t<div class=\"elementor-widget-wrap elementor-element-populated\">\n\t\t\t\t\t\t<div class=\"elementor-element elementor-element-14ed2a2 elementor-widget elementor-widget-heading\" data-id=\"14ed2a2\" data-element_type=\"widget\" data-e-type=\"widget\" data-widget_type=\"heading.default\">\n\t\t\t\t<div class=\"elementor-widget-container\">\n\t\t\t\t\t<h2 class=\"elementor-heading-title elementor-size-xl\">Kirchenverwaltung St. Blasius Engetried<\/h2>\t\t\t\t<\/div>\n\t\t\t\t<\/div>\n\t\t\t\t\t<\/div>\n\t\t<\/div>\n\t\t\t\t\t<\/div>\n\t\t<\/section>\n\t\t\t\t<section class=\"elementor-section elementor-top-section elementor-element elementor-element-4bbce259 elementor-section-boxed elementor-section-height-default elementor-section-height-default\" data-id=\"4bbce259\" data-element_type=\"section\" data-e-type=\"section\">\n\t\t\t\t\t\t<div class=\"elementor-container elementor-column-gap-default\">\n\t\t\t\t\t<div class=\"elementor-column elementor-col-100 elementor-top-column elementor-element elementor-element-4a00aed1\" data-id=\"4a00aed1\" data-element_type=\"column\" data-e-type=\"column\">\n\t\t\t<div class=\"elementor-widget-wrap elementor-element-populated\">\n\t\t\t\t\t\t<div class=\"elementor-element elementor-element-6e14c02d elementor-widget elementor-widget-text-editor\" data-id=\"6e14c02d\" data-element_type=\"widget\" data-e-type=\"widget\" data-widget_type=\"text-editor.default\">\n\t\t\t\t<div class=\"elementor-widget-container\">\n\t\t\t\t\t\t\t\t\t<p>Die Kirchenverwaltung vertritt und verwaltet die Pfarrkirchenstiftung, die eine K\u00f6rperschaft des \u00f6ffentlichen Rechtes ist. Die Beschl\u00fcsse der Kirchenverwaltung sind deshalb rechtskr\u00e4ftig.<\/p>\n<p><!-- \/wp:paragraph --><\/p>\n<p><!-- wp:paragraph --><\/p>\n<p>Die Kirchenverwaltung stellt den Haushaltsplan auf und pr\u00fcft die Abrechnung. Sie f\u00fchrt die notwendigen Bau- und Instandsetzungsma\u00dfnahmen an den Geb\u00e4uden der Pfarrgemeinde durch. Sie ist verantwortlich und entscheidungsbefugt \u00fcber die Nutzung des Pfarrheims. Sie stellt noch bis 31.12.2025 die kirchlichen Mitarbeiter an und entlohnt sie.&nbsp;<\/p>\n<p><!-- \/wp:paragraph --><\/p>\n<p><!-- wp:paragraph --><\/p>\n<p>Der katholischen Kirchenverwaltung geh\u00f6ren an:<\/p>\n<p><!-- \/wp:paragraph --><\/p>\n<p><!-- wp:table --><\/p>\n<figure class=\"wp-block-table\">\n<table style=\"height: 61px;\" width=\"152\">\n<tbody>\n<tr>\n<td>Guido Beck<\/td>\n<td>\n<p>Pfarrer<\/p>\n<\/td>\n<\/tr>\n<\/tbody>\n<\/table>\n<table>\n<tbody>\n<tr>\n<td>Isabelle Bauer<\/td>\n<td>\n<p>Verwaltungsleiterin<\/p>\n<\/td>\n<\/tr>\n<tr>\n<td>Engelbert Holdenried<\/td>\n<td>Kirchenpfleger<\/td>\n<\/tr>\n<tr>\n<td>Engelbert Schneider<\/td>\n<td>Schriftf\u00fchrer<\/td>\n<\/tr>\n<tr>\n<td>Alexander Dorn<\/td>\n<td>KV-Mitglied<\/td>\n<\/tr>\n<tr>\n<td>Hans Schwaier<\/td>\n<td>KV-Mitglied<\/td>\n<\/tr>\n<\/tbody>\n<\/table>\n<\/figure>\n<p><!-- \/wp:table --><\/p>\t\t\t\t\t\t\t\t<\/div>\n\t\t\t\t<\/div>\n\t\t\t\t\t<\/div>\n\t\t<\/div>\n\t\t\t\t\t<\/div>\n\t\t<\/section>\n\t\t\t\t<\/div>\n\t\t","protected":false},"excerpt":{"rendered":"<p>Kirchenverwaltung St. Blasius Engetried Die Kirchenverwaltung vertritt und verwaltet die Pfarrkirchenstiftung, die eine K\u00f6rperschaft des \u00f6ffentlichen Rechtes ist. Die Beschl\u00fcsse der Kirchenverwaltung sind deshalb rechtskr\u00e4ftig. Die Kirchenverwaltung stellt den Haushaltsplan [&hellip;]<\/p>\n","protected":false},"author":1,"featured_media":0,"parent":310,"menu_order":322,"comment_status":"closed","ping_status":"closed","template":"","meta":{"_EventAllDay":false,"_EventTimezone":"","_EventStartDate":"","_EventEndDate":"","_EventStartDateUTC":"","_EventEndDateUTC":"","_EventShowMap":false,"_EventShowMapLink":false,"_EventURL":"","_EventCost":"","_EventCostDescription":"","_EventCurrencySymbol":"","_EventCurrencyCode":"","_EventCurrencyPosition":"","_EventDateTimeSeparator":"","_EventTimeRangeSeparator":"","_EventOrganizerID":[],"_EventVenueID":[],"_OrganizerEmail":"","_OrganizerPhone":"","_OrganizerWebsite":"","_VenueAddress":"","_VenueCity":"","_VenueCountry":"","_VenueProvince":"","_VenueState":"","_VenueZip":"","_VenuePhone":"","_VenueURL":"","_VenueStateProvince":"","_VenueLat":"","_VenueLng":"","_VenueShowMap":false,"_VenueShowMapLink":false,"footnotes":""},"class_list":["post-833","page","type-page","status-publish","hentry"],"_links":{"self":[{"href":"https:\/\/pg-markt-rettenbach.de\/startseite\/wp-json\/wp\/v2\/pages\/833","targetHints":{"allow":["GET"]}}],"collection":[{"href":"https:\/\/pg-markt-rettenbach.de\/startseite\/wp-json\/wp\/v2\/pages"}],"about":[{"href":"https:\/\/pg-markt-rettenbach.de\/startseite\/wp-json\/wp\/v2\/types\/page"}],"author":[{"embeddable":true,"href":"https:\/\/pg-markt-rettenbach.de\/startseite\/wp-json\/wp\/v2\/users\/1"}],"replies":[{"embeddable":true,"href":"https:\/\/pg-markt-rettenbach.de\/startseite\/wp-json\/wp\/v2\/comments?post=833"}],"version-history":[{"count":10,"href":"https:\/\/pg-markt-rettenbach.de\/startseite\/wp-json\/wp\/v2\/pages\/833\/revisions"}],"predecessor-version":[{"id":14527,"href":"https:\/\/pg-markt-rettenbach.de\/startseite\/wp-json\/wp\/v2\/pages\/833\/revisions\/14527"}],"up":[{"embeddable":true,"href":"https:\/\/pg-markt-rettenbach.de\/startseite\/wp-json\/wp\/v2\/pages\/310"}],"wp:attachment":[{"href":"https:\/\/pg-markt-rettenbach.de\/startseite\/wp-json\/wp\/v2\/media?parent=833"}],"curies":[{"name":"wp","href":"https:\/\/api.w.org\/{rel}","templated":true}]}}