{"id":9767,"date":"2024-03-20T09:07:55","date_gmt":"2024-03-20T08:07:55","guid":{"rendered":"https:\/\/pg-markt-rettenbach.de\/startseite\/?page_id=9767"},"modified":"2025-01-28T17:05:13","modified_gmt":"2025-01-28T16:05:13","slug":"praevention","status":"publish","type":"page","link":"https:\/\/pg-markt-rettenbach.de\/startseite\/startseite\/praevention\/","title":{"rendered":"Pr\u00e4vention"},"content":{"rendered":"\t\t<div data-elementor-type=\"wp-page\" data-elementor-id=\"9767\" class=\"elementor elementor-9767\" data-elementor-post-type=\"page\">\n\t\t\t\t\t\t<section class=\"elementor-section elementor-top-section elementor-element elementor-element-da610b9 elementor-section-boxed elementor-section-height-default elementor-section-height-default\" data-id=\"da610b9\" data-element_type=\"section\" data-e-type=\"section\">\n\t\t\t\t\t\t<div class=\"elementor-container elementor-column-gap-default\">\n\t\t\t\t\t<div class=\"elementor-column elementor-col-50 elementor-top-column elementor-element elementor-element-b420057\" data-id=\"b420057\" data-element_type=\"column\" data-e-type=\"column\">\n\t\t\t<div class=\"elementor-widget-wrap elementor-element-populated\">\n\t\t\t\t\t\t<div class=\"elementor-element elementor-element-a95fe96 elementor-widget elementor-widget-heading\" data-id=\"a95fe96\" data-element_type=\"widget\" data-e-type=\"widget\" data-widget_type=\"heading.default\">\n\t\t\t\t<div class=\"elementor-widget-container\">\n\t\t\t\t\t<h2 class=\"elementor-heading-title elementor-size-default\">Miteinander ACHTSAM<\/h2>\t\t\t\t<\/div>\n\t\t\t\t<\/div>\n\t\t\t\t\t<\/div>\n\t\t<\/div>\n\t\t\t\t<div class=\"elementor-column elementor-col-50 elementor-top-column elementor-element elementor-element-0019472\" data-id=\"0019472\" data-element_type=\"column\" data-e-type=\"column\">\n\t\t\t<div class=\"elementor-widget-wrap elementor-element-populated\">\n\t\t\t\t\t\t<div class=\"elementor-element elementor-element-bb1df8a elementor-widget elementor-widget-image\" data-id=\"bb1df8a\" data-element_type=\"widget\" data-e-type=\"widget\" data-widget_type=\"image.default\">\n\t\t\t\t<div class=\"elementor-widget-container\">\n\t\t\t\t\t\t\t\t\t\t\t\t\t\t\t<img decoding=\"async\" width=\"383\" height=\"102\" src=\"https:\/\/pg-markt-rettenbach.de\/wp-content\/uploads\/2024\/03\/Praevention-sexualisierter-Gewalt.jpg\" class=\"attachment-large size-large wp-image-9930\" alt=\"\" srcset=\"https:\/\/pg-markt-rettenbach.de\/wp-content\/uploads\/2024\/03\/Praevention-sexualisierter-Gewalt.jpg 383w, https:\/\/pg-markt-rettenbach.de\/wp-content\/uploads\/2024\/03\/Praevention-sexualisierter-Gewalt-300x80.jpg 300w\" sizes=\"(max-width: 383px) 100vw, 383px\" \/>\t\t\t\t\t\t\t\t\t\t\t\t\t\t\t<\/div>\n\t\t\t\t<\/div>\n\t\t\t\t\t<\/div>\n\t\t<\/div>\n\t\t\t\t\t<\/div>\n\t\t<\/section>\n\t\t\t\t<section class=\"elementor-section elementor-top-section elementor-element elementor-element-3135a34 elementor-section-boxed elementor-section-height-default elementor-section-height-default\" data-id=\"3135a34\" data-element_type=\"section\" data-e-type=\"section\">\n\t\t\t\t\t\t<div class=\"elementor-container elementor-column-gap-default\">\n\t\t\t\t\t<div class=\"elementor-column elementor-col-50 elementor-top-column elementor-element elementor-element-8e4f4a8\" data-id=\"8e4f4a8\" data-element_type=\"column\" data-e-type=\"column\">\n\t\t\t<div class=\"elementor-widget-wrap elementor-element-populated\">\n\t\t\t\t\t\t<div class=\"elementor-element elementor-element-98c1139 elementor-widget elementor-widget-text-editor\" data-id=\"98c1139\" data-element_type=\"widget\" data-e-type=\"widget\" data-widget_type=\"text-editor.default\">\n\t\t\t\t<div class=\"elementor-widget-container\">\n\t\t\t\t\t\t\t\t\t<p>&#8222;Miteinander achtsam&#8220;. Dieses Motto bringt nicht nur zum Ausdruck, dass es Ziel ist, eine Kultur der Achtsamkeit zu schaffen, sondern macht auch deutlich, dass dieses Ziel nur im Miteinander erreicht werden kann. Jeder und jede ist dazu aufgefordert, einen Teil dazu beizutragen, Kinder, Jugendliche und schutz- oder hilfebed\u00fcrftige Erwachsene zu sch\u00fctzen und Kirche als sicheren Ort zu gestalten. (Generalvikar Dr. Wolfgang Hacker)<\/p>\t\t\t\t\t\t\t\t<\/div>\n\t\t\t\t<\/div>\n\t\t\t\t\t<\/div>\n\t\t<\/div>\n\t\t\t\t<div class=\"elementor-column elementor-col-50 elementor-top-column elementor-element elementor-element-07e45c5\" data-id=\"07e45c5\" data-element_type=\"column\" data-e-type=\"column\">\n\t\t\t<div class=\"elementor-widget-wrap elementor-element-populated\">\n\t\t\t\t\t\t<div class=\"elementor-element elementor-element-c67dd06 elementor-widget elementor-widget-image\" data-id=\"c67dd06\" data-element_type=\"widget\" data-e-type=\"widget\" data-widget_type=\"image.default\">\n\t\t\t\t<div class=\"elementor-widget-container\">\n\t\t\t\t\t\t\t\t\t\t\t\t\t\t\t<img fetchpriority=\"high\" decoding=\"async\" width=\"800\" height=\"402\" src=\"https:\/\/pg-markt-rettenbach.de\/wp-content\/uploads\/2023\/07\/Startseite-Gruppenfoto-Kopie.jpg\" class=\"attachment-large size-large wp-image-2047\" alt=\"\" srcset=\"https:\/\/pg-markt-rettenbach.de\/wp-content\/uploads\/2023\/07\/Startseite-Gruppenfoto-Kopie.jpg 954w, https:\/\/pg-markt-rettenbach.de\/wp-content\/uploads\/2023\/07\/Startseite-Gruppenfoto-Kopie-300x151.jpg 300w, https:\/\/pg-markt-rettenbach.de\/wp-content\/uploads\/2023\/07\/Startseite-Gruppenfoto-Kopie-768x386.jpg 768w\" sizes=\"(max-width: 800px) 100vw, 800px\" \/>\t\t\t\t\t\t\t\t\t\t\t\t\t\t\t<\/div>\n\t\t\t\t<\/div>\n\t\t\t\t\t<\/div>\n\t\t<\/div>\n\t\t\t\t\t<\/div>\n\t\t<\/section>\n\t\t\t\t<section class=\"elementor-section elementor-top-section elementor-element elementor-element-0b46f70 elementor-section-boxed elementor-section-height-default elementor-section-height-default\" data-id=\"0b46f70\" data-element_type=\"section\" data-e-type=\"section\">\n\t\t\t\t\t\t<div class=\"elementor-container elementor-column-gap-default\">\n\t\t\t\t\t<div class=\"elementor-column elementor-col-100 elementor-top-column elementor-element elementor-element-6ff4881\" data-id=\"6ff4881\" data-element_type=\"column\" data-e-type=\"column\">\n\t\t\t<div class=\"elementor-widget-wrap elementor-element-populated\">\n\t\t\t\t\t\t<div class=\"elementor-element elementor-element-d8ebba1 elementor-widget elementor-widget-text-editor\" data-id=\"d8ebba1\" data-element_type=\"widget\" data-e-type=\"widget\" data-widget_type=\"text-editor.default\">\n\t\t\t\t<div class=\"elementor-widget-container\">\n\t\t\t\t\t\t\t\t\t<p>In Markt Rettenbach sind wir auf den Weg, diese Kultur der Achtsamkeit zu st\u00e4rken. Wir haben ein so genanntes &#8222;Institutionelles Schutzkonzept&#8220; erstellt, das Sie hier herunterladen k\u00f6nnen:\u00a0<\/p>\t\t\t\t\t\t\t\t<\/div>\n\t\t\t\t<\/div>\n\t\t\t\t\t<\/div>\n\t\t<\/div>\n\t\t\t\t\t<\/div>\n\t\t<\/section>\n\t\t\t\t<section class=\"elementor-section elementor-top-section elementor-element elementor-element-18d2419 elementor-section-boxed elementor-section-height-default elementor-section-height-default\" data-id=\"18d2419\" data-element_type=\"section\" data-e-type=\"section\">\n\t\t\t\t\t\t<div class=\"elementor-container elementor-column-gap-default\">\n\t\t\t\t\t<div class=\"elementor-column elementor-col-100 elementor-top-column elementor-element elementor-element-5b6b7dc\" data-id=\"5b6b7dc\" data-element_type=\"column\" data-e-type=\"column\">\n\t\t\t<div class=\"elementor-widget-wrap elementor-element-populated\">\n\t\t\t\t\t\t<div class=\"elementor-element elementor-element-54a677f elementor-align-justify elementor-widget__width-initial elementor-widget elementor-widget-button\" data-id=\"54a677f\" data-element_type=\"widget\" data-e-type=\"widget\" data-settings=\"{&quot;_animation&quot;:&quot;none&quot;}\" data-widget_type=\"button.default\">\n\t\t\t\t<div class=\"elementor-widget-container\">\n\t\t\t\t\t\t\t\t\t<div class=\"elementor-button-wrapper\">\n\t\t\t\t\t<a class=\"elementor-button elementor-button-link elementor-size-sm\" href=\"https:\/\/pg-markt-rettenbach.de\/wp-content\/uploads\/2025\/01\/ISK-Stand-03.12.2024-FINAL.pdf\" target=\"_blank\">\n\t\t\t\t\t\t<span class=\"elementor-button-content-wrapper\">\n\t\t\t\t\t\t\t\t\t<span class=\"elementor-button-text\">NEU: Jetzt ISK herunterladen<\/span>\n\t\t\t\t\t<\/span>\n\t\t\t\t\t<\/a>\n\t\t\t\t<\/div>\n\t\t\t\t\t\t\t\t<\/div>\n\t\t\t\t<\/div>\n\t\t\t\t\t<\/div>\n\t\t<\/div>\n\t\t\t\t\t<\/div>\n\t\t<\/section>\n\t\t\t\t<section class=\"elementor-section elementor-top-section elementor-element elementor-element-dfbf1fa elementor-section-boxed elementor-section-height-default elementor-section-height-default\" data-id=\"dfbf1fa\" data-element_type=\"section\" data-e-type=\"section\">\n\t\t\t\t\t\t<div class=\"elementor-container elementor-column-gap-default\">\n\t\t\t\t\t<div class=\"elementor-column elementor-col-100 elementor-top-column elementor-element elementor-element-9a0228c\" data-id=\"9a0228c\" data-element_type=\"column\" data-e-type=\"column\">\n\t\t\t<div class=\"elementor-widget-wrap elementor-element-populated\">\n\t\t\t\t\t\t<div class=\"elementor-element elementor-element-6012da1 elementor-widget elementor-widget-text-editor\" data-id=\"6012da1\" data-element_type=\"widget\" data-e-type=\"widget\" data-widget_type=\"text-editor.default\">\n\t\t\t\t<div class=\"elementor-widget-container\">\n\t\t\t\t\t\t\t\t\t<p>Wir werden nun alle haupt- und ehrenamtlich T\u00e4tigen bitten, das ISK zur Kenntnis zu nehmen und die entsprechende Verpflichtungserkl\u00e4rung auszuf\u00fcllen.<\/p>\t\t\t\t\t\t\t\t<\/div>\n\t\t\t\t<\/div>\n\t\t\t\t\t<\/div>\n\t\t<\/div>\n\t\t\t\t\t<\/div>\n\t\t<\/section>\n\t\t\t\t<section class=\"elementor-section elementor-top-section elementor-element elementor-element-567a48e elementor-section-boxed elementor-section-height-default elementor-section-height-default\" data-id=\"567a48e\" data-element_type=\"section\" data-e-type=\"section\">\n\t\t\t\t\t\t<div class=\"elementor-container elementor-column-gap-default\">\n\t\t\t\t\t<div class=\"elementor-column elementor-col-100 elementor-top-column elementor-element elementor-element-d56c040\" data-id=\"d56c040\" data-element_type=\"column\" data-e-type=\"column\">\n\t\t\t<div class=\"elementor-widget-wrap elementor-element-populated\">\n\t\t\t\t\t\t<div class=\"elementor-element elementor-element-a450200 elementor-widget elementor-widget-text-editor\" data-id=\"a450200\" data-element_type=\"widget\" data-e-type=\"widget\" data-widget_type=\"text-editor.default\">\n\t\t\t\t<div class=\"elementor-widget-container\">\n\t\t\t\t\t\t\t\t\t<p>Weitere Informationen, wie das &#8222;Institutionelle Schutzkonzept&#8220; erarbeitet wurde, finden Sie hier:<\/p>\t\t\t\t\t\t\t\t<\/div>\n\t\t\t\t<\/div>\n\t\t\t\t\t<\/div>\n\t\t<\/div>\n\t\t\t\t\t<\/div>\n\t\t<\/section>\n\t\t\t\t<section class=\"elementor-section elementor-top-section elementor-element elementor-element-2817e15 elementor-section-boxed elementor-section-height-default elementor-section-height-default\" data-id=\"2817e15\" data-element_type=\"section\" data-e-type=\"section\">\n\t\t\t\t\t\t<div class=\"elementor-container elementor-column-gap-default\">\n\t\t\t\t\t<div class=\"elementor-column elementor-col-100 elementor-top-column elementor-element elementor-element-8f33480\" data-id=\"8f33480\" data-element_type=\"column\" data-e-type=\"column\">\n\t\t\t<div class=\"elementor-widget-wrap elementor-element-populated\">\n\t\t\t\t\t\t<div class=\"elementor-element elementor-element-8d3619f elementor-widget elementor-widget-heading\" data-id=\"8d3619f\" data-element_type=\"widget\" data-e-type=\"widget\" data-widget_type=\"heading.default\">\n\t\t\t\t<div class=\"elementor-widget-container\">\n\t\t\t\t\t<h2 class=\"elementor-heading-title elementor-size-default\">Ergebnis der Fragebogenaktion<\/h2>\t\t\t\t<\/div>\n\t\t\t\t<\/div>\n\t\t\t\t\t<\/div>\n\t\t<\/div>\n\t\t\t\t\t<\/div>\n\t\t<\/section>\n\t\t\t\t<section class=\"elementor-section elementor-top-section elementor-element elementor-element-18d2196 elementor-section-boxed elementor-section-height-default elementor-section-height-default\" data-id=\"18d2196\" data-element_type=\"section\" data-e-type=\"section\">\n\t\t\t\t\t\t<div class=\"elementor-container elementor-column-gap-default\">\n\t\t\t\t\t<div class=\"elementor-column elementor-col-100 elementor-top-column elementor-element elementor-element-2a57b1f\" data-id=\"2a57b1f\" data-element_type=\"column\" data-e-type=\"column\">\n\t\t\t<div class=\"elementor-widget-wrap elementor-element-populated\">\n\t\t\t\t\t\t<div class=\"elementor-element elementor-element-ea4196d elementor-widget elementor-widget-text-editor\" data-id=\"ea4196d\" data-element_type=\"widget\" data-e-type=\"widget\" data-widget_type=\"text-editor.default\">\n\t\t\t\t<div class=\"elementor-widget-container\">\n\t\t\t\t\t\t\t\t\t<p style=\"line-height: normal;\">\u00a0<\/p><p><span style=\"color: var( --e-global-color-text ); font-family: var( --e-global-typography-text-font-family ), Sans-serif; font-size: var( --e-global-typography-text-font-size ); font-weight: var( --e-global-typography-text-font-weight );\">Wir erhielten innerhalb der vorgegebenen Frist insgesamt 43 Frageb\u00f6gen<br \/>zur\u00fcck, die wir inzwischen durchgesehen und ausgewertet haben. Als erfreuliches<br \/>Ergebnis l\u00e4sst sich festhalten, dass keine gravierenden Vorkommnisse und<br \/>Missst\u00e4nde benannt wurden.\u00a0<\/span><\/p><p><span style=\"color: var( --e-global-color-text ); font-family: var( --e-global-typography-text-font-family ), Sans-serif; font-size: var( --e-global-typography-text-font-size ); font-weight: var( --e-global-typography-text-font-weight );\">Was allerdings deutlich wurde, sind einzelne Punkte, die durchaus verbesserungsw\u00fcrdig sind:<\/span><\/p><ul><li>Datenschutzrechtliche Regeln im Umgang mit Handys, Fotos etc. existieren zwar, sind aber nicht bekannt und kommen nicht einheitlich zur Anwendung<\/li><li>Es braucht eine transparente und nachvollziehbare Regelung, wer den Jugendraum f\u00fcr Geburtstagspartys benutzen darf, die dann auch konsequent umgesetzt wird<\/li><li>Im Jugendheim fehlt die M\u00f6glichkeit, den Abstellraum abzusperren<\/li><li>Das Treppenhaus bzw. der Keller im Glasanbau kann w\u00e4hrend Veranstaltungen unbeaufsichtigt betreten werden<\/li><li>Genaue Zust\u00e4ndigkeiten und Aufgabenverteilung von Sekret\u00e4rinnen und Pfarrern sind nicht einsichtig<\/li><li>Gremienmitgliedern k\u00f6nnte im Einzelfall mehr pers\u00f6nliche R\u00fccksprache gut tun<\/li><li>Die Kommunikationswege innerhalb der Pfarreiengemeinschaft funktionieren zwar meistens, aber nicht immer zufriedenstellend.\u00a0<\/li><li>Nicht alle k\u00f6nnen angeben, an wen sie sich im Falle von Grenzverletzungen wenden und wen sie um Hilfe bitten k\u00f6nnen.\u00a0<\/li><\/ul><div>\u00a0<\/div><div><p class=\"MsoNormal\" style=\"line-height: normal;\">Nachbesserungen sind auch beim erweiterten F\u00fchrungszeugnis erforderlich. Wir ben\u00f6tigen einen Nachweis von allen, die mit Kindern und Jugendlichen Umgang haben, dass dort kein entsprechender strafrechtlicher Eintrag enthalten ist. Betroffen davon sind vor allem Kommunion- und Firmgruppeneltern, welche die Gruppenstunden in ihren Privatr\u00e4umen halten. Der Nachweis ist im Rathaus kostenfrei erh\u00e4ltlich. Das erscheint auf den ersten Blick unbequem. Diese Vorgabe ist jedoch ein wichtiger Baustein, um m\u00f6glichem Missbrauch einen Riegel vorzuschieben und damit unsere Kinder bzw. Jugendlichen zu sch\u00fctzen.<\/p><p class=\"MsoNormal\" style=\"line-height: normal;\">Wir bedanken uns ganz herzlich bei allen, welche die Frageb\u00f6gen ausgef\u00fcllt und uns wertvolle Hinweise und R\u00fcckmeldungen gegeben haben. Zugegeben, \u00fcber die Qualit\u00e4t der Frageb\u00f6gen l\u00e4sst sich diskutieren. Die zugesicherte Anonymit\u00e4t wurde in einem Falle hinterfragt mit der Bemerkung, aufgrund der Angaben zu Pfarrei und Gremium den Bogen nur \u00e4u\u00dferst zur\u00fcckhaltend ausf\u00fcllen zu k\u00f6nnen. Doch selbst wenn aufgrund bestimmter Angaben R\u00fcckschl\u00fcsse auf einzelne Verfasser m\u00f6glich sein sollten, behandeln wir alles vertraulich im Wege einer zumindest \u201emethodischen\u201c Anonymit\u00e4t. Niemand braucht deswegen irgendeinen Nachteil zu bef\u00fcrchten. Selbstverst\u00e4ndlich sind wir weiterhin offen f\u00fcr Ihre Anliegen und Anregungen \u2013 das hilft uns in jedem Fall, den achtvollen Umgang miteinander zu verbessern.<\/p><p class=\"MsoNormal\" style=\"text-align: right; line-height: normal;\" align=\"right\">Ihre Projektgruppe Pr\u00e4vention in Markt Rettenbach<\/p><\/div>\t\t\t\t\t\t\t\t<\/div>\n\t\t\t\t<\/div>\n\t\t\t\t\t<\/div>\n\t\t<\/div>\n\t\t\t\t\t<\/div>\n\t\t<\/section>\n\t\t\t\t<section class=\"elementor-section elementor-top-section elementor-element elementor-element-8b0d71e elementor-section-boxed elementor-section-height-default elementor-section-height-default\" data-id=\"8b0d71e\" data-element_type=\"section\" data-e-type=\"section\">\n\t\t\t\t\t\t<div class=\"elementor-container elementor-column-gap-default\">\n\t\t\t\t\t<div class=\"elementor-column elementor-col-100 elementor-top-column elementor-element elementor-element-866ff26\" data-id=\"866ff26\" data-element_type=\"column\" data-e-type=\"column\">\n\t\t\t<div class=\"elementor-widget-wrap elementor-element-populated\">\n\t\t\t\t\t\t<div class=\"elementor-element elementor-element-c535bd9 elementor-widget elementor-widget-heading\" data-id=\"c535bd9\" data-element_type=\"widget\" data-e-type=\"widget\" data-widget_type=\"heading.default\">\n\t\t\t\t<div class=\"elementor-widget-container\">\n\t\t\t\t\t<h2 class=\"elementor-heading-title elementor-size-default\"><b>Projektgruppe zur Erstellung des Institutionellen Schutzkonzepts<\/b><\/h2>\t\t\t\t<\/div>\n\t\t\t\t<\/div>\n\t\t\t\t\t<\/div>\n\t\t<\/div>\n\t\t\t\t\t<\/div>\n\t\t<\/section>\n\t\t\t\t<section class=\"elementor-section elementor-top-section elementor-element elementor-element-e9642cb elementor-section-boxed elementor-section-height-default elementor-section-height-default\" data-id=\"e9642cb\" data-element_type=\"section\" data-e-type=\"section\">\n\t\t\t\t\t\t<div class=\"elementor-container elementor-column-gap-default\">\n\t\t\t\t\t<div class=\"elementor-column elementor-col-50 elementor-top-column elementor-element elementor-element-e6155b1\" data-id=\"e6155b1\" data-element_type=\"column\" data-e-type=\"column\">\n\t\t\t<div class=\"elementor-widget-wrap elementor-element-populated\">\n\t\t\t\t\t\t<div class=\"elementor-element elementor-element-a489cd5 elementor-widget__width-initial elementor-widget elementor-widget-text-editor\" data-id=\"a489cd5\" data-element_type=\"widget\" data-e-type=\"widget\" data-widget_type=\"text-editor.default\">\n\t\t\t\t<div class=\"elementor-widget-container\">\n\t\t\t\t\t\t\t\t\t<p>Die Projektgruppe trifft sich in regelm\u00e4\u00dfigen Abst\u00e4nden, um in mehreren Arbeitsschritten das Institutionelle Schutzkonzept (ISK) f\u00fcr die Pfarreiengemeinschaft zu erstellen.\u00a0<\/p><p>Die Projektgruppe hat sich am 19. M\u00e4rz das erste Mal getroffen und umfasst folgende Mitglieder:<\/p><ul><li>Pfarrer Guido Beck<\/li><li>Thomas Hermeking, Pfarrgemeinderat Markt Rettenbach<\/li><li>Luzia Pfefferle, Kirche Kunterbunt<\/li><li>Dagmar Meinecke, Senioren- und Trauerteam; Pfarrgemeinderat Markt Rettenbach<\/li><li>Petra Vater, Pfarrgemeinderat Engetried<\/li><li>Benedikt Vater, Ministranten Engetried<\/li><li>Julia Schmalholz, Pfarrgemeinderat Eutenhausen<\/li><\/ul><div>\u00a0<\/div><div><p><span style=\"color: var( --e-global-color-text ); font-family: var( --e-global-typography-text-font-family ), Sans-serif; font-size: var( --e-global-typography-text-font-size ); font-weight: var( --e-global-typography-text-font-weight );\">Die fachliche Begleitung \u00fcbernimmt Frau Silvia Bauer von der Pr\u00e4ventionsstelle des Bistums.<\/span><\/p><p><span style=\"color: var( --e-global-color-text ); font-family: var( --e-global-typography-text-font-family ), Sans-serif; font-size: var( --e-global-typography-text-font-size ); font-weight: var( --e-global-typography-text-font-weight );\">Am Donnerstag, 25. April um 20.00 Uhr hat sich die Projektgruppe im Pfarrhof Markt Rettenbach getroffen und die Frageb\u00f6gen bearbeitet. Au\u00dferdem besprachen wir die weitere Vorgehensweise, wie die Frageb\u00f6gen verteilt und wann sie ausgewertet werden sollen.<\/span><\/p><\/div>\t\t\t\t\t\t\t\t<\/div>\n\t\t\t\t<\/div>\n\t\t\t\t\t<\/div>\n\t\t<\/div>\n\t\t\t\t<div class=\"elementor-column elementor-col-50 elementor-top-column elementor-element elementor-element-93ad77a\" data-id=\"93ad77a\" data-element_type=\"column\" data-e-type=\"column\">\n\t\t\t<div class=\"elementor-widget-wrap elementor-element-populated\">\n\t\t\t\t\t\t\t<\/div>\n\t\t<\/div>\n\t\t\t\t\t<\/div>\n\t\t<\/section>\n\t\t\t\t<section class=\"elementor-section elementor-top-section elementor-element elementor-element-dbdb0f3 elementor-section-boxed elementor-section-height-default elementor-section-height-default\" data-id=\"dbdb0f3\" data-element_type=\"section\" data-e-type=\"section\">\n\t\t\t\t\t\t<div class=\"elementor-container elementor-column-gap-default\">\n\t\t\t\t\t<div class=\"elementor-column elementor-col-100 elementor-top-column elementor-element elementor-element-3b8b5fa\" data-id=\"3b8b5fa\" data-element_type=\"column\" data-e-type=\"column\">\n\t\t\t<div class=\"elementor-widget-wrap elementor-element-populated\">\n\t\t\t\t\t\t<div class=\"elementor-element elementor-element-04a7cfc elementor-widget elementor-widget-image\" data-id=\"04a7cfc\" data-element_type=\"widget\" data-e-type=\"widget\" data-widget_type=\"image.default\">\n\t\t\t\t<div class=\"elementor-widget-container\">\n\t\t\t\t\t\t\t\t\t\t\t\t<figure class=\"wp-caption\">\n\t\t\t\t\t\t\t\t\t\t<img decoding=\"async\" width=\"1258\" height=\"575\" src=\"https:\/\/pg-markt-rettenbach.de\/wp-content\/uploads\/2024\/05\/Projektgruppe-Praevention-1.jpg\" class=\"attachment-1536x1536 size-1536x1536 wp-image-11197\" alt=\"\" srcset=\"https:\/\/pg-markt-rettenbach.de\/wp-content\/uploads\/2024\/05\/Projektgruppe-Praevention-1.jpg 1258w, https:\/\/pg-markt-rettenbach.de\/wp-content\/uploads\/2024\/05\/Projektgruppe-Praevention-1-300x137.jpg 300w, https:\/\/pg-markt-rettenbach.de\/wp-content\/uploads\/2024\/05\/Projektgruppe-Praevention-1-1024x468.jpg 1024w, https:\/\/pg-markt-rettenbach.de\/wp-content\/uploads\/2024\/05\/Projektgruppe-Praevention-1-768x351.jpg 768w\" sizes=\"(max-width: 1258px) 100vw, 1258px\" \/>\t\t\t\t\t\t\t\t\t\t\t<figcaption class=\"widget-image-caption wp-caption-text\">Die Projektgruppe Pr\u00e4vention erarbeitet zusammen mit Frau Silvia Bauer vom Bistum Augsburg die Frageb\u00f6gen<\/figcaption>\n\t\t\t\t\t\t\t\t\t\t<\/figure>\n\t\t\t\t\t\t\t\t\t<\/div>\n\t\t\t\t<\/div>\n\t\t\t\t\t<\/div>\n\t\t<\/div>\n\t\t\t\t\t<\/div>\n\t\t<\/section>\n\t\t\t\t<section class=\"elementor-section elementor-top-section elementor-element elementor-element-e37a41a elementor-section-boxed elementor-section-height-default elementor-section-height-default\" data-id=\"e37a41a\" data-element_type=\"section\" data-e-type=\"section\">\n\t\t\t\t\t\t<div class=\"elementor-container elementor-column-gap-default\">\n\t\t\t\t\t<div class=\"elementor-column elementor-col-100 elementor-top-column elementor-element elementor-element-ad76508\" data-id=\"ad76508\" data-element_type=\"column\" data-e-type=\"column\">\n\t\t\t<div class=\"elementor-widget-wrap elementor-element-populated\">\n\t\t\t\t\t\t<div class=\"elementor-element elementor-element-31c83ff elementor-widget elementor-widget-text-editor\" data-id=\"31c83ff\" data-element_type=\"widget\" data-e-type=\"widget\" data-widget_type=\"text-editor.default\">\n\t\t\t\t<div class=\"elementor-widget-container\">\n\t\t\t\t\t\t\t\t\t<p>\u00a0<\/p><h3>Hilfreiche Links:<\/h3><p><strong><a href=\"https:\/\/bistum-augsburg.de\/Hauptabteilung-I\/Abteilung-Fortbildung\/Fachbereich-Praevention\">Fachbereich Pr\u00e4vention &#8211; Bistum Augsburg (bistum-augsburg.de)<\/a>\u00a0<\/strong><\/p>\t\t\t\t\t\t\t\t<\/div>\n\t\t\t\t<\/div>\n\t\t\t\t<div class=\"elementor-element elementor-element-3e691df elementor-widget elementor-widget-spacer\" data-id=\"3e691df\" data-element_type=\"widget\" data-e-type=\"widget\" data-widget_type=\"spacer.default\">\n\t\t\t\t<div class=\"elementor-widget-container\">\n\t\t\t\t\t\t\t<div class=\"elementor-spacer\">\n\t\t\t<div class=\"elementor-spacer-inner\"><\/div>\n\t\t<\/div>\n\t\t\t\t\t\t<\/div>\n\t\t\t\t<\/div>\n\t\t\t\t\t<\/div>\n\t\t<\/div>\n\t\t\t\t\t<\/div>\n\t\t<\/section>\n\t\t\t\t<\/div>\n\t\t","protected":false},"excerpt":{"rendered":"<p>Miteinander ACHTSAM &#8222;Miteinander achtsam&#8220;. Dieses Motto bringt nicht nur zum Ausdruck, dass es Ziel ist, eine Kultur der Achtsamkeit zu schaffen, sondern macht auch deutlich, dass dieses Ziel nur im [&hellip;]<\/p>\n","protected":false},"author":1,"featured_media":0,"parent":2,"menu_order":700,"comment_status":"closed","ping_status":"closed","template":"","meta":{"_EventAllDay":false,"_EventTimezone":"","_EventStartDate":"","_EventEndDate":"","_EventStartDateUTC":"","_EventEndDateUTC":"","_EventShowMap":false,"_EventShowMapLink":false,"_EventURL":"","_EventCost":"","_EventCostDescription":"","_EventCurrencySymbol":"","_EventCurrencyCode":"","_EventCurrencyPosition":"","_EventDateTimeSeparator":"","_EventTimeRangeSeparator":"","_EventOrganizerID":[],"_EventVenueID":[],"_OrganizerEmail":"","_OrganizerPhone":"","_OrganizerWebsite":"","_VenueAddress":"","_VenueCity":"","_VenueCountry":"","_VenueProvince":"","_VenueState":"","_VenueZip":"","_VenuePhone":"","_VenueURL":"","_VenueStateProvince":"","_VenueLat":"","_VenueLng":"","_VenueShowMap":false,"_VenueShowMapLink":false,"footnotes":""},"class_list":["post-9767","page","type-page","status-publish","hentry"],"_links":{"self":[{"href":"https:\/\/pg-markt-rettenbach.de\/startseite\/wp-json\/wp\/v2\/pages\/9767","targetHints":{"allow":["GET"]}}],"collection":[{"href":"https:\/\/pg-markt-rettenbach.de\/startseite\/wp-json\/wp\/v2\/pages"}],"about":[{"href":"https:\/\/pg-markt-rettenbach.de\/startseite\/wp-json\/wp\/v2\/types\/page"}],"author":[{"embeddable":true,"href":"https:\/\/pg-markt-rettenbach.de\/startseite\/wp-json\/wp\/v2\/users\/1"}],"replies":[{"embeddable":true,"href":"https:\/\/pg-markt-rettenbach.de\/startseite\/wp-json\/wp\/v2\/comments?post=9767"}],"version-history":[{"count":10,"href":"https:\/\/pg-markt-rettenbach.de\/startseite\/wp-json\/wp\/v2\/pages\/9767\/revisions"}],"predecessor-version":[{"id":13863,"href":"https:\/\/pg-markt-rettenbach.de\/startseite\/wp-json\/wp\/v2\/pages\/9767\/revisions\/13863"}],"up":[{"embeddable":true,"href":"https:\/\/pg-markt-rettenbach.de\/startseite\/wp-json\/wp\/v2\/pages\/2"}],"wp:attachment":[{"href":"https:\/\/pg-markt-rettenbach.de\/startseite\/wp-json\/wp\/v2\/media?parent=9767"}],"curies":[{"name":"wp","href":"https:\/\/api.w.org\/{rel}","templated":true}]}}